{"id":32908,"date":"2023-08-29T13:43:12","date_gmt":"2023-08-29T10:43:12","guid":{"rendered":"https:\/\/drcinik.com\/?page_id=32908"},"modified":"2025-07-31T22:41:33","modified_gmt":"2025-07-31T19:41:33","slug":"%d9%85%d9%88%d8%a7%d9%81%d9%82%d8%a9-%d8%a7%d9%84%d8%b1%d8%b3%d8%a7%d8%a6%d9%84-%d8%a7%d9%84%d8%a5%d9%84%d9%83%d8%aa%d8%b1%d9%88%d9%86%d9%8a%d8%a9-%d8%a7%d9%84%d8%aa%d8%ac%d8%a7%d8%b1%d9%8a%d8%a9","status":"publish","type":"page","link":"http:\/\/drcinik.com\/ar\/%D9%82%D8%A7%D9%86%D9%88%D9%86%D9%8A\/%D9%85%D9%88%D8%A7%D9%81%D9%82%D8%A9-%D8%A7%D9%84%D8%B1%D8%B3%D8%A7%D8%A6%D9%84-%D8%A7%D9%84%D8%A5%D9%84%D9%83%D8%AA%D8%B1%D9%88%D9%86%D9%8A%D8%A9-%D8%A7%D9%84%D8%AA%D8%AC%D8%A7%D8%B1%D9%8A%D8%A9\/","title":{"rendered":"\u0645\u0648\u0627\u0641\u0642\u0629 \u0627\u0644\u0631\u0633\u0627\u0626\u0644 \u0627\u0644\u0625\u0644\u0643\u062a\u0631\u0648\u0646\u064a\u0629 \u0627\u0644\u062a\u062c\u0627\u0631\u064a\u0629"},"content":{"rendered":"\t\t<div data-elementor-type=\"wp-page\" data-elementor-id=\"32908\" class=\"elementor elementor-32908 elementor-1029\" data-elementor-post-type=\"page\">\n\t\t\t\t<div class=\"elementor-element elementor-element-f760c22 e-flex e-con-boxed e-con e-parent\" data-id=\"f760c22\" data-element_type=\"container\">\n\t\t\t\t\t<div class=\"e-con-inner\">\n\t\t\t\t<div class=\"elementor-element elementor-element-d045cb7 elementor-widget elementor-widget-text-editor\" data-id=\"d045cb7\" data-element_type=\"widget\" data-widget_type=\"text-editor.default\">\n\t\t\t\t\t\t\t\t\t<p style=\"text-align: right;\"><em><strong>[lmt-post-modified-info]<\/strong><\/em><\/p>\n<h2>\u0645\u0639\u0644\u0648\u0645\u0627\u062a \u062d\u0648\u0644 \u0627\u0644\u0645\u0648\u0627\u0641\u0642\u0629 \u0639\u0644\u0649 \u0627\u0644\u0631\u0633\u0627\u0626\u0644 \u0627\u0644\u0625\u0644\u0643\u062a\u0631\u0648\u0646\u064a\u0629 \u0627\u0644\u062a\u062c\u0627\u0631\u064a\u0629<\/h2>\n<p>\u0636\u0645\u0646 \u0646\u0637\u0627\u0642 \u0642\u0627\u0646\u0648\u0646 \u062d\u0645\u0627\u064a\u0629 \u0627\u0644\u0628\u064a\u0627\u0646\u0627\u062a \u0627\u0644\u0634\u062e\u0635\u064a\u0629 \u0631\u0642\u0645 6698 \u0648\u0642\u0627\u0646\u0648\u0646 \u062a\u0646\u0638\u064a\u0645 \u0627\u0644\u062a\u062c\u0627\u0631\u0629 \u0627\u0644\u0625\u0644\u0643\u062a\u0631\u0648\u0646\u064a\u0629 \u0631\u0642\u0645 6563\u060c \u0633\u062a\u0642\u0648\u0645 \u0634\u0631\u0643\u0629 ERC Estetik Turizm Sa\u011fl\u0131k Hizmetleri Tic. Ltd. Sti. (\u00d6zel DR. CINIK T\u0131p Merkezi) \u0628\u0645\u0639\u0627\u0644\u062c\u0629 \u0628\u064a\u0627\u0646\u0627\u062a\u0643\u0645 \u0628\u0639\u062f \u0627\u0644\u062d\u0635\u0648\u0644 \u0639\u0644\u0649 \u0645\u0648\u0627\u0641\u0642\u062a\u0643\u0645 \u0636\u0645\u0646 \u0646\u0637\u0627\u0642 \u0642\u0627\u0646\u0648\u0646 \u062d\u0645\u0627\u064a\u0629 \u0627\u0644\u0628\u064a\u0627\u0646\u0627\u062a \u0627\u0644\u0634\u062e\u0635\u064a\u0629 \u0648\u0642\u0627\u0646\u0648\u0646 \u062a\u0646\u0638\u064a\u0645 \u0627\u0644\u062a\u062c\u0627\u0631\u0629 \u0627\u0644\u0625\u0644\u0643\u062a\u0631\u0648\u0646\u064a\u0629\u060c \u0648\u0630\u0644\u0643 \u0644\u0645\u0634\u0627\u0631\u0643\u062a\u0647\u0627 \u0645\u0639 \u0627\u0644\u0623\u0637\u0631\u0627\u0641 \u0648\/\u0623\u0648 \u0627\u0644\u0623\u0634\u062e\u0627\u0635 \u0627\u0644\u0630\u064a\u0646 \u062a\u064f\u062c\u0631\u064a \u0646\u064a\u0627\u0628\u0629\u064b \u0639\u0646\u0647\u0645 \u0645\u0639\u0627\u0645\u0644\u0627\u062a \u062a\u062a\u0639\u0644\u0642 \u0628\u062c\u0645\u064a\u0639 \u0623\u0646\u0648\u0627\u0639 \u0627\u0644\u0623\u0646\u0634\u0637\u0629 \u0627\u0644\u062a\u0633\u0648\u064a\u0642\u064a\u0629\u060c \u0648\u0627\u0644\u062d\u0645\u0644\u0627\u062a\u060c \u0648\u0627\u0644\u0625\u0639\u0644\u0627\u0646\u0627\u062a\u060c \u0648\u062d\u0645\u0644\u0627\u062a \u0627\u0644\u0625\u0637\u0644\u0627\u0642\u060c \u0648\u0627\u0644\u0627\u0633\u062a\u0637\u0644\u0627\u0639\u0627\u062a\u060c \u0648\u0627\u0644\u0645\u0633\u0627\u0628\u0642\u0627\u062a\u060c \u0648\u0627\u0644\u062e\u0635\u0648\u0645\u0627\u062a\u060c \u0648\u0627\u0644\u0639\u0631\u0648\u0636 \u0627\u0644\u062a\u0631\u0648\u064a\u062c\u064a\u0629\u060c \u0648\u0627\u0644\u0635\u0641\u0642\u0627\u062a \u0627\u0644\u062e\u0627\u0635\u0629\u060c \u0648\u0627\u0644\u0639\u0631\u0648\u0636 \u0627\u0644\u0627\u0641\u062a\u062a\u0627\u062d\u064a\u0629\u060c \u0648\u0627\u0644\u062f\u0639\u0648\u0627\u062a\u060c \u0648\u0627\u0644\u0641\u0639\u0627\u0644\u064a\u0627\u062a\u060c \u0648\u0623\u0646\u0634\u0637\u0629 \u0627\u0644\u062a\u0648\u0627\u0635\u0644. \u0633\u062a\u062a\u0645 \u0645\u0634\u0627\u0631\u0643\u0629 \u0628\u064a\u0627\u0646\u0627\u062a\u0643\u0645 \u0627\u0644\u0634\u062e\u0635\u064a\u0629 \u0645\u0639 \u0627\u0644\u0634\u0631\u0643\u0627\u062a \u0627\u0644\u062a\u064a \u0646\u062a\u0644\u0642\u0649 \u062e\u062f\u0645\u0627\u062a\u0647\u0627\u060c \u0645\u0639 \u0627\u062a\u062e\u0627\u0630 \u0627\u0644\u062a\u062f\u0627\u0628\u064a\u0631 \u0627\u0644\u0623\u0645\u0646\u064a\u0629 \u0627\u0644\u0644\u0627\u0632\u0645\u0629 \u0644\u0625\u0631\u0633\u0627\u0644 \u0627\u0644\u0631\u0633\u0627\u0626\u0644 \u0627\u0644\u0646\u0635\u064a\u0629 \u0627\u0644\u0642\u0635\u064a\u0631\u0629 \u0648\u0627\u0644\u0628\u0631\u064a\u062f \u0627\u0644\u0625\u0644\u0643\u062a\u0631\u0648\u0646\u064a \u0648\u0641\u0642\u064b\u0627 \u0644\u0630\u0644\u0643.<\/p>\n<p>\u0645\u0639 \u0623\u0637\u064a\u0628 \u0627\u0644\u062a\u062d\u064a\u0627\u062a\u060c<\/p>\n<p>\u0628\u0635\u0641\u062a\u064a \u0634\u0631\u0643\u0629 ERC Estetik Turizm Sa\u011fl\u0131k Hizmetleri Tic. Ltd.<\/p>\n<p>\u00a0<\/p>\n<h3>\u0645\u0648\u0627\u0641\u0642\u0629 \u0639\u0644\u0649 \u0627\u0644\u0631\u0633\u0627\u0626\u0644 \u0627\u0644\u0625\u0644\u0643\u062a\u0631\u0648\u0646\u064a\u0629 \u0627\u0644\u062a\u062c\u0627\u0631\u064a\u0629<\/h3>\n<p>\u0645\u0627 \u0644\u0645 \u064a\u064f\u0646\u0635 \u0639\u0644\u0649 \u062e\u0644\u0627\u0641 \u0630\u0644\u0643\u060c \u0623\u064f\u0642\u0631\u0651\u060c \u062f\u0648\u0646 \u0623\u064a \u0636\u063a\u0637\u060c \u0628\u0645\u0648\u0627\u0641\u0642\u062a\u064a \u0627\u0644\u0635\u0631\u064a\u062d\u0629 \u0644\u0634\u0631\u0643\u0629 ERC Estetik Turizm Sa\u011fl\u0131k Hizmetleri Tic Ltd. Sti. (\u00d6zel DR. CINIK T\u0131p Merkezi) \u0644\u0644\u062a\u0648\u0627\u0635\u0644 \u0645\u0639\u064a \u0648\/\u0623\u0648 \u0645\u0639 \u0627\u0644\u0623\u0634\u062e\u0627\u0635 \u0627\u0644\u0630\u064a\u0646 \u0623\u0645\u062b\u0644\u0647\u0645\u060c \u0648\u0644\u0625\u0631\u0633\u0627\u0644 \u0631\u0633\u0627\u0626\u0644 \u0625\u0644\u0643\u062a\u0631\u0648\u0646\u064a\u0629 \u062a\u062c\u0627\u0631\u064a\u0629 \u0639\u0628\u0631 \u0627\u0644\u0631\u0633\u0627\u0626\u0644 \u0627\u0644\u0646\u0635\u064a\u0629 \u0627\u0644\u0642\u0635\u064a\u0631\u0629 \u0648\u0627\u0644\u0628\u0631\u064a\u062f \u0627\u0644\u0625\u0644\u0643\u062a\u0631\u0648\u0646\u064a \u0648\u0627\u0644\u0628\u062d\u062b\u060c \u0628\u062e\u0635\u0648\u0635 \u062c\u0645\u064a\u0639 \u0623\u0646\u0648\u0627\u0639 \u0627\u0644\u0623\u0646\u0634\u0637\u0629 \u0627\u0644\u062a\u0633\u0648\u064a\u0642\u064a\u0629\u060c \u0648\u0627\u0644\u062d\u0645\u0644\u0627\u062a\u060c \u0648\u0627\u0644\u0625\u0639\u0644\u0627\u0646\u0627\u062a\u060c \u0648\u0625\u0637\u0644\u0627\u0642 \u0627\u0644\u0645\u0646\u062a\u062c\u0627\u062a\u060c \u0648\u0627\u0644\u0627\u0633\u062a\u0637\u0644\u0627\u0639\u0627\u062a\u060c \u0648\u0627\u0644\u0645\u0633\u0627\u0628\u0642\u0627\u062a\u060c \u0648\u0627\u0644\u062e\u0635\u0648\u0645\u0627\u062a\u060c \u0648\u0627\u0644\u0639\u0631\u0648\u0636 \u0627\u0644\u062a\u0631\u0648\u064a\u062c\u064a\u0629\u060c \u0648\u0627\u0644\u0639\u0631\u0648\u0636 \u0627\u0644\u062e\u0627\u0635\u0629\u060c \u0648\u0627\u0644\u0639\u0631\u0648\u0636 \u0627\u0644\u062a\u0631\u0648\u064a\u062c\u064a\u0629\u060c \u0648\u0627\u0644\u0627\u0641\u062a\u062a\u0627\u062d\u0627\u062a\u060c \u0648\u0627\u0644\u062f\u0639\u0648\u0627\u062a\u060c \u0648\u0627\u0644\u0641\u0639\u0627\u0644\u064a\u0627\u062a\u060c \u0648\u0623\u0646\u0634\u0637\u0629 \u0627\u0644\u062a\u0648\u0627\u0635\u0644.<\/p>\t\t\t\t\t\t\t\t<\/div>\n\t\t\t\t\t<\/div>\n\t\t\t\t<\/div>\n\t\t\t\t<\/div>\n\t\t","protected":false},"excerpt":{"rendered":"<p>[lmt-post-modified-info] \u0645\u0639\u0644\u0648\u0645\u0627\u062a \u062d\u0648\u0644 \u0627\u0644\u0645\u0648\u0627\u0641\u0642\u0629 \u0639\u0644\u0649 \u0627\u0644\u0631\u0633\u0627\u0626\u0644 \u0627\u0644\u0625\u0644\u0643\u062a\u0631\u0648\u0646\u064a\u0629 \u0627\u0644\u062a\u062c\u0627\u0631\u064a\u0629 \u0636\u0645\u0646 \u0646\u0637\u0627\u0642 \u0642\u0627\u0646\u0648\u0646 \u062d\u0645\u0627\u064a\u0629 \u0627\u0644\u0628\u064a\u0627\u0646\u0627\u062a \u0627\u0644\u0634\u062e\u0635\u064a\u0629 \u0631\u0642\u0645 6698 \u0648\u0642\u0627\u0646\u0648\u0646 \u062a\u0646\u0638\u064a\u0645 \u0627\u0644\u062a\u062c\u0627\u0631\u0629 \u0627\u0644\u0625\u0644\u0643\u062a\u0631\u0648\u0646\u064a\u0629 \u0631\u0642\u0645 6563\u060c \u0633\u062a\u0642\u0648\u0645 \u0634\u0631\u0643\u0629 ERC Estetik Turizm Sa\u011fl\u0131k Hizmetleri Tic. Ltd. Sti. (\u00d6zel DR. CINIK T\u0131p Merkezi) \u0628\u0645\u0639\u0627\u0644\u062c\u0629 \u0628\u064a\u0627\u0646\u0627\u062a\u0643\u0645 \u0628\u0639\u062f \u0627\u0644\u062d\u0635\u0648\u0644 \u0639\u0644\u0649 \u0645\u0648\u0627\u0641\u0642\u062a\u0643\u0645 \u0636\u0645\u0646 \u0646\u0637\u0627\u0642 \u0642\u0627\u0646\u0648\u0646 \u062d\u0645\u0627\u064a\u0629 \u0627\u0644\u0628\u064a\u0627\u0646\u0627\u062a \u0627\u0644\u0634\u062e\u0635\u064a\u0629 \u0648\u0642\u0627\u0646\u0648\u0646 \u062a\u0646\u0638\u064a\u0645 \u0627\u0644\u062a\u062c\u0627\u0631\u0629 \u0627\u0644\u0625\u0644\u0643\u062a\u0631\u0648\u0646\u064a\u0629\u060c \u0648\u0630\u0644\u0643 \u0644\u0645\u0634\u0627\u0631\u0643\u062a\u0647\u0627 [&hellip;]<\/p>\n","protected":false},"author":11,"featured_media":0,"parent":32870,"menu_order":0,"comment_status":"closed","ping_status":"closed","template":"","meta":{"_acf_changed":false,"inline_featured_image":false,"footnotes":""},"class_list":["post-32908","page","type-page","status-publish","hentry"],"acf":[],"yoast_head":"<!-- This site is optimized with the Yoast SEO Premium plugin v26.2 (Yoast SEO v27.4) - https:\/\/yoast.com\/product\/yoast-seo-premium-wordpress\/ -->\n<title>\u0645\u0648\u0627\u0641\u0642\u0629 \u0627\u0644\u0631\u0633\u0627\u0626\u0644 \u0627\u0644\u0625\u0644\u0643\u062a\u0631\u0648\u0646\u064a\u0629 \u0627\u0644\u062a\u062c\u0627\u0631\u064a\u0629 - DR. CINIK<\/title>\n<meta name=\"robots\" content=\"index, follow, max-snippet:-1, max-image-preview:large, max-video-preview:-1\" \/>\n<link rel=\"canonical\" href=\"http:\/\/drcinik.com\/ar\/\u0642\u0627\u0646\u0648\u0646\u064a\/\u0645\u0648\u0627\u0641\u0642\u0629-\u0627\u0644\u0631\u0633\u0627\u0626\u0644-\u0627\u0644\u0625\u0644\u0643\u062a\u0631\u0648\u0646\u064a\u0629-\u0627\u0644\u062a\u062c\u0627\u0631\u064a\u0629\/\" \/>\n<meta property=\"og:locale\" content=\"ar_AR\" \/>\n<meta property=\"og:type\" content=\"article\" \/>\n<meta property=\"og:title\" content=\"\u0645\u0648\u0627\u0641\u0642\u0629 \u0627\u0644\u0631\u0633\u0627\u0626\u0644 \u0627\u0644\u0625\u0644\u0643\u062a\u0631\u0648\u0646\u064a\u0629 \u0627\u0644\u062a\u062c\u0627\u0631\u064a\u0629\" \/>\n<meta property=\"og:description\" content=\"[lmt-post-modified-info] \u0645\u0639\u0644\u0648\u0645\u0627\u062a \u062d\u0648\u0644 \u0627\u0644\u0645\u0648\u0627\u0641\u0642\u0629 \u0639\u0644\u0649 \u0627\u0644\u0631\u0633\u0627\u0626\u0644 \u0627\u0644\u0625\u0644\u0643\u062a\u0631\u0648\u0646\u064a\u0629 \u0627\u0644\u062a\u062c\u0627\u0631\u064a\u0629 \u0636\u0645\u0646 \u0646\u0637\u0627\u0642 \u0642\u0627\u0646\u0648\u0646 \u062d\u0645\u0627\u064a\u0629 \u0627\u0644\u0628\u064a\u0627\u0646\u0627\u062a \u0627\u0644\u0634\u062e\u0635\u064a\u0629 \u0631\u0642\u0645 6698 \u0648\u0642\u0627\u0646\u0648\u0646 \u062a\u0646\u0638\u064a\u0645 \u0627\u0644\u062a\u062c\u0627\u0631\u0629 \u0627\u0644\u0625\u0644\u0643\u062a\u0631\u0648\u0646\u064a\u0629 \u0631\u0642\u0645 6563\u060c \u0633\u062a\u0642\u0648\u0645 \u0634\u0631\u0643\u0629 ERC Estetik Turizm Sa\u011fl\u0131k Hizmetleri Tic. Ltd. Sti. (\u00d6zel DR. CINIK T\u0131p Merkezi) \u0628\u0645\u0639\u0627\u0644\u062c\u0629 \u0628\u064a\u0627\u0646\u0627\u062a\u0643\u0645 \u0628\u0639\u062f \u0627\u0644\u062d\u0635\u0648\u0644 \u0639\u0644\u0649 \u0645\u0648\u0627\u0641\u0642\u062a\u0643\u0645 \u0636\u0645\u0646 \u0646\u0637\u0627\u0642 \u0642\u0627\u0646\u0648\u0646 \u062d\u0645\u0627\u064a\u0629 \u0627\u0644\u0628\u064a\u0627\u0646\u0627\u062a \u0627\u0644\u0634\u062e\u0635\u064a\u0629 \u0648\u0642\u0627\u0646\u0648\u0646 \u062a\u0646\u0638\u064a\u0645 \u0627\u0644\u062a\u062c\u0627\u0631\u0629 \u0627\u0644\u0625\u0644\u0643\u062a\u0631\u0648\u0646\u064a\u0629\u060c \u0648\u0630\u0644\u0643 \u0644\u0645\u0634\u0627\u0631\u0643\u062a\u0647\u0627 [&hellip;]\" \/>\n<meta property=\"og:url\" content=\"http:\/\/drcinik.com\/ar\/\u0642\u0627\u0646\u0648\u0646\u064a\/\u0645\u0648\u0627\u0641\u0642\u0629-\u0627\u0644\u0631\u0633\u0627\u0626\u0644-\u0627\u0644\u0625\u0644\u0643\u062a\u0631\u0648\u0646\u064a\u0629-\u0627\u0644\u062a\u062c\u0627\u0631\u064a\u0629\/\" \/>\n<meta property=\"og:site_name\" content=\"DR. CINIK\" \/>\n<meta property=\"article:publisher\" content=\"https:\/\/facebook.com\/drcinikcom\" \/>\n<meta property=\"article:modified_time\" content=\"2025-07-31T19:41:33+00:00\" \/>\n<meta name=\"twitter:card\" content=\"summary_large_image\" \/>\n<meta name=\"twitter:site\" content=\"@drcinikofficial\" \/>\n<script type=\"application\/ld+json\" class=\"yoast-schema-graph\">{\"@context\":\"https:\\\/\\\/schema.org\",\"@graph\":[{\"@type\":\"WebPage\",\"@id\":\"http:\\\/\\\/drcinik.com\\\/ar\\\/%D9%82%D8%A7%D9%86%D9%88%D9%86%D9%8A\\\/%D9%85%D9%88%D8%A7%D9%81%D9%82%D8%A9-%D8%A7%D9%84%D8%B1%D8%B3%D8%A7%D8%A6%D9%84-%D8%A7%D9%84%D8%A5%D9%84%D9%83%D8%AA%D8%B1%D9%88%D9%86%D9%8A%D8%A9-%D8%A7%D9%84%D8%AA%D8%AC%D8%A7%D8%B1%D9%8A%D8%A9\\\/\",\"url\":\"http:\\\/\\\/drcinik.com\\\/ar\\\/%D9%82%D8%A7%D9%86%D9%88%D9%86%D9%8A\\\/%D9%85%D9%88%D8%A7%D9%81%D9%82%D8%A9-%D8%A7%D9%84%D8%B1%D8%B3%D8%A7%D8%A6%D9%84-%D8%A7%D9%84%D8%A5%D9%84%D9%83%D8%AA%D8%B1%D9%88%D9%86%D9%8A%D8%A9-%D8%A7%D9%84%D8%AA%D8%AC%D8%A7%D8%B1%D9%8A%D8%A9\\\/\",\"name\":\"\u0645\u0648\u0627\u0641\u0642\u0629 \u0627\u0644\u0631\u0633\u0627\u0626\u0644 \u0627\u0644\u0625\u0644\u0643\u062a\u0631\u0648\u0646\u064a\u0629 \u0627\u0644\u062a\u062c\u0627\u0631\u064a\u0629 - DR. CINIK\",\"isPartOf\":{\"@id\":\"https:\\\/\\\/drcinik.com\\\/ar\\\/#website\"},\"datePublished\":\"2023-08-29T10:43:12+00:00\",\"dateModified\":\"2025-07-31T19:41:33+00:00\",\"breadcrumb\":{\"@id\":\"http:\\\/\\\/drcinik.com\\\/ar\\\/%D9%82%D8%A7%D9%86%D9%88%D9%86%D9%8A\\\/%D9%85%D9%88%D8%A7%D9%81%D9%82%D8%A9-%D8%A7%D9%84%D8%B1%D8%B3%D8%A7%D8%A6%D9%84-%D8%A7%D9%84%D8%A5%D9%84%D9%83%D8%AA%D8%B1%D9%88%D9%86%D9%8A%D8%A9-%D8%A7%D9%84%D8%AA%D8%AC%D8%A7%D8%B1%D9%8A%D8%A9\\\/#breadcrumb\"},\"inLanguage\":\"ar\",\"potentialAction\":[{\"@type\":\"ReadAction\",\"target\":[\"http:\\\/\\\/drcinik.com\\\/ar\\\/%D9%82%D8%A7%D9%86%D9%88%D9%86%D9%8A\\\/%D9%85%D9%88%D8%A7%D9%81%D9%82%D8%A9-%D8%A7%D9%84%D8%B1%D8%B3%D8%A7%D8%A6%D9%84-%D8%A7%D9%84%D8%A5%D9%84%D9%83%D8%AA%D8%B1%D9%88%D9%86%D9%8A%D8%A9-%D8%A7%D9%84%D8%AA%D8%AC%D8%A7%D8%B1%D9%8A%D8%A9\\\/\"]}]},{\"@type\":\"BreadcrumbList\",\"@id\":\"http:\\\/\\\/drcinik.com\\\/ar\\\/%D9%82%D8%A7%D9%86%D9%88%D9%86%D9%8A\\\/%D9%85%D9%88%D8%A7%D9%81%D9%82%D8%A9-%D8%A7%D9%84%D8%B1%D8%B3%D8%A7%D8%A6%D9%84-%D8%A7%D9%84%D8%A5%D9%84%D9%83%D8%AA%D8%B1%D9%88%D9%86%D9%8A%D8%A9-%D8%A7%D9%84%D8%AA%D8%AC%D8%A7%D8%B1%D9%8A%D8%A9\\\/#breadcrumb\",\"itemListElement\":[{\"@type\":\"ListItem\",\"position\":1,\"name\":\"Anasayfa\",\"item\":\"https:\\\/\\\/drcinik.com\\\/ar\\\/\"},{\"@type\":\"ListItem\",\"position\":2,\"name\":\"\u0642\u0627\u0646\u0648\u0646\u064a\",\"item\":\"http:\\\/\\\/drcinik.com\\\/ar\\\/%D9%82%D8%A7%D9%86%D9%88%D9%86%D9%8A\\\/\"},{\"@type\":\"ListItem\",\"position\":3,\"name\":\"\u0645\u0648\u0627\u0641\u0642\u0629 \u0627\u0644\u0631\u0633\u0627\u0626\u0644 \u0627\u0644\u0625\u0644\u0643\u062a\u0631\u0648\u0646\u064a\u0629 \u0627\u0644\u062a\u062c\u0627\u0631\u064a\u0629\"}]},{\"@type\":\"WebSite\",\"@id\":\"https:\\\/\\\/drcinik.com\\\/ar\\\/#website\",\"url\":\"https:\\\/\\\/drcinik.com\\\/ar\\\/\",\"name\":\"DR. CINIK\",\"description\":\"\u00d6zel T\u0131p Merkezi\",\"publisher\":{\"@id\":\"https:\\\/\\\/drcinik.com\\\/ar\\\/#organization\"},\"potentialAction\":[{\"@type\":\"SearchAction\",\"target\":{\"@type\":\"EntryPoint\",\"urlTemplate\":\"https:\\\/\\\/drcinik.com\\\/ar\\\/?s={search_term_string}\"},\"query-input\":{\"@type\":\"PropertyValueSpecification\",\"valueRequired\":true,\"valueName\":\"search_term_string\"}}],\"inLanguage\":\"ar\"},{\"@type\":\"Organization\",\"@id\":\"https:\\\/\\\/drcinik.com\\\/ar\\\/#organization\",\"name\":\"DR. CINIK\",\"url\":\"https:\\\/\\\/drcinik.com\\\/ar\\\/\",\"logo\":{\"@type\":\"ImageObject\",\"inLanguage\":\"ar\",\"@id\":\"https:\\\/\\\/drcinik.com\\\/ar\\\/#\\\/schema\\\/logo\\\/image\\\/\",\"url\":\"https:\\\/\\\/drcinik.com\\\/wp-content\\\/uploads\\\/2023\\\/07\\\/logo.svg\",\"contentUrl\":\"https:\\\/\\\/drcinik.com\\\/wp-content\\\/uploads\\\/2023\\\/07\\\/logo.svg\",\"width\":\"1024\",\"height\":\"1024\",\"caption\":\"DR. CINIK\"},\"image\":{\"@id\":\"https:\\\/\\\/drcinik.com\\\/ar\\\/#\\\/schema\\\/logo\\\/image\\\/\"},\"sameAs\":[\"https:\\\/\\\/facebook.com\\\/drcinikcom\",\"https:\\\/\\\/x.com\\\/drcinikofficial\",\"https:\\\/\\\/instagram.com\\\/dr.cinikhospital\",\"https:\\\/\\\/youtube.com\\\/@emrahcinik\",\"https:\\\/\\\/tiktok.com\\\/@dremrahcinik\"],\"email\":\"info@drcinik.com\",\"telephone\":\"+90 549 641 37 01\",\"legalName\":\"Erc Turizm Sa\u011fl\u0131k Hizmetleri Tic. Ltd. \u015eti.\",\"numberOfEmployees\":{\"@type\":\"QuantitativeValue\",\"minValue\":\"51\",\"maxValue\":\"200\"}}]}<\/script>\n<!-- \/ Yoast SEO Premium plugin. -->","yoast_head_json":{"title":"\u0645\u0648\u0627\u0641\u0642\u0629 \u0627\u0644\u0631\u0633\u0627\u0626\u0644 \u0627\u0644\u0625\u0644\u0643\u062a\u0631\u0648\u0646\u064a\u0629 \u0627\u0644\u062a\u062c\u0627\u0631\u064a\u0629 - DR. CINIK","robots":{"index":"index","follow":"follow","max-snippet":"max-snippet:-1","max-image-preview":"max-image-preview:large","max-video-preview":"max-video-preview:-1"},"canonical":"http:\/\/drcinik.com\/ar\/\u0642\u0627\u0646\u0648\u0646\u064a\/\u0645\u0648\u0627\u0641\u0642\u0629-\u0627\u0644\u0631\u0633\u0627\u0626\u0644-\u0627\u0644\u0625\u0644\u0643\u062a\u0631\u0648\u0646\u064a\u0629-\u0627\u0644\u062a\u062c\u0627\u0631\u064a\u0629\/","og_locale":"ar_AR","og_type":"article","og_title":"\u0645\u0648\u0627\u0641\u0642\u0629 \u0627\u0644\u0631\u0633\u0627\u0626\u0644 \u0627\u0644\u0625\u0644\u0643\u062a\u0631\u0648\u0646\u064a\u0629 \u0627\u0644\u062a\u062c\u0627\u0631\u064a\u0629","og_description":"[lmt-post-modified-info] \u0645\u0639\u0644\u0648\u0645\u0627\u062a \u062d\u0648\u0644 \u0627\u0644\u0645\u0648\u0627\u0641\u0642\u0629 \u0639\u0644\u0649 \u0627\u0644\u0631\u0633\u0627\u0626\u0644 \u0627\u0644\u0625\u0644\u0643\u062a\u0631\u0648\u0646\u064a\u0629 \u0627\u0644\u062a\u062c\u0627\u0631\u064a\u0629 \u0636\u0645\u0646 \u0646\u0637\u0627\u0642 \u0642\u0627\u0646\u0648\u0646 \u062d\u0645\u0627\u064a\u0629 \u0627\u0644\u0628\u064a\u0627\u0646\u0627\u062a \u0627\u0644\u0634\u062e\u0635\u064a\u0629 \u0631\u0642\u0645 6698 \u0648\u0642\u0627\u0646\u0648\u0646 \u062a\u0646\u0638\u064a\u0645 \u0627\u0644\u062a\u062c\u0627\u0631\u0629 \u0627\u0644\u0625\u0644\u0643\u062a\u0631\u0648\u0646\u064a\u0629 \u0631\u0642\u0645 6563\u060c \u0633\u062a\u0642\u0648\u0645 \u0634\u0631\u0643\u0629 ERC Estetik Turizm Sa\u011fl\u0131k Hizmetleri Tic. Ltd. Sti. (\u00d6zel DR. CINIK T\u0131p Merkezi) \u0628\u0645\u0639\u0627\u0644\u062c\u0629 \u0628\u064a\u0627\u0646\u0627\u062a\u0643\u0645 \u0628\u0639\u062f \u0627\u0644\u062d\u0635\u0648\u0644 \u0639\u0644\u0649 \u0645\u0648\u0627\u0641\u0642\u062a\u0643\u0645 \u0636\u0645\u0646 \u0646\u0637\u0627\u0642 \u0642\u0627\u0646\u0648\u0646 \u062d\u0645\u0627\u064a\u0629 \u0627\u0644\u0628\u064a\u0627\u0646\u0627\u062a \u0627\u0644\u0634\u062e\u0635\u064a\u0629 \u0648\u0642\u0627\u0646\u0648\u0646 \u062a\u0646\u0638\u064a\u0645 \u0627\u0644\u062a\u062c\u0627\u0631\u0629 \u0627\u0644\u0625\u0644\u0643\u062a\u0631\u0648\u0646\u064a\u0629\u060c \u0648\u0630\u0644\u0643 \u0644\u0645\u0634\u0627\u0631\u0643\u062a\u0647\u0627 [&hellip;]","og_url":"http:\/\/drcinik.com\/ar\/\u0642\u0627\u0646\u0648\u0646\u064a\/\u0645\u0648\u0627\u0641\u0642\u0629-\u0627\u0644\u0631\u0633\u0627\u0626\u0644-\u0627\u0644\u0625\u0644\u0643\u062a\u0631\u0648\u0646\u064a\u0629-\u0627\u0644\u062a\u062c\u0627\u0631\u064a\u0629\/","og_site_name":"DR. CINIK","article_publisher":"https:\/\/facebook.com\/drcinikcom","article_modified_time":"2025-07-31T19:41:33+00:00","twitter_card":"summary_large_image","twitter_site":"@drcinikofficial","schema":{"@context":"https:\/\/schema.org","@graph":[{"@type":"WebPage","@id":"http:\/\/drcinik.com\/ar\/%D9%82%D8%A7%D9%86%D9%88%D9%86%D9%8A\/%D9%85%D9%88%D8%A7%D9%81%D9%82%D8%A9-%D8%A7%D9%84%D8%B1%D8%B3%D8%A7%D8%A6%D9%84-%D8%A7%D9%84%D8%A5%D9%84%D9%83%D8%AA%D8%B1%D9%88%D9%86%D9%8A%D8%A9-%D8%A7%D9%84%D8%AA%D8%AC%D8%A7%D8%B1%D9%8A%D8%A9\/","url":"http:\/\/drcinik.com\/ar\/%D9%82%D8%A7%D9%86%D9%88%D9%86%D9%8A\/%D9%85%D9%88%D8%A7%D9%81%D9%82%D8%A9-%D8%A7%D9%84%D8%B1%D8%B3%D8%A7%D8%A6%D9%84-%D8%A7%D9%84%D8%A5%D9%84%D9%83%D8%AA%D8%B1%D9%88%D9%86%D9%8A%D8%A9-%D8%A7%D9%84%D8%AA%D8%AC%D8%A7%D8%B1%D9%8A%D8%A9\/","name":"\u0645\u0648\u0627\u0641\u0642\u0629 \u0627\u0644\u0631\u0633\u0627\u0626\u0644 \u0627\u0644\u0625\u0644\u0643\u062a\u0631\u0648\u0646\u064a\u0629 \u0627\u0644\u062a\u062c\u0627\u0631\u064a\u0629 - DR. CINIK","isPartOf":{"@id":"https:\/\/drcinik.com\/ar\/#website"},"datePublished":"2023-08-29T10:43:12+00:00","dateModified":"2025-07-31T19:41:33+00:00","breadcrumb":{"@id":"http:\/\/drcinik.com\/ar\/%D9%82%D8%A7%D9%86%D9%88%D9%86%D9%8A\/%D9%85%D9%88%D8%A7%D9%81%D9%82%D8%A9-%D8%A7%D9%84%D8%B1%D8%B3%D8%A7%D8%A6%D9%84-%D8%A7%D9%84%D8%A5%D9%84%D9%83%D8%AA%D8%B1%D9%88%D9%86%D9%8A%D8%A9-%D8%A7%D9%84%D8%AA%D8%AC%D8%A7%D8%B1%D9%8A%D8%A9\/#breadcrumb"},"inLanguage":"ar","potentialAction":[{"@type":"ReadAction","target":["http:\/\/drcinik.com\/ar\/%D9%82%D8%A7%D9%86%D9%88%D9%86%D9%8A\/%D9%85%D9%88%D8%A7%D9%81%D9%82%D8%A9-%D8%A7%D9%84%D8%B1%D8%B3%D8%A7%D8%A6%D9%84-%D8%A7%D9%84%D8%A5%D9%84%D9%83%D8%AA%D8%B1%D9%88%D9%86%D9%8A%D8%A9-%D8%A7%D9%84%D8%AA%D8%AC%D8%A7%D8%B1%D9%8A%D8%A9\/"]}]},{"@type":"BreadcrumbList","@id":"http:\/\/drcinik.com\/ar\/%D9%82%D8%A7%D9%86%D9%88%D9%86%D9%8A\/%D9%85%D9%88%D8%A7%D9%81%D9%82%D8%A9-%D8%A7%D9%84%D8%B1%D8%B3%D8%A7%D8%A6%D9%84-%D8%A7%D9%84%D8%A5%D9%84%D9%83%D8%AA%D8%B1%D9%88%D9%86%D9%8A%D8%A9-%D8%A7%D9%84%D8%AA%D8%AC%D8%A7%D8%B1%D9%8A%D8%A9\/#breadcrumb","itemListElement":[{"@type":"ListItem","position":1,"name":"Anasayfa","item":"https:\/\/drcinik.com\/ar\/"},{"@type":"ListItem","position":2,"name":"\u0642\u0627\u0646\u0648\u0646\u064a","item":"http:\/\/drcinik.com\/ar\/%D9%82%D8%A7%D9%86%D9%88%D9%86%D9%8A\/"},{"@type":"ListItem","position":3,"name":"\u0645\u0648\u0627\u0641\u0642\u0629 \u0627\u0644\u0631\u0633\u0627\u0626\u0644 \u0627\u0644\u0625\u0644\u0643\u062a\u0631\u0648\u0646\u064a\u0629 \u0627\u0644\u062a\u062c\u0627\u0631\u064a\u0629"}]},{"@type":"WebSite","@id":"https:\/\/drcinik.com\/ar\/#website","url":"https:\/\/drcinik.com\/ar\/","name":"DR. CINIK","description":"\u00d6zel T\u0131p Merkezi","publisher":{"@id":"https:\/\/drcinik.com\/ar\/#organization"},"potentialAction":[{"@type":"SearchAction","target":{"@type":"EntryPoint","urlTemplate":"https:\/\/drcinik.com\/ar\/?s={search_term_string}"},"query-input":{"@type":"PropertyValueSpecification","valueRequired":true,"valueName":"search_term_string"}}],"inLanguage":"ar"},{"@type":"Organization","@id":"https:\/\/drcinik.com\/ar\/#organization","name":"DR. CINIK","url":"https:\/\/drcinik.com\/ar\/","logo":{"@type":"ImageObject","inLanguage":"ar","@id":"https:\/\/drcinik.com\/ar\/#\/schema\/logo\/image\/","url":"https:\/\/drcinik.com\/wp-content\/uploads\/2023\/07\/logo.svg","contentUrl":"https:\/\/drcinik.com\/wp-content\/uploads\/2023\/07\/logo.svg","width":"1024","height":"1024","caption":"DR. CINIK"},"image":{"@id":"https:\/\/drcinik.com\/ar\/#\/schema\/logo\/image\/"},"sameAs":["https:\/\/facebook.com\/drcinikcom","https:\/\/x.com\/drcinikofficial","https:\/\/instagram.com\/dr.cinikhospital","https:\/\/youtube.com\/@emrahcinik","https:\/\/tiktok.com\/@dremrahcinik"],"email":"info@drcinik.com","telephone":"+90 549 641 37 01","legalName":"Erc Turizm Sa\u011fl\u0131k Hizmetleri Tic. Ltd. \u015eti.","numberOfEmployees":{"@type":"QuantitativeValue","minValue":"51","maxValue":"200"}}]}},"_links":{"self":[{"href":"https:\/\/drcinik.com\/ar\/wp-json\/wp\/v2\/pages\/32908","targetHints":{"allow":["GET"]}}],"collection":[{"href":"https:\/\/drcinik.com\/ar\/wp-json\/wp\/v2\/pages"}],"about":[{"href":"https:\/\/drcinik.com\/ar\/wp-json\/wp\/v2\/types\/page"}],"author":[{"embeddable":true,"href":"https:\/\/drcinik.com\/ar\/wp-json\/wp\/v2\/users\/11"}],"replies":[{"embeddable":true,"href":"https:\/\/drcinik.com\/ar\/wp-json\/wp\/v2\/comments?post=32908"}],"version-history":[{"count":0,"href":"https:\/\/drcinik.com\/ar\/wp-json\/wp\/v2\/pages\/32908\/revisions"}],"up":[{"embeddable":true,"href":"https:\/\/drcinik.com\/ar\/wp-json\/wp\/v2\/pages\/32870"}],"wp:attachment":[{"href":"https:\/\/drcinik.com\/ar\/wp-json\/wp\/v2\/media?parent=32908"}],"curies":[{"name":"wp","href":"https:\/\/api.w.org\/{rel}","templated":true}]}}