{"id":26660,"date":"2025-05-02T10:53:56","date_gmt":"2025-05-02T07:53:56","guid":{"rendered":"https:\/\/drcinik.com\/?page_id=26660"},"modified":"2025-07-22T18:21:54","modified_gmt":"2025-07-22T15:21:54","slug":"sinan","status":"publish","type":"page","link":"http:\/\/drcinik.com\/de\/unsere-aerzte\/sinan\/","title":{"rendered":"Sinan"},"content":{"rendered":"\t\t<div data-elementor-type=\"wp-page\" data-elementor-id=\"26660\" class=\"elementor elementor-26660 elementor-20696\" data-elementor-post-type=\"page\">\n\t\t\t\t<div class=\"elementor-element elementor-element-6a892a16 e-flex e-con-boxed e-con e-parent\" data-id=\"6a892a16\" data-element_type=\"container\" data-settings=\"{&quot;background_background&quot;:&quot;classic&quot;}\">\n\t\t\t\t\t<div class=\"e-con-inner\">\n\t\t<div class=\"elementor-element elementor-element-2d3eec06 e-con-full e-flex e-con e-child\" data-id=\"2d3eec06\" data-element_type=\"container\" data-settings=\"{&quot;background_background&quot;:&quot;classic&quot;}\">\n\t\t\t\t<div class=\"elementor-element elementor-element-47935867 elementor-widget elementor-widget-heading\" data-id=\"47935867\" data-element_type=\"widget\" data-widget_type=\"heading.default\">\n\t\t\t\t\t<h1 class=\"elementor-heading-title elementor-size-default\">Dr. Sinan<\/h1>\t\t\t\t<\/div>\n\t\t\t\t<\/div>\n\t\t\t\t\t<\/div>\n\t\t\t\t<\/div>\n\t\t<div class=\"elementor-element elementor-element-3b9f412f e-flex e-con-boxed e-con e-parent\" data-id=\"3b9f412f\" data-element_type=\"container\" data-settings=\"{&quot;background_background&quot;:&quot;classic&quot;}\">\n\t\t\t\t\t<div class=\"e-con-inner\">\n\t\t<div class=\"elementor-element elementor-element-52165333 e-con-full e-flex e-con e-child\" data-id=\"52165333\" data-element_type=\"container\">\n\t\t<div class=\"elementor-element elementor-element-616da573 e-con-full e-flex e-con e-child\" data-id=\"616da573\" data-element_type=\"container\">\n\t\t\t\t<div class=\"elementor-element elementor-element-2cce9a45 elementor-widget elementor-widget-image\" data-id=\"2cce9a45\" data-element_type=\"widget\" data-widget_type=\"image.default\">\n\t\t\t\t\t\t\t\t\t\t\t\t\t\t\t<img fetchpriority=\"high\" decoding=\"async\" width=\"350\" height=\"400\" src=\"https:\/\/drcinik.com\/wp-content\/uploads\/2025\/03\/sinan-cakir-01.jpg\" class=\"attachment-large size-large wp-image-10405\" alt=\"dent. Sinan Cakir\" srcset=\"https:\/\/drcinik.com\/wp-content\/uploads\/2025\/03\/sinan-cakir-01.jpg 350w, https:\/\/drcinik.com\/wp-content\/uploads\/2025\/03\/sinan-cakir-01-263x300.jpg 263w\" sizes=\"(max-width: 350px) 100vw, 350px\" \/>\t\t\t\t\t\t\t\t\t\t\t\t\t\t\t<\/div>\n\t\t\t\t<\/div>\n\t\t<div class=\"elementor-element elementor-element-15d4fb73 e-con-full e-flex e-con e-child\" data-id=\"15d4fb73\" data-element_type=\"container\">\n\t\t\t\t<div class=\"elementor-element elementor-element-7368d546 elementor-mobile-align-center elementor-align-center elementor-widget elementor-widget-button\" data-id=\"7368d546\" data-element_type=\"widget\" data-widget_type=\"button.default\">\n\t\t\t\t\t\t\t\t\t\t<a class=\"elementor-button elementor-button-link elementor-size-sm\" href=\"#elementor-action%3Aaction%3Dpopup%3Aopen%26settings%3DeyJpZCI6MzMxNzUsInRvZ2dsZSI6ZmFsc2V9\">\n\t\t\t\t\t\t<span class=\"elementor-button-content-wrapper\">\n\t\t\t\t\t\t<span class=\"elementor-button-icon\">\n\t\t\t\t<svg aria-hidden=\"true\" class=\"e-font-icon-svg e-far-paper-plane\" viewBox=\"0 0 512 512\" xmlns=\"http:\/\/www.w3.org\/2000\/svg\"><path d=\"M440 6.5L24 246.4c-34.4 19.9-31.1 70.8 5.7 85.9L144 379.6V464c0 46.4 59.2 65.5 86.6 28.6l43.8-59.1 111.9 46.2c5.9 2.4 12.1 3.6 18.3 3.6 8.2 0 16.3-2.1 23.6-6.2 12.8-7.2 21.6-20 23.9-34.5l59.4-387.2c6.1-40.1-36.9-68.8-71.5-48.9zM192 464v-64.6l36.6 15.1L192 464zm212.6-28.7l-153.8-63.5L391 169.5c10.7-15.5-9.5-33.5-23.7-21.2L155.8 332.6 48 288 464 48l-59.4 387.3z\"><\/path><\/svg>\t\t\t<\/span>\n\t\t\t\t\t\t\t\t\t<span class=\"elementor-button-text\">Kostenlose Beratung<\/span>\n\t\t\t\t\t<\/span>\n\t\t\t\t\t<\/a>\n\t\t\t\t\t\t\t\t<\/div>\n\t\t\t\t<\/div>\n\t\t\t\t<\/div>\n\t\t<div class=\"elementor-element elementor-element-4814a3a7 e-con-full e-flex e-con e-child\" data-id=\"4814a3a7\" data-element_type=\"container\">\n\t\t\t\t<div class=\"elementor-element elementor-element-1dce39b8 elementor-widget elementor-widget-text-editor\" data-id=\"1dce39b8\" data-element_type=\"widget\" data-widget_type=\"text-editor.default\">\n\t\t\t\t\t\t\t\t\t<p><b>Name:<\/b><span style=\"font-weight: 400;\"> Sinan<\/span><\/p>\n<p><b>Jahr des zahnmedizinischen Abschlusses:<\/b><span style=\"font-weight: 400;\"> 2017<\/span><\/p>\n<p><b>Abschlussuniversit\u00e4t:<\/b><span style=\"font-weight: 400;\"> Atat\u00fcrk-Universit\u00e4t, Fakult\u00e4t f\u00fcr Zahnmedizin \/ T\u00fcrkei<\/span><\/p>\n<p><b>Sprachen: <\/b><span style=\"font-weight: 400;\">T\u00fcrkisch, <\/span><span style=\"font-weight: 400;\">Englisch<\/span><\/p>\t\t\t\t\t\t\t\t<\/div>\n\t\t\t\t<div class=\"elementor-element elementor-element-860e6f9 elementor-widget elementor-widget-text-editor\" data-id=\"860e6f9\" data-element_type=\"widget\" data-widget_type=\"text-editor.default\">\n\t\t\t\t\t\t\t\t\t<h3><b>Mitgliedschaften<\/b><\/h3>\n<ul>\n<li style=\"font-weight: 400;\" aria-level=\"1\"><span style=\"font-weight: 400;\">T\u00fcrkische Zahn\u00e4rztekammer (TDB)<\/span><\/li>\n<\/ul>\t\t\t\t\t\t\t\t<\/div>\n\t\t\t\t<div class=\"elementor-element elementor-element-fbfe504 elementor-widget elementor-widget-text-editor\" data-id=\"fbfe504\" data-element_type=\"widget\" data-widget_type=\"text-editor.default\">\n\t\t\t\t\t\t\t\t\t<h3><b>Zertifikate &amp; Fortbildungen<\/b><\/h3>\n<ul>\n<li style=\"font-weight: 400;\" aria-level=\"1\"><span style=\"font-weight: 400;\">Wiederherstellung der okklusalen Vertikaldimension mit minimalinvasiven okklusalen Veneers: Digitale und traditionelle Methoden\u00a0<\/span><\/li>\n<li style=\"font-weight: 400;\" aria-level=\"1\"><span style=\"font-weight: 400;\">Adh\u00e4sive Zementierung in der klinischen Praxis\u00a0<\/span><\/li>\n<li style=\"font-weight: 400;\" aria-level=\"1\"><span style=\"font-weight: 400;\">Multidisziplin\u00e4res Management von Bruxismus (2021)<\/span><\/li>\n<li style=\"font-weight: 400;\" aria-level=\"1\"><span style=\"font-weight: 400;\">Ans\u00e4tze zur Blutstillung in der Zahnmedizin und Kardiologie\u00a0<\/span><\/li>\n<li style=\"font-weight: 400;\" aria-level=\"1\"><span style=\"font-weight: 400;\">Schienenbehandlungen bei CMD (Craniomandibul\u00e4re Dysfunktion)<\/span><\/li>\n<\/ul>\t\t\t\t\t\t\t\t<\/div>\n\t\t\t\t<\/div>\n\t\t\t\t\t<\/div>\n\t\t\t\t<\/div>\n\t\t<div class=\"elementor-element elementor-element-4b974638 e-flex e-con-boxed e-con e-parent\" data-id=\"4b974638\" data-element_type=\"container\" data-settings=\"{&quot;background_background&quot;:&quot;classic&quot;}\">\n\t\t\t\t\t<div class=\"e-con-inner\">\n\t\t<div class=\"elementor-element elementor-element-bc30104 e-con-full e-flex e-con e-child\" data-id=\"bc30104\" data-element_type=\"container\">\n\t\t\t\t<div class=\"elementor-element elementor-element-388efaec elementor-arrows-position-outside elementor-pagination-position-outside elementor-widget elementor-widget-image-carousel\" data-id=\"388efaec\" data-element_type=\"widget\" data-settings=\"{&quot;slides_to_show&quot;:&quot;5&quot;,&quot;image_spacing_custom&quot;:{&quot;unit&quot;:&quot;px&quot;,&quot;size&quot;:59,&quot;sizes&quot;:[]},&quot;slides_to_scroll&quot;:&quot;6&quot;,&quot;image_spacing_custom_mobile&quot;:{&quot;unit&quot;:&quot;px&quot;,&quot;size&quot;:68,&quot;sizes&quot;:[]},&quot;slides_to_show_mobile&quot;:&quot;2&quot;,&quot;slides_to_scroll_mobile&quot;:&quot;4&quot;,&quot;navigation&quot;:&quot;both&quot;,&quot;autoplay&quot;:&quot;yes&quot;,&quot;pause_on_hover&quot;:&quot;yes&quot;,&quot;pause_on_interaction&quot;:&quot;yes&quot;,&quot;autoplay_speed&quot;:5000,&quot;infinite&quot;:&quot;yes&quot;,&quot;speed&quot;:500,&quot;image_spacing_custom_tablet&quot;:{&quot;unit&quot;:&quot;px&quot;,&quot;size&quot;:&quot;&quot;,&quot;sizes&quot;:[]}}\" data-widget_type=\"image-carousel.default\">\n\t\t\t\t\t\t\t<div class=\"elementor-image-carousel-wrapper swiper\" role=\"region\" aria-roledescription=\"carousel\" aria-label=\"Image Carousel\" dir=\"ltr\">\n\t\t\t<div class=\"elementor-image-carousel swiper-wrapper\" aria-live=\"off\">\n\t\t\t\t\t\t\t\t<div class=\"swiper-slide\" role=\"group\" aria-roledescription=\"slide\" aria-label=\"1 von 6\"><figure class=\"swiper-slide-inner\"><img decoding=\"async\" class=\"swiper-slide-image\" src=\"https:\/\/drcinik.com\/wp-content\/uploads\/2023\/11\/zurich-sigorta.png\" alt=\"zurich-sigorta\" \/><\/figure><\/div><div class=\"swiper-slide\" role=\"group\" aria-roledescription=\"slide\" aria-label=\"2 von 6\"><figure class=\"swiper-slide-inner\"><img decoding=\"async\" class=\"swiper-slide-image\" src=\"https:\/\/drcinik.com\/wp-content\/uploads\/2023\/11\/katilim-emeklilik.png\" alt=\"kat\u0131l\u0131m-emeklilik\" \/><\/figure><\/div><div class=\"swiper-slide\" role=\"group\" aria-roledescription=\"slide\" aria-label=\"3 von 6\"><figure class=\"swiper-slide-inner\"><img decoding=\"async\" class=\"swiper-slide-image\" src=\"https:\/\/drcinik.com\/wp-content\/uploads\/2023\/11\/chubb-european-group.png\" alt=\"chubb-european-group\" \/><\/figure><\/div><div class=\"swiper-slide\" role=\"group\" aria-roledescription=\"slide\" aria-label=\"4 von 6\"><figure class=\"swiper-slide-inner\"><img decoding=\"async\" class=\"swiper-slide-image\" src=\"https:\/\/drcinik.com\/wp-content\/uploads\/2023\/11\/ray-sigorta.png\" alt=\"ray-sigorta\" \/><\/figure><\/div><div class=\"swiper-slide\" role=\"group\" aria-roledescription=\"slide\" aria-label=\"5 von 6\"><figure class=\"swiper-slide-inner\"><img decoding=\"async\" class=\"swiper-slide-image\" src=\"https:\/\/drcinik.com\/wp-content\/uploads\/2023\/11\/ankara-sigorta.png\" alt=\"ankara-sigorta\" \/><\/figure><\/div><div class=\"swiper-slide\" role=\"group\" aria-roledescription=\"slide\" aria-label=\"6 von 6\"><figure class=\"swiper-slide-inner\"><img decoding=\"async\" class=\"swiper-slide-image\" src=\"https:\/\/drcinik.com\/wp-content\/uploads\/2023\/11\/turkiye-sigorta.png\" alt=\"turkiye-sigorta\" \/><\/figure><\/div>\t\t\t<\/div>\n\t\t\t\t\t\t\t\t\t\t\t\t<div class=\"elementor-swiper-button elementor-swiper-button-prev\" role=\"button\" tabindex=\"0\">\n\t\t\t\t\t\t<svg aria-hidden=\"true\" class=\"e-font-icon-svg e-eicon-chevron-left\" viewBox=\"0 0 1000 1000\" xmlns=\"http:\/\/www.w3.org\/2000\/svg\"><path d=\"M646 125C629 125 613 133 604 142L308 442C296 454 292 471 292 487 292 504 296 521 308 533L604 854C617 867 629 875 646 875 663 875 679 871 692 858 704 846 713 829 713 812 713 796 708 779 692 767L438 487 692 225C700 217 708 204 708 187 708 171 704 154 692 142 675 129 663 125 646 125Z\"><\/path><\/svg>\t\t\t\t\t<\/div>\n\t\t\t\t\t<div class=\"elementor-swiper-button elementor-swiper-button-next\" role=\"button\" tabindex=\"0\">\n\t\t\t\t\t\t<svg aria-hidden=\"true\" class=\"e-font-icon-svg e-eicon-chevron-right\" viewBox=\"0 0 1000 1000\" xmlns=\"http:\/\/www.w3.org\/2000\/svg\"><path d=\"M696 533C708 521 713 504 713 487 713 471 708 454 696 446L400 146C388 133 375 125 354 125 338 125 325 129 313 142 300 154 292 171 292 187 292 204 296 221 308 233L563 492 304 771C292 783 288 800 288 817 288 833 296 850 308 863 321 871 338 875 354 875 371 875 388 867 400 854L696 533Z\"><\/path><\/svg>\t\t\t\t\t<\/div>\n\t\t\t\t\n\t\t\t\t\t\t\t\t\t<div class=\"swiper-pagination\"><\/div>\n\t\t\t\t\t\t\t\t\t<\/div>\n\t\t\t\t\t\t<\/div>\n\t\t\t\t<div class=\"elementor-element elementor-element-7f600161 elementor-widget elementor-widget-html\" data-id=\"7f600161\" data-element_type=\"widget\" data-widget_type=\"html.default\">\n\t\t\t\t\t<style>\n  .sticky-button {\n      position: fixed;\n      right: 0;\n      top: 50%;\n      transform: translateY(-50%);\n      background-color: #4069FF;\n      color: white;\n      padding: 15px;\n      font-size: 14px;\n      font-weight: bold;\n      text-decoration: none;\n      writing-mode: vertical-rl;\n      text-align: center;\n      border-top-left-radius: 10px;\n      border-bottom-left-radius: 10px;\n      box-shadow: -2px 2px 10px rgba(0, 0, 0, 0.3);\n      cursor: pointer;\n      display: block;\n      z-index: 999;\n      transition: background-color 0.3s ease;\n  }\n  \n  .sticky-button:hover {\n      background-color: #2f52d6;\n  }\n  \n  \/* Hide on mobile devices *\/\n  @media screen and (max-width: 767px) {\n      .sticky-button {\n          display: none;\n      }\n  }\n<\/style>\n\n<a class=\"sticky-button\" onclick=\"openElementorPopup()\">KOSTENLOSE BERATUNG<\/a>\n\n<script>\nfunction openElementorPopup() {\n    \/\/ Prevent default anchor behavior\n    event.preventDefault();\n    \n    \/\/ Try to open the Elementor popup with the template ID 19448\n    try {\n        \/\/ First method - try using the Elementor frontend directly\n        if (typeof elementorFrontend !== 'undefined' && elementorFrontend.documentsManager) {\n            elementorFrontend.documentsManager.documents[19448].showModal();\n        } \n        \/\/ Second method - using jQuery and elementorProFrontend\n        else if (typeof jQuery !== 'undefined' && typeof elementorProFrontend !== 'undefined') {\n            jQuery(document).ready(function($) {\n                elementorProFrontend.modules.popup.showPopup({ id: 19448 });\n            });\n        }\n        \/\/ Third method - direct trigger for template\n        else {\n            jQuery(document).ready(function($) {\n                $('[data-elementor-type=\"popup\"][data-elementor-id=\"19448\"]').each(function() {\n                    if (typeof elementorFrontend !== 'undefined') {\n                        elementorFrontend.elementsHandler.runReadyTrigger($(this));\n                    }\n                });\n                if (typeof elementorProFrontend !== 'undefined') {\n                    elementorProFrontend.modules.popup.showPopup({ id: 19448 });\n                }\n            });\n        }\n    } catch (error) {\n        console.error(\"Error opening Elementor popup:\", error);\n    }\n}\n<\/script>\t\t\t\t<\/div>\n\t\t\t\t<\/div>\n\t\t\t\t\t<\/div>\n\t\t\t\t<\/div>\n\t\t\t\t<\/div>\n\t\t","protected":false},"excerpt":{"rendered":"<p>Dr. Sinan Kostenlose Beratung Name: Sinan Jahr des zahnmedizinischen Abschlusses: 2017 Abschlussuniversit\u00e4t: Atat\u00fcrk-Universit\u00e4t, Fakult\u00e4t f\u00fcr Zahnmedizin \/ T\u00fcrkei Sprachen: T\u00fcrkisch, Englisch Mitgliedschaften T\u00fcrkische Zahn\u00e4rztekammer (TDB) Zertifikate &amp; Fortbildungen Wiederherstellung der okklusalen Vertikaldimension mit minimalinvasiven okklusalen Veneers: Digitale und traditionelle Methoden\u00a0 Adh\u00e4sive Zementierung in der klinischen Praxis\u00a0 Multidisziplin\u00e4res Management von Bruxismus (2021) Ans\u00e4tze zur Blutstillung in [&hellip;]<\/p>\n","protected":false},"author":11,"featured_media":0,"parent":26625,"menu_order":0,"comment_status":"closed","ping_status":"closed","template":"","meta":{"_acf_changed":false,"inline_featured_image":false,"footnotes":""},"class_list":["post-26660","page","type-page","status-publish","hentry"],"acf":[],"yoast_head":"<!-- This site is optimized with the Yoast SEO Premium plugin v26.2 (Yoast SEO v27.4) - https:\/\/yoast.com\/product\/yoast-seo-premium-wordpress\/ -->\n<title>Sinan - DR. CINIK<\/title>\n<meta name=\"description\" content=\"Erfahren Sie mehr \u00fcber Sinan \u00c7AKIR, einen Absolventen der Atat\u00fcrk-Universit\u00e4t, und seine Expertise in Zahnmedizin und klinischer Praxis.\" \/>\n<meta name=\"robots\" content=\"index, follow, max-snippet:-1, max-image-preview:large, max-video-preview:-1\" \/>\n<link rel=\"canonical\" href=\"http:\/\/drcinik.com\/de\/unsere-aerzte\/sinan\/\" \/>\n<meta property=\"og:locale\" content=\"de_DE\" \/>\n<meta property=\"og:type\" content=\"article\" \/>\n<meta property=\"og:title\" content=\"Sinan\" \/>\n<meta property=\"og:description\" content=\"Erfahren Sie mehr \u00fcber Sinan \u00c7AKIR, einen Absolventen der Atat\u00fcrk-Universit\u00e4t, und seine Expertise in Zahnmedizin und klinischer Praxis.\" \/>\n<meta property=\"og:url\" content=\"http:\/\/drcinik.com\/de\/unsere-aerzte\/sinan\/\" \/>\n<meta property=\"og:site_name\" content=\"DR. CINIK\" \/>\n<meta property=\"article:publisher\" content=\"https:\/\/facebook.com\/drcinikcom\" \/>\n<meta property=\"article:modified_time\" content=\"2025-07-22T15:21:54+00:00\" \/>\n<meta property=\"og:image\" content=\"http:\/\/drcinik.com\/wp-content\/uploads\/2025\/03\/sinan-cakir-01.jpg\" \/>\n<meta name=\"twitter:card\" content=\"summary_large_image\" \/>\n<meta name=\"twitter:site\" content=\"@drcinikofficial\" \/>\n<script type=\"application\/ld+json\" class=\"yoast-schema-graph\">{\"@context\":\"https:\\\/\\\/schema.org\",\"@graph\":[{\"@type\":\"WebPage\",\"@id\":\"http:\\\/\\\/drcinik.com\\\/de\\\/unsere-aerzte\\\/sinan\\\/\",\"url\":\"http:\\\/\\\/drcinik.com\\\/de\\\/unsere-aerzte\\\/sinan\\\/\",\"name\":\"Sinan - DR. CINIK\",\"isPartOf\":{\"@id\":\"https:\\\/\\\/drcinik.com\\\/de\\\/#website\"},\"primaryImageOfPage\":{\"@id\":\"http:\\\/\\\/drcinik.com\\\/de\\\/unsere-aerzte\\\/sinan\\\/#primaryimage\"},\"image\":{\"@id\":\"http:\\\/\\\/drcinik.com\\\/de\\\/unsere-aerzte\\\/sinan\\\/#primaryimage\"},\"thumbnailUrl\":\"http:\\\/\\\/drcinik.com\\\/wp-content\\\/uploads\\\/2025\\\/03\\\/sinan-cakir-01.jpg\",\"datePublished\":\"2025-05-02T07:53:56+00:00\",\"dateModified\":\"2025-07-22T15:21:54+00:00\",\"description\":\"Erfahren Sie mehr \u00fcber Sinan \u00c7AKIR, einen Absolventen der Atat\u00fcrk-Universit\u00e4t, und seine Expertise in Zahnmedizin und klinischer Praxis.\",\"breadcrumb\":{\"@id\":\"http:\\\/\\\/drcinik.com\\\/de\\\/unsere-aerzte\\\/sinan\\\/#breadcrumb\"},\"inLanguage\":\"de\",\"potentialAction\":[{\"@type\":\"ReadAction\",\"target\":[\"http:\\\/\\\/drcinik.com\\\/de\\\/unsere-aerzte\\\/sinan\\\/\"]}]},{\"@type\":\"ImageObject\",\"inLanguage\":\"de\",\"@id\":\"http:\\\/\\\/drcinik.com\\\/de\\\/unsere-aerzte\\\/sinan\\\/#primaryimage\",\"url\":\"http:\\\/\\\/drcinik.com\\\/wp-content\\\/uploads\\\/2025\\\/03\\\/sinan-cakir-01.jpg\",\"contentUrl\":\"http:\\\/\\\/drcinik.com\\\/wp-content\\\/uploads\\\/2025\\\/03\\\/sinan-cakir-01.jpg\"},{\"@type\":\"BreadcrumbList\",\"@id\":\"http:\\\/\\\/drcinik.com\\\/de\\\/unsere-aerzte\\\/sinan\\\/#breadcrumb\",\"itemListElement\":[{\"@type\":\"ListItem\",\"position\":1,\"name\":\"Anasayfa\",\"item\":\"https:\\\/\\\/drcinik.com\\\/ar\\\/\"},{\"@type\":\"ListItem\",\"position\":2,\"name\":\"Unsere \u00c4rzte\",\"item\":\"http:\\\/\\\/drcinik.com\\\/de\\\/unsere-aerzte\\\/\"},{\"@type\":\"ListItem\",\"position\":3,\"name\":\"Sinan\"}]},{\"@type\":\"WebSite\",\"@id\":\"https:\\\/\\\/drcinik.com\\\/de\\\/#website\",\"url\":\"https:\\\/\\\/drcinik.com\\\/de\\\/\",\"name\":\"DR. CINIK\",\"description\":\"\u00d6zel T\u0131p Merkezi\",\"publisher\":{\"@id\":\"https:\\\/\\\/drcinik.com\\\/de\\\/#organization\"},\"potentialAction\":[{\"@type\":\"SearchAction\",\"target\":{\"@type\":\"EntryPoint\",\"urlTemplate\":\"https:\\\/\\\/drcinik.com\\\/de\\\/?s={search_term_string}\"},\"query-input\":{\"@type\":\"PropertyValueSpecification\",\"valueRequired\":true,\"valueName\":\"search_term_string\"}}],\"inLanguage\":\"de\"},{\"@type\":\"Organization\",\"@id\":\"https:\\\/\\\/drcinik.com\\\/de\\\/#organization\",\"name\":\"DR. CINIK\",\"url\":\"https:\\\/\\\/drcinik.com\\\/de\\\/\",\"logo\":{\"@type\":\"ImageObject\",\"inLanguage\":\"de\",\"@id\":\"https:\\\/\\\/drcinik.com\\\/de\\\/#\\\/schema\\\/logo\\\/image\\\/\",\"url\":\"https:\\\/\\\/drcinik.com\\\/wp-content\\\/uploads\\\/2023\\\/07\\\/logo.svg\",\"contentUrl\":\"https:\\\/\\\/drcinik.com\\\/wp-content\\\/uploads\\\/2023\\\/07\\\/logo.svg\",\"width\":\"1024\",\"height\":\"1024\",\"caption\":\"DR. CINIK\"},\"image\":{\"@id\":\"https:\\\/\\\/drcinik.com\\\/de\\\/#\\\/schema\\\/logo\\\/image\\\/\"},\"sameAs\":[\"https:\\\/\\\/facebook.com\\\/drcinikcom\",\"https:\\\/\\\/x.com\\\/drcinikofficial\",\"https:\\\/\\\/instagram.com\\\/dr.cinikhospital\",\"https:\\\/\\\/youtube.com\\\/@emrahcinik\",\"https:\\\/\\\/tiktok.com\\\/@dremrahcinik\"],\"email\":\"info@drcinik.com\",\"telephone\":\"+90 549 641 37 01\",\"legalName\":\"Erc Turizm Sa\u011fl\u0131k Hizmetleri Tic. Ltd. \u015eti.\",\"numberOfEmployees\":{\"@type\":\"QuantitativeValue\",\"minValue\":\"51\",\"maxValue\":\"200\"}}]}<\/script>\n<!-- \/ Yoast SEO Premium plugin. -->","yoast_head_json":{"title":"Sinan - DR. CINIK","description":"Erfahren Sie mehr \u00fcber Sinan \u00c7AKIR, einen Absolventen der Atat\u00fcrk-Universit\u00e4t, und seine Expertise in Zahnmedizin und klinischer Praxis.","robots":{"index":"index","follow":"follow","max-snippet":"max-snippet:-1","max-image-preview":"max-image-preview:large","max-video-preview":"max-video-preview:-1"},"canonical":"http:\/\/drcinik.com\/de\/unsere-aerzte\/sinan\/","og_locale":"de_DE","og_type":"article","og_title":"Sinan","og_description":"Erfahren Sie mehr \u00fcber Sinan \u00c7AKIR, einen Absolventen der Atat\u00fcrk-Universit\u00e4t, und seine Expertise in Zahnmedizin und klinischer Praxis.","og_url":"http:\/\/drcinik.com\/de\/unsere-aerzte\/sinan\/","og_site_name":"DR. CINIK","article_publisher":"https:\/\/facebook.com\/drcinikcom","article_modified_time":"2025-07-22T15:21:54+00:00","og_image":[{"url":"http:\/\/drcinik.com\/wp-content\/uploads\/2025\/03\/sinan-cakir-01.jpg","type":"","width":"","height":""}],"twitter_card":"summary_large_image","twitter_site":"@drcinikofficial","schema":{"@context":"https:\/\/schema.org","@graph":[{"@type":"WebPage","@id":"http:\/\/drcinik.com\/de\/unsere-aerzte\/sinan\/","url":"http:\/\/drcinik.com\/de\/unsere-aerzte\/sinan\/","name":"Sinan - DR. CINIK","isPartOf":{"@id":"https:\/\/drcinik.com\/de\/#website"},"primaryImageOfPage":{"@id":"http:\/\/drcinik.com\/de\/unsere-aerzte\/sinan\/#primaryimage"},"image":{"@id":"http:\/\/drcinik.com\/de\/unsere-aerzte\/sinan\/#primaryimage"},"thumbnailUrl":"http:\/\/drcinik.com\/wp-content\/uploads\/2025\/03\/sinan-cakir-01.jpg","datePublished":"2025-05-02T07:53:56+00:00","dateModified":"2025-07-22T15:21:54+00:00","description":"Erfahren Sie mehr \u00fcber Sinan \u00c7AKIR, einen Absolventen der Atat\u00fcrk-Universit\u00e4t, und seine Expertise in Zahnmedizin und klinischer Praxis.","breadcrumb":{"@id":"http:\/\/drcinik.com\/de\/unsere-aerzte\/sinan\/#breadcrumb"},"inLanguage":"de","potentialAction":[{"@type":"ReadAction","target":["http:\/\/drcinik.com\/de\/unsere-aerzte\/sinan\/"]}]},{"@type":"ImageObject","inLanguage":"de","@id":"http:\/\/drcinik.com\/de\/unsere-aerzte\/sinan\/#primaryimage","url":"http:\/\/drcinik.com\/wp-content\/uploads\/2025\/03\/sinan-cakir-01.jpg","contentUrl":"http:\/\/drcinik.com\/wp-content\/uploads\/2025\/03\/sinan-cakir-01.jpg"},{"@type":"BreadcrumbList","@id":"http:\/\/drcinik.com\/de\/unsere-aerzte\/sinan\/#breadcrumb","itemListElement":[{"@type":"ListItem","position":1,"name":"Anasayfa","item":"https:\/\/drcinik.com\/ar\/"},{"@type":"ListItem","position":2,"name":"Unsere \u00c4rzte","item":"http:\/\/drcinik.com\/de\/unsere-aerzte\/"},{"@type":"ListItem","position":3,"name":"Sinan"}]},{"@type":"WebSite","@id":"https:\/\/drcinik.com\/de\/#website","url":"https:\/\/drcinik.com\/de\/","name":"DR. CINIK","description":"\u00d6zel T\u0131p Merkezi","publisher":{"@id":"https:\/\/drcinik.com\/de\/#organization"},"potentialAction":[{"@type":"SearchAction","target":{"@type":"EntryPoint","urlTemplate":"https:\/\/drcinik.com\/de\/?s={search_term_string}"},"query-input":{"@type":"PropertyValueSpecification","valueRequired":true,"valueName":"search_term_string"}}],"inLanguage":"de"},{"@type":"Organization","@id":"https:\/\/drcinik.com\/de\/#organization","name":"DR. CINIK","url":"https:\/\/drcinik.com\/de\/","logo":{"@type":"ImageObject","inLanguage":"de","@id":"https:\/\/drcinik.com\/de\/#\/schema\/logo\/image\/","url":"https:\/\/drcinik.com\/wp-content\/uploads\/2023\/07\/logo.svg","contentUrl":"https:\/\/drcinik.com\/wp-content\/uploads\/2023\/07\/logo.svg","width":"1024","height":"1024","caption":"DR. CINIK"},"image":{"@id":"https:\/\/drcinik.com\/de\/#\/schema\/logo\/image\/"},"sameAs":["https:\/\/facebook.com\/drcinikcom","https:\/\/x.com\/drcinikofficial","https:\/\/instagram.com\/dr.cinikhospital","https:\/\/youtube.com\/@emrahcinik","https:\/\/tiktok.com\/@dremrahcinik"],"email":"info@drcinik.com","telephone":"+90 549 641 37 01","legalName":"Erc Turizm Sa\u011fl\u0131k Hizmetleri Tic. Ltd. \u015eti.","numberOfEmployees":{"@type":"QuantitativeValue","minValue":"51","maxValue":"200"}}]}},"_links":{"self":[{"href":"https:\/\/drcinik.com\/de\/wp-json\/wp\/v2\/pages\/26660","targetHints":{"allow":["GET"]}}],"collection":[{"href":"https:\/\/drcinik.com\/de\/wp-json\/wp\/v2\/pages"}],"about":[{"href":"https:\/\/drcinik.com\/de\/wp-json\/wp\/v2\/types\/page"}],"author":[{"embeddable":true,"href":"https:\/\/drcinik.com\/de\/wp-json\/wp\/v2\/users\/11"}],"replies":[{"embeddable":true,"href":"https:\/\/drcinik.com\/de\/wp-json\/wp\/v2\/comments?post=26660"}],"version-history":[{"count":0,"href":"https:\/\/drcinik.com\/de\/wp-json\/wp\/v2\/pages\/26660\/revisions"}],"up":[{"embeddable":true,"href":"https:\/\/drcinik.com\/de\/wp-json\/wp\/v2\/pages\/26625"}],"wp:attachment":[{"href":"https:\/\/drcinik.com\/de\/wp-json\/wp\/v2\/media?parent=26660"}],"curies":[{"name":"wp","href":"https:\/\/api.w.org\/{rel}","templated":true}]}}