{"id":32914,"date":"2023-08-29T13:43:12","date_gmt":"2023-08-29T10:43:12","guid":{"rendered":"https:\/\/drcinik.com\/?page_id=32914"},"modified":"2025-07-31T22:43:21","modified_gmt":"2025-07-31T19:43:21","slug":"zustimmung-zu-kommerziellen-elektronischen-nachrichten","status":"publish","type":"page","link":"http:\/\/drcinik.com\/de\/rechtliches\/zustimmung-zu-kommerziellen-elektronischen-nachrichten\/","title":{"rendered":"Zustimmung zu kommerziellen elektronischen Nachrichten"},"content":{"rendered":"\t\t<div data-elementor-type=\"wp-page\" data-elementor-id=\"32914\" class=\"elementor elementor-32914 elementor-1029\" data-elementor-post-type=\"page\">\n\t\t\t\t<div class=\"elementor-element elementor-element-9ec3f7e e-flex e-con-boxed e-con e-parent\" data-id=\"9ec3f7e\" data-element_type=\"container\">\n\t\t\t\t\t<div class=\"e-con-inner\">\n\t\t\t\t<div class=\"elementor-element elementor-element-2bc824f elementor-widget elementor-widget-text-editor\" data-id=\"2bc824f\" data-element_type=\"widget\" data-widget_type=\"text-editor.default\">\n\t\t\t\t\t\t\t\t\t<p style=\"text-align: right;\"><em><strong>[lmt-post-modified-info]<\/strong><\/em><\/p>\n<h2>Informationen zur Einwilligung zur kommerziellen elektronischen Nachrichten\u00fcbermittlung<\/h2>\n<p>Im Rahmen des Gesetzes zum Schutz personenbezogener Daten Nr. 6698 und des Gesetzes Nr. 6563 zur Regulierung des elektronischen Gesch\u00e4ftsverkehrs verarbeitet ERC Estetik Turizm Sa\u011fl\u0131k Hizmetleri Tic. Ltd. Sti. (\u00d6zel DR. CINIK T\u0131p Merkezi) Ihre Daten nach Einholung Ihrer Einwilligung im Rahmen der KVKK und des Gesetzes zur Regulierung des elektronischen Gesch\u00e4ftsverkehrs, um sie an die Parteien und\/oder Personen weiterzugeben, in deren Namen Transaktionen im Zusammenhang mit Marketingaktivit\u00e4ten, Kampagnen, Anzeigen, Produkteinf\u00fchrungen, Umfragen, Gewinnspielen, Rabatten, Werbeaktionen, Sonderangeboten, Aktionen, Er\u00f6ffnungen, Einladungen, Veranstaltungen und Kommunikationsaktivit\u00e4ten aller Art durchgef\u00fchrt werden. Ihre personenbezogenen Daten werden unter Einhaltung der erforderlichen Sicherheitsma\u00dfnahmen an die von uns beauftragten Unternehmen weitergegeben, um SMS und E-Mails entsprechend versenden zu k\u00f6nnen.<\/p>\n<p>Mit freundlichen Gr\u00fc\u00dfen<\/p>\n<p>Als ERC Estetik Turizm Sa\u011fl\u0131k Hizmetleri Tic. Ltd. Sti.<\/p>\n<p>\u00a0<\/p>\n<h3>Zustimmung zu kommerziellen elektronischen Nachrichten<\/h3>\n<p>Sofern nicht anders angegeben, erkl\u00e4re ich ohne jeglichen Druck, dass ich ERC Estetik Turizm Sa\u011fl\u0131k Hizmetleri Tic Ltd.Sti. (\u00d6zel DR. CINIK T\u0131p Merkezi) meine ausdr\u00fcckliche Zustimmung gebe, mich und\/oder die Personen, in deren Namen ich handle, zu kontaktieren und kommerzielle elektronische Nachrichten per SMS, E-Mail und Suche zu senden, bez\u00fcglich aller Arten von Marketingaktivit\u00e4ten, Kampagnen, Anzeigen, Produkteinf\u00fchrungen, Umfragen, Gewinnspielen, Rabatten, Werbeaktionen, Sonderangeboten, Aktionen, Er\u00f6ffnungen, Einladungen, Veranstaltungen und Kommunikationsaktivit\u00e4ten.<\/p>\t\t\t\t\t\t\t\t<\/div>\n\t\t\t\t\t<\/div>\n\t\t\t\t<\/div>\n\t\t\t\t<\/div>\n\t\t","protected":false},"excerpt":{"rendered":"<p>[lmt-post-modified-info] Informationen zur Einwilligung zur kommerziellen elektronischen Nachrichten\u00fcbermittlung Im Rahmen des Gesetzes zum Schutz personenbezogener Daten Nr. 6698 und des Gesetzes Nr. 6563 zur Regulierung des elektronischen Gesch\u00e4ftsverkehrs verarbeitet ERC Estetik Turizm Sa\u011fl\u0131k Hizmetleri Tic. Ltd. Sti. (\u00d6zel DR. CINIK T\u0131p Merkezi) Ihre Daten nach Einholung Ihrer Einwilligung im Rahmen der KVKK und des Gesetzes [&hellip;]<\/p>\n","protected":false},"author":11,"featured_media":0,"parent":32875,"menu_order":0,"comment_status":"closed","ping_status":"closed","template":"","meta":{"_acf_changed":false,"inline_featured_image":false,"footnotes":""},"class_list":["post-32914","page","type-page","status-publish","hentry"],"acf":[],"yoast_head":"<!-- This site is optimized with the Yoast SEO Premium plugin v26.2 (Yoast SEO v27.4) - https:\/\/yoast.com\/product\/yoast-seo-premium-wordpress\/ -->\n<title>Zustimmung zu kommerziellen elektronischen Nachrichten - DR. CINIK<\/title>\n<meta name=\"robots\" content=\"index, follow, max-snippet:-1, max-image-preview:large, max-video-preview:-1\" \/>\n<link rel=\"canonical\" href=\"http:\/\/drcinik.com\/de\/rechtliches\/zustimmung-zu-kommerziellen-elektronischen-nachrichten\/\" \/>\n<meta property=\"og:locale\" content=\"de_DE\" \/>\n<meta property=\"og:type\" content=\"article\" \/>\n<meta property=\"og:title\" content=\"Zustimmung zu kommerziellen elektronischen Nachrichten\" \/>\n<meta property=\"og:description\" content=\"[lmt-post-modified-info] Informationen zur Einwilligung zur kommerziellen elektronischen Nachrichten\u00fcbermittlung Im Rahmen des Gesetzes zum Schutz personenbezogener Daten Nr. 6698 und des Gesetzes Nr. 6563 zur Regulierung des elektronischen Gesch\u00e4ftsverkehrs verarbeitet ERC Estetik Turizm Sa\u011fl\u0131k Hizmetleri Tic. Ltd. Sti. (\u00d6zel DR. CINIK T\u0131p Merkezi) Ihre Daten nach Einholung Ihrer Einwilligung im Rahmen der KVKK und des Gesetzes [&hellip;]\" \/>\n<meta property=\"og:url\" content=\"http:\/\/drcinik.com\/de\/rechtliches\/zustimmung-zu-kommerziellen-elektronischen-nachrichten\/\" \/>\n<meta property=\"og:site_name\" content=\"DR. CINIK\" \/>\n<meta property=\"article:publisher\" content=\"https:\/\/facebook.com\/drcinikcom\" \/>\n<meta property=\"article:modified_time\" content=\"2025-07-31T19:43:21+00:00\" \/>\n<meta name=\"twitter:card\" content=\"summary_large_image\" \/>\n<meta name=\"twitter:site\" content=\"@drcinikofficial\" \/>\n<script type=\"application\/ld+json\" class=\"yoast-schema-graph\">{\"@context\":\"https:\\\/\\\/schema.org\",\"@graph\":[{\"@type\":\"WebPage\",\"@id\":\"http:\\\/\\\/drcinik.com\\\/de\\\/rechtliches\\\/zustimmung-zu-kommerziellen-elektronischen-nachrichten\\\/\",\"url\":\"http:\\\/\\\/drcinik.com\\\/de\\\/rechtliches\\\/zustimmung-zu-kommerziellen-elektronischen-nachrichten\\\/\",\"name\":\"Zustimmung zu kommerziellen elektronischen Nachrichten - DR. CINIK\",\"isPartOf\":{\"@id\":\"https:\\\/\\\/drcinik.com\\\/de\\\/#website\"},\"datePublished\":\"2023-08-29T10:43:12+00:00\",\"dateModified\":\"2025-07-31T19:43:21+00:00\",\"breadcrumb\":{\"@id\":\"http:\\\/\\\/drcinik.com\\\/de\\\/rechtliches\\\/zustimmung-zu-kommerziellen-elektronischen-nachrichten\\\/#breadcrumb\"},\"inLanguage\":\"de\",\"potentialAction\":[{\"@type\":\"ReadAction\",\"target\":[\"http:\\\/\\\/drcinik.com\\\/de\\\/rechtliches\\\/zustimmung-zu-kommerziellen-elektronischen-nachrichten\\\/\"]}]},{\"@type\":\"BreadcrumbList\",\"@id\":\"http:\\\/\\\/drcinik.com\\\/de\\\/rechtliches\\\/zustimmung-zu-kommerziellen-elektronischen-nachrichten\\\/#breadcrumb\",\"itemListElement\":[{\"@type\":\"ListItem\",\"position\":1,\"name\":\"Anasayfa\",\"item\":\"https:\\\/\\\/drcinik.com\\\/ar\\\/\"},{\"@type\":\"ListItem\",\"position\":2,\"name\":\"Rechtliches\",\"item\":\"http:\\\/\\\/drcinik.com\\\/de\\\/rechtliches\\\/\"},{\"@type\":\"ListItem\",\"position\":3,\"name\":\"Zustimmung zu kommerziellen elektronischen Nachrichten\"}]},{\"@type\":\"WebSite\",\"@id\":\"https:\\\/\\\/drcinik.com\\\/de\\\/#website\",\"url\":\"https:\\\/\\\/drcinik.com\\\/de\\\/\",\"name\":\"DR. CINIK\",\"description\":\"\u00d6zel T\u0131p Merkezi\",\"publisher\":{\"@id\":\"https:\\\/\\\/drcinik.com\\\/de\\\/#organization\"},\"potentialAction\":[{\"@type\":\"SearchAction\",\"target\":{\"@type\":\"EntryPoint\",\"urlTemplate\":\"https:\\\/\\\/drcinik.com\\\/de\\\/?s={search_term_string}\"},\"query-input\":{\"@type\":\"PropertyValueSpecification\",\"valueRequired\":true,\"valueName\":\"search_term_string\"}}],\"inLanguage\":\"de\"},{\"@type\":\"Organization\",\"@id\":\"https:\\\/\\\/drcinik.com\\\/de\\\/#organization\",\"name\":\"DR. CINIK\",\"url\":\"https:\\\/\\\/drcinik.com\\\/de\\\/\",\"logo\":{\"@type\":\"ImageObject\",\"inLanguage\":\"de\",\"@id\":\"https:\\\/\\\/drcinik.com\\\/de\\\/#\\\/schema\\\/logo\\\/image\\\/\",\"url\":\"https:\\\/\\\/drcinik.com\\\/wp-content\\\/uploads\\\/2023\\\/07\\\/logo.svg\",\"contentUrl\":\"https:\\\/\\\/drcinik.com\\\/wp-content\\\/uploads\\\/2023\\\/07\\\/logo.svg\",\"width\":\"1024\",\"height\":\"1024\",\"caption\":\"DR. CINIK\"},\"image\":{\"@id\":\"https:\\\/\\\/drcinik.com\\\/de\\\/#\\\/schema\\\/logo\\\/image\\\/\"},\"sameAs\":[\"https:\\\/\\\/facebook.com\\\/drcinikcom\",\"https:\\\/\\\/x.com\\\/drcinikofficial\",\"https:\\\/\\\/instagram.com\\\/dr.cinikhospital\",\"https:\\\/\\\/youtube.com\\\/@emrahcinik\",\"https:\\\/\\\/tiktok.com\\\/@dremrahcinik\"],\"email\":\"info@drcinik.com\",\"telephone\":\"+90 549 641 37 01\",\"legalName\":\"Erc Turizm Sa\u011fl\u0131k Hizmetleri Tic. Ltd. \u015eti.\",\"numberOfEmployees\":{\"@type\":\"QuantitativeValue\",\"minValue\":\"51\",\"maxValue\":\"200\"}}]}<\/script>\n<!-- \/ Yoast SEO Premium plugin. -->","yoast_head_json":{"title":"Zustimmung zu kommerziellen elektronischen Nachrichten - DR. CINIK","robots":{"index":"index","follow":"follow","max-snippet":"max-snippet:-1","max-image-preview":"max-image-preview:large","max-video-preview":"max-video-preview:-1"},"canonical":"http:\/\/drcinik.com\/de\/rechtliches\/zustimmung-zu-kommerziellen-elektronischen-nachrichten\/","og_locale":"de_DE","og_type":"article","og_title":"Zustimmung zu kommerziellen elektronischen Nachrichten","og_description":"[lmt-post-modified-info] Informationen zur Einwilligung zur kommerziellen elektronischen Nachrichten\u00fcbermittlung Im Rahmen des Gesetzes zum Schutz personenbezogener Daten Nr. 6698 und des Gesetzes Nr. 6563 zur Regulierung des elektronischen Gesch\u00e4ftsverkehrs verarbeitet ERC Estetik Turizm Sa\u011fl\u0131k Hizmetleri Tic. Ltd. Sti. (\u00d6zel DR. CINIK T\u0131p Merkezi) Ihre Daten nach Einholung Ihrer Einwilligung im Rahmen der KVKK und des Gesetzes [&hellip;]","og_url":"http:\/\/drcinik.com\/de\/rechtliches\/zustimmung-zu-kommerziellen-elektronischen-nachrichten\/","og_site_name":"DR. CINIK","article_publisher":"https:\/\/facebook.com\/drcinikcom","article_modified_time":"2025-07-31T19:43:21+00:00","twitter_card":"summary_large_image","twitter_site":"@drcinikofficial","schema":{"@context":"https:\/\/schema.org","@graph":[{"@type":"WebPage","@id":"http:\/\/drcinik.com\/de\/rechtliches\/zustimmung-zu-kommerziellen-elektronischen-nachrichten\/","url":"http:\/\/drcinik.com\/de\/rechtliches\/zustimmung-zu-kommerziellen-elektronischen-nachrichten\/","name":"Zustimmung zu kommerziellen elektronischen Nachrichten - DR. CINIK","isPartOf":{"@id":"https:\/\/drcinik.com\/de\/#website"},"datePublished":"2023-08-29T10:43:12+00:00","dateModified":"2025-07-31T19:43:21+00:00","breadcrumb":{"@id":"http:\/\/drcinik.com\/de\/rechtliches\/zustimmung-zu-kommerziellen-elektronischen-nachrichten\/#breadcrumb"},"inLanguage":"de","potentialAction":[{"@type":"ReadAction","target":["http:\/\/drcinik.com\/de\/rechtliches\/zustimmung-zu-kommerziellen-elektronischen-nachrichten\/"]}]},{"@type":"BreadcrumbList","@id":"http:\/\/drcinik.com\/de\/rechtliches\/zustimmung-zu-kommerziellen-elektronischen-nachrichten\/#breadcrumb","itemListElement":[{"@type":"ListItem","position":1,"name":"Anasayfa","item":"https:\/\/drcinik.com\/ar\/"},{"@type":"ListItem","position":2,"name":"Rechtliches","item":"http:\/\/drcinik.com\/de\/rechtliches\/"},{"@type":"ListItem","position":3,"name":"Zustimmung zu kommerziellen elektronischen Nachrichten"}]},{"@type":"WebSite","@id":"https:\/\/drcinik.com\/de\/#website","url":"https:\/\/drcinik.com\/de\/","name":"DR. CINIK","description":"\u00d6zel T\u0131p Merkezi","publisher":{"@id":"https:\/\/drcinik.com\/de\/#organization"},"potentialAction":[{"@type":"SearchAction","target":{"@type":"EntryPoint","urlTemplate":"https:\/\/drcinik.com\/de\/?s={search_term_string}"},"query-input":{"@type":"PropertyValueSpecification","valueRequired":true,"valueName":"search_term_string"}}],"inLanguage":"de"},{"@type":"Organization","@id":"https:\/\/drcinik.com\/de\/#organization","name":"DR. CINIK","url":"https:\/\/drcinik.com\/de\/","logo":{"@type":"ImageObject","inLanguage":"de","@id":"https:\/\/drcinik.com\/de\/#\/schema\/logo\/image\/","url":"https:\/\/drcinik.com\/wp-content\/uploads\/2023\/07\/logo.svg","contentUrl":"https:\/\/drcinik.com\/wp-content\/uploads\/2023\/07\/logo.svg","width":"1024","height":"1024","caption":"DR. CINIK"},"image":{"@id":"https:\/\/drcinik.com\/de\/#\/schema\/logo\/image\/"},"sameAs":["https:\/\/facebook.com\/drcinikcom","https:\/\/x.com\/drcinikofficial","https:\/\/instagram.com\/dr.cinikhospital","https:\/\/youtube.com\/@emrahcinik","https:\/\/tiktok.com\/@dremrahcinik"],"email":"info@drcinik.com","telephone":"+90 549 641 37 01","legalName":"Erc Turizm Sa\u011fl\u0131k Hizmetleri Tic. Ltd. \u015eti.","numberOfEmployees":{"@type":"QuantitativeValue","minValue":"51","maxValue":"200"}}]}},"_links":{"self":[{"href":"https:\/\/drcinik.com\/de\/wp-json\/wp\/v2\/pages\/32914","targetHints":{"allow":["GET"]}}],"collection":[{"href":"https:\/\/drcinik.com\/de\/wp-json\/wp\/v2\/pages"}],"about":[{"href":"https:\/\/drcinik.com\/de\/wp-json\/wp\/v2\/types\/page"}],"author":[{"embeddable":true,"href":"https:\/\/drcinik.com\/de\/wp-json\/wp\/v2\/users\/11"}],"replies":[{"embeddable":true,"href":"https:\/\/drcinik.com\/de\/wp-json\/wp\/v2\/comments?post=32914"}],"version-history":[{"count":0,"href":"https:\/\/drcinik.com\/de\/wp-json\/wp\/v2\/pages\/32914\/revisions"}],"up":[{"embeddable":true,"href":"https:\/\/drcinik.com\/de\/wp-json\/wp\/v2\/pages\/32875"}],"wp:attachment":[{"href":"https:\/\/drcinik.com\/de\/wp-json\/wp\/v2\/media?parent=32914"}],"curies":[{"name":"wp","href":"https:\/\/api.w.org\/{rel}","templated":true}]}}