{"id":32967,"date":"2023-08-29T13:46:29","date_gmt":"2023-08-29T10:46:29","guid":{"rendered":"https:\/\/drcinik.com\/?page_id=32967"},"modified":"2025-07-31T22:58:54","modified_gmt":"2025-07-31T19:58:54","slug":"cookie-richtlinie","status":"publish","type":"page","link":"http:\/\/drcinik.com\/de\/rechtliches\/cookie-richtlinie\/","title":{"rendered":"Cookie-Richtlinie"},"content":{"rendered":"\t\t<div data-elementor-type=\"wp-page\" data-elementor-id=\"32967\" class=\"elementor elementor-32967 elementor-1031\" data-elementor-post-type=\"page\">\n\t\t\t\t<div class=\"elementor-element elementor-element-02590cd e-flex e-con-boxed e-con e-parent\" data-id=\"02590cd\" data-element_type=\"container\">\n\t\t\t\t\t<div class=\"e-con-inner\">\n\t\t\t\t<div class=\"elementor-element elementor-element-1741ef2 elementor-widget elementor-widget-text-editor\" data-id=\"1741ef2\" data-element_type=\"widget\" data-widget_type=\"text-editor.default\">\n\t\t\t\t\t\t\t\t\t<h2>Hinweistexterkl\u00e4rung<\/h2>\n<p>Als <b>ERC Estetik Turizm Sa\u011fl\u0131k Hizmetleri Tic. Ltd. Sti.<\/b> verwenden wir bestimmte Technologien (Cookies) wie Cookies, Pixel und Gifs, um Ihr Erlebnis w\u00e4hrend Ihrer Besuche auf unserer Website zu verbessern. Die Nutzung dieser Technologien erfolgt in \u00dcbereinstimmung mit den geltenden gesetzlichen Bestimmungen, insbesondere dem Gesetz Nr. 6698 zum Schutz personenbezogener Daten.<\/p>\n<p>Der Zweck dieses Cookie-Hinweistextes besteht darin, Sie \u00fcber die Verarbeitung personenbezogener Daten zu informieren, die von Website-Besuchern (Dateninhaber) durch die Verwendung von Cookies auf unserer Website erhoben werden. In diesem Text m\u00f6chten wir erkl\u00e4ren, welche Arten von Cookies wir zu welchen Zwecken verwenden und wie Sie diese Cookies kontrollieren k\u00f6nnen. Gem\u00e4\u00df den Artikeln 5 und 8 des Gesetzes zum Schutz personenbezogener Daten und\/oder in F\u00e4llen, in denen die relevanten gesetzlichen Ausnahmen gelten, k\u00f6nnen Ihre personenbezogenen Daten f\u00fcr die oben genannten Zwecke mit Ihrer Einwilligung verarbeitet werden, wenn dies gesetzlich erforderlich ist, andernfalls auch ohne Ihre Einwilligung.<\/p>\n<h3>Cookies<\/h3>\n<p>Wir verwenden Cookies f\u00fcr zahlreiche Zwecke auf unserer Website und verarbeiten Ihre personenbezogenen Daten \u00fcber diese Cookies. Diese Zwecke sind haupts\u00e4chlich:<\/p>\n<ul>\n<li>Die Durchf\u00fchrung grundlegender Funktionen, die f\u00fcr den Betrieb der Website erforderlich sind.<\/li>\n<li>Analyse der Website und Verbesserung ihrer Leistung, z. B. Feststellung der Besucherzahl und entsprechende Leistungsanpassungen.<\/li>\n<li>Verbesserung der Funktionalit\u00e4t und Benutzerfreundlichkeit der Website, z. B. das Teilen von Inhalten auf Social-Media-Kan\u00e4len Dritter \u00fcber die Website.<\/li>\n<\/ul>\n<p>Wir k\u00f6nnen Ihre personenbezogenen Daten mit Dritten, Gesch\u00e4ftspartnern und Unternehmen, mit denen wir Gesch\u00e4ftsbeziehungen unterhalten, teilen, jedoch nur f\u00fcr die oben genannten Zwecke und in \u00dcbereinstimmung mit dem Gesetz.<\/p>\n<h3>Cookies, die wir auf unserer Website verwenden:<\/h3>\n<h4>Funktions- und Pr\u00e4ferenz-Cookies:<\/h4>\n<p>Diese Cookies erm\u00f6glichen es Ihnen, die auf unserer Website angebotenen Dienste zu personalisieren, indem sie sich Ihre Pr\u00e4ferenzen und Einstellungen merken. Beispielsweise k\u00f6nnen wir uns Ihre Sprachpr\u00e4ferenz oder die von Ihnen bevorzugte Schriftgr\u00f6\u00dfe merken.<\/p>\n<h4>Social-Media-Cookies:<\/h4>\n<p>Diese Cookies erm\u00f6glichen das Sammeln von Informationen \u00fcber Ihre Social-Media-Nutzung. Zum Beispiel k\u00f6nnen Cookies genutzt werden, um personalisierte Werbung zu erstellen oder Marktforschung mit Informationen von Ihren Facebook-\/Twitter-Konten durchzuf\u00fchren.<\/p>\n<h4>Leistungs- und Analyse-Cookies:<\/h4>\n<p>Wir k\u00f6nnen die von uns angebotenen Dienstleistungen verbessern, indem wir mit diesen Cookies Ihre Nutzung unserer Website und deren Leistung analysieren. Zum Beispiel k\u00f6nnen wir feststellen, welche Seiten unsere Besucher am h\u00e4ufigsten aufrufen, ob unsere Website ordnungsgem\u00e4\u00df funktioniert und potenzielle Probleme identifizieren.<\/p>\n<p>Dar\u00fcber hinaus verwenden wir Cookies, um Produkte und Dienstleistungen auf unserer Website und auf anderen Kan\u00e4len zu bewerben. Au\u00dferdem k\u00f6nnen wir mit einigen unserer Gesch\u00e4ftspartner zusammenarbeiten, um Werbung und Promotionen auf unserer Website oder auf anderen Kan\u00e4len anzuzeigen. Sie haben die M\u00f6glichkeit, Ihre Cookie-Einstellungen zu \u00e4ndern, indem Sie die Einstellungen in Ihrem Browser anpassen.<\/p>\n<p>Sie k\u00f6nnen Ihre Anfragen im Rahmen von Artikel 11 des Gesetzes \u201edas die Rechte der betroffenen Person regelt\u201c schriftlich an die Adresse unseres Unternehmens Fulya, Mevl\u00fct Pehlivan Sk. No:19, 34394 \u015ei\u015fli\/\u0130stanbul richten, gem\u00e4\u00df der \u201eMitteilung \u00fcber Verfahren und Grunds\u00e4tze des Antrags an den Datenverantwortlichen\u201c, oder Sie k\u00f6nnen den Abschnitt \u201eKVKK-Antragsformular\u201c auf unserer Website nutzen. Wir k\u00f6nnen die Nutzung von Cookies auf unserer Website einstellen, deren Arten und Funktionen \u00e4ndern oder neue Cookies hinzuf\u00fcgen. Das Unternehmen \u00fcbernimmt keine Haftung, wenn der Dateninhaber keine aktuellen Informationen bereitstellt.<\/p>\n<p>Dateninhaber erkennen an, dass sie die Website m\u00f6glicherweise nicht vollst\u00e4ndig nutzen k\u00f6nnen, wenn sie eine Anfrage stellen, die dazu f\u00fchrt, dass das Unternehmen keine personenbezogenen Daten mehr verwenden kann, und erkl\u00e4ren, dass alle daraus resultierenden Verpflichtungen in diesem Zusammenhang in ihrer Verantwortung liegen.<\/p>\n<p>F\u00fcr detailliertere Informationen \u00fcber die Verarbeitung Ihrer personenbezogenen Daten durch das Unternehmen empfehlen wir Ihnen, den Abschnitt \u201eSchutz und Privatsph\u00e4re personenbezogener Daten\u201c auf <a href=\"https:\/\/drcinik.com\/de\/legal\/processing-of-personal-data\/\">drcinik.com\/de\/legal\/processing-of-personal-data\/<\/a> zu lesen.<\/p>\t\t\t\t\t\t\t\t<\/div>\n\t\t\t\t\t<\/div>\n\t\t\t\t<\/div>\n\t\t\t\t<\/div>\n\t\t","protected":false},"excerpt":{"rendered":"<p>Hinweistexterkl\u00e4rung Als ERC Estetik Turizm Sa\u011fl\u0131k Hizmetleri Tic. Ltd. Sti. verwenden wir bestimmte Technologien (Cookies) wie Cookies, Pixel und Gifs, um Ihr Erlebnis w\u00e4hrend Ihrer Besuche auf unserer Website zu verbessern. Die Nutzung dieser Technologien erfolgt in \u00dcbereinstimmung mit den geltenden gesetzlichen Bestimmungen, insbesondere dem Gesetz Nr. 6698 zum Schutz personenbezogener Daten. Der Zweck dieses [&hellip;]<\/p>\n","protected":false},"author":11,"featured_media":0,"parent":32875,"menu_order":0,"comment_status":"closed","ping_status":"closed","template":"","meta":{"_acf_changed":false,"inline_featured_image":false,"footnotes":""},"class_list":["post-32967","page","type-page","status-publish","hentry"],"acf":[],"yoast_head":"<!-- This site is optimized with the Yoast SEO Premium plugin v26.2 (Yoast SEO v27.4) - https:\/\/yoast.com\/product\/yoast-seo-premium-wordpress\/ -->\n<title>Cookie-Richtlinie - DR. CINIK<\/title>\n<meta name=\"robots\" content=\"index, follow, max-snippet:-1, max-image-preview:large, max-video-preview:-1\" \/>\n<link rel=\"canonical\" href=\"http:\/\/drcinik.com\/de\/rechtliches\/cookie-richtlinie\/\" \/>\n<meta property=\"og:locale\" content=\"de_DE\" \/>\n<meta property=\"og:type\" content=\"article\" \/>\n<meta property=\"og:title\" content=\"Cookie-Richtlinie\" \/>\n<meta property=\"og:description\" content=\"Hinweistexterkl\u00e4rung Als ERC Estetik Turizm Sa\u011fl\u0131k Hizmetleri Tic. Ltd. Sti. verwenden wir bestimmte Technologien (Cookies) wie Cookies, Pixel und Gifs, um Ihr Erlebnis w\u00e4hrend Ihrer Besuche auf unserer Website zu verbessern. Die Nutzung dieser Technologien erfolgt in \u00dcbereinstimmung mit den geltenden gesetzlichen Bestimmungen, insbesondere dem Gesetz Nr. 6698 zum Schutz personenbezogener Daten. Der Zweck dieses [&hellip;]\" \/>\n<meta property=\"og:url\" content=\"http:\/\/drcinik.com\/de\/rechtliches\/cookie-richtlinie\/\" \/>\n<meta property=\"og:site_name\" content=\"DR. CINIK\" \/>\n<meta property=\"article:publisher\" content=\"https:\/\/facebook.com\/drcinikcom\" \/>\n<meta property=\"article:modified_time\" content=\"2025-07-31T19:58:54+00:00\" \/>\n<meta name=\"twitter:card\" content=\"summary_large_image\" \/>\n<meta name=\"twitter:site\" content=\"@drcinikofficial\" \/>\n<script type=\"application\/ld+json\" class=\"yoast-schema-graph\">{\"@context\":\"https:\\\/\\\/schema.org\",\"@graph\":[{\"@type\":\"WebPage\",\"@id\":\"http:\\\/\\\/drcinik.com\\\/de\\\/rechtliches\\\/cookie-richtlinie\\\/\",\"url\":\"http:\\\/\\\/drcinik.com\\\/de\\\/rechtliches\\\/cookie-richtlinie\\\/\",\"name\":\"Cookie-Richtlinie - DR. CINIK\",\"isPartOf\":{\"@id\":\"https:\\\/\\\/drcinik.com\\\/de\\\/#website\"},\"datePublished\":\"2023-08-29T10:46:29+00:00\",\"dateModified\":\"2025-07-31T19:58:54+00:00\",\"breadcrumb\":{\"@id\":\"http:\\\/\\\/drcinik.com\\\/de\\\/rechtliches\\\/cookie-richtlinie\\\/#breadcrumb\"},\"inLanguage\":\"de\",\"potentialAction\":[{\"@type\":\"ReadAction\",\"target\":[\"http:\\\/\\\/drcinik.com\\\/de\\\/rechtliches\\\/cookie-richtlinie\\\/\"]}]},{\"@type\":\"BreadcrumbList\",\"@id\":\"http:\\\/\\\/drcinik.com\\\/de\\\/rechtliches\\\/cookie-richtlinie\\\/#breadcrumb\",\"itemListElement\":[{\"@type\":\"ListItem\",\"position\":1,\"name\":\"Anasayfa\",\"item\":\"https:\\\/\\\/drcinik.com\\\/ar\\\/\"},{\"@type\":\"ListItem\",\"position\":2,\"name\":\"Rechtliches\",\"item\":\"http:\\\/\\\/drcinik.com\\\/de\\\/rechtliches\\\/\"},{\"@type\":\"ListItem\",\"position\":3,\"name\":\"Cookie-Richtlinie\"}]},{\"@type\":\"WebSite\",\"@id\":\"https:\\\/\\\/drcinik.com\\\/de\\\/#website\",\"url\":\"https:\\\/\\\/drcinik.com\\\/de\\\/\",\"name\":\"DR. CINIK\",\"description\":\"\u00d6zel T\u0131p Merkezi\",\"publisher\":{\"@id\":\"https:\\\/\\\/drcinik.com\\\/de\\\/#organization\"},\"potentialAction\":[{\"@type\":\"SearchAction\",\"target\":{\"@type\":\"EntryPoint\",\"urlTemplate\":\"https:\\\/\\\/drcinik.com\\\/de\\\/?s={search_term_string}\"},\"query-input\":{\"@type\":\"PropertyValueSpecification\",\"valueRequired\":true,\"valueName\":\"search_term_string\"}}],\"inLanguage\":\"de\"},{\"@type\":\"Organization\",\"@id\":\"https:\\\/\\\/drcinik.com\\\/de\\\/#organization\",\"name\":\"DR. CINIK\",\"url\":\"https:\\\/\\\/drcinik.com\\\/de\\\/\",\"logo\":{\"@type\":\"ImageObject\",\"inLanguage\":\"de\",\"@id\":\"https:\\\/\\\/drcinik.com\\\/de\\\/#\\\/schema\\\/logo\\\/image\\\/\",\"url\":\"https:\\\/\\\/drcinik.com\\\/wp-content\\\/uploads\\\/2023\\\/07\\\/logo.svg\",\"contentUrl\":\"https:\\\/\\\/drcinik.com\\\/wp-content\\\/uploads\\\/2023\\\/07\\\/logo.svg\",\"width\":\"1024\",\"height\":\"1024\",\"caption\":\"DR. CINIK\"},\"image\":{\"@id\":\"https:\\\/\\\/drcinik.com\\\/de\\\/#\\\/schema\\\/logo\\\/image\\\/\"},\"sameAs\":[\"https:\\\/\\\/facebook.com\\\/drcinikcom\",\"https:\\\/\\\/x.com\\\/drcinikofficial\",\"https:\\\/\\\/instagram.com\\\/dr.cinikhospital\",\"https:\\\/\\\/youtube.com\\\/@emrahcinik\",\"https:\\\/\\\/tiktok.com\\\/@dremrahcinik\"],\"email\":\"info@drcinik.com\",\"telephone\":\"+90 549 641 37 01\",\"legalName\":\"Erc Turizm Sa\u011fl\u0131k Hizmetleri Tic. Ltd. \u015eti.\",\"numberOfEmployees\":{\"@type\":\"QuantitativeValue\",\"minValue\":\"51\",\"maxValue\":\"200\"}}]}<\/script>\n<!-- \/ Yoast SEO Premium plugin. -->","yoast_head_json":{"title":"Cookie-Richtlinie - DR. CINIK","robots":{"index":"index","follow":"follow","max-snippet":"max-snippet:-1","max-image-preview":"max-image-preview:large","max-video-preview":"max-video-preview:-1"},"canonical":"http:\/\/drcinik.com\/de\/rechtliches\/cookie-richtlinie\/","og_locale":"de_DE","og_type":"article","og_title":"Cookie-Richtlinie","og_description":"Hinweistexterkl\u00e4rung Als ERC Estetik Turizm Sa\u011fl\u0131k Hizmetleri Tic. Ltd. Sti. verwenden wir bestimmte Technologien (Cookies) wie Cookies, Pixel und Gifs, um Ihr Erlebnis w\u00e4hrend Ihrer Besuche auf unserer Website zu verbessern. Die Nutzung dieser Technologien erfolgt in \u00dcbereinstimmung mit den geltenden gesetzlichen Bestimmungen, insbesondere dem Gesetz Nr. 6698 zum Schutz personenbezogener Daten. Der Zweck dieses [&hellip;]","og_url":"http:\/\/drcinik.com\/de\/rechtliches\/cookie-richtlinie\/","og_site_name":"DR. CINIK","article_publisher":"https:\/\/facebook.com\/drcinikcom","article_modified_time":"2025-07-31T19:58:54+00:00","twitter_card":"summary_large_image","twitter_site":"@drcinikofficial","schema":{"@context":"https:\/\/schema.org","@graph":[{"@type":"WebPage","@id":"http:\/\/drcinik.com\/de\/rechtliches\/cookie-richtlinie\/","url":"http:\/\/drcinik.com\/de\/rechtliches\/cookie-richtlinie\/","name":"Cookie-Richtlinie - DR. CINIK","isPartOf":{"@id":"https:\/\/drcinik.com\/de\/#website"},"datePublished":"2023-08-29T10:46:29+00:00","dateModified":"2025-07-31T19:58:54+00:00","breadcrumb":{"@id":"http:\/\/drcinik.com\/de\/rechtliches\/cookie-richtlinie\/#breadcrumb"},"inLanguage":"de","potentialAction":[{"@type":"ReadAction","target":["http:\/\/drcinik.com\/de\/rechtliches\/cookie-richtlinie\/"]}]},{"@type":"BreadcrumbList","@id":"http:\/\/drcinik.com\/de\/rechtliches\/cookie-richtlinie\/#breadcrumb","itemListElement":[{"@type":"ListItem","position":1,"name":"Anasayfa","item":"https:\/\/drcinik.com\/ar\/"},{"@type":"ListItem","position":2,"name":"Rechtliches","item":"http:\/\/drcinik.com\/de\/rechtliches\/"},{"@type":"ListItem","position":3,"name":"Cookie-Richtlinie"}]},{"@type":"WebSite","@id":"https:\/\/drcinik.com\/de\/#website","url":"https:\/\/drcinik.com\/de\/","name":"DR. CINIK","description":"\u00d6zel T\u0131p Merkezi","publisher":{"@id":"https:\/\/drcinik.com\/de\/#organization"},"potentialAction":[{"@type":"SearchAction","target":{"@type":"EntryPoint","urlTemplate":"https:\/\/drcinik.com\/de\/?s={search_term_string}"},"query-input":{"@type":"PropertyValueSpecification","valueRequired":true,"valueName":"search_term_string"}}],"inLanguage":"de"},{"@type":"Organization","@id":"https:\/\/drcinik.com\/de\/#organization","name":"DR. CINIK","url":"https:\/\/drcinik.com\/de\/","logo":{"@type":"ImageObject","inLanguage":"de","@id":"https:\/\/drcinik.com\/de\/#\/schema\/logo\/image\/","url":"https:\/\/drcinik.com\/wp-content\/uploads\/2023\/07\/logo.svg","contentUrl":"https:\/\/drcinik.com\/wp-content\/uploads\/2023\/07\/logo.svg","width":"1024","height":"1024","caption":"DR. CINIK"},"image":{"@id":"https:\/\/drcinik.com\/de\/#\/schema\/logo\/image\/"},"sameAs":["https:\/\/facebook.com\/drcinikcom","https:\/\/x.com\/drcinikofficial","https:\/\/instagram.com\/dr.cinikhospital","https:\/\/youtube.com\/@emrahcinik","https:\/\/tiktok.com\/@dremrahcinik"],"email":"info@drcinik.com","telephone":"+90 549 641 37 01","legalName":"Erc Turizm Sa\u011fl\u0131k Hizmetleri Tic. Ltd. \u015eti.","numberOfEmployees":{"@type":"QuantitativeValue","minValue":"51","maxValue":"200"}}]}},"_links":{"self":[{"href":"https:\/\/drcinik.com\/de\/wp-json\/wp\/v2\/pages\/32967","targetHints":{"allow":["GET"]}}],"collection":[{"href":"https:\/\/drcinik.com\/de\/wp-json\/wp\/v2\/pages"}],"about":[{"href":"https:\/\/drcinik.com\/de\/wp-json\/wp\/v2\/types\/page"}],"author":[{"embeddable":true,"href":"https:\/\/drcinik.com\/de\/wp-json\/wp\/v2\/users\/11"}],"replies":[{"embeddable":true,"href":"https:\/\/drcinik.com\/de\/wp-json\/wp\/v2\/comments?post=32967"}],"version-history":[{"count":0,"href":"https:\/\/drcinik.com\/de\/wp-json\/wp\/v2\/pages\/32967\/revisions"}],"up":[{"embeddable":true,"href":"https:\/\/drcinik.com\/de\/wp-json\/wp\/v2\/pages\/32875"}],"wp:attachment":[{"href":"https:\/\/drcinik.com\/de\/wp-json\/wp\/v2\/media?parent=32967"}],"curies":[{"name":"wp","href":"https:\/\/api.w.org\/{rel}","templated":true}]}}