{"id":33070,"date":"2023-08-29T13:51:17","date_gmt":"2023-08-29T10:51:17","guid":{"rendered":"https:\/\/drcinik.com\/?page_id=33070"},"modified":"2025-07-31T23:42:23","modified_gmt":"2025-07-31T20:42:23","slug":"schutz-personenbezogener-daten","status":"publish","type":"page","link":"http:\/\/drcinik.com\/de\/rechtliches\/schutz-personenbezogener-daten\/","title":{"rendered":"Schutz personenbezogener Daten"},"content":{"rendered":"\t\t<div data-elementor-type=\"wp-page\" data-elementor-id=\"33070\" class=\"elementor elementor-33070 elementor-1041\" data-elementor-post-type=\"page\">\n\t\t\t\t<div class=\"elementor-element elementor-element-094f842 e-flex e-con-boxed e-con e-parent\" data-id=\"094f842\" data-element_type=\"container\">\n\t\t\t\t\t<div class=\"e-con-inner\">\n\t\t\t\t<div class=\"elementor-element elementor-element-868fe0f elementor-widget elementor-widget-text-editor\" data-id=\"868fe0f\" data-element_type=\"widget\" data-widget_type=\"text-editor.default\">\n\t\t\t\t\t\t\t\t\t<h2>Informationen zum Gesetz \u00fcber den Schutz personenbezogener Daten<\/h2>\n\n<p>Das Ziel des Gesetzes Nr. 6698 \u00fcber den Schutz personenbezogener Daten ist der Schutz der Grundrechte und -freiheiten der Personen, insbesondere des Rechts auf Privatsph\u00e4re, im Zusammenhang mit der Verarbeitung personenbezogener Daten sowie die Festlegung von Pflichten, Grunds\u00e4tzen und Verfahren, die f\u00fcr nat\u00fcrliche oder juristische Personen, die personenbezogene Daten verarbeiten, verbindlich sind.<\/p>\n\n<p>Diese Information zum Schutz personenbezogener Daten erkl\u00e4rt unsere Richtlinie zum Schutz und zur Verarbeitung personenbezogener Daten sowie die \u00dcbertragung, Nutzung und den Schutz Ihrer personenbezogenen Daten w\u00e4hrend der von ERC Estetik Turizm Sa\u011fl\u0131k Hizmetleri Tic. Ltd. (\u00d6zel DR. CINIK T\u0131p Merkezi) erbrachten Dienstleistungen.<\/p>\n\n<p>Im Rahmen des Gesetzes Nr. 6698 \u00fcber den Schutz personenbezogener Daten (im Folgenden \u201eGesetz\u201c und\/oder \u201eKVKK\u201c genannt) und der einschl\u00e4gigen Gesetzgebung werden Ihre personenbezogenen Daten von unserer Poliklinik nur als Datenverantwortlicher innerhalb des nachfolgend beschriebenen Rahmens und gem\u00e4\u00df den Vorschriften des Gesundheitsministeriums und anderer Gesetzgebungen verarbeitet.<\/p>\n\n<h3>Von uns erhobene personenbezogene Daten<\/h3>\n\n<p>Wir erheben zahlreiche Informationen von unseren Patienten im Rahmen der von uns erbrachten Gesundheitsleistungen. Die von uns erhobenen Informationen werden unter allen Umst\u00e4nden gem\u00e4\u00df den Grunds\u00e4tzen und Bedingungen der Datenverarbeitung im Gesetz Nr. 6698 \u00fcber den Schutz personenbezogener Daten gesammelt. Die von Ihnen zu den in Abschnitt 2 genannten Zwecken erhobenen Daten k\u00f6nnen Folgendes umfassen:<\/p>\n\n<ul>\n  <li>Ihre Identit\u00e4tsdaten: Name, Nachname, t\u00fcrkische Identifikationsnummer, Reisepassnummer oder vorl\u00e4ufige t\u00fcrkische Identifikationsnummer, Geburtsort und -datum, Name der Mutter und des Vaters, Familienstand, Geschlecht, Blutgruppe, Versicherungs- und\/oder Patientenprotokollnummer sowie weitere Identifikationsdaten.<\/li>\n  <li>Ihre Kontaktdaten: Adresse, Telefonnummer, E-Mail-Adresse und andere Kontaktdaten.<\/li>\n  <li>Ihre personenbezogenen Daten, die bei Kontaktaufnahme per E-Mail, Brief oder anderen Kommunikationsmitteln erhoben werden, einschlie\u00dflich Sprachaufzeichnungen von Anrufen, die von Kundendienst- oder Patientenservices gem\u00e4\u00df den Callcenter-Standards gespeichert werden.<\/li>\n  <li>Ihre finanziellen Daten, wie Kreditkarteninformationen nur auf dem Beleg, Rechnungsinformationen.<\/li>\n  <li>Daten zur privaten Krankenversicherung und zur Sozialversicherungsanstalt zur Finanzierung und Planung von Gesundheitsleistungen.<\/li>\n  <li>Ihre Gesundheitsdaten: medizinische Berichte, Diagnosedaten, biometrische und genetische Daten, Laborergebnisse, Testergebnisse, Untersuchungsdaten, Termininformationen einschlie\u00dflich, aber nicht beschr\u00e4nkt auf Ihre Verschreibungsinformationen, alle Arten von Gesundheitsdaten, die w\u00e4hrend oder infolge von Diagnose-, Behandlungs- und Pflegedienstleistungen erhalten werden.<\/li>\n  <li>Ihr Feedback, wie Frageb\u00f6gen, Dankesschreiben, Beschwerden, Zufriedenheitsbewertungen.<\/li>\n  <li>Audio- und Bildaufnahmen aus Kamera\u00fcberwachungen, die gem\u00e4\u00df der Gesetzgebung in den gemeinsamen Bereichen unserer Poliklinik kontinuierlich aufgezeichnet werden.<\/li>\n  <li>Ihre Gesundheits- und sonstigen personenbezogenen Daten, die Sie auf allen Webseiten unserer Poliklinik eingeben oder senden.<\/li>\n<\/ul>\n\n<h3>Zwecke der Verarbeitung Ihrer personenbezogenen Daten<\/h3>\n\n<p>Im Rahmen der gesetzlichen Vorschriften f\u00fcr Gesundheitsleistungen, die eine \u00f6ffentliche Dienstleistung darstellen, verarbeitet unsere Poliklinik als Datenverantwortlicher die personenbezogenen Daten im Zusammenhang mit den angebotenen Leistungen zu folgenden Zwecken:<\/p>\n\n<ul>\n  <li>Erf\u00fcllung unserer gesetzlichen Verpflichtungen gem\u00e4\u00df dem Gesetz Nr. 3359 \u00fcber die Grunds\u00e4tze der Gesundheitsdienstleistungen, dem Dekret Nr. 663 \u00fcber Organisation und Aufgaben des Gesundheitsministeriums und seiner Einrichtungen, der Verordnung \u00fcber die Verarbeitung und den Schutz personenbezogener Gesundheitsdaten sowie anderen einschl\u00e4gigen Vorschriften.<\/li>\n  <li>Schutz der \u00f6ffentlichen Gesundheit, pr\u00e4ventive Medizin, medizinische Diagnose, Durchf\u00fchrung von Behandlungs- und Pflegedienstleistungen, Planung und Verwaltung von Gesundheitsdiensten und Finanzierung.<\/li>\n  <li>Planung und Verwaltung der Betriebsabl\u00e4ufe unserer Poliklinik.<\/li>\n  <li>Information \u00fcber Termine bei vorhandener Terminvereinbarung.<\/li>\n  <li>Weitergabe der angeforderten Informationen an das Gesundheitsministerium und relevante \u00f6ffentliche Institutionen und Organisationen gem\u00e4\u00df den gesetzlichen Vorgaben.<\/li>\n  <li>Analyse der von Ihnen genutzten Gesundheitsleistungen zur Verbesserung und Weiterentwicklung der Gesundheitsversorgung sowie Speicherung Ihrer Gesundheitsdaten.<\/li>\n  <li>Verifizierung Ihrer Identit\u00e4t.<\/li>\n  <li>Ergreifung aller notwendigen technischen und administrativen Ma\u00dfnahmen zur Datensicherheit der verwendeten Systeme und Anwendungen.<\/li>\n  <li>Schutz der gem\u00e4\u00df den gesetzlichen Vorschriften aufzubewahrenden Gesundheitsinformationen.<\/li>\n  <li>Bereitstellung der erforderlichen Informationen im Rahmen von Anfragen und Pr\u00fcfungen von Aufsichtsbeh\u00f6rden und offiziellen Stellen.<\/li>\n  <li>Weitergabe der erforderlichen Informationen an private Versicherungen im Rahmen der Finanzierung von Gesundheitsleistungen.<\/li>\n  <li>Qualit\u00e4tsverbesserungsma\u00dfnahmen und Risikomanagement.<\/li>\n  <li>Messung der Patientenzufriedenheit und Bearbeitung aller Anfragen und Beschwerden zu unseren Gesundheitsleistungen.<\/li>\n  <li>Kontaktaufnahme zur Information \u00fcber unsere Leistungen (z. B. per E-Mail, SMS, Anruf).<\/li>\n  <li>Beschaffung von Medikamenten oder medizinischen Ger\u00e4ten.<\/li>\n  <li>Und weitere Zwecke im Zusammenhang mit Durchf\u00fchrung und Entwicklung von medizinischer Diagnose, Behandlung und Pflege, Planung und Verwaltung von Gesundheitsdiensten und Finanzierung, Steigerung der Patientenzufriedenheit sowie Forschungs- und Entwicklungsarbeiten.<\/li>\n<\/ul>\n\n<p>Ein Versto\u00df gegen Ihre pers\u00f6nlichen Rechte wird bei der Datenverarbeitung nicht zugelassen.<\/p>\n\n<h3>Weitergabe Ihrer Daten an Personen und Organisationen<\/h3>\n\n<p>3.1. Gem\u00e4\u00df der einschl\u00e4gigen Gesetzgebung werden Ihre personenbezogenen Daten im physischen und\/oder elektronischen Umfeld erfasst, gespeichert, klassifiziert, verarbeitet, \u00fcbertragen und aktualisiert. Ihre Daten k\u00f6nnen auf Anforderung offizieller Stellen, beschr\u00e4nkt auf den Umfang der Anfrage und in gesetzlich erlaubten F\u00e4llen (Gerichte, Staatsanwaltschaften, Ministerien, alle offiziellen Institutionen mit Anfragerecht etc.) geteilt werden.<\/p>\n\n<p>3.2. Ihre personenbezogenen Daten werden im Rahmen des Gesetzes Nr. 6698 und weiterer relevanter Rechtsvorschriften sowie f\u00fcr die oben genannten Zwecke und nur im Umfang der Anfrage mit folgenden Institutionen geteilt:<\/p>\n\n<ul>\n  <li>Im Einklang mit den Zwecken aus Abschnitt 2, wobei alle notwendigen technischen und administrativen Ma\u00dfnahmen zur Sicherstellung eines angemessenen Sicherheitsniveaus gem\u00e4\u00df KVKK und der einschl\u00e4gigen Gesundheitsgesetzgebung getroffen werden; Institutionen oder Organisationen, die gem\u00e4\u00df dem Grundgesetz f\u00fcr Gesundheitsdienstleistungen Nr. 3359, dem Dekret Nr. 663 \u00fcber Organisation und Aufgaben des Gesundheitsministeriums und seiner Einrichtungen, der Verordnung \u00fcber Verarbeitung und Schutz personenbezogener Gesundheitsdaten und weiteren relevanten Vorschriften erlaubt sind, sowie private Versicherungsunternehmen.<\/li>\n  <li>Generaldirektion f\u00fcr Sicherheit und vergleichbare Strafverfolgungsbeh\u00f6rden.<\/li>\n  <li>Generaldirektion f\u00fcr Bev\u00f6lkerungsz\u00e4hlung.<\/li>\n  <li>T\u00fcrkischer Apothekerverband.<\/li>\n  <li>In- und ausl\u00e4ndische Organisationen und andere Dritte, mit denen wir Dienstleistungen erhalten und kooperieren.<\/li>\n  <li>Unsere Poliklinik-Anw\u00e4lte im Falle von m\u00f6glichen Rechtsstreitigkeiten.<\/li>\n  <li>Vertreter offizieller Institutionen, die befugt sind, unsere Einrichtungen zu pr\u00fcfen.<\/li>\n<\/ul>\n\n<h3>Methoden und Rechtsgrundlagen der Datenverarbeitung<\/h3>\n\n<p>Ihre personenbezogenen Daten werden \u00fcber alle Formen m\u00fcndlicher, schriftlicher und digitaler Kommunikation gesammelt, solange sie den oben genannten Zwecken dienen und der Erf\u00fcllung unserer vertraglichen und gesetzlichen Verpflichtungen unserer Poliklinik dienen.<\/p>\n\n<h3>Ihre Rechte bez\u00fcglich Ihrer personenbezogenen Daten<\/h3>\n\n<p>Soweit Ihre personenbezogenen Daten von unserer Poliklinik als Datenverantwortlicher verarbeitet werden, haben Sie gem\u00e4\u00df Artikel 11 des Gesetzes \u00fcber den Schutz personenbezogener Daten folgende Rechte:<\/p>\n\n<ul>\n  <li>Zu erfahren, ob Ihre personenbezogenen Daten verarbeitet wurden oder nicht.<\/li>\n  <li>Informationen \u00fcber Ihre verarbeiteten personenbezogenen Daten anzufordern.<\/li>\n  <li>Den Zweck der Verarbeitung zu erfahren und ob die Daten gem\u00e4\u00df diesem Zweck verwendet werden.<\/li>\n  <li>Die Dritten zu erfahren, an die die Daten weitergegeben wurden, und deren Berichtigung zu verlangen, falls die Verarbeitung unvollst\u00e4ndig oder fehlerhaft ist.<\/li>\n  <li>Die L\u00f6schung oder Entfernung der personenbezogenen Daten unter den in Artikel 7 des Gesetzes Nr. 6698 genannten Bedingungen zu verlangen, ohne die gesetzliche Aufbewahrungspflicht von Patientendaten gem\u00e4\u00df Gesundheitsrecht zu beeintr\u00e4chtigen.<\/li>\n  <li>Die Benachrichtigung der Dritten \u00fcber Berichtigung, L\u00f6schung oder Vernichtung der Daten zu verlangen.<\/li>\n  <li>Der Entstehung eines nachteiligen Ergebnisses zu widersprechen, das ausschlie\u00dflich durch automatisierte Systeme erzeugt wurde.<\/li>\n  <li>Bei unrechtm\u00e4\u00dfiger Verarbeitung Schadensersatz zu verlangen.<\/li>\n<\/ul>\n\n<p>Unsere Poliklinik wird Ihre Anfrage kostenfrei so schnell wie m\u00f6glich und sp\u00e4testens innerhalb von 30 Tagen bearbeiten. Sollte ein zus\u00e4tzlicher Aufwand anfallen, wird die vom Datenschutzrat festgelegte Geb\u00fchr erhoben.<\/p>\n\n<h3>Daten\u00adschutz<\/h3>\n\n<p>Als Poliklinik legen wir h\u00f6chsten Wert auf den Schutz und die Sicherheit Ihrer personenbezogenen Daten. Wir ergreifen alle technischen und administrativen Ma\u00dfnahmen gem\u00e4\u00df den Informationssicherheitsstandards und -verfahren. Wir handeln mit dem Bewusstsein, dass die Sicherheit personenbezogener Daten in all unseren Produkten und Dienstleistungen an erster Stelle steht. Die genannten Schutzma\u00dfnahmen werden unter Ber\u00fccksichtigung aller m\u00f6glichen Risiken und technologischen M\u00f6glichkeiten umgesetzt und mit gr\u00f6\u00dftm\u00f6glicher Sensibilit\u00e4t behandelt.<\/p>\n\t\t\t\t\t\t\t\t<\/div>\n\t\t\t\t\t<\/div>\n\t\t\t\t<\/div>\n\t\t\t\t<\/div>\n\t\t","protected":false},"excerpt":{"rendered":"<p>Informationen zum Gesetz \u00fcber den Schutz personenbezogener Daten Das Ziel des Gesetzes Nr. 6698 \u00fcber den Schutz personenbezogener Daten ist der Schutz der Grundrechte und -freiheiten der Personen, insbesondere des Rechts auf Privatsph\u00e4re, im Zusammenhang mit der Verarbeitung personenbezogener Daten sowie die Festlegung von Pflichten, Grunds\u00e4tzen und Verfahren, die f\u00fcr nat\u00fcrliche oder juristische Personen, die [&hellip;]<\/p>\n","protected":false},"author":11,"featured_media":0,"parent":32875,"menu_order":0,"comment_status":"closed","ping_status":"closed","template":"elementor_header_footer","meta":{"_acf_changed":false,"inline_featured_image":false,"footnotes":""},"class_list":["post-33070","page","type-page","status-publish","hentry"],"acf":[],"yoast_head":"<!-- This site is optimized with the Yoast SEO Premium plugin v26.2 (Yoast SEO v27.4) - https:\/\/yoast.com\/product\/yoast-seo-premium-wordpress\/ -->\n<title>Schutz personenbezogener Daten - DR. CINIK<\/title>\n<meta name=\"robots\" content=\"index, follow, max-snippet:-1, max-image-preview:large, max-video-preview:-1\" \/>\n<link rel=\"canonical\" href=\"http:\/\/drcinik.com\/de\/rechtliches\/schutz-personenbezogener-daten\/\" \/>\n<meta property=\"og:locale\" content=\"de_DE\" \/>\n<meta property=\"og:type\" content=\"article\" \/>\n<meta property=\"og:title\" content=\"Schutz personenbezogener Daten\" \/>\n<meta property=\"og:description\" content=\"Informationen zum Gesetz \u00fcber den Schutz personenbezogener Daten Das Ziel des Gesetzes Nr. 6698 \u00fcber den Schutz personenbezogener Daten ist der Schutz der Grundrechte und -freiheiten der Personen, insbesondere des Rechts auf Privatsph\u00e4re, im Zusammenhang mit der Verarbeitung personenbezogener Daten sowie die Festlegung von Pflichten, Grunds\u00e4tzen und Verfahren, die f\u00fcr nat\u00fcrliche oder juristische Personen, die [&hellip;]\" \/>\n<meta property=\"og:url\" content=\"http:\/\/drcinik.com\/de\/rechtliches\/schutz-personenbezogener-daten\/\" \/>\n<meta property=\"og:site_name\" content=\"DR. CINIK\" \/>\n<meta property=\"article:publisher\" content=\"https:\/\/facebook.com\/drcinikcom\" \/>\n<meta property=\"article:modified_time\" content=\"2025-07-31T20:42:23+00:00\" \/>\n<meta name=\"twitter:card\" content=\"summary_large_image\" \/>\n<meta name=\"twitter:site\" content=\"@drcinikofficial\" \/>\n<script type=\"application\/ld+json\" class=\"yoast-schema-graph\">{\"@context\":\"https:\\\/\\\/schema.org\",\"@graph\":[{\"@type\":\"WebPage\",\"@id\":\"http:\\\/\\\/drcinik.com\\\/de\\\/rechtliches\\\/schutz-personenbezogener-daten\\\/\",\"url\":\"http:\\\/\\\/drcinik.com\\\/de\\\/rechtliches\\\/schutz-personenbezogener-daten\\\/\",\"name\":\"Schutz personenbezogener Daten - DR. CINIK\",\"isPartOf\":{\"@id\":\"https:\\\/\\\/drcinik.com\\\/de\\\/#website\"},\"datePublished\":\"2023-08-29T10:51:17+00:00\",\"dateModified\":\"2025-07-31T20:42:23+00:00\",\"breadcrumb\":{\"@id\":\"http:\\\/\\\/drcinik.com\\\/de\\\/rechtliches\\\/schutz-personenbezogener-daten\\\/#breadcrumb\"},\"inLanguage\":\"de\",\"potentialAction\":[{\"@type\":\"ReadAction\",\"target\":[\"http:\\\/\\\/drcinik.com\\\/de\\\/rechtliches\\\/schutz-personenbezogener-daten\\\/\"]}]},{\"@type\":\"BreadcrumbList\",\"@id\":\"http:\\\/\\\/drcinik.com\\\/de\\\/rechtliches\\\/schutz-personenbezogener-daten\\\/#breadcrumb\",\"itemListElement\":[{\"@type\":\"ListItem\",\"position\":1,\"name\":\"Anasayfa\",\"item\":\"https:\\\/\\\/drcinik.com\\\/ar\\\/\"},{\"@type\":\"ListItem\",\"position\":2,\"name\":\"Rechtliches\",\"item\":\"http:\\\/\\\/drcinik.com\\\/de\\\/rechtliches\\\/\"},{\"@type\":\"ListItem\",\"position\":3,\"name\":\"Schutz personenbezogener Daten\"}]},{\"@type\":\"WebSite\",\"@id\":\"https:\\\/\\\/drcinik.com\\\/de\\\/#website\",\"url\":\"https:\\\/\\\/drcinik.com\\\/de\\\/\",\"name\":\"DR. CINIK\",\"description\":\"\u00d6zel T\u0131p Merkezi\",\"publisher\":{\"@id\":\"https:\\\/\\\/drcinik.com\\\/de\\\/#organization\"},\"potentialAction\":[{\"@type\":\"SearchAction\",\"target\":{\"@type\":\"EntryPoint\",\"urlTemplate\":\"https:\\\/\\\/drcinik.com\\\/de\\\/?s={search_term_string}\"},\"query-input\":{\"@type\":\"PropertyValueSpecification\",\"valueRequired\":true,\"valueName\":\"search_term_string\"}}],\"inLanguage\":\"de\"},{\"@type\":\"Organization\",\"@id\":\"https:\\\/\\\/drcinik.com\\\/de\\\/#organization\",\"name\":\"DR. CINIK\",\"url\":\"https:\\\/\\\/drcinik.com\\\/de\\\/\",\"logo\":{\"@type\":\"ImageObject\",\"inLanguage\":\"de\",\"@id\":\"https:\\\/\\\/drcinik.com\\\/de\\\/#\\\/schema\\\/logo\\\/image\\\/\",\"url\":\"https:\\\/\\\/drcinik.com\\\/wp-content\\\/uploads\\\/2023\\\/07\\\/logo.svg\",\"contentUrl\":\"https:\\\/\\\/drcinik.com\\\/wp-content\\\/uploads\\\/2023\\\/07\\\/logo.svg\",\"width\":\"1024\",\"height\":\"1024\",\"caption\":\"DR. CINIK\"},\"image\":{\"@id\":\"https:\\\/\\\/drcinik.com\\\/de\\\/#\\\/schema\\\/logo\\\/image\\\/\"},\"sameAs\":[\"https:\\\/\\\/facebook.com\\\/drcinikcom\",\"https:\\\/\\\/x.com\\\/drcinikofficial\",\"https:\\\/\\\/instagram.com\\\/dr.cinikhospital\",\"https:\\\/\\\/youtube.com\\\/@emrahcinik\",\"https:\\\/\\\/tiktok.com\\\/@dremrahcinik\"],\"email\":\"info@drcinik.com\",\"telephone\":\"+90 549 641 37 01\",\"legalName\":\"Erc Turizm Sa\u011fl\u0131k Hizmetleri Tic. Ltd. \u015eti.\",\"numberOfEmployees\":{\"@type\":\"QuantitativeValue\",\"minValue\":\"51\",\"maxValue\":\"200\"}}]}<\/script>\n<!-- \/ Yoast SEO Premium plugin. -->","yoast_head_json":{"title":"Schutz personenbezogener Daten - DR. CINIK","robots":{"index":"index","follow":"follow","max-snippet":"max-snippet:-1","max-image-preview":"max-image-preview:large","max-video-preview":"max-video-preview:-1"},"canonical":"http:\/\/drcinik.com\/de\/rechtliches\/schutz-personenbezogener-daten\/","og_locale":"de_DE","og_type":"article","og_title":"Schutz personenbezogener Daten","og_description":"Informationen zum Gesetz \u00fcber den Schutz personenbezogener Daten Das Ziel des Gesetzes Nr. 6698 \u00fcber den Schutz personenbezogener Daten ist der Schutz der Grundrechte und -freiheiten der Personen, insbesondere des Rechts auf Privatsph\u00e4re, im Zusammenhang mit der Verarbeitung personenbezogener Daten sowie die Festlegung von Pflichten, Grunds\u00e4tzen und Verfahren, die f\u00fcr nat\u00fcrliche oder juristische Personen, die [&hellip;]","og_url":"http:\/\/drcinik.com\/de\/rechtliches\/schutz-personenbezogener-daten\/","og_site_name":"DR. CINIK","article_publisher":"https:\/\/facebook.com\/drcinikcom","article_modified_time":"2025-07-31T20:42:23+00:00","twitter_card":"summary_large_image","twitter_site":"@drcinikofficial","schema":{"@context":"https:\/\/schema.org","@graph":[{"@type":"WebPage","@id":"http:\/\/drcinik.com\/de\/rechtliches\/schutz-personenbezogener-daten\/","url":"http:\/\/drcinik.com\/de\/rechtliches\/schutz-personenbezogener-daten\/","name":"Schutz personenbezogener Daten - DR. CINIK","isPartOf":{"@id":"https:\/\/drcinik.com\/de\/#website"},"datePublished":"2023-08-29T10:51:17+00:00","dateModified":"2025-07-31T20:42:23+00:00","breadcrumb":{"@id":"http:\/\/drcinik.com\/de\/rechtliches\/schutz-personenbezogener-daten\/#breadcrumb"},"inLanguage":"de","potentialAction":[{"@type":"ReadAction","target":["http:\/\/drcinik.com\/de\/rechtliches\/schutz-personenbezogener-daten\/"]}]},{"@type":"BreadcrumbList","@id":"http:\/\/drcinik.com\/de\/rechtliches\/schutz-personenbezogener-daten\/#breadcrumb","itemListElement":[{"@type":"ListItem","position":1,"name":"Anasayfa","item":"https:\/\/drcinik.com\/ar\/"},{"@type":"ListItem","position":2,"name":"Rechtliches","item":"http:\/\/drcinik.com\/de\/rechtliches\/"},{"@type":"ListItem","position":3,"name":"Schutz personenbezogener Daten"}]},{"@type":"WebSite","@id":"https:\/\/drcinik.com\/de\/#website","url":"https:\/\/drcinik.com\/de\/","name":"DR. CINIK","description":"\u00d6zel T\u0131p Merkezi","publisher":{"@id":"https:\/\/drcinik.com\/de\/#organization"},"potentialAction":[{"@type":"SearchAction","target":{"@type":"EntryPoint","urlTemplate":"https:\/\/drcinik.com\/de\/?s={search_term_string}"},"query-input":{"@type":"PropertyValueSpecification","valueRequired":true,"valueName":"search_term_string"}}],"inLanguage":"de"},{"@type":"Organization","@id":"https:\/\/drcinik.com\/de\/#organization","name":"DR. CINIK","url":"https:\/\/drcinik.com\/de\/","logo":{"@type":"ImageObject","inLanguage":"de","@id":"https:\/\/drcinik.com\/de\/#\/schema\/logo\/image\/","url":"https:\/\/drcinik.com\/wp-content\/uploads\/2023\/07\/logo.svg","contentUrl":"https:\/\/drcinik.com\/wp-content\/uploads\/2023\/07\/logo.svg","width":"1024","height":"1024","caption":"DR. CINIK"},"image":{"@id":"https:\/\/drcinik.com\/de\/#\/schema\/logo\/image\/"},"sameAs":["https:\/\/facebook.com\/drcinikcom","https:\/\/x.com\/drcinikofficial","https:\/\/instagram.com\/dr.cinikhospital","https:\/\/youtube.com\/@emrahcinik","https:\/\/tiktok.com\/@dremrahcinik"],"email":"info@drcinik.com","telephone":"+90 549 641 37 01","legalName":"Erc Turizm Sa\u011fl\u0131k Hizmetleri Tic. Ltd. \u015eti.","numberOfEmployees":{"@type":"QuantitativeValue","minValue":"51","maxValue":"200"}}]}},"_links":{"self":[{"href":"https:\/\/drcinik.com\/de\/wp-json\/wp\/v2\/pages\/33070","targetHints":{"allow":["GET"]}}],"collection":[{"href":"https:\/\/drcinik.com\/de\/wp-json\/wp\/v2\/pages"}],"about":[{"href":"https:\/\/drcinik.com\/de\/wp-json\/wp\/v2\/types\/page"}],"author":[{"embeddable":true,"href":"https:\/\/drcinik.com\/de\/wp-json\/wp\/v2\/users\/11"}],"replies":[{"embeddable":true,"href":"https:\/\/drcinik.com\/de\/wp-json\/wp\/v2\/comments?post=33070"}],"version-history":[{"count":0,"href":"https:\/\/drcinik.com\/de\/wp-json\/wp\/v2\/pages\/33070\/revisions"}],"up":[{"embeddable":true,"href":"https:\/\/drcinik.com\/de\/wp-json\/wp\/v2\/pages\/32875"}],"wp:attachment":[{"href":"https:\/\/drcinik.com\/de\/wp-json\/wp\/v2\/media?parent=33070"}],"curies":[{"name":"wp","href":"https:\/\/api.w.org\/{rel}","templated":true}]}}