{"id":32936,"date":"2023-08-29T13:43:12","date_gmt":"2023-08-29T10:43:12","guid":{"rendered":"https:\/\/drcinik.com\/?page_id=32936"},"modified":"2025-07-31T22:48:43","modified_gmt":"2025-07-31T19:48:43","slug":"consentimiento-para-mensajes-electronicos-comerciales","status":"publish","type":"page","link":"http:\/\/drcinik.com\/es\/legal\/consentimiento-para-mensajes-electronicos-comerciales\/","title":{"rendered":"Consentimiento para mensajes electr\u00f3nicos comerciales"},"content":{"rendered":"\t\t<div data-elementor-type=\"wp-page\" data-elementor-id=\"32936\" class=\"elementor elementor-32936 elementor-1029\" data-elementor-post-type=\"page\">\n\t\t\t\t<div class=\"elementor-element elementor-element-dd969da e-flex e-con-boxed e-con e-parent\" data-id=\"dd969da\" data-element_type=\"container\">\n\t\t\t\t\t<div class=\"e-con-inner\">\n\t\t\t\t<div class=\"elementor-element elementor-element-87ef785 elementor-widget elementor-widget-text-editor\" data-id=\"87ef785\" data-element_type=\"widget\" data-widget_type=\"text-editor.default\">\n\t\t\t\t\t\t\t\t\t<p style=\"text-align: right;\"><em><strong>[lmt-post-modified-info]<\/strong><\/em><\/p>\n<h2>Informaci\u00f3n sobre el consentimiento para mensajes electr\u00f3nicos comerciales<\/h2>\n<p>En el marco de la Ley de Protecci\u00f3n de Datos Personales n.\u00ba 6698 y la Ley n.\u00ba 6563 de Regulaci\u00f3n del Comercio Electr\u00f3nico, ERC Estetik Turizm Sa\u011fl\u0131k Hizmetleri Tic. Ltd. Sti. (\u00d6zel DR. CINIK T\u0131p Merkezi) tratar\u00e1 sus datos, obteniendo su consentimiento en el marco de la KVKK y la Ley de Regulaci\u00f3n del Comercio Electr\u00f3nico, para compartirlos con las partes o personas en cuyo nombre realiza transacciones relacionadas con todo tipo de actividades de marketing, campa\u00f1as, anuncios, lanzamientos, encuestas, sorteos, descuentos, promociones, ofertas especiales, inauguraciones, invitaciones, eventos y actividades de comunicaci\u00f3n. Sus datos personales se compartir\u00e1n con las empresas que nos prestan servicios, adoptando las medidas de seguridad necesarias para el env\u00edo de SMS y correos electr\u00f3nicos.<\/p>\n<p>Atentamente,<\/p>\n<p>En nombre de ERC Estetik Turizm Sa\u011fl\u0131k Hizmetleri Tic. Ltda. Sti.<\/p>\n<p>\u00a0<\/p>\n<h3>Consentimiento para mensajes electr\u00f3nicos comerciales<\/h3>\n<p>A menos que se indique lo contrario; sin ninguna presi\u00f3n, declaro que doy mi consentimiento expl\u00edcito a ERC Estetik Turizm Sa\u011fl\u0131k Hizmetleri Tic Ltd.Sti. (\u00d6zel DR. CINIK T\u0131p Merkezi) para comunicarse conmigo y\/o las personas en cuyo nombre act\u00fao, y para enviar mensajes electr\u00f3nicos comerciales por SMS, correo electr\u00f3nico y b\u00fasqueda, con respecto a todo tipo de actividades de marketing, campa\u00f1as, anuncios, lanzamientos, encuestas, sorteos, descuentos, promociones, ofertas especiales, promociones, inauguraciones, invitaciones, eventos y actividades de comunicaci\u00f3n.<\/p>\t\t\t\t\t\t\t\t<\/div>\n\t\t\t\t\t<\/div>\n\t\t\t\t<\/div>\n\t\t\t\t<\/div>\n\t\t","protected":false},"excerpt":{"rendered":"<p>[lmt-post-modified-info] Informaci\u00f3n sobre el consentimiento para mensajes electr\u00f3nicos comerciales En el marco de la Ley de Protecci\u00f3n de Datos Personales n.\u00ba 6698 y la Ley n.\u00ba 6563 de Regulaci\u00f3n del Comercio Electr\u00f3nico, ERC Estetik Turizm Sa\u011fl\u0131k Hizmetleri Tic. Ltd. Sti. (\u00d6zel DR. CINIK T\u0131p Merkezi) tratar\u00e1 sus datos, obteniendo su consentimiento en el marco de [&hellip;]<\/p>\n","protected":false},"author":11,"featured_media":0,"parent":32899,"menu_order":0,"comment_status":"closed","ping_status":"closed","template":"","meta":{"_acf_changed":false,"inline_featured_image":false,"footnotes":""},"class_list":["post-32936","page","type-page","status-publish","hentry"],"acf":[],"yoast_head":"<!-- This site is optimized with the Yoast SEO Premium plugin v26.2 (Yoast SEO v27.4) - https:\/\/yoast.com\/product\/yoast-seo-premium-wordpress\/ -->\n<title>Consentimiento para mensajes electr\u00f3nicos comerciales - DR. CINIK<\/title>\n<meta name=\"robots\" content=\"index, follow, max-snippet:-1, max-image-preview:large, max-video-preview:-1\" \/>\n<link rel=\"canonical\" href=\"http:\/\/drcinik.com\/es\/legal\/consentimiento-para-mensajes-electronicos-comerciales\/\" \/>\n<meta property=\"og:locale\" content=\"es_ES\" \/>\n<meta property=\"og:type\" content=\"article\" \/>\n<meta property=\"og:title\" content=\"Consentimiento para mensajes electr\u00f3nicos comerciales\" \/>\n<meta property=\"og:description\" content=\"[lmt-post-modified-info] Informaci\u00f3n sobre el consentimiento para mensajes electr\u00f3nicos comerciales En el marco de la Ley de Protecci\u00f3n de Datos Personales n.\u00ba 6698 y la Ley n.\u00ba 6563 de Regulaci\u00f3n del Comercio Electr\u00f3nico, ERC Estetik Turizm Sa\u011fl\u0131k Hizmetleri Tic. Ltd. Sti. (\u00d6zel DR. CINIK T\u0131p Merkezi) tratar\u00e1 sus datos, obteniendo su consentimiento en el marco de [&hellip;]\" \/>\n<meta property=\"og:url\" content=\"http:\/\/drcinik.com\/es\/legal\/consentimiento-para-mensajes-electronicos-comerciales\/\" \/>\n<meta property=\"og:site_name\" content=\"DR. CINIK\" \/>\n<meta property=\"article:publisher\" content=\"https:\/\/facebook.com\/drcinikcom\" \/>\n<meta property=\"article:modified_time\" content=\"2025-07-31T19:48:43+00:00\" \/>\n<meta name=\"twitter:card\" content=\"summary_large_image\" \/>\n<meta name=\"twitter:site\" content=\"@drcinikofficial\" \/>\n<script type=\"application\/ld+json\" class=\"yoast-schema-graph\">{\"@context\":\"https:\\\/\\\/schema.org\",\"@graph\":[{\"@type\":\"WebPage\",\"@id\":\"http:\\\/\\\/drcinik.com\\\/es\\\/legal\\\/consentimiento-para-mensajes-electronicos-comerciales\\\/\",\"url\":\"http:\\\/\\\/drcinik.com\\\/es\\\/legal\\\/consentimiento-para-mensajes-electronicos-comerciales\\\/\",\"name\":\"Consentimiento para mensajes electr\u00f3nicos comerciales - DR. CINIK\",\"isPartOf\":{\"@id\":\"https:\\\/\\\/drcinik.com\\\/es\\\/#website\"},\"datePublished\":\"2023-08-29T10:43:12+00:00\",\"dateModified\":\"2025-07-31T19:48:43+00:00\",\"breadcrumb\":{\"@id\":\"http:\\\/\\\/drcinik.com\\\/es\\\/legal\\\/consentimiento-para-mensajes-electronicos-comerciales\\\/#breadcrumb\"},\"inLanguage\":\"es\",\"potentialAction\":[{\"@type\":\"ReadAction\",\"target\":[\"http:\\\/\\\/drcinik.com\\\/es\\\/legal\\\/consentimiento-para-mensajes-electronicos-comerciales\\\/\"]}]},{\"@type\":\"BreadcrumbList\",\"@id\":\"http:\\\/\\\/drcinik.com\\\/es\\\/legal\\\/consentimiento-para-mensajes-electronicos-comerciales\\\/#breadcrumb\",\"itemListElement\":[{\"@type\":\"ListItem\",\"position\":1,\"name\":\"Anasayfa\",\"item\":\"https:\\\/\\\/drcinik.com\\\/es\\\/\"},{\"@type\":\"ListItem\",\"position\":2,\"name\":\"Legal\",\"item\":\"http:\\\/\\\/drcinik.com\\\/es\\\/legal\\\/\"},{\"@type\":\"ListItem\",\"position\":3,\"name\":\"Consentimiento para mensajes electr\u00f3nicos comerciales\"}]},{\"@type\":\"WebSite\",\"@id\":\"https:\\\/\\\/drcinik.com\\\/es\\\/#website\",\"url\":\"https:\\\/\\\/drcinik.com\\\/es\\\/\",\"name\":\"DR. CINIK\",\"description\":\"\u00d6zel T\u0131p Merkezi\",\"publisher\":{\"@id\":\"https:\\\/\\\/drcinik.com\\\/es\\\/#organization\"},\"potentialAction\":[{\"@type\":\"SearchAction\",\"target\":{\"@type\":\"EntryPoint\",\"urlTemplate\":\"https:\\\/\\\/drcinik.com\\\/es\\\/?s={search_term_string}\"},\"query-input\":{\"@type\":\"PropertyValueSpecification\",\"valueRequired\":true,\"valueName\":\"search_term_string\"}}],\"inLanguage\":\"es\"},{\"@type\":\"Organization\",\"@id\":\"https:\\\/\\\/drcinik.com\\\/es\\\/#organization\",\"name\":\"DR. CINIK\",\"url\":\"https:\\\/\\\/drcinik.com\\\/es\\\/\",\"logo\":{\"@type\":\"ImageObject\",\"inLanguage\":\"es\",\"@id\":\"https:\\\/\\\/drcinik.com\\\/es\\\/#\\\/schema\\\/logo\\\/image\\\/\",\"url\":\"https:\\\/\\\/drcinik.com\\\/wp-content\\\/uploads\\\/2023\\\/07\\\/logo.svg\",\"contentUrl\":\"https:\\\/\\\/drcinik.com\\\/wp-content\\\/uploads\\\/2023\\\/07\\\/logo.svg\",\"width\":\"1024\",\"height\":\"1024\",\"caption\":\"DR. CINIK\"},\"image\":{\"@id\":\"https:\\\/\\\/drcinik.com\\\/es\\\/#\\\/schema\\\/logo\\\/image\\\/\"},\"sameAs\":[\"https:\\\/\\\/facebook.com\\\/drcinikcom\",\"https:\\\/\\\/x.com\\\/drcinikofficial\",\"https:\\\/\\\/instagram.com\\\/dr.cinikhospital\",\"https:\\\/\\\/youtube.com\\\/@emrahcinik\",\"https:\\\/\\\/tiktok.com\\\/@dremrahcinik\"],\"email\":\"info@drcinik.com\",\"telephone\":\"+90 549 641 37 01\",\"legalName\":\"Erc Turizm Sa\u011fl\u0131k Hizmetleri Tic. Ltd. \u015eti.\",\"numberOfEmployees\":{\"@type\":\"QuantitativeValue\",\"minValue\":\"51\",\"maxValue\":\"200\"}}]}<\/script>\n<!-- \/ Yoast SEO Premium plugin. -->","yoast_head_json":{"title":"Consentimiento para mensajes electr\u00f3nicos comerciales - DR. CINIK","robots":{"index":"index","follow":"follow","max-snippet":"max-snippet:-1","max-image-preview":"max-image-preview:large","max-video-preview":"max-video-preview:-1"},"canonical":"http:\/\/drcinik.com\/es\/legal\/consentimiento-para-mensajes-electronicos-comerciales\/","og_locale":"es_ES","og_type":"article","og_title":"Consentimiento para mensajes electr\u00f3nicos comerciales","og_description":"[lmt-post-modified-info] Informaci\u00f3n sobre el consentimiento para mensajes electr\u00f3nicos comerciales En el marco de la Ley de Protecci\u00f3n de Datos Personales n.\u00ba 6698 y la Ley n.\u00ba 6563 de Regulaci\u00f3n del Comercio Electr\u00f3nico, ERC Estetik Turizm Sa\u011fl\u0131k Hizmetleri Tic. Ltd. Sti. (\u00d6zel DR. CINIK T\u0131p Merkezi) tratar\u00e1 sus datos, obteniendo su consentimiento en el marco de [&hellip;]","og_url":"http:\/\/drcinik.com\/es\/legal\/consentimiento-para-mensajes-electronicos-comerciales\/","og_site_name":"DR. CINIK","article_publisher":"https:\/\/facebook.com\/drcinikcom","article_modified_time":"2025-07-31T19:48:43+00:00","twitter_card":"summary_large_image","twitter_site":"@drcinikofficial","schema":{"@context":"https:\/\/schema.org","@graph":[{"@type":"WebPage","@id":"http:\/\/drcinik.com\/es\/legal\/consentimiento-para-mensajes-electronicos-comerciales\/","url":"http:\/\/drcinik.com\/es\/legal\/consentimiento-para-mensajes-electronicos-comerciales\/","name":"Consentimiento para mensajes electr\u00f3nicos comerciales - DR. CINIK","isPartOf":{"@id":"https:\/\/drcinik.com\/es\/#website"},"datePublished":"2023-08-29T10:43:12+00:00","dateModified":"2025-07-31T19:48:43+00:00","breadcrumb":{"@id":"http:\/\/drcinik.com\/es\/legal\/consentimiento-para-mensajes-electronicos-comerciales\/#breadcrumb"},"inLanguage":"es","potentialAction":[{"@type":"ReadAction","target":["http:\/\/drcinik.com\/es\/legal\/consentimiento-para-mensajes-electronicos-comerciales\/"]}]},{"@type":"BreadcrumbList","@id":"http:\/\/drcinik.com\/es\/legal\/consentimiento-para-mensajes-electronicos-comerciales\/#breadcrumb","itemListElement":[{"@type":"ListItem","position":1,"name":"Anasayfa","item":"https:\/\/drcinik.com\/es\/"},{"@type":"ListItem","position":2,"name":"Legal","item":"http:\/\/drcinik.com\/es\/legal\/"},{"@type":"ListItem","position":3,"name":"Consentimiento para mensajes electr\u00f3nicos comerciales"}]},{"@type":"WebSite","@id":"https:\/\/drcinik.com\/es\/#website","url":"https:\/\/drcinik.com\/es\/","name":"DR. CINIK","description":"\u00d6zel T\u0131p Merkezi","publisher":{"@id":"https:\/\/drcinik.com\/es\/#organization"},"potentialAction":[{"@type":"SearchAction","target":{"@type":"EntryPoint","urlTemplate":"https:\/\/drcinik.com\/es\/?s={search_term_string}"},"query-input":{"@type":"PropertyValueSpecification","valueRequired":true,"valueName":"search_term_string"}}],"inLanguage":"es"},{"@type":"Organization","@id":"https:\/\/drcinik.com\/es\/#organization","name":"DR. CINIK","url":"https:\/\/drcinik.com\/es\/","logo":{"@type":"ImageObject","inLanguage":"es","@id":"https:\/\/drcinik.com\/es\/#\/schema\/logo\/image\/","url":"https:\/\/drcinik.com\/wp-content\/uploads\/2023\/07\/logo.svg","contentUrl":"https:\/\/drcinik.com\/wp-content\/uploads\/2023\/07\/logo.svg","width":"1024","height":"1024","caption":"DR. CINIK"},"image":{"@id":"https:\/\/drcinik.com\/es\/#\/schema\/logo\/image\/"},"sameAs":["https:\/\/facebook.com\/drcinikcom","https:\/\/x.com\/drcinikofficial","https:\/\/instagram.com\/dr.cinikhospital","https:\/\/youtube.com\/@emrahcinik","https:\/\/tiktok.com\/@dremrahcinik"],"email":"info@drcinik.com","telephone":"+90 549 641 37 01","legalName":"Erc Turizm Sa\u011fl\u0131k Hizmetleri Tic. Ltd. \u015eti.","numberOfEmployees":{"@type":"QuantitativeValue","minValue":"51","maxValue":"200"}}]}},"_links":{"self":[{"href":"https:\/\/drcinik.com\/es\/wp-json\/wp\/v2\/pages\/32936","targetHints":{"allow":["GET"]}}],"collection":[{"href":"https:\/\/drcinik.com\/es\/wp-json\/wp\/v2\/pages"}],"about":[{"href":"https:\/\/drcinik.com\/es\/wp-json\/wp\/v2\/types\/page"}],"author":[{"embeddable":true,"href":"https:\/\/drcinik.com\/es\/wp-json\/wp\/v2\/users\/11"}],"replies":[{"embeddable":true,"href":"https:\/\/drcinik.com\/es\/wp-json\/wp\/v2\/comments?post=32936"}],"version-history":[{"count":0,"href":"https:\/\/drcinik.com\/es\/wp-json\/wp\/v2\/pages\/32936\/revisions"}],"up":[{"embeddable":true,"href":"https:\/\/drcinik.com\/es\/wp-json\/wp\/v2\/pages\/32899"}],"wp:attachment":[{"href":"https:\/\/drcinik.com\/es\/wp-json\/wp\/v2\/media?parent=32936"}],"curies":[{"name":"wp","href":"https:\/\/api.w.org\/{rel}","templated":true}]}}