{"id":32941,"date":"2023-08-29T13:46:29","date_gmt":"2023-08-29T10:46:29","guid":{"rendered":"https:\/\/drcinik.com\/?page_id=32941"},"modified":"2025-07-31T23:01:11","modified_gmt":"2025-07-31T20:01:11","slug":"politica-de-cookies","status":"publish","type":"page","link":"http:\/\/drcinik.com\/es\/legal\/politica-de-cookies\/","title":{"rendered":"Pol\u00edtica de cookies"},"content":{"rendered":"\t\t<div data-elementor-type=\"wp-page\" data-elementor-id=\"32941\" class=\"elementor elementor-32941 elementor-1031\" data-elementor-post-type=\"page\">\n\t\t\t\t<div class=\"elementor-element elementor-element-02590cd e-flex e-con-boxed e-con e-parent\" data-id=\"02590cd\" data-element_type=\"container\">\n\t\t\t\t\t<div class=\"e-con-inner\">\n\t\t\t\t<div class=\"elementor-element elementor-element-1741ef2 elementor-widget elementor-widget-text-editor\" data-id=\"1741ef2\" data-element_type=\"widget\" data-widget_type=\"text-editor.default\">\n\t\t\t\t\t\t\t\t\t<h2>Texto de Aclaraci\u00f3n<\/h2>\n<p>Como <b>ERC Estetik Turizm Sa\u011fl\u0131k Hizmetleri Tic. Ltd. Sti.<\/b> utilizamos algunas tecnolog\u00edas (cookies) como cookies, p\u00edxeles y gifs para mejorar su experiencia durante sus visitas a nuestro sitio web. El uso de estas tecnolog\u00edas se lleva a cabo de acuerdo con la legislaci\u00f3n a la que estamos sujetos, especialmente la Ley de Protecci\u00f3n de Datos Personales N.\u00ba 6698.<\/p>\n<p>El prop\u00f3sito de este texto de aclaraci\u00f3n sobre cookies es informarle sobre el tratamiento de los datos personales obtenidos de los visitantes del sitio (Propietario de los Datos) mientras se utilizan cookies en nuestro sitio web operado por nosotros. En este texto, queremos explicar qu\u00e9 tipos de cookies utilizamos, con qu\u00e9 fines, as\u00ed como c\u00f3mo puede controlar estas cookies. De conformidad con los art\u00edculos 5 y 8 de la Ley de Protecci\u00f3n de Datos Personales y\/o en caso de excepciones en la legislaci\u00f3n aplicable, sus datos personales podr\u00e1n ser tratados para los fines mencionados, con su consentimiento cuando lo requiera la legislaci\u00f3n, y en los dem\u00e1s casos sin su consentimiento.<\/p>\n<h3>Cookies<\/h3>\n<p>Utilizamos cookies para numerosos fines en nuestro sitio web y tratamos sus datos personales a trav\u00e9s de estas cookies. Estos prop\u00f3sitos son principalmente:<\/p>\n<ul>\n<li>Realizar las funciones fundamentales necesarias para el funcionamiento del sitio web.<\/li>\n<li>Analizar el sitio web y mejorar su rendimiento, por ejemplo, determinar el n\u00famero de visitantes y hacer ajustes de rendimiento adecuados.<\/li>\n<li>Mejorar la funcionalidad y la facilidad de uso del sitio web. Por ejemplo, permitir publicaciones en canales de redes sociales de terceros a trav\u00e9s del sitio web.<\/li>\n<\/ul>\n<p>Podemos compartir sus datos personales con terceros, socios comerciales y empresas con las que mantenemos relaciones comerciales, pero solo para los fines mencionados anteriormente y de acuerdo con la ley.<\/p>\n<h3>Cookies que usamos en nuestro sitio web:<\/h3>\n<h4>Cookies de Funcionalidad y Preferencias:<\/h4>\n<p>Estas cookies le permiten personalizar los servicios disponibles en nuestro sitio web recordando sus preferencias y elecciones. Por ejemplo, nos permite recordar su preferencia de idioma en nuestro sitio web o el tama\u00f1o de fuente que prefiere al leer un texto.<\/p>\n<h4>Cookies de Redes Sociales:<\/h4>\n<p>Estas cookies permiten la recopilaci\u00f3n de informaci\u00f3n sobre su uso de redes sociales. Por ejemplo, se pueden usar cookies para crear anuncios personalizados o realizar estudios de mercado utilizando informaci\u00f3n de sus cuentas de Facebook\/Twitter.<\/p>\n<h4>Cookies de Rendimiento y An\u00e1lisis:<\/h4>\n<p>Podemos mejorar los servicios que le ofrecemos analizando su uso de nuestro sitio y su rendimiento con estas cookies. Por ejemplo, podemos detectar qu\u00e9 p\u00e1ginas ven m\u00e1s nuestros visitantes, si nuestro sitio funciona correctamente y posibles problemas utilizando estas cookies.<\/p>\n<p>Adem\u00e1s, utilizamos cookies para promocionar productos y servicios en nuestro sitio web y en otros canales. Asimismo, podemos trabajar con algunos de nuestros socios comerciales para hacer publicidad y promoci\u00f3n en nuestro sitio o en otros canales. Usted tiene la opci\u00f3n de personalizar sus preferencias de cookies cambiando la configuraci\u00f3n de su navegador.<\/p>\n<p>Puede enviar sus solicitudes en el marco del Art\u00edculo 11 de la Ley \u201cque regula los derechos de la persona interesada\u201d por escrito a la direcci\u00f3n de nuestra empresa: Fulya, Mevl\u00fct Pehlivan Sk. No:19, 34394 \u015ei\u015fli\/Estambul, de acuerdo con el \u201cComunicado sobre los Procedimientos y Principios de la Solicitud al Responsable de Datos\u201d, o puede utilizar la secci\u00f3n \u201cFormulario de Solicitud KVKK\u201d en nuestro sitio web. Podemos dejar de usar las cookies que utilizamos en nuestro sitio, cambiar sus tipos y funciones o a\u00f1adir nuevas cookies a nuestro sitio. La Compa\u00f1\u00eda no tendr\u00e1 ninguna responsabilidad si el Propietario de los Datos no tiene informaci\u00f3n actualizada.<\/p>\n<p>Los Propietarios de Datos reconocen que pueden no beneficiarse plenamente del funcionamiento del sitio web si realizan una solicitud que impida a la Compa\u00f1\u00eda usar cualquiera de sus datos personales, y declaran que toda la responsabilidad derivada de este contexto ser\u00e1 suya.<\/p>\n<p>Para obtener informaci\u00f3n m\u00e1s detallada sobre el tratamiento de sus datos personales por parte de la Compa\u00f1\u00eda, le recomendamos que revise el t\u00edtulo \u201cProtecci\u00f3n y Privacidad de Datos Personales\u201d en <a href=\"https:\/\/drcinik.com\/legal\/processing-of-personal-data\/\">drcinik.com\/es\/legal\/processing-of-personal-data\/<\/a>.<\/p>\t\t\t\t\t\t\t\t<\/div>\n\t\t\t\t\t<\/div>\n\t\t\t\t<\/div>\n\t\t\t\t<\/div>\n\t\t","protected":false},"excerpt":{"rendered":"<p>Texto de Aclaraci\u00f3n Como ERC Estetik Turizm Sa\u011fl\u0131k Hizmetleri Tic. Ltd. Sti. utilizamos algunas tecnolog\u00edas (cookies) como cookies, p\u00edxeles y gifs para mejorar su experiencia durante sus visitas a nuestro sitio web. El uso de estas tecnolog\u00edas se lleva a cabo de acuerdo con la legislaci\u00f3n a la que estamos sujetos, especialmente la Ley de [&hellip;]<\/p>\n","protected":false},"author":11,"featured_media":0,"parent":32899,"menu_order":0,"comment_status":"closed","ping_status":"closed","template":"","meta":{"_acf_changed":false,"inline_featured_image":false,"footnotes":""},"class_list":["post-32941","page","type-page","status-publish","hentry"],"acf":[],"yoast_head":"<!-- This site is optimized with the Yoast SEO Premium plugin v26.2 (Yoast SEO v27.4) - https:\/\/yoast.com\/product\/yoast-seo-premium-wordpress\/ -->\n<title>Pol\u00edtica de cookies - DR. CINIK<\/title>\n<meta name=\"robots\" content=\"index, follow, max-snippet:-1, max-image-preview:large, max-video-preview:-1\" \/>\n<link rel=\"canonical\" href=\"http:\/\/drcinik.com\/es\/legal\/politica-de-cookies\/\" \/>\n<meta property=\"og:locale\" content=\"es_ES\" \/>\n<meta property=\"og:type\" content=\"article\" \/>\n<meta property=\"og:title\" content=\"Pol\u00edtica de cookies\" \/>\n<meta property=\"og:description\" content=\"Texto de Aclaraci\u00f3n Como ERC Estetik Turizm Sa\u011fl\u0131k Hizmetleri Tic. Ltd. Sti. utilizamos algunas tecnolog\u00edas (cookies) como cookies, p\u00edxeles y gifs para mejorar su experiencia durante sus visitas a nuestro sitio web. El uso de estas tecnolog\u00edas se lleva a cabo de acuerdo con la legislaci\u00f3n a la que estamos sujetos, especialmente la Ley de [&hellip;]\" \/>\n<meta property=\"og:url\" content=\"http:\/\/drcinik.com\/es\/legal\/politica-de-cookies\/\" \/>\n<meta property=\"og:site_name\" content=\"DR. CINIK\" \/>\n<meta property=\"article:publisher\" content=\"https:\/\/facebook.com\/drcinikcom\" \/>\n<meta property=\"article:modified_time\" content=\"2025-07-31T20:01:11+00:00\" \/>\n<meta name=\"twitter:card\" content=\"summary_large_image\" \/>\n<meta name=\"twitter:site\" content=\"@drcinikofficial\" \/>\n<script type=\"application\/ld+json\" class=\"yoast-schema-graph\">{\"@context\":\"https:\\\/\\\/schema.org\",\"@graph\":[{\"@type\":\"WebPage\",\"@id\":\"http:\\\/\\\/drcinik.com\\\/es\\\/legal\\\/politica-de-cookies\\\/\",\"url\":\"http:\\\/\\\/drcinik.com\\\/es\\\/legal\\\/politica-de-cookies\\\/\",\"name\":\"Pol\u00edtica de cookies - DR. CINIK\",\"isPartOf\":{\"@id\":\"https:\\\/\\\/drcinik.com\\\/es\\\/#website\"},\"datePublished\":\"2023-08-29T10:46:29+00:00\",\"dateModified\":\"2025-07-31T20:01:11+00:00\",\"breadcrumb\":{\"@id\":\"http:\\\/\\\/drcinik.com\\\/es\\\/legal\\\/politica-de-cookies\\\/#breadcrumb\"},\"inLanguage\":\"es\",\"potentialAction\":[{\"@type\":\"ReadAction\",\"target\":[\"http:\\\/\\\/drcinik.com\\\/es\\\/legal\\\/politica-de-cookies\\\/\"]}]},{\"@type\":\"BreadcrumbList\",\"@id\":\"http:\\\/\\\/drcinik.com\\\/es\\\/legal\\\/politica-de-cookies\\\/#breadcrumb\",\"itemListElement\":[{\"@type\":\"ListItem\",\"position\":1,\"name\":\"Anasayfa\",\"item\":\"https:\\\/\\\/drcinik.com\\\/es\\\/\"},{\"@type\":\"ListItem\",\"position\":2,\"name\":\"Legal\",\"item\":\"http:\\\/\\\/drcinik.com\\\/es\\\/legal\\\/\"},{\"@type\":\"ListItem\",\"position\":3,\"name\":\"Pol\u00edtica de cookies\"}]},{\"@type\":\"WebSite\",\"@id\":\"https:\\\/\\\/drcinik.com\\\/es\\\/#website\",\"url\":\"https:\\\/\\\/drcinik.com\\\/es\\\/\",\"name\":\"DR. CINIK\",\"description\":\"\u00d6zel T\u0131p Merkezi\",\"publisher\":{\"@id\":\"https:\\\/\\\/drcinik.com\\\/es\\\/#organization\"},\"potentialAction\":[{\"@type\":\"SearchAction\",\"target\":{\"@type\":\"EntryPoint\",\"urlTemplate\":\"https:\\\/\\\/drcinik.com\\\/es\\\/?s={search_term_string}\"},\"query-input\":{\"@type\":\"PropertyValueSpecification\",\"valueRequired\":true,\"valueName\":\"search_term_string\"}}],\"inLanguage\":\"es\"},{\"@type\":\"Organization\",\"@id\":\"https:\\\/\\\/drcinik.com\\\/es\\\/#organization\",\"name\":\"DR. CINIK\",\"url\":\"https:\\\/\\\/drcinik.com\\\/es\\\/\",\"logo\":{\"@type\":\"ImageObject\",\"inLanguage\":\"es\",\"@id\":\"https:\\\/\\\/drcinik.com\\\/es\\\/#\\\/schema\\\/logo\\\/image\\\/\",\"url\":\"https:\\\/\\\/drcinik.com\\\/wp-content\\\/uploads\\\/2023\\\/07\\\/logo.svg\",\"contentUrl\":\"https:\\\/\\\/drcinik.com\\\/wp-content\\\/uploads\\\/2023\\\/07\\\/logo.svg\",\"width\":\"1024\",\"height\":\"1024\",\"caption\":\"DR. CINIK\"},\"image\":{\"@id\":\"https:\\\/\\\/drcinik.com\\\/es\\\/#\\\/schema\\\/logo\\\/image\\\/\"},\"sameAs\":[\"https:\\\/\\\/facebook.com\\\/drcinikcom\",\"https:\\\/\\\/x.com\\\/drcinikofficial\",\"https:\\\/\\\/instagram.com\\\/dr.cinikhospital\",\"https:\\\/\\\/youtube.com\\\/@emrahcinik\",\"https:\\\/\\\/tiktok.com\\\/@dremrahcinik\"],\"email\":\"info@drcinik.com\",\"telephone\":\"+90 549 641 37 01\",\"legalName\":\"Erc Turizm Sa\u011fl\u0131k Hizmetleri Tic. Ltd. \u015eti.\",\"numberOfEmployees\":{\"@type\":\"QuantitativeValue\",\"minValue\":\"51\",\"maxValue\":\"200\"}}]}<\/script>\n<!-- \/ Yoast SEO Premium plugin. -->","yoast_head_json":{"title":"Pol\u00edtica de cookies - DR. CINIK","robots":{"index":"index","follow":"follow","max-snippet":"max-snippet:-1","max-image-preview":"max-image-preview:large","max-video-preview":"max-video-preview:-1"},"canonical":"http:\/\/drcinik.com\/es\/legal\/politica-de-cookies\/","og_locale":"es_ES","og_type":"article","og_title":"Pol\u00edtica de cookies","og_description":"Texto de Aclaraci\u00f3n Como ERC Estetik Turizm Sa\u011fl\u0131k Hizmetleri Tic. Ltd. Sti. utilizamos algunas tecnolog\u00edas (cookies) como cookies, p\u00edxeles y gifs para mejorar su experiencia durante sus visitas a nuestro sitio web. El uso de estas tecnolog\u00edas se lleva a cabo de acuerdo con la legislaci\u00f3n a la que estamos sujetos, especialmente la Ley de [&hellip;]","og_url":"http:\/\/drcinik.com\/es\/legal\/politica-de-cookies\/","og_site_name":"DR. CINIK","article_publisher":"https:\/\/facebook.com\/drcinikcom","article_modified_time":"2025-07-31T20:01:11+00:00","twitter_card":"summary_large_image","twitter_site":"@drcinikofficial","schema":{"@context":"https:\/\/schema.org","@graph":[{"@type":"WebPage","@id":"http:\/\/drcinik.com\/es\/legal\/politica-de-cookies\/","url":"http:\/\/drcinik.com\/es\/legal\/politica-de-cookies\/","name":"Pol\u00edtica de cookies - DR. CINIK","isPartOf":{"@id":"https:\/\/drcinik.com\/es\/#website"},"datePublished":"2023-08-29T10:46:29+00:00","dateModified":"2025-07-31T20:01:11+00:00","breadcrumb":{"@id":"http:\/\/drcinik.com\/es\/legal\/politica-de-cookies\/#breadcrumb"},"inLanguage":"es","potentialAction":[{"@type":"ReadAction","target":["http:\/\/drcinik.com\/es\/legal\/politica-de-cookies\/"]}]},{"@type":"BreadcrumbList","@id":"http:\/\/drcinik.com\/es\/legal\/politica-de-cookies\/#breadcrumb","itemListElement":[{"@type":"ListItem","position":1,"name":"Anasayfa","item":"https:\/\/drcinik.com\/es\/"},{"@type":"ListItem","position":2,"name":"Legal","item":"http:\/\/drcinik.com\/es\/legal\/"},{"@type":"ListItem","position":3,"name":"Pol\u00edtica de cookies"}]},{"@type":"WebSite","@id":"https:\/\/drcinik.com\/es\/#website","url":"https:\/\/drcinik.com\/es\/","name":"DR. CINIK","description":"\u00d6zel T\u0131p Merkezi","publisher":{"@id":"https:\/\/drcinik.com\/es\/#organization"},"potentialAction":[{"@type":"SearchAction","target":{"@type":"EntryPoint","urlTemplate":"https:\/\/drcinik.com\/es\/?s={search_term_string}"},"query-input":{"@type":"PropertyValueSpecification","valueRequired":true,"valueName":"search_term_string"}}],"inLanguage":"es"},{"@type":"Organization","@id":"https:\/\/drcinik.com\/es\/#organization","name":"DR. CINIK","url":"https:\/\/drcinik.com\/es\/","logo":{"@type":"ImageObject","inLanguage":"es","@id":"https:\/\/drcinik.com\/es\/#\/schema\/logo\/image\/","url":"https:\/\/drcinik.com\/wp-content\/uploads\/2023\/07\/logo.svg","contentUrl":"https:\/\/drcinik.com\/wp-content\/uploads\/2023\/07\/logo.svg","width":"1024","height":"1024","caption":"DR. CINIK"},"image":{"@id":"https:\/\/drcinik.com\/es\/#\/schema\/logo\/image\/"},"sameAs":["https:\/\/facebook.com\/drcinikcom","https:\/\/x.com\/drcinikofficial","https:\/\/instagram.com\/dr.cinikhospital","https:\/\/youtube.com\/@emrahcinik","https:\/\/tiktok.com\/@dremrahcinik"],"email":"info@drcinik.com","telephone":"+90 549 641 37 01","legalName":"Erc Turizm Sa\u011fl\u0131k Hizmetleri Tic. Ltd. \u015eti.","numberOfEmployees":{"@type":"QuantitativeValue","minValue":"51","maxValue":"200"}}]}},"_links":{"self":[{"href":"https:\/\/drcinik.com\/es\/wp-json\/wp\/v2\/pages\/32941","targetHints":{"allow":["GET"]}}],"collection":[{"href":"https:\/\/drcinik.com\/es\/wp-json\/wp\/v2\/pages"}],"about":[{"href":"https:\/\/drcinik.com\/es\/wp-json\/wp\/v2\/types\/page"}],"author":[{"embeddable":true,"href":"https:\/\/drcinik.com\/es\/wp-json\/wp\/v2\/users\/11"}],"replies":[{"embeddable":true,"href":"https:\/\/drcinik.com\/es\/wp-json\/wp\/v2\/comments?post=32941"}],"version-history":[{"count":0,"href":"https:\/\/drcinik.com\/es\/wp-json\/wp\/v2\/pages\/32941\/revisions"}],"up":[{"embeddable":true,"href":"https:\/\/drcinik.com\/es\/wp-json\/wp\/v2\/pages\/32899"}],"wp:attachment":[{"href":"https:\/\/drcinik.com\/es\/wp-json\/wp\/v2\/media?parent=32941"}],"curies":[{"name":"wp","href":"https:\/\/api.w.org\/{rel}","templated":true}]}}