{"id":33090,"date":"2023-08-29T13:51:17","date_gmt":"2023-08-29T10:51:17","guid":{"rendered":"https:\/\/drcinik.com\/?page_id=33090"},"modified":"2025-07-31T23:59:20","modified_gmt":"2025-07-31T20:59:20","slug":"proteccion-de-datos-personales","status":"publish","type":"page","link":"http:\/\/drcinik.com\/es\/legal\/proteccion-de-datos-personales\/","title":{"rendered":"Protecci\u00f3n de Datos Personales"},"content":{"rendered":"\t\t<div data-elementor-type=\"wp-page\" data-elementor-id=\"33090\" class=\"elementor elementor-33090 elementor-1041\" data-elementor-post-type=\"page\">\n\t\t\t\t<div class=\"elementor-element elementor-element-094f842 e-flex e-con-boxed e-con e-parent\" data-id=\"094f842\" data-element_type=\"container\">\n\t\t\t\t\t<div class=\"e-con-inner\">\n\t\t\t\t<div class=\"elementor-element elementor-element-868fe0f elementor-widget elementor-widget-text-editor\" data-id=\"868fe0f\" data-element_type=\"widget\" data-widget_type=\"text-editor.default\">\n\t\t\t\t\t\t\t\t\t<h2>Informaci\u00f3n sobre la Ley de Protecci\u00f3n de Datos Personales<\/h2>\n\n<p>El prop\u00f3sito de la Ley N.\u00ba 6698 sobre la Protecci\u00f3n de Datos Personales es proteger los derechos y libertades fundamentales de las personas, en particular el derecho a la privacidad, con respecto al tratamiento de datos personales, y establecer obligaciones, principios y procedimientos que sean vinculantes para las personas f\u00edsicas o jur\u00eddicas que procesan datos personales.<\/p>\n\n<p>Esta informaci\u00f3n sobre protecci\u00f3n de datos personales explica nuestra pol\u00edtica de protecci\u00f3n y tratamiento de datos personales, as\u00ed como la transferencia, uso y protecci\u00f3n de sus datos personales durante los servicios prestados por ERC Estetik Turizm Sa\u011fl\u0131k Hizmetleri Tic. Ltd. (\u00d6zel DR. CINIK T\u0131p Merkezi).<\/p>\n\n<p>En el marco de la Ley de Protecci\u00f3n de Datos Personales N.\u00ba 6698 (en adelante, \u201cLey\u201d y\/o \u201cKVKK\u201d) y la legislaci\u00f3n correspondiente, sus datos personales ser\u00e1n tratados \u00fanicamente por nuestra policl\u00ednica en calidad de Responsable del Tratamiento, de acuerdo con lo descrito a continuaci\u00f3n y en conformidad con las normativas del Ministerio de Salud y otras leyes aplicables.<\/p>\n\n<h3>Datos personales que recopilamos<\/h3>\n\n<p>Recopilamos diversa informaci\u00f3n de nuestros pacientes en el marco de los servicios sanitarios que prestamos. La informaci\u00f3n mencionada se recopila siempre de conformidad con los principios y condiciones de tratamiento de datos de la Ley N.\u00ba 6698 sobre la Protecci\u00f3n de Datos Personales. La informaci\u00f3n que recopilamos para los fines descritos en la Secci\u00f3n 2 puede incluir:<\/p>\n\n<ul>\n  <li><strong>Informaci\u00f3n de identidad:<\/strong> nombre, apellidos, n\u00famero de identidad TR, n\u00famero de pasaporte o n\u00famero de identidad temporal TR, lugar y fecha de nacimiento, nombre de la madre y del padre, estado civil, sexo, grupo sangu\u00edneo, n\u00famero de seguro y\/o protocolo de paciente y otros datos identificativos.<\/li>\n  <li><strong>Informaci\u00f3n de contacto:<\/strong> direcci\u00f3n, n\u00famero de tel\u00e9fono, correo electr\u00f3nico y otros datos de contacto.<\/li>\n  <li><strong>Datos personales obtenidos<\/strong> al contactarnos por correo electr\u00f3nico, carta u otros medios, incluidas las grabaciones de voz realizadas por representantes de servicio al cliente o servicios para pacientes, de acuerdo con los est\u00e1ndares de centros de llamadas.<\/li>\n  <li><strong>Datos financieros<\/strong> como la informaci\u00f3n de tarjeta de cr\u00e9dito (solo en el recibo) e informaci\u00f3n de facturaci\u00f3n.<\/li>\n  <li><strong>Datos sobre seguro de salud privado<\/strong> y datos del Instituto de Seguridad Social con fines de financiaci\u00f3n y planificaci\u00f3n de servicios de salud.<\/li>\n  <li><strong>Informaci\u00f3n m\u00e9dica:<\/strong> informes m\u00e9dicos, datos diagn\u00f3sticos, datos biom\u00e9tricos y gen\u00e9ticos, resultados de laboratorio, resultados de pruebas, datos de ex\u00e1menes, informaci\u00f3n de citas, incluidas pero no limitadas a recetas m\u00e9dicas, y toda clase de informaci\u00f3n sanitaria obtenida durante o como resultado de diagn\u00f3stico, tratamiento y servicios de atenci\u00f3n m\u00e9dica.<\/li>\n  <li><strong>Comentarios y retroalimentaci\u00f3n<\/strong> como encuestas completadas por pacientes, cartas de agradecimiento y quejas, resultados de satisfacci\u00f3n.<\/li>\n  <li><strong>Audio e im\u00e1genes<\/strong> obtenidos de grabaciones de c\u00e1maras que registran constantemente las \u00e1reas comunes de nuestra policl\u00ednica, de acuerdo con la legislaci\u00f3n.<\/li>\n  <li><strong>Datos de salud y otros datos personales<\/strong> que usted env\u00ede o introduzca en todos los sitios web pertenecientes a nuestra cl\u00ednica ambulatoria.<\/li>\n<\/ul>\n\n<h3>Fines del tratamiento de sus datos personales<\/h3>\n\n<p>Dentro del marco de la legislaci\u00f3n sobre servicios sanitarios, que es un servicio p\u00fablico, y de acuerdo con la Ley N.\u00ba 6698, nuestra policl\u00ednica, como Responsable del Tratamiento, procesa los datos personales recibidos en relaci\u00f3n con los servicios que ofrece para los siguientes fines:<\/p>\n\n<ul>\n  <li>Cumplir con nuestras obligaciones legales seg\u00fan la Ley B\u00e1sica de Servicios de Salud N.\u00ba 3359, el Decreto Ley N.\u00ba 663 sobre la Organizaci\u00f3n y Funciones del Ministerio de Salud y sus filiales, el Reglamento sobre Tratamiento y Privacidad de Datos de Salud Personales y otras normativas relevantes.<\/li>\n  <li>Protecci\u00f3n de la salud p\u00fablica, medicina preventiva, diagn\u00f3stico m\u00e9dico, ejecuci\u00f3n de servicios de tratamiento y atenci\u00f3n, planificaci\u00f3n y gesti\u00f3n de los servicios de salud y su financiaci\u00f3n.<\/li>\n  <li>Planificaci\u00f3n y gesti\u00f3n de las operaciones de nuestra policl\u00ednica.<\/li>\n  <li>Informarle sobre su cita si tiene una programada.<\/li>\n  <li>Compartir la informaci\u00f3n solicitada con el Ministerio de Salud y organismos p\u00fablicos pertinentes, de acuerdo con la legislaci\u00f3n vigente.<\/li>\n  <li>Analizar los servicios de salud que utiliza para mejorar y desarrollar dichos servicios y almacenar sus datos m\u00e9dicos.<\/li>\n  <li>Verificar su identidad.<\/li>\n  <li>Adoptar todas las medidas t\u00e9cnicas y administrativas necesarias en materia de seguridad de datos de los sistemas y aplicaciones utilizadas.<\/li>\n  <li>Proteger la informaci\u00f3n relacionada con sus datos de salud que debe conservarse conforme a la legislaci\u00f3n aplicable.<\/li>\n  <li>Proporcionar la informaci\u00f3n necesaria a las solicitudes e inspecciones de organismos reguladores y autoridades oficiales.<\/li>\n  <li>Compartir informaci\u00f3n con compa\u00f1\u00edas de seguros privadas en el marco de la financiaci\u00f3n de servicios sanitarios.<\/li>\n  <li>Realizar actividades de mejora de calidad y gesti\u00f3n de riesgos.<\/li>\n  <li>Medir la satisfacci\u00f3n del paciente y responder a todas sus preguntas y quejas dentro de nuestros servicios de salud.<\/li>\n  <li>Contactarlo para informarle sobre nuestros servicios (por correo electr\u00f3nico, SMS, llamada telef\u00f3nica).<\/li>\n  <li>Adquirir medicamentos o dispositivos m\u00e9dicos.<\/li>\n  <li>Y, sin limitarse a estos, los datos pueden procesarse con fines de diagn\u00f3stico m\u00e9dico, tratamiento y atenci\u00f3n, planificaci\u00f3n y gesti\u00f3n de servicios sanitarios y su financiaci\u00f3n, aumento de la satisfacci\u00f3n del paciente, estudios de investigaci\u00f3n y desarrollo relacionados y fines similares. No se permitir\u00e1 ninguna violaci\u00f3n de sus derechos personales durante el tratamiento de los datos.<\/li>\n<\/ul>\n\n<h3>Transferencia de sus datos a personas y organizaciones<\/h3>\n\n<p>3.1. De acuerdo con la legislaci\u00f3n vigente, su informaci\u00f3n personal ser\u00e1 registrada, almacenada, clasificada, procesada, transferida y actualizada en entornos f\u00edsicos y\/o electr\u00f3nicos, y sus datos podr\u00e1n compartirse a solicitud de instituciones oficiales, limitada al alcance de la solicitud, en los casos permitidos por la legislaci\u00f3n (con Tribunales, Fiscal\u00edas, Ministerios y todas las instituciones oficiales con autoridad para solicitarla).<\/p>\n\n<p>3.2. Sus datos personales se compartir\u00e1n con los siguientes, en el marco de la Ley N.\u00ba 6698 y otra legislaci\u00f3n pertinente y para los fines mencionados anteriormente, limitados al alcance de la solicitud:<\/p>\n\n<ul>\n  <li>En l\u00ednea con los fines de la Secci\u00f3n 2, garantizando que se tomen todas las medidas t\u00e9cnicas y administrativas necesarias para garantizar el nivel adecuado de seguridad de acuerdo con la KVKK y la legislaci\u00f3n sanitaria pertinente: instituciones u organizaciones permitidas por la Ley B\u00e1sica de Servicios de Salud N.\u00ba 3359, el Decreto Ley N.\u00ba 663 sobre la Organizaci\u00f3n y Funciones del Ministerio de Salud y sus filiales, el Reglamento sobre Tratamiento y Privacidad de Datos de Salud Personales y otras legislaciones relevantes, compa\u00f1\u00edas de seguros privadas.<\/li>\n  <li>Direcci\u00f3n General de Seguridad y organismos de aplicaci\u00f3n de la ley similares.<\/li>\n  <li>Direcci\u00f3n General de Registro Civil.<\/li>\n  <li>Asociaci\u00f3n de Farmac\u00e9uticos de Turqu\u00eda.<\/li>\n  <li>Organizaciones nacionales\/extranjeras y otros terceros con los que obtenemos servicios y cooperamos para llevar a cabo nuestras actividades.<\/li>\n  <li>Abogados de nuestra policl\u00ednica en caso de conflicto legal potencial.<\/li>\n  <li>Representantes de instituciones oficiales autorizados para auditar nuestras instalaciones.<\/li>\n<\/ul>\n\n<h3>M\u00e9todos y fundamentos legales para el tratamiento de datos personales<\/h3>\n\n<p>Su informaci\u00f3n personal se recopila a trav\u00e9s de todas las formas de comunicaci\u00f3n oral, escrita y digital, siempre que sirvan a los fines mencionados anteriormente, con el fin de cumplir con las obligaciones contractuales y legales de nuestra policl\u00ednica.<\/p>\n\n<h3>Sus derechos respecto a sus datos personales<\/h3>\n\n<p>En la medida en que sus datos personales sean procesados por nuestra policl\u00ednica como Responsable del Tratamiento, usted tiene los siguientes derechos de conformidad con el Art\u00edculo 11 de la Ley de Protecci\u00f3n de Datos Personales:<\/p>\n\n<ul>\n  <li>Saber si sus datos personales han sido procesados o no.<\/li>\n  <li>Solicitar informaci\u00f3n sobre sus datos personales si han sido procesados.<\/li>\n  <li>Conocer la finalidad del tratamiento y si se utiliza de acuerdo con dicha finalidad.<\/li>\n  <li>Conocer a los terceros a los que se han transferido, solicitar su correcci\u00f3n en caso de tratamiento incompleto o incorrecto.<\/li>\n  <li>Solicitar la eliminaci\u00f3n o destrucci\u00f3n de los datos personales en el marco de las condiciones estipuladas en el Art\u00edculo 7 de la Ley N.\u00ba 6698, sin perjuicio de la obligaci\u00f3n legal respecto al almacenamiento de registros de pacientes requerida por la legislaci\u00f3n sanitaria.<\/li>\n  <li>Solicitar la notificaci\u00f3n de las transacciones realizadas en el marco de la correcci\u00f3n, eliminaci\u00f3n o destrucci\u00f3n mencionadas a los terceros a los que se transfiri\u00f3.<\/li>\n  <li>Oponerse al surgimiento de un resultado en su contra mediante an\u00e1lisis exclusivo a trav\u00e9s de sistemas automatizados.<\/li>\n  <li>Si sufre una p\u00e9rdida debido a un tratamiento ilegal, solicitar la compensaci\u00f3n de los da\u00f1os.<\/li>\n<\/ul>\n\n<p>Nuestra policl\u00ednica resolver\u00e1 la solicitud de forma gratuita lo antes posible y, como m\u00e1ximo, en treinta d\u00edas, dependiendo de la naturaleza de la solicitud. Sin embargo, si el proceso requiere un coste adicional, se cobrar\u00e1 la tarifa determinada por la Junta de Protecci\u00f3n de Datos Personales.<\/p>\n\n<h3>Seguridad de los datos<\/h3>\n\n<p>Como policl\u00ednica, declaramos que damos la m\u00e1xima importancia a la protecci\u00f3n y seguridad de sus datos personales, adoptamos todas las medidas t\u00e9cnicas y administrativas de seguridad que deben tomarse de acuerdo con los est\u00e1ndares y procedimientos de seguridad de la informaci\u00f3n, actuamos con la conciencia de que la seguridad de los datos personales est\u00e1 a la vanguardia en todos los productos y servicios que le ofrecemos, y dichas medidas de seguridad se implementan teniendo en cuenta todos los riesgos posibles, considerando las posibilidades tecnol\u00f3gicas, y que se muestra la m\u00e1xima sensibilidad a este respecto.<\/p>\n\t\t\t\t\t\t\t\t<\/div>\n\t\t\t\t\t<\/div>\n\t\t\t\t<\/div>\n\t\t\t\t<\/div>\n\t\t","protected":false},"excerpt":{"rendered":"<p>Informaci\u00f3n sobre la Ley de Protecci\u00f3n de Datos Personales El prop\u00f3sito de la Ley N.\u00ba 6698 sobre la Protecci\u00f3n de Datos Personales es proteger los derechos y libertades fundamentales de las personas, en particular el derecho a la privacidad, con respecto al tratamiento de datos personales, y establecer obligaciones, principios y procedimientos que sean vinculantes [&hellip;]<\/p>\n","protected":false},"author":11,"featured_media":0,"parent":32899,"menu_order":0,"comment_status":"closed","ping_status":"closed","template":"elementor_header_footer","meta":{"_acf_changed":false,"inline_featured_image":false,"footnotes":""},"class_list":["post-33090","page","type-page","status-publish","hentry"],"acf":[],"yoast_head":"<!-- This site is optimized with the Yoast SEO Premium plugin v26.2 (Yoast SEO v27.4) - https:\/\/yoast.com\/product\/yoast-seo-premium-wordpress\/ -->\n<title>Protecci\u00f3n de Datos Personales - DR. CINIK<\/title>\n<meta name=\"robots\" content=\"index, follow, max-snippet:-1, max-image-preview:large, max-video-preview:-1\" \/>\n<link rel=\"canonical\" href=\"http:\/\/drcinik.com\/es\/legal\/proteccion-de-datos-personales\/\" \/>\n<meta property=\"og:locale\" content=\"es_ES\" \/>\n<meta property=\"og:type\" content=\"article\" \/>\n<meta property=\"og:title\" content=\"Protecci\u00f3n de Datos Personales\" \/>\n<meta property=\"og:description\" content=\"Informaci\u00f3n sobre la Ley de Protecci\u00f3n de Datos Personales El prop\u00f3sito de la Ley N.\u00ba 6698 sobre la Protecci\u00f3n de Datos Personales es proteger los derechos y libertades fundamentales de las personas, en particular el derecho a la privacidad, con respecto al tratamiento de datos personales, y establecer obligaciones, principios y procedimientos que sean vinculantes [&hellip;]\" \/>\n<meta property=\"og:url\" content=\"http:\/\/drcinik.com\/es\/legal\/proteccion-de-datos-personales\/\" \/>\n<meta property=\"og:site_name\" content=\"DR. CINIK\" \/>\n<meta property=\"article:publisher\" content=\"https:\/\/facebook.com\/drcinikcom\" \/>\n<meta property=\"article:modified_time\" content=\"2025-07-31T20:59:20+00:00\" \/>\n<meta name=\"twitter:card\" content=\"summary_large_image\" \/>\n<meta name=\"twitter:site\" content=\"@drcinikofficial\" \/>\n<script type=\"application\/ld+json\" class=\"yoast-schema-graph\">{\"@context\":\"https:\\\/\\\/schema.org\",\"@graph\":[{\"@type\":\"WebPage\",\"@id\":\"http:\\\/\\\/drcinik.com\\\/es\\\/legal\\\/proteccion-de-datos-personales\\\/\",\"url\":\"http:\\\/\\\/drcinik.com\\\/es\\\/legal\\\/proteccion-de-datos-personales\\\/\",\"name\":\"Protecci\u00f3n de Datos Personales - DR. CINIK\",\"isPartOf\":{\"@id\":\"https:\\\/\\\/drcinik.com\\\/es\\\/#website\"},\"datePublished\":\"2023-08-29T10:51:17+00:00\",\"dateModified\":\"2025-07-31T20:59:20+00:00\",\"breadcrumb\":{\"@id\":\"http:\\\/\\\/drcinik.com\\\/es\\\/legal\\\/proteccion-de-datos-personales\\\/#breadcrumb\"},\"inLanguage\":\"es\",\"potentialAction\":[{\"@type\":\"ReadAction\",\"target\":[\"http:\\\/\\\/drcinik.com\\\/es\\\/legal\\\/proteccion-de-datos-personales\\\/\"]}]},{\"@type\":\"BreadcrumbList\",\"@id\":\"http:\\\/\\\/drcinik.com\\\/es\\\/legal\\\/proteccion-de-datos-personales\\\/#breadcrumb\",\"itemListElement\":[{\"@type\":\"ListItem\",\"position\":1,\"name\":\"Anasayfa\",\"item\":\"https:\\\/\\\/drcinik.com\\\/es\\\/\"},{\"@type\":\"ListItem\",\"position\":2,\"name\":\"Legal\",\"item\":\"http:\\\/\\\/drcinik.com\\\/es\\\/legal\\\/\"},{\"@type\":\"ListItem\",\"position\":3,\"name\":\"Protecci\u00f3n de Datos Personales\"}]},{\"@type\":\"WebSite\",\"@id\":\"https:\\\/\\\/drcinik.com\\\/es\\\/#website\",\"url\":\"https:\\\/\\\/drcinik.com\\\/es\\\/\",\"name\":\"DR. CINIK\",\"description\":\"\u00d6zel T\u0131p Merkezi\",\"publisher\":{\"@id\":\"https:\\\/\\\/drcinik.com\\\/es\\\/#organization\"},\"potentialAction\":[{\"@type\":\"SearchAction\",\"target\":{\"@type\":\"EntryPoint\",\"urlTemplate\":\"https:\\\/\\\/drcinik.com\\\/es\\\/?s={search_term_string}\"},\"query-input\":{\"@type\":\"PropertyValueSpecification\",\"valueRequired\":true,\"valueName\":\"search_term_string\"}}],\"inLanguage\":\"es\"},{\"@type\":\"Organization\",\"@id\":\"https:\\\/\\\/drcinik.com\\\/es\\\/#organization\",\"name\":\"DR. CINIK\",\"url\":\"https:\\\/\\\/drcinik.com\\\/es\\\/\",\"logo\":{\"@type\":\"ImageObject\",\"inLanguage\":\"es\",\"@id\":\"https:\\\/\\\/drcinik.com\\\/es\\\/#\\\/schema\\\/logo\\\/image\\\/\",\"url\":\"https:\\\/\\\/drcinik.com\\\/wp-content\\\/uploads\\\/2023\\\/07\\\/logo.svg\",\"contentUrl\":\"https:\\\/\\\/drcinik.com\\\/wp-content\\\/uploads\\\/2023\\\/07\\\/logo.svg\",\"width\":\"1024\",\"height\":\"1024\",\"caption\":\"DR. CINIK\"},\"image\":{\"@id\":\"https:\\\/\\\/drcinik.com\\\/es\\\/#\\\/schema\\\/logo\\\/image\\\/\"},\"sameAs\":[\"https:\\\/\\\/facebook.com\\\/drcinikcom\",\"https:\\\/\\\/x.com\\\/drcinikofficial\",\"https:\\\/\\\/instagram.com\\\/dr.cinikhospital\",\"https:\\\/\\\/youtube.com\\\/@emrahcinik\",\"https:\\\/\\\/tiktok.com\\\/@dremrahcinik\"],\"email\":\"info@drcinik.com\",\"telephone\":\"+90 549 641 37 01\",\"legalName\":\"Erc Turizm Sa\u011fl\u0131k Hizmetleri Tic. Ltd. \u015eti.\",\"numberOfEmployees\":{\"@type\":\"QuantitativeValue\",\"minValue\":\"51\",\"maxValue\":\"200\"}}]}<\/script>\n<!-- \/ Yoast SEO Premium plugin. -->","yoast_head_json":{"title":"Protecci\u00f3n de Datos Personales - DR. CINIK","robots":{"index":"index","follow":"follow","max-snippet":"max-snippet:-1","max-image-preview":"max-image-preview:large","max-video-preview":"max-video-preview:-1"},"canonical":"http:\/\/drcinik.com\/es\/legal\/proteccion-de-datos-personales\/","og_locale":"es_ES","og_type":"article","og_title":"Protecci\u00f3n de Datos Personales","og_description":"Informaci\u00f3n sobre la Ley de Protecci\u00f3n de Datos Personales El prop\u00f3sito de la Ley N.\u00ba 6698 sobre la Protecci\u00f3n de Datos Personales es proteger los derechos y libertades fundamentales de las personas, en particular el derecho a la privacidad, con respecto al tratamiento de datos personales, y establecer obligaciones, principios y procedimientos que sean vinculantes [&hellip;]","og_url":"http:\/\/drcinik.com\/es\/legal\/proteccion-de-datos-personales\/","og_site_name":"DR. CINIK","article_publisher":"https:\/\/facebook.com\/drcinikcom","article_modified_time":"2025-07-31T20:59:20+00:00","twitter_card":"summary_large_image","twitter_site":"@drcinikofficial","schema":{"@context":"https:\/\/schema.org","@graph":[{"@type":"WebPage","@id":"http:\/\/drcinik.com\/es\/legal\/proteccion-de-datos-personales\/","url":"http:\/\/drcinik.com\/es\/legal\/proteccion-de-datos-personales\/","name":"Protecci\u00f3n de Datos Personales - DR. CINIK","isPartOf":{"@id":"https:\/\/drcinik.com\/es\/#website"},"datePublished":"2023-08-29T10:51:17+00:00","dateModified":"2025-07-31T20:59:20+00:00","breadcrumb":{"@id":"http:\/\/drcinik.com\/es\/legal\/proteccion-de-datos-personales\/#breadcrumb"},"inLanguage":"es","potentialAction":[{"@type":"ReadAction","target":["http:\/\/drcinik.com\/es\/legal\/proteccion-de-datos-personales\/"]}]},{"@type":"BreadcrumbList","@id":"http:\/\/drcinik.com\/es\/legal\/proteccion-de-datos-personales\/#breadcrumb","itemListElement":[{"@type":"ListItem","position":1,"name":"Anasayfa","item":"https:\/\/drcinik.com\/es\/"},{"@type":"ListItem","position":2,"name":"Legal","item":"http:\/\/drcinik.com\/es\/legal\/"},{"@type":"ListItem","position":3,"name":"Protecci\u00f3n de Datos Personales"}]},{"@type":"WebSite","@id":"https:\/\/drcinik.com\/es\/#website","url":"https:\/\/drcinik.com\/es\/","name":"DR. CINIK","description":"\u00d6zel T\u0131p Merkezi","publisher":{"@id":"https:\/\/drcinik.com\/es\/#organization"},"potentialAction":[{"@type":"SearchAction","target":{"@type":"EntryPoint","urlTemplate":"https:\/\/drcinik.com\/es\/?s={search_term_string}"},"query-input":{"@type":"PropertyValueSpecification","valueRequired":true,"valueName":"search_term_string"}}],"inLanguage":"es"},{"@type":"Organization","@id":"https:\/\/drcinik.com\/es\/#organization","name":"DR. CINIK","url":"https:\/\/drcinik.com\/es\/","logo":{"@type":"ImageObject","inLanguage":"es","@id":"https:\/\/drcinik.com\/es\/#\/schema\/logo\/image\/","url":"https:\/\/drcinik.com\/wp-content\/uploads\/2023\/07\/logo.svg","contentUrl":"https:\/\/drcinik.com\/wp-content\/uploads\/2023\/07\/logo.svg","width":"1024","height":"1024","caption":"DR. CINIK"},"image":{"@id":"https:\/\/drcinik.com\/es\/#\/schema\/logo\/image\/"},"sameAs":["https:\/\/facebook.com\/drcinikcom","https:\/\/x.com\/drcinikofficial","https:\/\/instagram.com\/dr.cinikhospital","https:\/\/youtube.com\/@emrahcinik","https:\/\/tiktok.com\/@dremrahcinik"],"email":"info@drcinik.com","telephone":"+90 549 641 37 01","legalName":"Erc Turizm Sa\u011fl\u0131k Hizmetleri Tic. Ltd. \u015eti.","numberOfEmployees":{"@type":"QuantitativeValue","minValue":"51","maxValue":"200"}}]}},"_links":{"self":[{"href":"https:\/\/drcinik.com\/es\/wp-json\/wp\/v2\/pages\/33090","targetHints":{"allow":["GET"]}}],"collection":[{"href":"https:\/\/drcinik.com\/es\/wp-json\/wp\/v2\/pages"}],"about":[{"href":"https:\/\/drcinik.com\/es\/wp-json\/wp\/v2\/types\/page"}],"author":[{"embeddable":true,"href":"https:\/\/drcinik.com\/es\/wp-json\/wp\/v2\/users\/11"}],"replies":[{"embeddable":true,"href":"https:\/\/drcinik.com\/es\/wp-json\/wp\/v2\/comments?post=33090"}],"version-history":[{"count":0,"href":"https:\/\/drcinik.com\/es\/wp-json\/wp\/v2\/pages\/33090\/revisions"}],"up":[{"embeddable":true,"href":"https:\/\/drcinik.com\/es\/wp-json\/wp\/v2\/pages\/32899"}],"wp:attachment":[{"href":"https:\/\/drcinik.com\/es\/wp-json\/wp\/v2\/media?parent=33090"}],"curies":[{"name":"wp","href":"https:\/\/api.w.org\/{rel}","templated":true}]}}