{"id":25853,"date":"2025-05-02T10:25:03","date_gmt":"2025-05-02T07:25:03","guid":{"rendered":"https:\/\/drcinik.com\/?page_id=25853"},"modified":"2025-07-22T18:17:19","modified_gmt":"2025-07-22T15:17:19","slug":"erol","status":"publish","type":"page","link":"http:\/\/drcinik.com\/fr\/nos-medecins\/erol\/","title":{"rendered":"Erol"},"content":{"rendered":"\t\t<div data-elementor-type=\"wp-page\" data-elementor-id=\"25853\" class=\"elementor elementor-25853 elementor-20632\" data-elementor-post-type=\"page\">\n\t\t\t\t<div class=\"elementor-element elementor-element-263abe88 e-flex e-con-boxed e-con e-parent\" data-id=\"263abe88\" data-element_type=\"container\" data-settings=\"{&quot;background_background&quot;:&quot;classic&quot;}\">\n\t\t\t\t\t<div class=\"e-con-inner\">\n\t\t<div class=\"elementor-element elementor-element-288032e8 e-con-full e-flex e-con e-child\" data-id=\"288032e8\" data-element_type=\"container\" data-settings=\"{&quot;background_background&quot;:&quot;classic&quot;}\">\n\t\t\t\t<div class=\"elementor-element elementor-element-1acebaa elementor-widget elementor-widget-heading\" data-id=\"1acebaa\" data-element_type=\"widget\" data-widget_type=\"heading.default\">\n\t\t\t\t\t<h1 class=\"elementor-heading-title elementor-size-default\">Dr. Erol<\/h1>\t\t\t\t<\/div>\n\t\t\t\t<\/div>\n\t\t\t\t\t<\/div>\n\t\t\t\t<\/div>\n\t\t<div class=\"elementor-element elementor-element-4fa25410 e-flex e-con-boxed e-con e-parent\" data-id=\"4fa25410\" data-element_type=\"container\" data-settings=\"{&quot;background_background&quot;:&quot;classic&quot;}\">\n\t\t\t\t\t<div class=\"e-con-inner\">\n\t\t<div class=\"elementor-element elementor-element-4db2644e e-con-full e-flex e-con e-child\" data-id=\"4db2644e\" data-element_type=\"container\">\n\t\t<div class=\"elementor-element elementor-element-434dc627 e-con-full e-flex e-con e-child\" data-id=\"434dc627\" data-element_type=\"container\">\n\t\t\t\t<div class=\"elementor-element elementor-element-7cc22af3 elementor-widget elementor-widget-image\" data-id=\"7cc22af3\" data-element_type=\"widget\" data-widget_type=\"image.default\">\n\t\t\t\t\t\t\t\t\t\t\t\t\t\t\t<img fetchpriority=\"high\" decoding=\"async\" width=\"350\" height=\"400\" src=\"https:\/\/drcinik.com\/wp-content\/uploads\/2025\/03\/erol-bulut-01.jpg\" class=\"attachment-large size-large wp-image-10373\" alt=\"erol bulut\" srcset=\"https:\/\/drcinik.com\/wp-content\/uploads\/2025\/03\/erol-bulut-01.jpg 350w, https:\/\/drcinik.com\/wp-content\/uploads\/2025\/03\/erol-bulut-01-263x300.jpg 263w\" sizes=\"(max-width: 350px) 100vw, 350px\" \/>\t\t\t\t\t\t\t\t\t\t\t\t\t\t\t<\/div>\n\t\t\t\t<\/div>\n\t\t<div class=\"elementor-element elementor-element-48fc991 e-con-full e-flex e-con e-child\" data-id=\"48fc991\" data-element_type=\"container\">\n\t\t\t\t<div class=\"elementor-element elementor-element-5f52c249 elementor-mobile-align-center elementor-align-center elementor-widget elementor-widget-button\" data-id=\"5f52c249\" data-element_type=\"widget\" data-widget_type=\"button.default\">\n\t\t\t\t\t\t\t\t\t\t<a class=\"elementor-button elementor-button-link elementor-size-sm\" href=\"#elementor-action%3Aaction%3Dpopup%3Aopen%26settings%3DeyJpZCI6MzIxNDYsInRvZ2dsZSI6ZmFsc2V9\">\n\t\t\t\t\t\t<span class=\"elementor-button-content-wrapper\">\n\t\t\t\t\t\t<span class=\"elementor-button-icon\">\n\t\t\t\t<svg aria-hidden=\"true\" class=\"e-font-icon-svg e-far-paper-plane\" viewBox=\"0 0 512 512\" xmlns=\"http:\/\/www.w3.org\/2000\/svg\"><path d=\"M440 6.5L24 246.4c-34.4 19.9-31.1 70.8 5.7 85.9L144 379.6V464c0 46.4 59.2 65.5 86.6 28.6l43.8-59.1 111.9 46.2c5.9 2.4 12.1 3.6 18.3 3.6 8.2 0 16.3-2.1 23.6-6.2 12.8-7.2 21.6-20 23.9-34.5l59.4-387.2c6.1-40.1-36.9-68.8-71.5-48.9zM192 464v-64.6l36.6 15.1L192 464zm212.6-28.7l-153.8-63.5L391 169.5c10.7-15.5-9.5-33.5-23.7-21.2L155.8 332.6 48 288 464 48l-59.4 387.3z\"><\/path><\/svg>\t\t\t<\/span>\n\t\t\t\t\t\t\t\t\t<span class=\"elementor-button-text\">Consultation gratuite<\/span>\n\t\t\t\t\t<\/span>\n\t\t\t\t\t<\/a>\n\t\t\t\t\t\t\t\t<\/div>\n\t\t\t\t<\/div>\n\t\t\t\t<\/div>\n\t\t<div class=\"elementor-element elementor-element-69c21987 e-con-full e-flex e-con e-child\" data-id=\"69c21987\" data-element_type=\"container\">\n\t\t\t\t<div class=\"elementor-element elementor-element-7fc107ec elementor-widget elementor-widget-text-editor\" data-id=\"7fc107ec\" data-element_type=\"widget\" data-widget_type=\"text-editor.default\">\n\t\t\t\t\t\t\t\t\t<p><b>Nom<\/b><span style=\"font-weight: 400;\"> : Erol<br \/><\/span><span style=\"font-weight: 400;\"><br \/><\/span><b>Date d\u2019obtention du dipl\u00f4me en m\u00e9decine<\/b><span style=\"font-weight: 400;\"> : 1995<br \/><\/span><span style=\"font-weight: 400;\"><br \/><\/span><b>Universit\u00e9 de dipl\u00f4me<\/b><span style=\"font-weight: 400;\"> : Universit\u00e9 d\u2019Istanbul \/ Turquie<br \/><\/span><span style=\"font-weight: 400;\"><br \/><\/span><b>Langues<\/b><span style=\"font-weight: 400;\"> : Turc, Anglais<\/span><\/p>\t\t\t\t\t\t\t\t<\/div>\n\t\t\t\t<div class=\"elementor-element elementor-element-5dd9dd6 elementor-widget elementor-widget-text-editor\" data-id=\"5dd9dd6\" data-element_type=\"widget\" data-widget_type=\"text-editor.default\">\n\t\t\t\t\t\t\t\t\t<h3><b>Sp\u00e9cialisations<\/b><\/h3>\n<ul>\n<li style=\"font-weight: 400;\"><span style=\"font-weight: 400;\">M\u00e9decine esth\u00e9tique<\/span><\/li>\n<li style=\"font-weight: 400;\"><span style=\"font-weight: 400;\">Botox<\/span><\/li>\n<li style=\"font-weight: 400;\"><span style=\"font-weight: 400;\">Injections de produits de comblement (derma filler)<\/span><\/li>\n<li style=\"font-weight: 400;\"><span style=\"font-weight: 400;\">M\u00e9soth\u00e9rapie<\/span><\/li>\n<\/ul>\t\t\t\t\t\t\t\t<\/div>\n\t\t\t\t<div class=\"elementor-element elementor-element-9051637 elementor-widget elementor-widget-text-editor\" data-id=\"9051637\" data-element_type=\"widget\" data-widget_type=\"text-editor.default\">\n\t\t\t\t\t\t\t\t\t<h3><b>Certificats &amp; S\u00e9minaires<\/b><\/h3>\n<ol>\n<li style=\"font-weight: 400;\"><span style=\"font-weight: 400;\">Certificat de Praticien en M\u00e9decine Esth\u00e9tique d\u00e9livr\u00e9 par le Minist\u00e8re de la Sant\u00e9 (2004)<\/span><\/li>\n<li style=\"font-weight: 400;\"><span style=\"font-weight: 400;\">Certificat d\u2019Application de la M\u00e9soth\u00e9rapie d\u00e9livr\u00e9 par le Minist\u00e8re de la Sant\u00e9<\/span><\/li>\n<li style=\"font-weight: 400;\"><span style=\"font-weight: 400;\">Certificat d\u2019Application des Th\u00e9rapies \u00e0 l\u2019Ozone<\/span><\/li>\n<\/ol>\t\t\t\t\t\t\t\t<\/div>\n\t\t\t\t<\/div>\n\t\t\t\t\t<\/div>\n\t\t\t\t<\/div>\n\t\t<div class=\"elementor-element elementor-element-16f76772 e-flex e-con-boxed e-con e-parent\" data-id=\"16f76772\" data-element_type=\"container\" data-settings=\"{&quot;background_background&quot;:&quot;classic&quot;}\">\n\t\t\t\t\t<div class=\"e-con-inner\">\n\t\t<div class=\"elementor-element elementor-element-4128998d e-con-full e-flex e-con e-child\" data-id=\"4128998d\" data-element_type=\"container\">\n\t\t\t\t<div class=\"elementor-element elementor-element-2a811118 elementor-arrows-position-outside elementor-pagination-position-outside elementor-widget elementor-widget-image-carousel\" data-id=\"2a811118\" data-element_type=\"widget\" data-settings=\"{&quot;slides_to_show&quot;:&quot;5&quot;,&quot;image_spacing_custom&quot;:{&quot;unit&quot;:&quot;px&quot;,&quot;size&quot;:&quot;59&quot;,&quot;sizes&quot;:[]},&quot;slides_to_scroll&quot;:&quot;6&quot;,&quot;image_spacing_custom_mobile&quot;:{&quot;unit&quot;:&quot;px&quot;,&quot;size&quot;:&quot;68&quot;,&quot;sizes&quot;:[]},&quot;slides_to_show_mobile&quot;:&quot;2&quot;,&quot;slides_to_scroll_mobile&quot;:&quot;4&quot;,&quot;navigation&quot;:&quot;both&quot;,&quot;autoplay&quot;:&quot;yes&quot;,&quot;pause_on_hover&quot;:&quot;yes&quot;,&quot;pause_on_interaction&quot;:&quot;yes&quot;,&quot;autoplay_speed&quot;:5000,&quot;infinite&quot;:&quot;yes&quot;,&quot;speed&quot;:500,&quot;image_spacing_custom_tablet&quot;:{&quot;unit&quot;:&quot;px&quot;,&quot;size&quot;:&quot;&quot;,&quot;sizes&quot;:[]}}\" data-widget_type=\"image-carousel.default\">\n\t\t\t\t\t\t\t<div class=\"elementor-image-carousel-wrapper swiper\" role=\"region\" aria-roledescription=\"carousel\" aria-label=\"Image Carousel\" dir=\"ltr\">\n\t\t\t<div class=\"elementor-image-carousel swiper-wrapper\" aria-live=\"off\">\n\t\t\t\t\t\t\t\t<div class=\"swiper-slide\" role=\"group\" aria-roledescription=\"slide\" aria-label=\"1 sur 6\"><figure class=\"swiper-slide-inner\"><img decoding=\"async\" class=\"swiper-slide-image\" src=\"https:\/\/drcinik.com\/wp-content\/uploads\/2023\/11\/zurich-sigorta.png\" alt=\"zurich-sigorta\" \/><\/figure><\/div><div class=\"swiper-slide\" role=\"group\" aria-roledescription=\"slide\" aria-label=\"2 sur 6\"><figure class=\"swiper-slide-inner\"><img decoding=\"async\" class=\"swiper-slide-image\" src=\"https:\/\/drcinik.com\/wp-content\/uploads\/2023\/11\/katilim-emeklilik.png\" alt=\"kat\u0131l\u0131m-emeklilik\" \/><\/figure><\/div><div class=\"swiper-slide\" role=\"group\" aria-roledescription=\"slide\" aria-label=\"3 sur 6\"><figure class=\"swiper-slide-inner\"><img decoding=\"async\" class=\"swiper-slide-image\" src=\"https:\/\/drcinik.com\/wp-content\/uploads\/2023\/11\/chubb-european-group.png\" alt=\"chubb-european-group\" \/><\/figure><\/div><div class=\"swiper-slide\" role=\"group\" aria-roledescription=\"slide\" aria-label=\"4 sur 6\"><figure class=\"swiper-slide-inner\"><img decoding=\"async\" class=\"swiper-slide-image\" src=\"https:\/\/drcinik.com\/wp-content\/uploads\/2023\/11\/ray-sigorta.png\" alt=\"ray-sigorta\" \/><\/figure><\/div><div class=\"swiper-slide\" role=\"group\" aria-roledescription=\"slide\" aria-label=\"5 sur 6\"><figure class=\"swiper-slide-inner\"><img decoding=\"async\" class=\"swiper-slide-image\" src=\"https:\/\/drcinik.com\/wp-content\/uploads\/2023\/11\/ankara-sigorta.png\" alt=\"ankara-sigorta\" \/><\/figure><\/div><div class=\"swiper-slide\" role=\"group\" aria-roledescription=\"slide\" aria-label=\"6 sur 6\"><figure class=\"swiper-slide-inner\"><img decoding=\"async\" class=\"swiper-slide-image\" src=\"https:\/\/drcinik.com\/wp-content\/uploads\/2023\/11\/turkiye-sigorta.png\" alt=\"turkiye-sigorta\" \/><\/figure><\/div>\t\t\t<\/div>\n\t\t\t\t\t\t\t\t\t\t\t\t<div class=\"elementor-swiper-button elementor-swiper-button-prev\" role=\"button\" tabindex=\"0\">\n\t\t\t\t\t\t<svg aria-hidden=\"true\" class=\"e-font-icon-svg e-eicon-chevron-left\" viewBox=\"0 0 1000 1000\" xmlns=\"http:\/\/www.w3.org\/2000\/svg\"><path d=\"M646 125C629 125 613 133 604 142L308 442C296 454 292 471 292 487 292 504 296 521 308 533L604 854C617 867 629 875 646 875 663 875 679 871 692 858 704 846 713 829 713 812 713 796 708 779 692 767L438 487 692 225C700 217 708 204 708 187 708 171 704 154 692 142 675 129 663 125 646 125Z\"><\/path><\/svg>\t\t\t\t\t<\/div>\n\t\t\t\t\t<div class=\"elementor-swiper-button elementor-swiper-button-next\" role=\"button\" tabindex=\"0\">\n\t\t\t\t\t\t<svg aria-hidden=\"true\" class=\"e-font-icon-svg e-eicon-chevron-right\" viewBox=\"0 0 1000 1000\" xmlns=\"http:\/\/www.w3.org\/2000\/svg\"><path d=\"M696 533C708 521 713 504 713 487 713 471 708 454 696 446L400 146C388 133 375 125 354 125 338 125 325 129 313 142 300 154 292 171 292 187 292 204 296 221 308 233L563 492 304 771C292 783 288 800 288 817 288 833 296 850 308 863 321 871 338 875 354 875 371 875 388 867 400 854L696 533Z\"><\/path><\/svg>\t\t\t\t\t<\/div>\n\t\t\t\t\n\t\t\t\t\t\t\t\t\t<div class=\"swiper-pagination\"><\/div>\n\t\t\t\t\t\t\t\t\t<\/div>\n\t\t\t\t\t\t<\/div>\n\t\t\t\t<div class=\"elementor-element elementor-element-4c98b431 elementor-widget elementor-widget-html\" data-id=\"4c98b431\" data-element_type=\"widget\" data-widget_type=\"html.default\">\n\t\t\t\t\t<style>\r\n  .sticky-button {\r\n      position: fixed;\r\n      right: 0;\r\n      top: 50%;\r\n      transform: translateY(-50%);\r\n      background-color: #4069FF;\r\n      color: white !important; \/* Added !important to ensure this overrides any other style *\/\r\n      padding: 15px;\r\n      font-size: 14px;\r\n      font-weight: bold;\r\n      text-decoration: none;\r\n      writing-mode: vertical-rl;\r\n      text-align: center;\r\n      border-top-left-radius: 10px;\r\n      border-bottom-left-radius: 10px;\r\n      box-shadow: -2px 2px 10px rgba(0, 0, 0, 0.3);\r\n      cursor: pointer;\r\n      display: block;\r\n      z-index: 999;\r\n      transition: background-color 0.3s ease;\r\n  }\r\n  \r\n  \/* Added an inline style to the anchor tag as well *\/\r\n  #consultation-button {\r\n      color: white !important;\r\n  }\r\n  \r\n  .sticky-button:hover {\r\n      background-color: #2f52d6;\r\n      color: white !important; \/* Ensure color stays white on hover *\/\r\n  }\r\n  \r\n  \/* Hide on mobile devices *\/\r\n  @media screen and (max-width: 767px) {\r\n      .sticky-button {\r\n          display: none;\r\n      }\r\n  }\r\n<\/style>\r\n<a id=\"consultation-button\" class=\"sticky-button\" onclick=\"openElementorPopup()\" style=\"color: white !important;\">OBTENEZ UNE CONSULTATION GRATUITE<\/a>\r\n<script>\r\nfunction openElementorPopup() {\r\n    \/\/ Prevent default anchor behavior\r\n    event.preventDefault();\r\n    \r\n    \/\/ Try to open the Elementor popup with the template ID 19448\r\n    try {\r\n        \/\/ First method - try using the Elementor frontend directly\r\n        if (typeof elementorFrontend !== 'undefined' && elementorFrontend.documentsManager) {\r\n            elementorFrontend.documentsManager.documents[19448].showModal();\r\n        } \r\n        \/\/ Second method - using jQuery and elementorProFrontend\r\n        else if (typeof jQuery !== 'undefined' && typeof elementorProFrontend !== 'undefined') {\r\n            jQuery(document).ready(function($) {\r\n                elementorProFrontend.modules.popup.showPopup({ id: 19448 });\r\n            });\r\n        }\r\n        \/\/ Third method - direct trigger for template\r\n        else {\r\n            jQuery(document).ready(function($) {\r\n                $('[data-elementor-type=\"popup\"][data-elementor-id=\"19448\"]').each(function() {\r\n                    if (typeof elementorFrontend !== 'undefined') {\r\n                        elementorFrontend.elementsHandler.runReadyTrigger($(this));\r\n                    }\r\n                });\r\n                if (typeof elementorProFrontend !== 'undefined') {\r\n                    elementorProFrontend.modules.popup.showPopup({ id: 19448 });\r\n                }\r\n            });\r\n        }\r\n    } catch (error) {\r\n        console.error(\"Error opening Elementor popup:\", error);\r\n    }\r\n}\r\n<\/script>\t\t\t\t<\/div>\n\t\t\t\t<\/div>\n\t\t\t\t\t<\/div>\n\t\t\t\t<\/div>\n\t\t\t\t<\/div>\n\t\t","protected":false},"excerpt":{"rendered":"<p>Dr. Erol Consultation gratuite Nom : Erol Date d\u2019obtention du dipl\u00f4me en m\u00e9decine : 1995 Universit\u00e9 de dipl\u00f4me : Universit\u00e9 d\u2019Istanbul \/ Turquie Langues : Turc, Anglais Sp\u00e9cialisations M\u00e9decine esth\u00e9tique Botox Injections de produits de comblement (derma filler) M\u00e9soth\u00e9rapie Certificats &amp; S\u00e9minaires Certificat de Praticien en M\u00e9decine Esth\u00e9tique d\u00e9livr\u00e9 par le Minist\u00e8re de la Sant\u00e9 [&hellip;]<\/p>\n","protected":false},"author":11,"featured_media":0,"parent":24443,"menu_order":0,"comment_status":"closed","ping_status":"closed","template":"elementor_header_footer","meta":{"_acf_changed":false,"inline_featured_image":false,"footnotes":""},"class_list":["post-25853","page","type-page","status-publish","hentry"],"acf":[],"yoast_head":"<!-- This site is optimized with the Yoast SEO Premium plugin v26.2 (Yoast SEO v27.4) - https:\/\/yoast.com\/product\/yoast-seo-premium-wordpress\/ -->\n<title>Erol - DR. CINIK<\/title>\n<meta name=\"robots\" content=\"index, follow, max-snippet:-1, max-image-preview:large, max-video-preview:-1\" \/>\n<link rel=\"canonical\" href=\"http:\/\/drcinik.com\/fr\/nos-medecins\/erol\/\" \/>\n<meta property=\"og:locale\" content=\"fr_FR\" \/>\n<meta property=\"og:type\" content=\"article\" \/>\n<meta property=\"og:title\" content=\"Erol\" \/>\n<meta property=\"og:description\" content=\"Dr. Erol Consultation gratuite Nom : Erol Date d\u2019obtention du dipl\u00f4me en m\u00e9decine : 1995 Universit\u00e9 de dipl\u00f4me : Universit\u00e9 d\u2019Istanbul \/ Turquie Langues : Turc, Anglais Sp\u00e9cialisations M\u00e9decine esth\u00e9tique Botox Injections de produits de comblement (derma filler) M\u00e9soth\u00e9rapie Certificats &amp; S\u00e9minaires Certificat de Praticien en M\u00e9decine Esth\u00e9tique d\u00e9livr\u00e9 par le Minist\u00e8re de la Sant\u00e9 [&hellip;]\" \/>\n<meta property=\"og:url\" content=\"http:\/\/drcinik.com\/fr\/nos-medecins\/erol\/\" \/>\n<meta property=\"og:site_name\" content=\"DR. CINIK\" \/>\n<meta property=\"article:publisher\" content=\"https:\/\/facebook.com\/drcinikcom\" \/>\n<meta property=\"article:modified_time\" content=\"2025-07-22T15:17:19+00:00\" \/>\n<meta property=\"og:image\" content=\"https:\/\/drcinik.com\/wp-content\/uploads\/2025\/03\/erol-bulut-01.jpg\" \/>\n\t<meta property=\"og:image:width\" content=\"350\" \/>\n\t<meta property=\"og:image:height\" content=\"400\" \/>\n\t<meta property=\"og:image:type\" content=\"image\/jpeg\" \/>\n<meta name=\"twitter:card\" content=\"summary_large_image\" \/>\n<meta name=\"twitter:site\" content=\"@drcinikofficial\" \/>\n<script type=\"application\/ld+json\" class=\"yoast-schema-graph\">{\"@context\":\"https:\\\/\\\/schema.org\",\"@graph\":[{\"@type\":\"WebPage\",\"@id\":\"http:\\\/\\\/drcinik.com\\\/fr\\\/nos-medecins\\\/erol\\\/\",\"url\":\"http:\\\/\\\/drcinik.com\\\/fr\\\/nos-medecins\\\/erol\\\/\",\"name\":\"Erol - DR. CINIK\",\"isPartOf\":{\"@id\":\"https:\\\/\\\/drcinik.com\\\/fr\\\/#website\"},\"primaryImageOfPage\":{\"@id\":\"http:\\\/\\\/drcinik.com\\\/fr\\\/nos-medecins\\\/erol\\\/#primaryimage\"},\"image\":{\"@id\":\"http:\\\/\\\/drcinik.com\\\/fr\\\/nos-medecins\\\/erol\\\/#primaryimage\"},\"thumbnailUrl\":\"http:\\\/\\\/drcinik.com\\\/wp-content\\\/uploads\\\/2025\\\/03\\\/erol-bulut-01.jpg\",\"datePublished\":\"2025-05-02T07:25:03+00:00\",\"dateModified\":\"2025-07-22T15:17:19+00:00\",\"breadcrumb\":{\"@id\":\"http:\\\/\\\/drcinik.com\\\/fr\\\/nos-medecins\\\/erol\\\/#breadcrumb\"},\"inLanguage\":\"fr-FR\",\"potentialAction\":[{\"@type\":\"ReadAction\",\"target\":[\"http:\\\/\\\/drcinik.com\\\/fr\\\/nos-medecins\\\/erol\\\/\"]}]},{\"@type\":\"ImageObject\",\"inLanguage\":\"fr-FR\",\"@id\":\"http:\\\/\\\/drcinik.com\\\/fr\\\/nos-medecins\\\/erol\\\/#primaryimage\",\"url\":\"http:\\\/\\\/drcinik.com\\\/wp-content\\\/uploads\\\/2025\\\/03\\\/erol-bulut-01.jpg\",\"contentUrl\":\"http:\\\/\\\/drcinik.com\\\/wp-content\\\/uploads\\\/2025\\\/03\\\/erol-bulut-01.jpg\"},{\"@type\":\"BreadcrumbList\",\"@id\":\"http:\\\/\\\/drcinik.com\\\/fr\\\/nos-medecins\\\/erol\\\/#breadcrumb\",\"itemListElement\":[{\"@type\":\"ListItem\",\"position\":1,\"name\":\"Anasayfa\",\"item\":\"https:\\\/\\\/drcinik.com\\\/tr\\\/\"},{\"@type\":\"ListItem\",\"position\":2,\"name\":\"Nos M\u00e9decins\",\"item\":\"http:\\\/\\\/drcinik.com\\\/fr\\\/nos-medecins\\\/\"},{\"@type\":\"ListItem\",\"position\":3,\"name\":\"Erol\"}]},{\"@type\":\"WebSite\",\"@id\":\"https:\\\/\\\/drcinik.com\\\/fr\\\/#website\",\"url\":\"https:\\\/\\\/drcinik.com\\\/fr\\\/\",\"name\":\"DR. CINIK\",\"description\":\"\u00d6zel T\u0131p Merkezi\",\"publisher\":{\"@id\":\"https:\\\/\\\/drcinik.com\\\/fr\\\/#organization\"},\"potentialAction\":[{\"@type\":\"SearchAction\",\"target\":{\"@type\":\"EntryPoint\",\"urlTemplate\":\"https:\\\/\\\/drcinik.com\\\/fr\\\/?s={search_term_string}\"},\"query-input\":{\"@type\":\"PropertyValueSpecification\",\"valueRequired\":true,\"valueName\":\"search_term_string\"}}],\"inLanguage\":\"fr-FR\"},{\"@type\":\"Organization\",\"@id\":\"https:\\\/\\\/drcinik.com\\\/fr\\\/#organization\",\"name\":\"DR. CINIK\",\"url\":\"https:\\\/\\\/drcinik.com\\\/fr\\\/\",\"logo\":{\"@type\":\"ImageObject\",\"inLanguage\":\"fr-FR\",\"@id\":\"https:\\\/\\\/drcinik.com\\\/fr\\\/#\\\/schema\\\/logo\\\/image\\\/\",\"url\":\"https:\\\/\\\/drcinik.com\\\/wp-content\\\/uploads\\\/2023\\\/07\\\/logo.svg\",\"contentUrl\":\"https:\\\/\\\/drcinik.com\\\/wp-content\\\/uploads\\\/2023\\\/07\\\/logo.svg\",\"width\":\"1024\",\"height\":\"1024\",\"caption\":\"DR. CINIK\"},\"image\":{\"@id\":\"https:\\\/\\\/drcinik.com\\\/fr\\\/#\\\/schema\\\/logo\\\/image\\\/\"},\"sameAs\":[\"https:\\\/\\\/facebook.com\\\/drcinikcom\",\"https:\\\/\\\/x.com\\\/drcinikofficial\",\"https:\\\/\\\/instagram.com\\\/dr.cinikhospital\",\"https:\\\/\\\/youtube.com\\\/@emrahcinik\",\"https:\\\/\\\/tiktok.com\\\/@dremrahcinik\"],\"email\":\"info@drcinik.com\",\"telephone\":\"+90 549 641 37 01\",\"legalName\":\"Erc Turizm Sa\u011fl\u0131k Hizmetleri Tic. Ltd. \u015eti.\",\"numberOfEmployees\":{\"@type\":\"QuantitativeValue\",\"minValue\":\"51\",\"maxValue\":\"200\"}}]}<\/script>\n<!-- \/ Yoast SEO Premium plugin. -->","yoast_head_json":{"title":"Erol - DR. CINIK","robots":{"index":"index","follow":"follow","max-snippet":"max-snippet:-1","max-image-preview":"max-image-preview:large","max-video-preview":"max-video-preview:-1"},"canonical":"http:\/\/drcinik.com\/fr\/nos-medecins\/erol\/","og_locale":"fr_FR","og_type":"article","og_title":"Erol","og_description":"Dr. Erol Consultation gratuite Nom : Erol Date d\u2019obtention du dipl\u00f4me en m\u00e9decine : 1995 Universit\u00e9 de dipl\u00f4me : Universit\u00e9 d\u2019Istanbul \/ Turquie Langues : Turc, Anglais Sp\u00e9cialisations M\u00e9decine esth\u00e9tique Botox Injections de produits de comblement (derma filler) M\u00e9soth\u00e9rapie Certificats &amp; S\u00e9minaires Certificat de Praticien en M\u00e9decine Esth\u00e9tique d\u00e9livr\u00e9 par le Minist\u00e8re de la Sant\u00e9 [&hellip;]","og_url":"http:\/\/drcinik.com\/fr\/nos-medecins\/erol\/","og_site_name":"DR. CINIK","article_publisher":"https:\/\/facebook.com\/drcinikcom","article_modified_time":"2025-07-22T15:17:19+00:00","og_image":[{"width":350,"height":400,"url":"https:\/\/drcinik.com\/wp-content\/uploads\/2025\/03\/erol-bulut-01.jpg","type":"image\/jpeg"}],"twitter_card":"summary_large_image","twitter_site":"@drcinikofficial","schema":{"@context":"https:\/\/schema.org","@graph":[{"@type":"WebPage","@id":"http:\/\/drcinik.com\/fr\/nos-medecins\/erol\/","url":"http:\/\/drcinik.com\/fr\/nos-medecins\/erol\/","name":"Erol - DR. CINIK","isPartOf":{"@id":"https:\/\/drcinik.com\/fr\/#website"},"primaryImageOfPage":{"@id":"http:\/\/drcinik.com\/fr\/nos-medecins\/erol\/#primaryimage"},"image":{"@id":"http:\/\/drcinik.com\/fr\/nos-medecins\/erol\/#primaryimage"},"thumbnailUrl":"http:\/\/drcinik.com\/wp-content\/uploads\/2025\/03\/erol-bulut-01.jpg","datePublished":"2025-05-02T07:25:03+00:00","dateModified":"2025-07-22T15:17:19+00:00","breadcrumb":{"@id":"http:\/\/drcinik.com\/fr\/nos-medecins\/erol\/#breadcrumb"},"inLanguage":"fr-FR","potentialAction":[{"@type":"ReadAction","target":["http:\/\/drcinik.com\/fr\/nos-medecins\/erol\/"]}]},{"@type":"ImageObject","inLanguage":"fr-FR","@id":"http:\/\/drcinik.com\/fr\/nos-medecins\/erol\/#primaryimage","url":"http:\/\/drcinik.com\/wp-content\/uploads\/2025\/03\/erol-bulut-01.jpg","contentUrl":"http:\/\/drcinik.com\/wp-content\/uploads\/2025\/03\/erol-bulut-01.jpg"},{"@type":"BreadcrumbList","@id":"http:\/\/drcinik.com\/fr\/nos-medecins\/erol\/#breadcrumb","itemListElement":[{"@type":"ListItem","position":1,"name":"Anasayfa","item":"https:\/\/drcinik.com\/tr\/"},{"@type":"ListItem","position":2,"name":"Nos M\u00e9decins","item":"http:\/\/drcinik.com\/fr\/nos-medecins\/"},{"@type":"ListItem","position":3,"name":"Erol"}]},{"@type":"WebSite","@id":"https:\/\/drcinik.com\/fr\/#website","url":"https:\/\/drcinik.com\/fr\/","name":"DR. CINIK","description":"\u00d6zel T\u0131p Merkezi","publisher":{"@id":"https:\/\/drcinik.com\/fr\/#organization"},"potentialAction":[{"@type":"SearchAction","target":{"@type":"EntryPoint","urlTemplate":"https:\/\/drcinik.com\/fr\/?s={search_term_string}"},"query-input":{"@type":"PropertyValueSpecification","valueRequired":true,"valueName":"search_term_string"}}],"inLanguage":"fr-FR"},{"@type":"Organization","@id":"https:\/\/drcinik.com\/fr\/#organization","name":"DR. CINIK","url":"https:\/\/drcinik.com\/fr\/","logo":{"@type":"ImageObject","inLanguage":"fr-FR","@id":"https:\/\/drcinik.com\/fr\/#\/schema\/logo\/image\/","url":"https:\/\/drcinik.com\/wp-content\/uploads\/2023\/07\/logo.svg","contentUrl":"https:\/\/drcinik.com\/wp-content\/uploads\/2023\/07\/logo.svg","width":"1024","height":"1024","caption":"DR. CINIK"},"image":{"@id":"https:\/\/drcinik.com\/fr\/#\/schema\/logo\/image\/"},"sameAs":["https:\/\/facebook.com\/drcinikcom","https:\/\/x.com\/drcinikofficial","https:\/\/instagram.com\/dr.cinikhospital","https:\/\/youtube.com\/@emrahcinik","https:\/\/tiktok.com\/@dremrahcinik"],"email":"info@drcinik.com","telephone":"+90 549 641 37 01","legalName":"Erc Turizm Sa\u011fl\u0131k Hizmetleri Tic. Ltd. \u015eti.","numberOfEmployees":{"@type":"QuantitativeValue","minValue":"51","maxValue":"200"}}]}},"_links":{"self":[{"href":"https:\/\/drcinik.com\/fr\/wp-json\/wp\/v2\/pages\/25853","targetHints":{"allow":["GET"]}}],"collection":[{"href":"https:\/\/drcinik.com\/fr\/wp-json\/wp\/v2\/pages"}],"about":[{"href":"https:\/\/drcinik.com\/fr\/wp-json\/wp\/v2\/types\/page"}],"author":[{"embeddable":true,"href":"https:\/\/drcinik.com\/fr\/wp-json\/wp\/v2\/users\/11"}],"replies":[{"embeddable":true,"href":"https:\/\/drcinik.com\/fr\/wp-json\/wp\/v2\/comments?post=25853"}],"version-history":[{"count":0,"href":"https:\/\/drcinik.com\/fr\/wp-json\/wp\/v2\/pages\/25853\/revisions"}],"up":[{"embeddable":true,"href":"https:\/\/drcinik.com\/fr\/wp-json\/wp\/v2\/pages\/24443"}],"wp:attachment":[{"href":"https:\/\/drcinik.com\/fr\/wp-json\/wp\/v2\/media?parent=25853"}],"curies":[{"name":"wp","href":"https:\/\/api.w.org\/{rel}","templated":true}]}}