{"id":26103,"date":"2025-05-02T11:03:26","date_gmt":"2025-05-02T08:03:26","guid":{"rendered":"https:\/\/drcinik.com\/?page_id=26103"},"modified":"2025-07-22T18:18:49","modified_gmt":"2025-07-22T15:18:49","slug":"tugba","status":"publish","type":"page","link":"http:\/\/drcinik.com\/fr\/nos-medecins\/tugba\/","title":{"rendered":"Tu\u011fba"},"content":{"rendered":"\t\t<div data-elementor-type=\"wp-page\" data-elementor-id=\"26103\" class=\"elementor elementor-26103 elementor-20712\" data-elementor-post-type=\"page\">\n\t\t\t\t<div class=\"elementor-element elementor-element-3aa1f112 e-flex e-con-boxed e-con e-parent\" data-id=\"3aa1f112\" data-element_type=\"container\" data-settings=\"{&quot;background_background&quot;:&quot;classic&quot;}\">\n\t\t\t\t\t<div class=\"e-con-inner\">\n\t\t<div class=\"elementor-element elementor-element-5a059976 e-con-full e-flex e-con e-child\" data-id=\"5a059976\" data-element_type=\"container\" data-settings=\"{&quot;background_background&quot;:&quot;classic&quot;}\">\n\t\t\t\t<div class=\"elementor-element elementor-element-3033bc64 elementor-widget elementor-widget-heading\" data-id=\"3033bc64\" data-element_type=\"widget\" data-widget_type=\"heading.default\">\n\t\t\t\t\t<h1 class=\"elementor-heading-title elementor-size-default\">Dr. Tu\u011fba\n<\/h1>\t\t\t\t<\/div>\n\t\t\t\t<\/div>\n\t\t\t\t\t<\/div>\n\t\t\t\t<\/div>\n\t\t<div class=\"elementor-element elementor-element-66d566be e-flex e-con-boxed e-con e-parent\" data-id=\"66d566be\" data-element_type=\"container\" data-settings=\"{&quot;background_background&quot;:&quot;classic&quot;}\">\n\t\t\t\t\t<div class=\"e-con-inner\">\n\t\t<div class=\"elementor-element elementor-element-507d9a78 e-con-full e-flex e-con e-child\" data-id=\"507d9a78\" data-element_type=\"container\">\n\t\t<div class=\"elementor-element elementor-element-5bdba625 e-con-full e-flex e-con e-child\" data-id=\"5bdba625\" data-element_type=\"container\">\n\t\t\t\t<div class=\"elementor-element elementor-element-70f2e353 elementor-widget elementor-widget-image\" data-id=\"70f2e353\" data-element_type=\"widget\" data-widget_type=\"image.default\">\n\t\t\t\t\t\t\t\t\t\t\t\t\t\t\t<img fetchpriority=\"high\" decoding=\"async\" width=\"350\" height=\"400\" src=\"https:\/\/drcinik.com\/wp-content\/uploads\/2025\/02\/tugba_alkan.jpg\" class=\"attachment-large size-large wp-image-10358\" alt=\"\" srcset=\"https:\/\/drcinik.com\/wp-content\/uploads\/2025\/02\/tugba_alkan.jpg 350w, https:\/\/drcinik.com\/wp-content\/uploads\/2025\/02\/tugba_alkan-263x300.jpg 263w\" sizes=\"(max-width: 350px) 100vw, 350px\" \/>\t\t\t\t\t\t\t\t\t\t\t\t\t\t\t<\/div>\n\t\t\t\t<\/div>\n\t\t<div class=\"elementor-element elementor-element-f017fc6 e-con-full e-flex e-con e-child\" data-id=\"f017fc6\" data-element_type=\"container\">\n\t\t\t\t<div class=\"elementor-element elementor-element-43ed88b2 elementor-mobile-align-center elementor-align-center elementor-widget elementor-widget-button\" data-id=\"43ed88b2\" data-element_type=\"widget\" data-widget_type=\"button.default\">\n\t\t\t\t\t\t\t\t\t\t<a class=\"elementor-button elementor-button-link elementor-size-sm\" href=\"#elementor-action%3Aaction%3Dpopup%3Aopen%26settings%3DeyJpZCI6MzIxNDYsInRvZ2dsZSI6ZmFsc2V9\">\n\t\t\t\t\t\t<span class=\"elementor-button-content-wrapper\">\n\t\t\t\t\t\t<span class=\"elementor-button-icon\">\n\t\t\t\t<svg aria-hidden=\"true\" class=\"e-font-icon-svg e-far-paper-plane\" viewBox=\"0 0 512 512\" xmlns=\"http:\/\/www.w3.org\/2000\/svg\"><path d=\"M440 6.5L24 246.4c-34.4 19.9-31.1 70.8 5.7 85.9L144 379.6V464c0 46.4 59.2 65.5 86.6 28.6l43.8-59.1 111.9 46.2c5.9 2.4 12.1 3.6 18.3 3.6 8.2 0 16.3-2.1 23.6-6.2 12.8-7.2 21.6-20 23.9-34.5l59.4-387.2c6.1-40.1-36.9-68.8-71.5-48.9zM192 464v-64.6l36.6 15.1L192 464zm212.6-28.7l-153.8-63.5L391 169.5c10.7-15.5-9.5-33.5-23.7-21.2L155.8 332.6 48 288 464 48l-59.4 387.3z\"><\/path><\/svg>\t\t\t<\/span>\n\t\t\t\t\t\t\t\t\t<span class=\"elementor-button-text\">OBTENEZ UNE CONSULTATION GRATUITE<\/span>\n\t\t\t\t\t<\/span>\n\t\t\t\t\t<\/a>\n\t\t\t\t\t\t\t\t<\/div>\n\t\t\t\t<\/div>\n\t\t\t\t<\/div>\n\t\t<div class=\"elementor-element elementor-element-203ea306 e-con-full e-flex e-con e-child\" data-id=\"203ea306\" data-element_type=\"container\">\n\t\t\t\t<div class=\"elementor-element elementor-element-3330a589 elementor-widget elementor-widget-text-editor\" data-id=\"3330a589\" data-element_type=\"widget\" data-widget_type=\"text-editor.default\">\n\t\t\t\t\t\t\t\t\t<p><b>Nom :<\/b><span style=\"font-weight: 400;\"> Tu\u011fba<br \/><\/span><span style=\"font-weight: 400;\"><br \/><\/span><b>Date d&rsquo;obtention du dipl\u00f4me de m\u00e9decine (ann\u00e9e) :<\/b><span style=\"font-weight: 400;\"> 2017<br \/><\/span><span style=\"font-weight: 400;\"><br \/><\/span><b>Universit\u00e9 de dipl\u00f4me :<\/b><span style=\"font-weight: 400;\"> Universit\u00e9 Gazi, Facult\u00e9 de M\u00e9decine Dentaire \/ Turquie<br \/><\/span><span style=\"font-weight: 400;\"><br \/><\/span><b>Langues :<\/b><span style=\"font-weight: 400;\"> Turc, Anglais<\/span><\/p>\t\t\t\t\t\t\t\t<\/div>\n\t\t\t\t<div class=\"elementor-element elementor-element-cd31d7e elementor-widget elementor-widget-text-editor\" data-id=\"cd31d7e\" data-element_type=\"widget\" data-widget_type=\"text-editor.default\">\n\t\t\t\t\t\t\t\t\t<h3><b>Formations et certifications<\/b><\/h3>\n<ol>\n<li style=\"font-weight: 400\"><span style=\"font-weight: 400\">Formation sur les proth\u00e8ses sur implants \u2013 2020<\/span><\/li>\n<li style=\"font-weight: 400\"><span style=\"font-weight: 400\">Formation de base en implantologie \u2013 2020<\/span><\/li>\n<li style=\"font-weight: 400\"><span style=\"font-weight: 400\">Facettes esth\u00e9tiques en porcelaine \u2013 2021<\/span><\/li>\n<li style=\"font-weight: 400\"><span style=\"font-weight: 400\">Dr. \u00d6zg\u00fcr Bultan \u2013 Proth\u00e8ses sur implants \u2013 2023<\/span><\/li>\n<\/ol>\t\t\t\t\t\t\t\t<\/div>\n\t\t\t\t<div class=\"elementor-element elementor-element-c8aacad elementor-widget elementor-widget-text-editor\" data-id=\"c8aacad\" data-element_type=\"widget\" data-widget_type=\"text-editor.default\">\n\t\t\t\t\t\t\t\t\t<h3><b>Adh\u00e9sions et associations<\/b><\/h3>\n<ol>\n<li><span style=\"font-weight: 400\">Association Dentaire Turque (TDB)<\/span><\/li>\n<\/ol>\t\t\t\t\t\t\t\t<\/div>\n\t\t\t\t<\/div>\n\t\t\t\t\t<\/div>\n\t\t\t\t<\/div>\n\t\t<div class=\"elementor-element elementor-element-dc17828 e-flex e-con-boxed e-con e-parent\" data-id=\"dc17828\" data-element_type=\"container\" data-settings=\"{&quot;background_background&quot;:&quot;classic&quot;}\">\n\t\t\t\t\t<div class=\"e-con-inner\">\n\t\t<div class=\"elementor-element elementor-element-7199b20 e-con-full e-flex e-con e-child\" data-id=\"7199b20\" data-element_type=\"container\">\n\t\t\t\t<div class=\"elementor-element elementor-element-68b61963 elementor-arrows-position-outside elementor-pagination-position-outside elementor-widget elementor-widget-image-carousel\" data-id=\"68b61963\" data-element_type=\"widget\" data-settings=\"{&quot;slides_to_show&quot;:&quot;5&quot;,&quot;image_spacing_custom&quot;:{&quot;unit&quot;:&quot;px&quot;,&quot;size&quot;:&quot;59&quot;,&quot;sizes&quot;:[]},&quot;slides_to_scroll&quot;:&quot;6&quot;,&quot;image_spacing_custom_mobile&quot;:{&quot;unit&quot;:&quot;px&quot;,&quot;size&quot;:&quot;68&quot;,&quot;sizes&quot;:[]},&quot;slides_to_show_mobile&quot;:&quot;2&quot;,&quot;slides_to_scroll_mobile&quot;:&quot;4&quot;,&quot;navigation&quot;:&quot;both&quot;,&quot;autoplay&quot;:&quot;yes&quot;,&quot;pause_on_hover&quot;:&quot;yes&quot;,&quot;pause_on_interaction&quot;:&quot;yes&quot;,&quot;autoplay_speed&quot;:5000,&quot;infinite&quot;:&quot;yes&quot;,&quot;speed&quot;:500,&quot;image_spacing_custom_tablet&quot;:{&quot;unit&quot;:&quot;px&quot;,&quot;size&quot;:&quot;&quot;,&quot;sizes&quot;:[]}}\" data-widget_type=\"image-carousel.default\">\n\t\t\t\t\t\t\t<div class=\"elementor-image-carousel-wrapper swiper\" role=\"region\" aria-roledescription=\"carousel\" aria-label=\"Image Carousel\" dir=\"ltr\">\n\t\t\t<div class=\"elementor-image-carousel swiper-wrapper\" aria-live=\"off\">\n\t\t\t\t\t\t\t\t<div class=\"swiper-slide\" role=\"group\" aria-roledescription=\"slide\" aria-label=\"1 sur 6\"><figure class=\"swiper-slide-inner\"><img decoding=\"async\" class=\"swiper-slide-image\" src=\"https:\/\/drcinik.com\/wp-content\/uploads\/2023\/11\/zurich-sigorta.png\" alt=\"zurich-sigorta\" \/><\/figure><\/div><div class=\"swiper-slide\" role=\"group\" aria-roledescription=\"slide\" aria-label=\"2 sur 6\"><figure class=\"swiper-slide-inner\"><img decoding=\"async\" class=\"swiper-slide-image\" src=\"https:\/\/drcinik.com\/wp-content\/uploads\/2023\/11\/katilim-emeklilik.png\" alt=\"kat\u0131l\u0131m-emeklilik\" \/><\/figure><\/div><div class=\"swiper-slide\" role=\"group\" aria-roledescription=\"slide\" aria-label=\"3 sur 6\"><figure class=\"swiper-slide-inner\"><img decoding=\"async\" class=\"swiper-slide-image\" src=\"https:\/\/drcinik.com\/wp-content\/uploads\/2023\/11\/chubb-european-group.png\" alt=\"chubb-european-group\" \/><\/figure><\/div><div class=\"swiper-slide\" role=\"group\" aria-roledescription=\"slide\" aria-label=\"4 sur 6\"><figure class=\"swiper-slide-inner\"><img decoding=\"async\" class=\"swiper-slide-image\" src=\"https:\/\/drcinik.com\/wp-content\/uploads\/2023\/11\/ray-sigorta.png\" alt=\"ray-sigorta\" \/><\/figure><\/div><div class=\"swiper-slide\" role=\"group\" aria-roledescription=\"slide\" aria-label=\"5 sur 6\"><figure class=\"swiper-slide-inner\"><img decoding=\"async\" class=\"swiper-slide-image\" src=\"https:\/\/drcinik.com\/wp-content\/uploads\/2023\/11\/ankara-sigorta.png\" alt=\"ankara-sigorta\" \/><\/figure><\/div><div class=\"swiper-slide\" role=\"group\" aria-roledescription=\"slide\" aria-label=\"6 sur 6\"><figure class=\"swiper-slide-inner\"><img decoding=\"async\" class=\"swiper-slide-image\" src=\"https:\/\/drcinik.com\/wp-content\/uploads\/2023\/11\/turkiye-sigorta.png\" alt=\"turkiye-sigorta\" \/><\/figure><\/div>\t\t\t<\/div>\n\t\t\t\t\t\t\t\t\t\t\t\t<div class=\"elementor-swiper-button elementor-swiper-button-prev\" role=\"button\" tabindex=\"0\">\n\t\t\t\t\t\t<svg aria-hidden=\"true\" class=\"e-font-icon-svg e-eicon-chevron-left\" viewBox=\"0 0 1000 1000\" xmlns=\"http:\/\/www.w3.org\/2000\/svg\"><path d=\"M646 125C629 125 613 133 604 142L308 442C296 454 292 471 292 487 292 504 296 521 308 533L604 854C617 867 629 875 646 875 663 875 679 871 692 858 704 846 713 829 713 812 713 796 708 779 692 767L438 487 692 225C700 217 708 204 708 187 708 171 704 154 692 142 675 129 663 125 646 125Z\"><\/path><\/svg>\t\t\t\t\t<\/div>\n\t\t\t\t\t<div class=\"elementor-swiper-button elementor-swiper-button-next\" role=\"button\" tabindex=\"0\">\n\t\t\t\t\t\t<svg aria-hidden=\"true\" class=\"e-font-icon-svg e-eicon-chevron-right\" viewBox=\"0 0 1000 1000\" xmlns=\"http:\/\/www.w3.org\/2000\/svg\"><path d=\"M696 533C708 521 713 504 713 487 713 471 708 454 696 446L400 146C388 133 375 125 354 125 338 125 325 129 313 142 300 154 292 171 292 187 292 204 296 221 308 233L563 492 304 771C292 783 288 800 288 817 288 833 296 850 308 863 321 871 338 875 354 875 371 875 388 867 400 854L696 533Z\"><\/path><\/svg>\t\t\t\t\t<\/div>\n\t\t\t\t\n\t\t\t\t\t\t\t\t\t<div class=\"swiper-pagination\"><\/div>\n\t\t\t\t\t\t\t\t\t<\/div>\n\t\t\t\t\t\t<\/div>\n\t\t\t\t<div class=\"elementor-element elementor-element-5fe2c7e6 elementor-widget elementor-widget-html\" data-id=\"5fe2c7e6\" data-element_type=\"widget\" data-widget_type=\"html.default\">\n\t\t\t\t\t<style>\r\n  .sticky-button {\r\n      position: fixed;\r\n      right: 0;\r\n      top: 50%;\r\n      transform: translateY(-50%);\r\n      background-color: #4069FF;\r\n      color: white !important; \/* Added !important to ensure this overrides any other style *\/\r\n      padding: 15px;\r\n      font-size: 14px;\r\n      font-weight: bold;\r\n      text-decoration: none;\r\n      writing-mode: vertical-rl;\r\n      text-align: center;\r\n      border-top-left-radius: 10px;\r\n      border-bottom-left-radius: 10px;\r\n      box-shadow: -2px 2px 10px rgba(0, 0, 0, 0.3);\r\n      cursor: pointer;\r\n      display: block;\r\n      z-index: 999;\r\n      transition: background-color 0.3s ease;\r\n  }\r\n  \r\n  \/* Added an inline style to the anchor tag as well *\/\r\n  #consultation-button {\r\n      color: white !important;\r\n  }\r\n  \r\n  .sticky-button:hover {\r\n      background-color: #2f52d6;\r\n      color: white !important; \/* Ensure color stays white on hover *\/\r\n  }\r\n  \r\n  \/* Hide on mobile devices *\/\r\n  @media screen and (max-width: 767px) {\r\n      .sticky-button {\r\n          display: none;\r\n      }\r\n  }\r\n<\/style>\r\n<a id=\"consultation-button\" class=\"sticky-button\" onclick=\"openElementorPopup()\" style=\"color: white !important;\">OBTENEZ UNE CONSULTATION GRATUITE<\/a>\r\n<script>\r\nfunction openElementorPopup() {\r\n    \/\/ Prevent default anchor behavior\r\n    event.preventDefault();\r\n    \r\n    \/\/ Try to open the Elementor popup with the template ID 19448\r\n    try {\r\n        \/\/ First method - try using the Elementor frontend directly\r\n        if (typeof elementorFrontend !== 'undefined' && elementorFrontend.documentsManager) {\r\n            elementorFrontend.documentsManager.documents[19448].showModal();\r\n        } \r\n        \/\/ Second method - using jQuery and elementorProFrontend\r\n        else if (typeof jQuery !== 'undefined' && typeof elementorProFrontend !== 'undefined') {\r\n            jQuery(document).ready(function($) {\r\n                elementorProFrontend.modules.popup.showPopup({ id: 19448 });\r\n            });\r\n        }\r\n        \/\/ Third method - direct trigger for template\r\n        else {\r\n            jQuery(document).ready(function($) {\r\n                $('[data-elementor-type=\"popup\"][data-elementor-id=\"19448\"]').each(function() {\r\n                    if (typeof elementorFrontend !== 'undefined') {\r\n                        elementorFrontend.elementsHandler.runReadyTrigger($(this));\r\n                    }\r\n                });\r\n                if (typeof elementorProFrontend !== 'undefined') {\r\n                    elementorProFrontend.modules.popup.showPopup({ id: 19448 });\r\n                }\r\n            });\r\n        }\r\n    } catch (error) {\r\n        console.error(\"Error opening Elementor popup:\", error);\r\n    }\r\n}\r\n<\/script>\t\t\t\t<\/div>\n\t\t\t\t<\/div>\n\t\t\t\t\t<\/div>\n\t\t\t\t<\/div>\n\t\t\t\t<\/div>\n\t\t","protected":false},"excerpt":{"rendered":"<p>Dr. Tu\u011fba OBTENEZ UNE CONSULTATION GRATUITE Nom : Tu\u011fba Date d&rsquo;obtention du dipl\u00f4me de m\u00e9decine (ann\u00e9e) : 2017 Universit\u00e9 de dipl\u00f4me : Universit\u00e9 Gazi, Facult\u00e9 de M\u00e9decine Dentaire \/ Turquie Langues : Turc, Anglais Formations et certifications Formation sur les proth\u00e8ses sur implants \u2013 2020 Formation de base en implantologie \u2013 2020 Facettes esth\u00e9tiques en [&hellip;]<\/p>\n","protected":false},"author":11,"featured_media":0,"parent":24443,"menu_order":0,"comment_status":"closed","ping_status":"closed","template":"elementor_header_footer","meta":{"_acf_changed":false,"inline_featured_image":false,"footnotes":""},"class_list":["post-26103","page","type-page","status-publish","hentry"],"acf":[],"yoast_head":"<!-- This site is optimized with the Yoast SEO Premium plugin v26.2 (Yoast SEO v27.4) - https:\/\/yoast.com\/product\/yoast-seo-premium-wordpress\/ -->\n<title>Tu\u011fba - DR. CINIK<\/title>\n<meta name=\"description\" content=\"D\u00e9couvrez le parcours de Tu\u011fba ALKAN en dentisterie, notamment sa formation et son expertise en proth\u00e8ses implanto-port\u00e9es.\" \/>\n<meta name=\"robots\" content=\"index, follow, max-snippet:-1, max-image-preview:large, max-video-preview:-1\" \/>\n<link rel=\"canonical\" href=\"http:\/\/drcinik.com\/fr\/nos-medecins\/tugba\/\" \/>\n<meta property=\"og:locale\" content=\"fr_FR\" \/>\n<meta property=\"og:type\" content=\"article\" \/>\n<meta property=\"og:title\" content=\"Tu\u011fba\" \/>\n<meta property=\"og:description\" content=\"D\u00e9couvrez le parcours de Tu\u011fba ALKAN en dentisterie, notamment sa formation et son expertise en proth\u00e8ses implanto-port\u00e9es.\" \/>\n<meta property=\"og:url\" content=\"http:\/\/drcinik.com\/fr\/nos-medecins\/tugba\/\" \/>\n<meta property=\"og:site_name\" content=\"DR. CINIK\" \/>\n<meta property=\"article:publisher\" content=\"https:\/\/facebook.com\/drcinikcom\" \/>\n<meta property=\"article:modified_time\" content=\"2025-07-22T15:18:49+00:00\" \/>\n<meta property=\"og:image\" content=\"https:\/\/drcinik.com\/wp-content\/uploads\/2025\/02\/tugba_alkan.jpg\" \/>\n\t<meta property=\"og:image:width\" content=\"350\" \/>\n\t<meta property=\"og:image:height\" content=\"400\" \/>\n\t<meta property=\"og:image:type\" content=\"image\/jpeg\" \/>\n<meta name=\"twitter:card\" content=\"summary_large_image\" \/>\n<meta name=\"twitter:site\" content=\"@drcinikofficial\" \/>\n<script type=\"application\/ld+json\" class=\"yoast-schema-graph\">{\"@context\":\"https:\\\/\\\/schema.org\",\"@graph\":[{\"@type\":\"WebPage\",\"@id\":\"http:\\\/\\\/drcinik.com\\\/fr\\\/nos-medecins\\\/tugba\\\/\",\"url\":\"http:\\\/\\\/drcinik.com\\\/fr\\\/nos-medecins\\\/tugba\\\/\",\"name\":\"Tu\u011fba - DR. CINIK\",\"isPartOf\":{\"@id\":\"https:\\\/\\\/drcinik.com\\\/fr\\\/#website\"},\"primaryImageOfPage\":{\"@id\":\"http:\\\/\\\/drcinik.com\\\/fr\\\/nos-medecins\\\/tugba\\\/#primaryimage\"},\"image\":{\"@id\":\"http:\\\/\\\/drcinik.com\\\/fr\\\/nos-medecins\\\/tugba\\\/#primaryimage\"},\"thumbnailUrl\":\"http:\\\/\\\/drcinik.com\\\/wp-content\\\/uploads\\\/2025\\\/02\\\/tugba_alkan.jpg\",\"datePublished\":\"2025-05-02T08:03:26+00:00\",\"dateModified\":\"2025-07-22T15:18:49+00:00\",\"description\":\"D\u00e9couvrez le parcours de Tu\u011fba ALKAN en dentisterie, notamment sa formation et son expertise en proth\u00e8ses implanto-port\u00e9es.\",\"breadcrumb\":{\"@id\":\"http:\\\/\\\/drcinik.com\\\/fr\\\/nos-medecins\\\/tugba\\\/#breadcrumb\"},\"inLanguage\":\"fr-FR\",\"potentialAction\":[{\"@type\":\"ReadAction\",\"target\":[\"http:\\\/\\\/drcinik.com\\\/fr\\\/nos-medecins\\\/tugba\\\/\"]}]},{\"@type\":\"ImageObject\",\"inLanguage\":\"fr-FR\",\"@id\":\"http:\\\/\\\/drcinik.com\\\/fr\\\/nos-medecins\\\/tugba\\\/#primaryimage\",\"url\":\"http:\\\/\\\/drcinik.com\\\/wp-content\\\/uploads\\\/2025\\\/02\\\/tugba_alkan.jpg\",\"contentUrl\":\"http:\\\/\\\/drcinik.com\\\/wp-content\\\/uploads\\\/2025\\\/02\\\/tugba_alkan.jpg\"},{\"@type\":\"BreadcrumbList\",\"@id\":\"http:\\\/\\\/drcinik.com\\\/fr\\\/nos-medecins\\\/tugba\\\/#breadcrumb\",\"itemListElement\":[{\"@type\":\"ListItem\",\"position\":1,\"name\":\"Anasayfa\",\"item\":\"https:\\\/\\\/drcinik.com\\\/tr\\\/\"},{\"@type\":\"ListItem\",\"position\":2,\"name\":\"Nos M\u00e9decins\",\"item\":\"http:\\\/\\\/drcinik.com\\\/fr\\\/nos-medecins\\\/\"},{\"@type\":\"ListItem\",\"position\":3,\"name\":\"Tu\u011fba\"}]},{\"@type\":\"WebSite\",\"@id\":\"https:\\\/\\\/drcinik.com\\\/fr\\\/#website\",\"url\":\"https:\\\/\\\/drcinik.com\\\/fr\\\/\",\"name\":\"DR. CINIK\",\"description\":\"\u00d6zel T\u0131p Merkezi\",\"publisher\":{\"@id\":\"https:\\\/\\\/drcinik.com\\\/fr\\\/#organization\"},\"potentialAction\":[{\"@type\":\"SearchAction\",\"target\":{\"@type\":\"EntryPoint\",\"urlTemplate\":\"https:\\\/\\\/drcinik.com\\\/fr\\\/?s={search_term_string}\"},\"query-input\":{\"@type\":\"PropertyValueSpecification\",\"valueRequired\":true,\"valueName\":\"search_term_string\"}}],\"inLanguage\":\"fr-FR\"},{\"@type\":\"Organization\",\"@id\":\"https:\\\/\\\/drcinik.com\\\/fr\\\/#organization\",\"name\":\"DR. CINIK\",\"url\":\"https:\\\/\\\/drcinik.com\\\/fr\\\/\",\"logo\":{\"@type\":\"ImageObject\",\"inLanguage\":\"fr-FR\",\"@id\":\"https:\\\/\\\/drcinik.com\\\/fr\\\/#\\\/schema\\\/logo\\\/image\\\/\",\"url\":\"https:\\\/\\\/drcinik.com\\\/wp-content\\\/uploads\\\/2023\\\/07\\\/logo.svg\",\"contentUrl\":\"https:\\\/\\\/drcinik.com\\\/wp-content\\\/uploads\\\/2023\\\/07\\\/logo.svg\",\"width\":\"1024\",\"height\":\"1024\",\"caption\":\"DR. CINIK\"},\"image\":{\"@id\":\"https:\\\/\\\/drcinik.com\\\/fr\\\/#\\\/schema\\\/logo\\\/image\\\/\"},\"sameAs\":[\"https:\\\/\\\/facebook.com\\\/drcinikcom\",\"https:\\\/\\\/x.com\\\/drcinikofficial\",\"https:\\\/\\\/instagram.com\\\/dr.cinikhospital\",\"https:\\\/\\\/youtube.com\\\/@emrahcinik\",\"https:\\\/\\\/tiktok.com\\\/@dremrahcinik\"],\"email\":\"info@drcinik.com\",\"telephone\":\"+90 549 641 37 01\",\"legalName\":\"Erc Turizm Sa\u011fl\u0131k Hizmetleri Tic. Ltd. \u015eti.\",\"numberOfEmployees\":{\"@type\":\"QuantitativeValue\",\"minValue\":\"51\",\"maxValue\":\"200\"}}]}<\/script>\n<!-- \/ Yoast SEO Premium plugin. -->","yoast_head_json":{"title":"Tu\u011fba - DR. CINIK","description":"D\u00e9couvrez le parcours de Tu\u011fba ALKAN en dentisterie, notamment sa formation et son expertise en proth\u00e8ses implanto-port\u00e9es.","robots":{"index":"index","follow":"follow","max-snippet":"max-snippet:-1","max-image-preview":"max-image-preview:large","max-video-preview":"max-video-preview:-1"},"canonical":"http:\/\/drcinik.com\/fr\/nos-medecins\/tugba\/","og_locale":"fr_FR","og_type":"article","og_title":"Tu\u011fba","og_description":"D\u00e9couvrez le parcours de Tu\u011fba ALKAN en dentisterie, notamment sa formation et son expertise en proth\u00e8ses implanto-port\u00e9es.","og_url":"http:\/\/drcinik.com\/fr\/nos-medecins\/tugba\/","og_site_name":"DR. CINIK","article_publisher":"https:\/\/facebook.com\/drcinikcom","article_modified_time":"2025-07-22T15:18:49+00:00","og_image":[{"width":350,"height":400,"url":"https:\/\/drcinik.com\/wp-content\/uploads\/2025\/02\/tugba_alkan.jpg","type":"image\/jpeg"}],"twitter_card":"summary_large_image","twitter_site":"@drcinikofficial","schema":{"@context":"https:\/\/schema.org","@graph":[{"@type":"WebPage","@id":"http:\/\/drcinik.com\/fr\/nos-medecins\/tugba\/","url":"http:\/\/drcinik.com\/fr\/nos-medecins\/tugba\/","name":"Tu\u011fba - DR. CINIK","isPartOf":{"@id":"https:\/\/drcinik.com\/fr\/#website"},"primaryImageOfPage":{"@id":"http:\/\/drcinik.com\/fr\/nos-medecins\/tugba\/#primaryimage"},"image":{"@id":"http:\/\/drcinik.com\/fr\/nos-medecins\/tugba\/#primaryimage"},"thumbnailUrl":"http:\/\/drcinik.com\/wp-content\/uploads\/2025\/02\/tugba_alkan.jpg","datePublished":"2025-05-02T08:03:26+00:00","dateModified":"2025-07-22T15:18:49+00:00","description":"D\u00e9couvrez le parcours de Tu\u011fba ALKAN en dentisterie, notamment sa formation et son expertise en proth\u00e8ses implanto-port\u00e9es.","breadcrumb":{"@id":"http:\/\/drcinik.com\/fr\/nos-medecins\/tugba\/#breadcrumb"},"inLanguage":"fr-FR","potentialAction":[{"@type":"ReadAction","target":["http:\/\/drcinik.com\/fr\/nos-medecins\/tugba\/"]}]},{"@type":"ImageObject","inLanguage":"fr-FR","@id":"http:\/\/drcinik.com\/fr\/nos-medecins\/tugba\/#primaryimage","url":"http:\/\/drcinik.com\/wp-content\/uploads\/2025\/02\/tugba_alkan.jpg","contentUrl":"http:\/\/drcinik.com\/wp-content\/uploads\/2025\/02\/tugba_alkan.jpg"},{"@type":"BreadcrumbList","@id":"http:\/\/drcinik.com\/fr\/nos-medecins\/tugba\/#breadcrumb","itemListElement":[{"@type":"ListItem","position":1,"name":"Anasayfa","item":"https:\/\/drcinik.com\/tr\/"},{"@type":"ListItem","position":2,"name":"Nos M\u00e9decins","item":"http:\/\/drcinik.com\/fr\/nos-medecins\/"},{"@type":"ListItem","position":3,"name":"Tu\u011fba"}]},{"@type":"WebSite","@id":"https:\/\/drcinik.com\/fr\/#website","url":"https:\/\/drcinik.com\/fr\/","name":"DR. CINIK","description":"\u00d6zel T\u0131p Merkezi","publisher":{"@id":"https:\/\/drcinik.com\/fr\/#organization"},"potentialAction":[{"@type":"SearchAction","target":{"@type":"EntryPoint","urlTemplate":"https:\/\/drcinik.com\/fr\/?s={search_term_string}"},"query-input":{"@type":"PropertyValueSpecification","valueRequired":true,"valueName":"search_term_string"}}],"inLanguage":"fr-FR"},{"@type":"Organization","@id":"https:\/\/drcinik.com\/fr\/#organization","name":"DR. CINIK","url":"https:\/\/drcinik.com\/fr\/","logo":{"@type":"ImageObject","inLanguage":"fr-FR","@id":"https:\/\/drcinik.com\/fr\/#\/schema\/logo\/image\/","url":"https:\/\/drcinik.com\/wp-content\/uploads\/2023\/07\/logo.svg","contentUrl":"https:\/\/drcinik.com\/wp-content\/uploads\/2023\/07\/logo.svg","width":"1024","height":"1024","caption":"DR. CINIK"},"image":{"@id":"https:\/\/drcinik.com\/fr\/#\/schema\/logo\/image\/"},"sameAs":["https:\/\/facebook.com\/drcinikcom","https:\/\/x.com\/drcinikofficial","https:\/\/instagram.com\/dr.cinikhospital","https:\/\/youtube.com\/@emrahcinik","https:\/\/tiktok.com\/@dremrahcinik"],"email":"info@drcinik.com","telephone":"+90 549 641 37 01","legalName":"Erc Turizm Sa\u011fl\u0131k Hizmetleri Tic. Ltd. \u015eti.","numberOfEmployees":{"@type":"QuantitativeValue","minValue":"51","maxValue":"200"}}]}},"_links":{"self":[{"href":"https:\/\/drcinik.com\/fr\/wp-json\/wp\/v2\/pages\/26103","targetHints":{"allow":["GET"]}}],"collection":[{"href":"https:\/\/drcinik.com\/fr\/wp-json\/wp\/v2\/pages"}],"about":[{"href":"https:\/\/drcinik.com\/fr\/wp-json\/wp\/v2\/types\/page"}],"author":[{"embeddable":true,"href":"https:\/\/drcinik.com\/fr\/wp-json\/wp\/v2\/users\/11"}],"replies":[{"embeddable":true,"href":"https:\/\/drcinik.com\/fr\/wp-json\/wp\/v2\/comments?post=26103"}],"version-history":[{"count":0,"href":"https:\/\/drcinik.com\/fr\/wp-json\/wp\/v2\/pages\/26103\/revisions"}],"up":[{"embeddable":true,"href":"https:\/\/drcinik.com\/fr\/wp-json\/wp\/v2\/pages\/24443"}],"wp:attachment":[{"href":"https:\/\/drcinik.com\/fr\/wp-json\/wp\/v2\/media?parent=26103"}],"curies":[{"name":"wp","href":"https:\/\/api.w.org\/{rel}","templated":true}]}}