{"id":32293,"date":"2023-08-29T13:43:12","date_gmt":"2023-08-29T10:43:12","guid":{"rendered":"https:\/\/drcinik.com\/?page_id=32293"},"modified":"2025-07-29T14:25:07","modified_gmt":"2025-07-29T11:25:07","slug":"consentement-aux-messages-electroniques-commerciaux","status":"publish","type":"page","link":"http:\/\/drcinik.com\/fr\/consentement-aux-messages-electroniques-commerciaux\/","title":{"rendered":"Consentement aux messages \u00e9lectroniques commerciaux"},"content":{"rendered":"\t\t<div data-elementor-type=\"wp-page\" data-elementor-id=\"32293\" class=\"elementor elementor-32293 elementor-1029\" data-elementor-post-type=\"page\">\n\t\t\t\t<div class=\"elementor-element elementor-element-627e1ad1 e-flex e-con-boxed e-con e-parent\" data-id=\"627e1ad1\" data-element_type=\"container\">\n\t\t\t\t\t<div class=\"e-con-inner\">\n\t\t\t\t<div class=\"elementor-element elementor-element-49643fc3 elementor-widget elementor-widget-text-editor\" data-id=\"49643fc3\" data-element_type=\"widget\" data-widget_type=\"text-editor.default\">\n\t\t\t\t\t\t\t\t\t<h3 data-start=\"148\" data-end=\"223\">Informations sur le consentement aux messages \u00e9lectroniques commerciaux<\/h3>\n<p data-start=\"225\" data-end=\"631\">Dans le cadre de la <strong data-start=\"245\" data-end=\"303\">Loi sur la protection des donn\u00e9es personnelles n\u00b0 6698<\/strong> et de la <strong data-start=\"313\" data-end=\"382\">Loi n\u00b0 6563 relative \u00e0 la r\u00e9glementation du commerce \u00e9lectronique<\/strong>, <strong data-start=\"384\" data-end=\"472\">ERC Estetik Turizm Sa\u011fl\u0131k Hizmetleri Tic. Ltd. \u015eti. (Centre M\u00e9dical Priv\u00e9 DR. CINIK)<\/strong> traitera vos donn\u00e9es apr\u00e8s avoir obtenu votre consentement, conform\u00e9ment aux dispositions de la loi KVKK et de la r\u00e9glementation sur le commerce \u00e9lectronique.<\/p>\n<p data-start=\"633\" data-end=\"988\">Ce traitement a pour but de permettre le partage de vos donn\u00e9es avec des tiers et\/ou les personnes pour le compte desquelles ERC agit, dans le cadre de toutes activit\u00e9s de <strong data-start=\"805\" data-end=\"987\">marketing, campagnes, publicit\u00e9s, lancements, sondages, jeux-concours, remises, promotions, offres sp\u00e9ciales, inaugurations, invitations, \u00e9v\u00e9nements et activit\u00e9s de communication<\/strong>.<\/p>\n<p data-start=\"990\" data-end=\"1219\">Vos donn\u00e9es personnelles seront partag\u00e9es avec les entreprises prestataires de services, sous r\u00e9serve de la mise en \u0153uvre des mesures de s\u00e9curit\u00e9 n\u00e9cessaires, afin de permettre l\u2019envoi de SMS et d\u2019e-mails conform\u00e9ment \u00e0 ce cadre.<\/p>\n<p data-start=\"1221\" data-end=\"1238\"><strong data-start=\"1221\" data-end=\"1238\">Cordialement,<\/strong><\/p>\n<p data-start=\"1240\" data-end=\"1295\"><strong data-start=\"1240\" data-end=\"1295\">ERC Estetik Turizm Sa\u011fl\u0131k Hizmetleri Tic. Ltd. \u015eti.<\/strong><\/p>\n<p>\u00a0<\/p>\n<h3 data-start=\"1302\" data-end=\"1357\">Consentement aux messages \u00e9lectroniques commerciaux<\/h3>\n<p data-start=\"1359\" data-end=\"1897\">Sauf indication contraire ; <strong data-start=\"1387\" data-end=\"1429\">je d\u00e9clare, librement et sans pression<\/strong>, donner mon <strong data-start=\"1442\" data-end=\"1468\">consentement explicite<\/strong> \u00e0 <strong data-start=\"1471\" data-end=\"1559\">ERC Estetik Turizm Sa\u011fl\u0131k Hizmetleri Tic. Ltd. \u015eti. (Centre M\u00e9dical Priv\u00e9 DR. CINIK)<\/strong> pour me contacter, moi et\/ou la ou les personnes pour le compte desquelles j&rsquo;agis, <strong data-start=\"1643\" data-end=\"1684\">par SMS, e-mail et appel t\u00e9l\u00e9phonique<\/strong>, dans le cadre de toutes activit\u00e9s de <strong data-start=\"1723\" data-end=\"1896\">marketing, campagnes, publicit\u00e9s, lancements, sondages, jeux-concours, r\u00e9ductions, promotions, offres sp\u00e9ciales, inaugurations, invitations, \u00e9v\u00e9nements et communications<\/strong>.<\/p>\t\t\t\t\t\t\t\t<\/div>\n\t\t\t\t\t<\/div>\n\t\t\t\t<\/div>\n\t\t\t\t<\/div>\n\t\t","protected":false},"excerpt":{"rendered":"<p>Informations sur le consentement aux messages \u00e9lectroniques commerciaux Dans le cadre de la Loi sur la protection des donn\u00e9es personnelles n\u00b0 6698 et de la Loi n\u00b0 6563 relative \u00e0 la r\u00e9glementation du commerce \u00e9lectronique, ERC Estetik Turizm Sa\u011fl\u0131k Hizmetleri Tic. Ltd. \u015eti. (Centre M\u00e9dical Priv\u00e9 DR. CINIK) traitera vos donn\u00e9es apr\u00e8s avoir obtenu votre [&hellip;]<\/p>\n","protected":false},"author":6,"featured_media":0,"parent":32328,"menu_order":0,"comment_status":"closed","ping_status":"closed","template":"","meta":{"_acf_changed":false,"inline_featured_image":false,"footnotes":""},"class_list":["post-32293","page","type-page","status-publish","hentry"],"acf":[],"yoast_head":"<!-- This site is optimized with the Yoast SEO Premium plugin v26.2 (Yoast SEO v27.4) - https:\/\/yoast.com\/product\/yoast-seo-premium-wordpress\/ -->\n<title>Consentement aux messages \u00e9lectroniques commerciaux - DR. CINIK<\/title>\n<meta name=\"robots\" content=\"index, follow, max-snippet:-1, max-image-preview:large, max-video-preview:-1\" \/>\n<link rel=\"canonical\" href=\"http:\/\/drcinik.com\/fr\/consentement-aux-messages-electroniques-commerciaux\/\" \/>\n<meta property=\"og:locale\" content=\"fr_FR\" \/>\n<meta property=\"og:type\" content=\"article\" \/>\n<meta property=\"og:title\" content=\"Consentement aux messages \u00e9lectroniques commerciaux\" \/>\n<meta property=\"og:description\" content=\"Informations sur le consentement aux messages \u00e9lectroniques commerciaux Dans le cadre de la Loi sur la protection des donn\u00e9es personnelles n\u00b0 6698 et de la Loi n\u00b0 6563 relative \u00e0 la r\u00e9glementation du commerce \u00e9lectronique, ERC Estetik Turizm Sa\u011fl\u0131k Hizmetleri Tic. Ltd. \u015eti. (Centre M\u00e9dical Priv\u00e9 DR. CINIK) traitera vos donn\u00e9es apr\u00e8s avoir obtenu votre [&hellip;]\" \/>\n<meta property=\"og:url\" content=\"http:\/\/drcinik.com\/fr\/consentement-aux-messages-electroniques-commerciaux\/\" \/>\n<meta property=\"og:site_name\" content=\"DR. CINIK\" \/>\n<meta property=\"article:publisher\" content=\"https:\/\/facebook.com\/drcinikcom\" \/>\n<meta property=\"article:modified_time\" content=\"2025-07-29T11:25:07+00:00\" \/>\n<meta name=\"twitter:card\" content=\"summary_large_image\" \/>\n<meta name=\"twitter:site\" content=\"@drcinikofficial\" \/>\n<script type=\"application\/ld+json\" class=\"yoast-schema-graph\">{\"@context\":\"https:\\\/\\\/schema.org\",\"@graph\":[{\"@type\":\"WebPage\",\"@id\":\"http:\\\/\\\/drcinik.com\\\/fr\\\/consentement-aux-messages-electroniques-commerciaux\\\/\",\"url\":\"http:\\\/\\\/drcinik.com\\\/fr\\\/consentement-aux-messages-electroniques-commerciaux\\\/\",\"name\":\"Consentement aux messages \u00e9lectroniques commerciaux - DR. CINIK\",\"isPartOf\":{\"@id\":\"https:\\\/\\\/drcinik.com\\\/fr\\\/#website\"},\"datePublished\":\"2023-08-29T10:43:12+00:00\",\"dateModified\":\"2025-07-29T11:25:07+00:00\",\"breadcrumb\":{\"@id\":\"http:\\\/\\\/drcinik.com\\\/fr\\\/consentement-aux-messages-electroniques-commerciaux\\\/#breadcrumb\"},\"inLanguage\":\"fr-FR\",\"potentialAction\":[{\"@type\":\"ReadAction\",\"target\":[\"http:\\\/\\\/drcinik.com\\\/fr\\\/consentement-aux-messages-electroniques-commerciaux\\\/\"]}]},{\"@type\":\"BreadcrumbList\",\"@id\":\"http:\\\/\\\/drcinik.com\\\/fr\\\/consentement-aux-messages-electroniques-commerciaux\\\/#breadcrumb\",\"itemListElement\":[{\"@type\":\"ListItem\",\"position\":1,\"name\":\"Anasayfa\",\"item\":\"https:\\\/\\\/drcinik.com\\\/tr\\\/\"},{\"@type\":\"ListItem\",\"position\":2,\"name\":\"Consentement aux messages \u00e9lectroniques commerciaux\"}]},{\"@type\":\"WebSite\",\"@id\":\"https:\\\/\\\/drcinik.com\\\/fr\\\/#website\",\"url\":\"https:\\\/\\\/drcinik.com\\\/fr\\\/\",\"name\":\"DR. CINIK\",\"description\":\"\u00d6zel T\u0131p Merkezi\",\"publisher\":{\"@id\":\"https:\\\/\\\/drcinik.com\\\/fr\\\/#organization\"},\"potentialAction\":[{\"@type\":\"SearchAction\",\"target\":{\"@type\":\"EntryPoint\",\"urlTemplate\":\"https:\\\/\\\/drcinik.com\\\/fr\\\/?s={search_term_string}\"},\"query-input\":{\"@type\":\"PropertyValueSpecification\",\"valueRequired\":true,\"valueName\":\"search_term_string\"}}],\"inLanguage\":\"fr-FR\"},{\"@type\":\"Organization\",\"@id\":\"https:\\\/\\\/drcinik.com\\\/fr\\\/#organization\",\"name\":\"DR. CINIK\",\"url\":\"https:\\\/\\\/drcinik.com\\\/fr\\\/\",\"logo\":{\"@type\":\"ImageObject\",\"inLanguage\":\"fr-FR\",\"@id\":\"https:\\\/\\\/drcinik.com\\\/fr\\\/#\\\/schema\\\/logo\\\/image\\\/\",\"url\":\"https:\\\/\\\/drcinik.com\\\/wp-content\\\/uploads\\\/2023\\\/07\\\/logo.svg\",\"contentUrl\":\"https:\\\/\\\/drcinik.com\\\/wp-content\\\/uploads\\\/2023\\\/07\\\/logo.svg\",\"width\":\"1024\",\"height\":\"1024\",\"caption\":\"DR. CINIK\"},\"image\":{\"@id\":\"https:\\\/\\\/drcinik.com\\\/fr\\\/#\\\/schema\\\/logo\\\/image\\\/\"},\"sameAs\":[\"https:\\\/\\\/facebook.com\\\/drcinikcom\",\"https:\\\/\\\/x.com\\\/drcinikofficial\",\"https:\\\/\\\/instagram.com\\\/dr.cinikhospital\",\"https:\\\/\\\/youtube.com\\\/@emrahcinik\",\"https:\\\/\\\/tiktok.com\\\/@dremrahcinik\"],\"email\":\"info@drcinik.com\",\"telephone\":\"+90 549 641 37 01\",\"legalName\":\"Erc Turizm Sa\u011fl\u0131k Hizmetleri Tic. Ltd. \u015eti.\",\"numberOfEmployees\":{\"@type\":\"QuantitativeValue\",\"minValue\":\"51\",\"maxValue\":\"200\"}}]}<\/script>\n<!-- \/ Yoast SEO Premium plugin. -->","yoast_head_json":{"title":"Consentement aux messages \u00e9lectroniques commerciaux - DR. CINIK","robots":{"index":"index","follow":"follow","max-snippet":"max-snippet:-1","max-image-preview":"max-image-preview:large","max-video-preview":"max-video-preview:-1"},"canonical":"http:\/\/drcinik.com\/fr\/consentement-aux-messages-electroniques-commerciaux\/","og_locale":"fr_FR","og_type":"article","og_title":"Consentement aux messages \u00e9lectroniques commerciaux","og_description":"Informations sur le consentement aux messages \u00e9lectroniques commerciaux Dans le cadre de la Loi sur la protection des donn\u00e9es personnelles n\u00b0 6698 et de la Loi n\u00b0 6563 relative \u00e0 la r\u00e9glementation du commerce \u00e9lectronique, ERC Estetik Turizm Sa\u011fl\u0131k Hizmetleri Tic. Ltd. \u015eti. (Centre M\u00e9dical Priv\u00e9 DR. CINIK) traitera vos donn\u00e9es apr\u00e8s avoir obtenu votre [&hellip;]","og_url":"http:\/\/drcinik.com\/fr\/consentement-aux-messages-electroniques-commerciaux\/","og_site_name":"DR. CINIK","article_publisher":"https:\/\/facebook.com\/drcinikcom","article_modified_time":"2025-07-29T11:25:07+00:00","twitter_card":"summary_large_image","twitter_site":"@drcinikofficial","schema":{"@context":"https:\/\/schema.org","@graph":[{"@type":"WebPage","@id":"http:\/\/drcinik.com\/fr\/consentement-aux-messages-electroniques-commerciaux\/","url":"http:\/\/drcinik.com\/fr\/consentement-aux-messages-electroniques-commerciaux\/","name":"Consentement aux messages \u00e9lectroniques commerciaux - DR. CINIK","isPartOf":{"@id":"https:\/\/drcinik.com\/fr\/#website"},"datePublished":"2023-08-29T10:43:12+00:00","dateModified":"2025-07-29T11:25:07+00:00","breadcrumb":{"@id":"http:\/\/drcinik.com\/fr\/consentement-aux-messages-electroniques-commerciaux\/#breadcrumb"},"inLanguage":"fr-FR","potentialAction":[{"@type":"ReadAction","target":["http:\/\/drcinik.com\/fr\/consentement-aux-messages-electroniques-commerciaux\/"]}]},{"@type":"BreadcrumbList","@id":"http:\/\/drcinik.com\/fr\/consentement-aux-messages-electroniques-commerciaux\/#breadcrumb","itemListElement":[{"@type":"ListItem","position":1,"name":"Anasayfa","item":"https:\/\/drcinik.com\/tr\/"},{"@type":"ListItem","position":2,"name":"Consentement aux messages \u00e9lectroniques commerciaux"}]},{"@type":"WebSite","@id":"https:\/\/drcinik.com\/fr\/#website","url":"https:\/\/drcinik.com\/fr\/","name":"DR. CINIK","description":"\u00d6zel T\u0131p Merkezi","publisher":{"@id":"https:\/\/drcinik.com\/fr\/#organization"},"potentialAction":[{"@type":"SearchAction","target":{"@type":"EntryPoint","urlTemplate":"https:\/\/drcinik.com\/fr\/?s={search_term_string}"},"query-input":{"@type":"PropertyValueSpecification","valueRequired":true,"valueName":"search_term_string"}}],"inLanguage":"fr-FR"},{"@type":"Organization","@id":"https:\/\/drcinik.com\/fr\/#organization","name":"DR. CINIK","url":"https:\/\/drcinik.com\/fr\/","logo":{"@type":"ImageObject","inLanguage":"fr-FR","@id":"https:\/\/drcinik.com\/fr\/#\/schema\/logo\/image\/","url":"https:\/\/drcinik.com\/wp-content\/uploads\/2023\/07\/logo.svg","contentUrl":"https:\/\/drcinik.com\/wp-content\/uploads\/2023\/07\/logo.svg","width":"1024","height":"1024","caption":"DR. CINIK"},"image":{"@id":"https:\/\/drcinik.com\/fr\/#\/schema\/logo\/image\/"},"sameAs":["https:\/\/facebook.com\/drcinikcom","https:\/\/x.com\/drcinikofficial","https:\/\/instagram.com\/dr.cinikhospital","https:\/\/youtube.com\/@emrahcinik","https:\/\/tiktok.com\/@dremrahcinik"],"email":"info@drcinik.com","telephone":"+90 549 641 37 01","legalName":"Erc Turizm Sa\u011fl\u0131k Hizmetleri Tic. Ltd. \u015eti.","numberOfEmployees":{"@type":"QuantitativeValue","minValue":"51","maxValue":"200"}}]}},"_links":{"self":[{"href":"https:\/\/drcinik.com\/fr\/wp-json\/wp\/v2\/pages\/32293","targetHints":{"allow":["GET"]}}],"collection":[{"href":"https:\/\/drcinik.com\/fr\/wp-json\/wp\/v2\/pages"}],"about":[{"href":"https:\/\/drcinik.com\/fr\/wp-json\/wp\/v2\/types\/page"}],"author":[{"embeddable":true,"href":"https:\/\/drcinik.com\/fr\/wp-json\/wp\/v2\/users\/6"}],"replies":[{"embeddable":true,"href":"https:\/\/drcinik.com\/fr\/wp-json\/wp\/v2\/comments?post=32293"}],"version-history":[{"count":0,"href":"https:\/\/drcinik.com\/fr\/wp-json\/wp\/v2\/pages\/32293\/revisions"}],"up":[{"embeddable":true,"href":"https:\/\/drcinik.com\/fr\/wp-json\/wp\/v2\/pages\/32328"}],"wp:attachment":[{"href":"https:\/\/drcinik.com\/fr\/wp-json\/wp\/v2\/media?parent=32293"}],"curies":[{"name":"wp","href":"https:\/\/api.w.org\/{rel}","templated":true}]}}