{"id":32311,"date":"2023-08-29T13:46:29","date_gmt":"2023-08-29T10:46:29","guid":{"rendered":"https:\/\/drcinik.com\/?page_id=32311"},"modified":"2025-07-31T23:00:05","modified_gmt":"2025-07-31T20:00:05","slug":"politique-de-cookies","status":"publish","type":"page","link":"http:\/\/drcinik.com\/fr\/politique-de-cookies\/","title":{"rendered":"Politique de cookies"},"content":{"rendered":"\t\t<div data-elementor-type=\"wp-page\" data-elementor-id=\"32311\" class=\"elementor elementor-32311 elementor-1031\" data-elementor-post-type=\"page\">\n\t\t\t\t<div class=\"elementor-element elementor-element-02590cd e-flex e-con-boxed e-con e-parent\" data-id=\"02590cd\" data-element_type=\"container\">\n\t\t\t\t\t<div class=\"e-con-inner\">\n\t\t\t\t<div class=\"elementor-element elementor-element-1741ef2 elementor-widget elementor-widget-text-editor\" data-id=\"1741ef2\" data-element_type=\"widget\" data-widget_type=\"text-editor.default\">\n\t\t\t\t\t\t\t\t\t<div class=\"flex basis-auto flex-col -mb-(--composer-overlap-px) [--composer-overlap-px:55px] grow overflow-hidden\">\n<div class=\"relative h-full\">\n<div class=\"flex h-full flex-col overflow-y-auto [scrollbar-gutter:stable_both-edges] @[84rem]\/thread:pt-(--header-height)\">\n<div class=\"@thread-xl\/thread:pt-header-height flex flex-col text-sm pb-25\">\n<article class=\"text-token-text-primary w-full focus:outline-none scroll-mt-[calc(var(--header-height)+min(200px,max(70px,20svh)))]\" dir=\"auto\" tabindex=\"-1\" data-testid=\"conversation-turn-12\" data-scroll-anchor=\"true\" data-turn=\"assistant\">\n<div class=\"text-base my-auto mx-auto pb-10 [--thread-content-margin:--spacing(4)] @[37rem]:[--thread-content-margin:--spacing(6)] @[72rem]:[--thread-content-margin:--spacing(16)] px-(--thread-content-margin)\">\n<div class=\"[--thread-content-max-width:32rem] @[34rem]:[--thread-content-max-width:40rem] @[64rem]:[--thread-content-max-width:48rem] mx-auto max-w-(--thread-content-max-width) flex-1 group\/turn-messages focus-visible:outline-hidden relative flex w-full min-w-0 flex-col agent-turn\" tabindex=\"-1\">\n<div class=\"flex max-w-full flex-col grow\">\n<div class=\"min-h-8 text-message relative flex w-full flex-col items-end gap-2 text-start break-words whitespace-normal [.text-message+&amp;]:mt-5\" dir=\"auto\" data-message-author-role=\"assistant\" data-message-id=\"675770cb-9402-4861-8f79-6137ab840352\" data-message-model-slug=\"gpt-4o\">\n<div class=\"flex w-full flex-col gap-1 empty:hidden first:pt-[3px]\">\n<div class=\"markdown prose dark:prose-invert w-full break-words dark\">\n<h1 data-start=\"258\" data-end=\"309\">Texte d\u2019Information sur l\u2019Utilisation des Cookies<\/h1>\n<p data-start=\"311\" data-end=\"708\">En tant que <strong data-start=\"323\" data-end=\"378\">ERC Estetik Turizm Sa\u011fl\u0131k Hizmetleri Tic. Ltd. \u015eti.<\/strong>, nous utilisons certaines technologies telles que les cookies, pixels, GIFs, dans le but d&rsquo;am\u00e9liorer votre exp\u00e9rience lors de vos visites sur notre site internet. L\u2019utilisation de ces technologies est r\u00e9alis\u00e9e conform\u00e9ment \u00e0 la l\u00e9gislation en vigueur, et notamment \u00e0 la <strong data-start=\"649\" data-end=\"707\">Loi n\u00b0 6698 sur la protection des donn\u00e9es personnelles<\/strong>.<\/p>\n<p data-start=\"710\" data-end=\"1465\">L\u2019objectif du pr\u00e9sent texte d\u2019information relatif aux cookies est de vous informer sur le traitement des donn\u00e9es personnelles collect\u00e9es aupr\u00e8s des visiteurs du site (ci-apr\u00e8s d\u00e9nomm\u00e9s \u00ab\u202fPersonne concern\u00e9e\u202f\u00bb) via les cookies utilis\u00e9s sur notre site web. \u00c0 travers ce document, nous vous expliquons les types de cookies que nous utilisons, leurs finalit\u00e9s, ainsi que les moyens dont vous disposez pour g\u00e9rer vos pr\u00e9f\u00e9rences. En vertu des articles 5 et 8 de la Loi sur la protection des donn\u00e9es personnelles, et\/ou en cas d\u2019exceptions pr\u00e9vues par la l\u00e9gislation applicable, vos donn\u00e9es personnelles peuvent \u00eatre trait\u00e9es, avec votre consentement lorsque la loi l\u2019exige, ou en l\u2019absence de consentement dans les cas d\u2019exception pr\u00e9vus par ladite l\u00e9gislation.<\/p>\n<h2 data-start=\"1472\" data-end=\"1482\">Cookies<\/h2>\n<p data-start=\"1484\" data-end=\"1660\">Nous utilisons des cookies \u00e0 diverses fins sur notre site web, et vos donn\u00e9es personnelles peuvent \u00eatre trait\u00e9es via ces cookies. Les principales finalit\u00e9s sont les suivantes\u202f:<\/p>\n<ul data-start=\"1662\" data-end=\"2030\">\n<li data-start=\"1662\" data-end=\"1746\">\n<p data-start=\"1664\" data-end=\"1746\">Assurer les fonctions essentielles n\u00e9cessaires au fonctionnement du site internet.<\/p>\n<\/li>\n<li data-start=\"1747\" data-end=\"1891\">\n<p data-start=\"1749\" data-end=\"1891\">Analyser le site et am\u00e9liorer ses performances, par exemple en d\u00e9terminant le nombre de visiteurs et en proc\u00e9dant aux ajustements n\u00e9cessaires.<\/p>\n<\/li>\n<li data-start=\"1892\" data-end=\"2030\">\n<p data-start=\"1894\" data-end=\"2030\">Am\u00e9liorer la fonctionnalit\u00e9 et la convivialit\u00e9 du site, par exemple en facilitant le partage de contenus vers des r\u00e9seaux sociaux tiers.<\/p>\n<\/li>\n<\/ul>\n<p data-start=\"2032\" data-end=\"2297\">Dans le cadre de ces finalit\u00e9s et en conformit\u00e9 avec la l\u00e9gislation en vigueur, vos donn\u00e9es personnelles peuvent \u00eatre partag\u00e9es avec des <strong data-start=\"2169\" data-end=\"2178\">tiers<\/strong>, des <strong data-start=\"2184\" data-end=\"2211\">partenaires commerciaux<\/strong> et des <strong data-start=\"2219\" data-end=\"2296\">entreprises avec lesquelles nous entretenons des relations contractuelles<\/strong>.<\/p>\n<h2 data-start=\"2304\" data-end=\"2347\">Types de cookies utilis\u00e9s sur notre site<\/h2>\n<h3 data-start=\"2349\" data-end=\"2396\">Cookies de fonctionnalit\u00e9 et de pr\u00e9f\u00e9rences<\/h3>\n<p data-start=\"2398\" data-end=\"2654\">Ces cookies permettent de <strong data-start=\"2424\" data-end=\"2454\">personnaliser les services<\/strong> propos\u00e9s sur le site en enregistrant vos pr\u00e9f\u00e9rences et vos choix. Par exemple, ils nous permettent de retenir votre langue pr\u00e9f\u00e9r\u00e9e ou la taille de police s\u00e9lectionn\u00e9e lors de la lecture d\u2019un texte.<\/p>\n<h3 data-start=\"2656\" data-end=\"2686\">Cookies de r\u00e9seaux sociaux<\/h3>\n<p data-start=\"2688\" data-end=\"2981\">Ces cookies permettent de <strong data-start=\"2714\" data-end=\"2806\">collecter des informations relatives \u00e0 l\u2019utilisation que vous faites des r\u00e9seaux sociaux<\/strong>. Ils peuvent servir \u00e0 <strong data-start=\"2829\" data-end=\"2868\">cr\u00e9er des publicit\u00e9s personnalis\u00e9es<\/strong> ou \u00e0 <strong data-start=\"2874\" data-end=\"2907\">r\u00e9aliser des \u00e9tudes de march\u00e9<\/strong> bas\u00e9es sur les informations issues de vos comptes Facebook, Twitter, etc.<\/p>\n<h3 data-start=\"2983\" data-end=\"3022\">Cookies de performance et d\u2019analyse<\/h3>\n<p data-start=\"3024\" data-end=\"3325\">Ces cookies nous aident \u00e0 <strong data-start=\"3050\" data-end=\"3084\">am\u00e9liorer les services fournis<\/strong> en analysant la performance du site et votre comportement de navigation. Par exemple, ils nous permettent de savoir quelles pages sont les plus consult\u00e9es, si le site fonctionne correctement ou d\u2019identifier les \u00e9ventuels dysfonctionnements.<\/p>\n<p data-start=\"3327\" data-end=\"3733\">En compl\u00e9ment, nous pouvons utiliser certains cookies \u00e0 des fins de <strong data-start=\"3395\" data-end=\"3436\">promotion de nos produits et services<\/strong> sur notre site et sur d\u2019autres plateformes. \u00c0 cet effet, il est possible que nous collaborions avec des partenaires commerciaux pour diffuser de la publicit\u00e9 cibl\u00e9e. Vous pouvez \u00e0 tout moment <strong data-start=\"3629\" data-end=\"3662\">personnaliser vos pr\u00e9f\u00e9rences<\/strong> relatives aux cookies en modifiant les param\u00e8tres de votre navigateur.<\/p>\n<h2 data-start=\"3740\" data-end=\"3777\">Modalit\u00e9s d\u2019exercice de vos droits<\/h2>\n<p data-start=\"3779\" data-end=\"3898\">Conform\u00e9ment \u00e0 l\u2019article 11 de la Loi, relatif aux droits de la personne concern\u00e9e, vous pouvez adresser vos demandes :<\/p>\n<ul data-start=\"3900\" data-end=\"4099\">\n<li data-start=\"3900\" data-end=\"4003\">\n<p data-start=\"3902\" data-end=\"4003\"><strong data-start=\"3902\" data-end=\"3915\">par \u00e9crit<\/strong>, \u00e0 l\u2019adresse suivante :<br data-start=\"3939\" data-end=\"3942\" \/><em data-start=\"3944\" data-end=\"4000\">Fulya, Mevl\u00fct Pehlivan Sk. No:19, 34394 \u015ei\u015fli\/\u0130stanbul<\/em>,<\/p>\n<\/li>\n<li data-start=\"4004\" data-end=\"4099\">\n<p data-start=\"4006\" data-end=\"4099\">ou en utilisant la rubrique <strong data-start=\"4034\" data-end=\"4068\">\u00ab\u202fFormulaire de demande KVKK\u202f\u00bb<\/strong> disponible sur notre site web.<\/p>\n<\/li>\n<\/ul>\n<p data-start=\"4101\" data-end=\"4371\">Notre soci\u00e9t\u00e9 se r\u00e9serve le droit de <strong data-start=\"4138\" data-end=\"4185\">modifier les types et fonctions des cookies<\/strong>, d\u2019en <strong data-start=\"4192\" data-end=\"4215\">ajouter de nouveaux<\/strong> ou d\u2019en <strong data-start=\"4224\" data-end=\"4253\">interrompre l\u2019utilisation<\/strong>. Nous d\u00e9clinons toute responsabilit\u00e9 dans le cas o\u00f9 les informations du titulaire des donn\u00e9es ne seraient pas \u00e0 jour.<\/p>\n<p data-start=\"4373\" data-end=\"4673\">Les personnes concern\u00e9es reconnaissent que, dans le cas o\u00f9 elles demanderaient \u00e0 ne plus autoriser l\u2019utilisation de certaines de leurs donn\u00e9es personnelles, <strong data-start=\"4530\" data-end=\"4596\">elles pourraient ne plus pouvoir b\u00e9n\u00e9ficier pleinement du site<\/strong>, et acceptent que la responsabilit\u00e9 en r\u00e9sultant leur incombe int\u00e9gralement.<\/p>\n<p data-start=\"4675\" data-end=\"5008\">Pour plus d\u2019informations concernant le traitement de vos donn\u00e9es personnelles, nous vous invitons \u00e0 consulter la rubrique <strong data-start=\"4797\" data-end=\"4859\">\u00ab\u202fProtection et confidentialit\u00e9 des donn\u00e9es personnelles\u202f\u00bb<\/strong> accessible \u00e0 l\u2019adresse suivante :<br data-start=\"4893\" data-end=\"4896\" \/><a class=\"\" href=\"https:\/\/www.drcinik.com\/fr\/legal\/processing-of-personal-data\/\" target=\"_new\" rel=\"noopener\" data-start=\"4896\" data-end=\"5008\"><strong data-start=\"4897\" data-end=\"4947\">https:\/\/drcinik.com\/fr\/traitement-des-donnees-personnelles\/<\/strong><\/a><\/p>\n<\/div>\n<\/div>\n<\/div>\n<\/div>\n<\/div>\n<\/div>\n<\/article>\n<\/div>\n<\/div>\n<\/div>\n<\/div>\t\t\t\t\t\t\t\t<\/div>\n\t\t\t\t\t<\/div>\n\t\t\t\t<\/div>\n\t\t\t\t<\/div>\n\t\t","protected":false},"excerpt":{"rendered":"<p>Texte d\u2019Information sur l\u2019Utilisation des Cookies En tant que ERC Estetik Turizm Sa\u011fl\u0131k Hizmetleri Tic. Ltd. \u015eti., nous utilisons certaines technologies telles que les cookies, pixels, GIFs, dans le but d&rsquo;am\u00e9liorer votre exp\u00e9rience lors de vos visites sur notre site internet. L\u2019utilisation de ces technologies est r\u00e9alis\u00e9e conform\u00e9ment \u00e0 la l\u00e9gislation en vigueur, et notamment [&hellip;]<\/p>\n","protected":false},"author":6,"featured_media":0,"parent":32328,"menu_order":0,"comment_status":"closed","ping_status":"closed","template":"","meta":{"_acf_changed":false,"inline_featured_image":false,"footnotes":""},"class_list":["post-32311","page","type-page","status-publish","hentry"],"acf":[],"yoast_head":"<!-- This site is optimized with the Yoast SEO Premium plugin v26.2 (Yoast SEO v27.4) - https:\/\/yoast.com\/product\/yoast-seo-premium-wordpress\/ -->\n<title>Politique de cookies - DR. CINIK<\/title>\n<meta name=\"description\" content=\"Comprendre notre Politique de cookies et son importance pour am\u00e9liorer votre visite tout en respectant les r\u00e9glementations en mati\u00e8re de confidentialit\u00e9.\" \/>\n<meta name=\"robots\" content=\"index, follow, max-snippet:-1, max-image-preview:large, max-video-preview:-1\" \/>\n<link rel=\"canonical\" href=\"http:\/\/drcinik.com\/fr\/politique-de-cookies\/\" \/>\n<meta property=\"og:locale\" content=\"fr_FR\" \/>\n<meta property=\"og:type\" content=\"article\" \/>\n<meta property=\"og:title\" content=\"Politique de cookies\" \/>\n<meta property=\"og:description\" content=\"Comprendre notre Politique de cookies et son importance pour am\u00e9liorer votre visite tout en respectant les r\u00e9glementations en mati\u00e8re de confidentialit\u00e9.\" \/>\n<meta property=\"og:url\" content=\"http:\/\/drcinik.com\/fr\/politique-de-cookies\/\" \/>\n<meta property=\"og:site_name\" content=\"DR. CINIK\" \/>\n<meta property=\"article:publisher\" content=\"https:\/\/facebook.com\/drcinikcom\" \/>\n<meta property=\"article:modified_time\" content=\"2025-07-31T20:00:05+00:00\" \/>\n<meta name=\"twitter:card\" content=\"summary_large_image\" \/>\n<meta name=\"twitter:site\" content=\"@drcinikofficial\" \/>\n<script type=\"application\/ld+json\" class=\"yoast-schema-graph\">{\"@context\":\"https:\\\/\\\/schema.org\",\"@graph\":[{\"@type\":\"WebPage\",\"@id\":\"http:\\\/\\\/drcinik.com\\\/fr\\\/politique-de-cookies\\\/\",\"url\":\"http:\\\/\\\/drcinik.com\\\/fr\\\/politique-de-cookies\\\/\",\"name\":\"Politique de cookies - DR. CINIK\",\"isPartOf\":{\"@id\":\"https:\\\/\\\/drcinik.com\\\/fr\\\/#website\"},\"datePublished\":\"2023-08-29T10:46:29+00:00\",\"dateModified\":\"2025-07-31T20:00:05+00:00\",\"description\":\"Comprendre notre Politique de cookies et son importance pour am\u00e9liorer votre visite tout en respectant les r\u00e9glementations en mati\u00e8re de confidentialit\u00e9.\",\"breadcrumb\":{\"@id\":\"http:\\\/\\\/drcinik.com\\\/fr\\\/politique-de-cookies\\\/#breadcrumb\"},\"inLanguage\":\"fr-FR\",\"potentialAction\":[{\"@type\":\"ReadAction\",\"target\":[\"http:\\\/\\\/drcinik.com\\\/fr\\\/politique-de-cookies\\\/\"]}]},{\"@type\":\"BreadcrumbList\",\"@id\":\"http:\\\/\\\/drcinik.com\\\/fr\\\/politique-de-cookies\\\/#breadcrumb\",\"itemListElement\":[{\"@type\":\"ListItem\",\"position\":1,\"name\":\"Anasayfa\",\"item\":\"https:\\\/\\\/drcinik.com\\\/tr\\\/\"},{\"@type\":\"ListItem\",\"position\":2,\"name\":\"Politique de cookies\"}]},{\"@type\":\"WebSite\",\"@id\":\"https:\\\/\\\/drcinik.com\\\/fr\\\/#website\",\"url\":\"https:\\\/\\\/drcinik.com\\\/fr\\\/\",\"name\":\"DR. CINIK\",\"description\":\"\u00d6zel T\u0131p Merkezi\",\"publisher\":{\"@id\":\"https:\\\/\\\/drcinik.com\\\/fr\\\/#organization\"},\"potentialAction\":[{\"@type\":\"SearchAction\",\"target\":{\"@type\":\"EntryPoint\",\"urlTemplate\":\"https:\\\/\\\/drcinik.com\\\/fr\\\/?s={search_term_string}\"},\"query-input\":{\"@type\":\"PropertyValueSpecification\",\"valueRequired\":true,\"valueName\":\"search_term_string\"}}],\"inLanguage\":\"fr-FR\"},{\"@type\":\"Organization\",\"@id\":\"https:\\\/\\\/drcinik.com\\\/fr\\\/#organization\",\"name\":\"DR. CINIK\",\"url\":\"https:\\\/\\\/drcinik.com\\\/fr\\\/\",\"logo\":{\"@type\":\"ImageObject\",\"inLanguage\":\"fr-FR\",\"@id\":\"https:\\\/\\\/drcinik.com\\\/fr\\\/#\\\/schema\\\/logo\\\/image\\\/\",\"url\":\"https:\\\/\\\/drcinik.com\\\/wp-content\\\/uploads\\\/2023\\\/07\\\/logo.svg\",\"contentUrl\":\"https:\\\/\\\/drcinik.com\\\/wp-content\\\/uploads\\\/2023\\\/07\\\/logo.svg\",\"width\":\"1024\",\"height\":\"1024\",\"caption\":\"DR. CINIK\"},\"image\":{\"@id\":\"https:\\\/\\\/drcinik.com\\\/fr\\\/#\\\/schema\\\/logo\\\/image\\\/\"},\"sameAs\":[\"https:\\\/\\\/facebook.com\\\/drcinikcom\",\"https:\\\/\\\/x.com\\\/drcinikofficial\",\"https:\\\/\\\/instagram.com\\\/dr.cinikhospital\",\"https:\\\/\\\/youtube.com\\\/@emrahcinik\",\"https:\\\/\\\/tiktok.com\\\/@dremrahcinik\"],\"email\":\"info@drcinik.com\",\"telephone\":\"+90 549 641 37 01\",\"legalName\":\"Erc Turizm Sa\u011fl\u0131k Hizmetleri Tic. Ltd. \u015eti.\",\"numberOfEmployees\":{\"@type\":\"QuantitativeValue\",\"minValue\":\"51\",\"maxValue\":\"200\"}}]}<\/script>\n<!-- \/ Yoast SEO Premium plugin. -->","yoast_head_json":{"title":"Politique de cookies - DR. CINIK","description":"Comprendre notre Politique de cookies et son importance pour am\u00e9liorer votre visite tout en respectant les r\u00e9glementations en mati\u00e8re de confidentialit\u00e9.","robots":{"index":"index","follow":"follow","max-snippet":"max-snippet:-1","max-image-preview":"max-image-preview:large","max-video-preview":"max-video-preview:-1"},"canonical":"http:\/\/drcinik.com\/fr\/politique-de-cookies\/","og_locale":"fr_FR","og_type":"article","og_title":"Politique de cookies","og_description":"Comprendre notre Politique de cookies et son importance pour am\u00e9liorer votre visite tout en respectant les r\u00e9glementations en mati\u00e8re de confidentialit\u00e9.","og_url":"http:\/\/drcinik.com\/fr\/politique-de-cookies\/","og_site_name":"DR. CINIK","article_publisher":"https:\/\/facebook.com\/drcinikcom","article_modified_time":"2025-07-31T20:00:05+00:00","twitter_card":"summary_large_image","twitter_site":"@drcinikofficial","schema":{"@context":"https:\/\/schema.org","@graph":[{"@type":"WebPage","@id":"http:\/\/drcinik.com\/fr\/politique-de-cookies\/","url":"http:\/\/drcinik.com\/fr\/politique-de-cookies\/","name":"Politique de cookies - DR. CINIK","isPartOf":{"@id":"https:\/\/drcinik.com\/fr\/#website"},"datePublished":"2023-08-29T10:46:29+00:00","dateModified":"2025-07-31T20:00:05+00:00","description":"Comprendre notre Politique de cookies et son importance pour am\u00e9liorer votre visite tout en respectant les r\u00e9glementations en mati\u00e8re de confidentialit\u00e9.","breadcrumb":{"@id":"http:\/\/drcinik.com\/fr\/politique-de-cookies\/#breadcrumb"},"inLanguage":"fr-FR","potentialAction":[{"@type":"ReadAction","target":["http:\/\/drcinik.com\/fr\/politique-de-cookies\/"]}]},{"@type":"BreadcrumbList","@id":"http:\/\/drcinik.com\/fr\/politique-de-cookies\/#breadcrumb","itemListElement":[{"@type":"ListItem","position":1,"name":"Anasayfa","item":"https:\/\/drcinik.com\/tr\/"},{"@type":"ListItem","position":2,"name":"Politique de cookies"}]},{"@type":"WebSite","@id":"https:\/\/drcinik.com\/fr\/#website","url":"https:\/\/drcinik.com\/fr\/","name":"DR. CINIK","description":"\u00d6zel T\u0131p Merkezi","publisher":{"@id":"https:\/\/drcinik.com\/fr\/#organization"},"potentialAction":[{"@type":"SearchAction","target":{"@type":"EntryPoint","urlTemplate":"https:\/\/drcinik.com\/fr\/?s={search_term_string}"},"query-input":{"@type":"PropertyValueSpecification","valueRequired":true,"valueName":"search_term_string"}}],"inLanguage":"fr-FR"},{"@type":"Organization","@id":"https:\/\/drcinik.com\/fr\/#organization","name":"DR. CINIK","url":"https:\/\/drcinik.com\/fr\/","logo":{"@type":"ImageObject","inLanguage":"fr-FR","@id":"https:\/\/drcinik.com\/fr\/#\/schema\/logo\/image\/","url":"https:\/\/drcinik.com\/wp-content\/uploads\/2023\/07\/logo.svg","contentUrl":"https:\/\/drcinik.com\/wp-content\/uploads\/2023\/07\/logo.svg","width":"1024","height":"1024","caption":"DR. CINIK"},"image":{"@id":"https:\/\/drcinik.com\/fr\/#\/schema\/logo\/image\/"},"sameAs":["https:\/\/facebook.com\/drcinikcom","https:\/\/x.com\/drcinikofficial","https:\/\/instagram.com\/dr.cinikhospital","https:\/\/youtube.com\/@emrahcinik","https:\/\/tiktok.com\/@dremrahcinik"],"email":"info@drcinik.com","telephone":"+90 549 641 37 01","legalName":"Erc Turizm Sa\u011fl\u0131k Hizmetleri Tic. Ltd. \u015eti.","numberOfEmployees":{"@type":"QuantitativeValue","minValue":"51","maxValue":"200"}}]}},"_links":{"self":[{"href":"https:\/\/drcinik.com\/fr\/wp-json\/wp\/v2\/pages\/32311","targetHints":{"allow":["GET"]}}],"collection":[{"href":"https:\/\/drcinik.com\/fr\/wp-json\/wp\/v2\/pages"}],"about":[{"href":"https:\/\/drcinik.com\/fr\/wp-json\/wp\/v2\/types\/page"}],"author":[{"embeddable":true,"href":"https:\/\/drcinik.com\/fr\/wp-json\/wp\/v2\/users\/6"}],"replies":[{"embeddable":true,"href":"https:\/\/drcinik.com\/fr\/wp-json\/wp\/v2\/comments?post=32311"}],"version-history":[{"count":0,"href":"https:\/\/drcinik.com\/fr\/wp-json\/wp\/v2\/pages\/32311\/revisions"}],"up":[{"embeddable":true,"href":"https:\/\/drcinik.com\/fr\/wp-json\/wp\/v2\/pages\/32328"}],"wp:attachment":[{"href":"https:\/\/drcinik.com\/fr\/wp-json\/wp\/v2\/media?parent=32311"}],"curies":[{"name":"wp","href":"https:\/\/api.w.org\/{rel}","templated":true}]}}