{"id":32313,"date":"2023-08-29T13:48:02","date_gmt":"2023-08-29T10:48:02","guid":{"rendered":"https:\/\/drcinik.com\/?page_id=32313"},"modified":"2025-07-29T14:44:08","modified_gmt":"2025-07-29T11:44:08","slug":"politique-de-suppression-des-donnees","status":"publish","type":"page","link":"http:\/\/drcinik.com\/fr\/politique-de-suppression-des-donnees\/","title":{"rendered":"Politique de Suppression des Donn\u00e9es"},"content":{"rendered":"\t\t<div data-elementor-type=\"wp-page\" data-elementor-id=\"32313\" class=\"elementor elementor-32313 elementor-1035\" data-elementor-post-type=\"page\">\n\t\t\t\t<div class=\"elementor-element elementor-element-e1a8aca e-flex e-con-boxed e-con e-parent\" data-id=\"e1a8aca\" data-element_type=\"container\">\n\t\t\t\t\t<div class=\"e-con-inner\">\n\t\t\t\t<div class=\"elementor-element elementor-element-6ea382c elementor-widget elementor-widget-text-editor\" data-id=\"6ea382c\" data-element_type=\"widget\" data-widget_type=\"text-editor.default\">\n\t\t\t\t\t\t\t\t\t<h3 data-start=\"99\" data-end=\"175\"><strong data-start=\"103\" data-end=\"175\">Politique de Conservation et de Destruction des Donn\u00e9es Personnelles<\/strong><\/h3>\n<p data-start=\"177\" data-end=\"741\">Le responsable de traitement, <strong data-start=\"207\" data-end=\"237\">\u00d6zel DR. CINIK T\u0131p Merkezi<\/strong> (ERC Estetik Turizm Sa\u011fl\u0131k Hizmetleri Tic. Ltd. \u015eti.), conserve et d\u00e9truit vos donn\u00e9es personnelles conform\u00e9ment aux principes g\u00e9n\u00e9raux et aux r\u00e9glementations \u00e9nonc\u00e9s dans la pr\u00e9sente Politique de Conservation et de Destruction des Donn\u00e9es Personnelles, \u00e9labor\u00e9e en accord avec la Constitution, la Loi n\u00b06698 sur la Protection des Donn\u00e9es Personnelles (LPDP), le R\u00e8glement sur la Suppression, la Destruction ou l\u2019Anonymisation des Donn\u00e9es Personnelles, ainsi que d\u2019autres textes l\u00e9gislatifs applicables.<\/p>\n<p data-start=\"743\" data-end=\"973\">Par cette politique, la Soci\u00e9t\u00e9 vise \u00e0 \u00e9tablir les principes g\u00e9n\u00e9raux li\u00e9s \u00e0 la conservation et \u00e0 la destruction des donn\u00e9es personnelles trait\u00e9es dans le cadre de la LPDP et \u00e0 respecter les obligations pr\u00e9vues par la l\u00e9gislation.<\/p>\n<h4 data-start=\"975\" data-end=\"998\">D\u00e9finitions Cl\u00e9s :<\/h4>\n<ul data-start=\"999\" data-end=\"2245\">\n<li data-start=\"999\" data-end=\"1116\">\n<p data-start=\"1001\" data-end=\"1116\"><strong data-start=\"1001\" data-end=\"1027\">Consentement explicite<\/strong> : Consentement donn\u00e9 librement, en connaissance de cause et pour un objectif sp\u00e9cifique.<\/p>\n<\/li>\n<li data-start=\"1117\" data-end=\"1241\">\n<p data-start=\"1119\" data-end=\"1241\"><strong data-start=\"1119\" data-end=\"1146\">Groupe de destinataires<\/strong> : Cat\u00e9gorie de personnes physiques ou morales \u00e0 qui les donn\u00e9es personnelles sont transf\u00e9r\u00e9es.<\/p>\n<\/li>\n<li data-start=\"1242\" data-end=\"1378\">\n<p data-start=\"1244\" data-end=\"1378\"><strong data-start=\"1244\" data-end=\"1261\">Anonymisation<\/strong> : Traitement rendant impossible l\u2019identification d\u2019une personne physique, m\u00eame par croisement avec d\u2019autres donn\u00e9es.<\/p>\n<\/li>\n<li data-start=\"1379\" data-end=\"1547\">\n<p data-start=\"1381\" data-end=\"1547\"><strong data-start=\"1381\" data-end=\"1405\">Utilisateur concern\u00e9<\/strong> : Personnes traitant les donn\u00e9es personnelles au sein de l\u2019organisation, \u00e0 l\u2019exception des personnes responsables de la sauvegarde technique.<\/p>\n<\/li>\n<li data-start=\"1548\" data-end=\"1635\">\n<p data-start=\"1550\" data-end=\"1635\"><strong data-start=\"1550\" data-end=\"1565\">Destruction<\/strong> : Suppression, destruction ou anonymisation des donn\u00e9es personnelles.<\/p>\n<\/li>\n<li data-start=\"1636\" data-end=\"1734\">\n<p data-start=\"1638\" data-end=\"1734\"><strong data-start=\"1638\" data-end=\"1662\">Donn\u00e9es personnelles<\/strong> : Toute information relative \u00e0 une personne identifi\u00e9e ou identifiable.<\/p>\n<\/li>\n<li data-start=\"1735\" data-end=\"1814\">\n<p data-start=\"1737\" data-end=\"1814\"><strong data-start=\"1737\" data-end=\"1759\">Personne concern\u00e9e<\/strong> : La personne physique dont les donn\u00e9es sont trait\u00e9es.<\/p>\n<\/li>\n<li data-start=\"1815\" data-end=\"1966\">\n<p data-start=\"1817\" data-end=\"1966\"><strong data-start=\"1817\" data-end=\"1855\">Traitement de donn\u00e9es personnelles<\/strong> : Toute op\u00e9ration r\u00e9alis\u00e9e sur les donn\u00e9es personnelles (collecte, enregistrement, stockage, transfert, etc.).<\/p>\n<\/li>\n<li data-start=\"1967\" data-end=\"2118\">\n<p data-start=\"1969\" data-end=\"2118\"><strong data-start=\"1969\" data-end=\"1990\">Donn\u00e9es sensibles<\/strong> : Donn\u00e9es relatives \u00e0 l\u2019origine raciale, croyances, sant\u00e9, vie sexuelle, casier judiciaire, donn\u00e9es biom\u00e9triques et g\u00e9n\u00e9tiques.<\/p>\n<\/li>\n<li data-start=\"2119\" data-end=\"2245\">\n<p data-start=\"2121\" data-end=\"2245\"><strong data-start=\"2121\" data-end=\"2147\">Destruction p\u00e9riodique<\/strong> : Processus de destruction automatique \u00e0 intervalles r\u00e9guliers d\u00e9finis par la pr\u00e9sente politique.<\/p>\n<\/li>\n<\/ul>\n<h3 data-start=\"2252\" data-end=\"2296\"><strong data-start=\"2256\" data-end=\"2296\">Environnements de Stockage Concern\u00e9s<\/strong><\/h3>\n<p data-start=\"2298\" data-end=\"2469\">Les donn\u00e9es personnelles sont stock\u00e9es dans des environnements physiques et num\u00e9riques dans lesquels les donn\u00e9es sont trait\u00e9es automatiquement ou manuellement, notamment :<\/p>\n<ul data-start=\"2471\" data-end=\"2631\">\n<li data-start=\"2471\" data-end=\"2631\">\n<p data-start=\"2473\" data-end=\"2631\">Ordinateurs, comptes e-mail, t\u00e9l\u00e9phones professionnels, zones de sauvegarde, dossiers papier, registres visiteurs, CD\/DVD\/USB, disques durs, imprimantes, etc.<\/p>\n<\/li>\n<\/ul>\n<h3 data-start=\"2638\" data-end=\"2686\"><strong data-start=\"2642\" data-end=\"2686\">Motifs de Conservation et de Destruction<\/strong><\/h3>\n<p data-start=\"2688\" data-end=\"2755\">Les traitements sont r\u00e9alis\u00e9s conform\u00e9ment aux principes suivants :<\/p>\n<ul data-start=\"2757\" data-end=\"2926\">\n<li data-start=\"2757\" data-end=\"2781\">\n<p data-start=\"2759\" data-end=\"2781\">L\u00e9galit\u00e9 et bonne foi,<\/p>\n<\/li>\n<li data-start=\"2782\" data-end=\"2810\">\n<p data-start=\"2784\" data-end=\"2810\">Exactitude et mise \u00e0 jour,<\/p>\n<\/li>\n<li data-start=\"2811\" data-end=\"2853\">\n<p data-start=\"2813\" data-end=\"2853\">Finalit\u00e9 sp\u00e9cifique, claire et l\u00e9gitime,<\/p>\n<\/li>\n<li data-start=\"2854\" data-end=\"2885\">\n<p data-start=\"2856\" data-end=\"2885\">Pertinence, proportionnalit\u00e9,<\/p>\n<\/li>\n<li data-start=\"2886\" data-end=\"2926\">\n<p data-start=\"2888\" data-end=\"2926\">Conservation pendant la dur\u00e9e requise.<\/p>\n<\/li>\n<\/ul>\n<p data-start=\"2928\" data-end=\"3063\">Conform\u00e9ment aux articles 5 et 6 de la LPDP, les donn\u00e9es sont d\u00e9truites sans demande ou \u00e0 la demande de la personne concern\u00e9e lorsque :<\/p>\n<ul data-start=\"3065\" data-end=\"3261\">\n<li data-start=\"3065\" data-end=\"3112\">\n<p data-start=\"3067\" data-end=\"3112\">Le consentement explicite n\u2019est plus valable,<\/p>\n<\/li>\n<li data-start=\"3113\" data-end=\"3150\">\n<p data-start=\"3115\" data-end=\"3150\">L\u2019objectif de traitement a disparu,<\/p>\n<\/li>\n<li data-start=\"3151\" data-end=\"3200\">\n<p data-start=\"3153\" data-end=\"3200\">Les d\u00e9lais l\u00e9gaux de conservation sont expir\u00e9s,<\/p>\n<\/li>\n<li data-start=\"3201\" data-end=\"3261\">\n<p data-start=\"3203\" data-end=\"3261\">Aucune condition ne justifie une conservation plus longue.<\/p>\n<\/li>\n<\/ul>\n<h3 data-start=\"3268\" data-end=\"3317\"><strong data-start=\"3272\" data-end=\"3317\">Suppression, Destruction ou Anonymisation<\/strong><\/h3>\n<p data-start=\"3319\" data-end=\"3555\">Lorsque les donn\u00e9es ne sont plus n\u00e9cessaires, elles sont supprim\u00e9es, d\u00e9truites ou anonymis\u00e9es, soit automatiquement, soit \u00e0 la demande de la personne concern\u00e9e. Le moyen choisi est d\u00e9termin\u00e9 selon les possibilit\u00e9s techniques et le co\u00fbt.<\/p>\n<h3 data-start=\"3562\" data-end=\"3610\"><strong data-start=\"3566\" data-end=\"3610\">Mesures Techniques et Organisationnelles<\/strong><\/h3>\n<ul data-start=\"3612\" data-end=\"3907\">\n<li data-start=\"3612\" data-end=\"3653\">\n<p data-start=\"3614\" data-end=\"3653\">Utilisation de mots de passe s\u00e9curis\u00e9s,<\/p>\n<\/li>\n<li data-start=\"3654\" data-end=\"3727\">\n<p data-start=\"3656\" data-end=\"3727\">Sensibilisation du personnel et signature d\u2019accords de confidentialit\u00e9,<\/p>\n<\/li>\n<li data-start=\"3728\" data-end=\"3763\">\n<p data-start=\"3730\" data-end=\"3763\">Sauvegarde r\u00e9guli\u00e8re des donn\u00e9es,<\/p>\n<\/li>\n<li data-start=\"3764\" data-end=\"3806\">\n<p data-start=\"3766\" data-end=\"3806\">Restriction d\u2019acc\u00e8s selon les fonctions,<\/p>\n<\/li>\n<li data-start=\"3807\" data-end=\"3864\">\n<p data-start=\"3809\" data-end=\"3864\">Informations aux personnes concern\u00e9es avant traitement,<\/p>\n<\/li>\n<li data-start=\"3865\" data-end=\"3907\">\n<p data-start=\"3867\" data-end=\"3907\">Inventaire des traitements mis en place.<\/p>\n<\/li>\n<\/ul>\n<h3 data-start=\"3914\" data-end=\"3962\"><strong data-start=\"3918\" data-end=\"3962\">D\u00e9lais de Conservation et de Destruction<\/strong><\/h3>\n<p data-start=\"3964\" data-end=\"4153\">Les donn\u00e9es sont conserv\u00e9es aussi longtemps que le pr\u00e9voit la l\u00e9gislation ou tant que cela est n\u00e9cessaire pour la finalit\u00e9 du traitement. Si la personne concern\u00e9e demande leur suppression :<\/p>\n<ul data-start=\"4155\" data-end=\"4369\">\n<li data-start=\"4155\" data-end=\"4285\">\n<p data-start=\"4157\" data-end=\"4285\">Si aucune condition ne justifie leur conservation, la suppression est effectu\u00e9e dans les 30 jours et les tiers en sont inform\u00e9s.<\/p>\n<\/li>\n<li data-start=\"4286\" data-end=\"4369\">\n<p data-start=\"4288\" data-end=\"4369\">Sinon, la demande peut \u00eatre refus\u00e9e avec justification dans un d\u00e9lai de 30 jours.<\/p>\n<\/li>\n<\/ul>\n<h3 data-start=\"4376\" data-end=\"4406\"><strong data-start=\"4380\" data-end=\"4406\">Destruction P\u00e9riodique<\/strong><\/h3>\n<p data-start=\"4408\" data-end=\"4532\">Les donn\u00e9es sont d\u00e9truites au cours de la premi\u00e8re p\u00e9riode de destruction suivant l\u2019\u00e9ch\u00e9ance. Cette fr\u00e9quence est de 6 mois.<\/p>\n<div class=\"_tableContainer_80l1q_1\">\n<div class=\"_tableWrapper_80l1q_14 group flex w-fit flex-col-reverse\" tabindex=\"-1\">\n<table class=\"w-fit min-w-(--thread-content-width)\" data-start=\"4534\" data-end=\"5811\">\n<thead data-start=\"4534\" data-end=\"4675\">\n<tr data-start=\"4534\" data-end=\"4675\">\n<th data-start=\"4534\" data-end=\"4575\" data-col-size=\"sm\"><strong data-start=\"4536\" data-end=\"4549\">Processus<\/strong><\/th>\n<th data-start=\"4575\" data-end=\"4618\" data-col-size=\"sm\"><strong data-start=\"4577\" data-end=\"4602\">Dur\u00e9e de conservation<\/strong><\/th>\n<th data-start=\"4618\" data-end=\"4675\" data-col-size=\"md\"><strong data-start=\"4620\" data-end=\"4644\">D\u00e9lai de destruction<\/strong><\/th>\n<\/tr>\n<\/thead>\n<tbody data-start=\"4818\" data-end=\"5811\">\n<tr data-start=\"4818\" data-end=\"4959\">\n<td data-start=\"4818\" data-end=\"4858\" data-col-size=\"sm\">R\u00e9daction de contrats<\/td>\n<td data-col-size=\"sm\" data-start=\"4858\" data-end=\"4901\">10 ans apr\u00e8s la fin du contrat<\/td>\n<td data-col-size=\"md\" data-start=\"4901\" data-end=\"4959\">Premi\u00e8re p\u00e9riode suivant la fin de conservation<\/td>\n<\/tr>\n<tr data-start=\"4960\" data-end=\"5101\">\n<td data-start=\"4960\" data-end=\"5000\" data-col-size=\"sm\">Ressources humaines<\/td>\n<td data-col-size=\"sm\" data-start=\"5000\" data-end=\"5043\">10 ans apr\u00e8s la fin de l\u2019activit\u00e9<\/td>\n<td data-col-size=\"md\" data-start=\"5043\" data-end=\"5101\">Premi\u00e8re p\u00e9riode suivant la fin de conservation<\/td>\n<\/tr>\n<tr data-start=\"5102\" data-end=\"5243\">\n<td data-start=\"5102\" data-end=\"5142\" data-col-size=\"sm\">Acc\u00e8s aux syst\u00e8mes informatiques<\/td>\n<td data-col-size=\"sm\" data-start=\"5142\" data-end=\"5185\">5 ans<\/td>\n<td data-col-size=\"md\" data-start=\"5185\" data-end=\"5243\">Premi\u00e8re p\u00e9riode suivant la fin de conservation<\/td>\n<\/tr>\n<tr data-start=\"5244\" data-end=\"5385\">\n<td data-start=\"5244\" data-end=\"5284\" data-col-size=\"sm\">Enregistrement des visiteurs<\/td>\n<td data-col-size=\"sm\" data-start=\"5284\" data-end=\"5327\">5 ans<\/td>\n<td data-col-size=\"md\" data-start=\"5327\" data-end=\"5385\">Premi\u00e8re p\u00e9riode suivant la fin de conservation<\/td>\n<\/tr>\n<tr data-start=\"5386\" data-end=\"5527\">\n<td data-start=\"5386\" data-end=\"5426\" data-col-size=\"sm\">Donn\u00e9es de sant\u00e9<\/td>\n<td data-col-size=\"sm\" data-start=\"5426\" data-end=\"5469\">Selon la l\u00e9gislation<\/td>\n<td data-col-size=\"md\" data-start=\"5469\" data-end=\"5527\">Premi\u00e8re p\u00e9riode suivant la fin de conservation<\/td>\n<\/tr>\n<tr data-start=\"5528\" data-end=\"5669\">\n<td data-start=\"5528\" data-end=\"5568\" data-col-size=\"sm\">Donn\u00e9es d\u2019identit\u00e9<\/td>\n<td data-col-size=\"sm\" data-start=\"5568\" data-end=\"5611\">Selon la l\u00e9gislation<\/td>\n<td data-col-size=\"md\" data-start=\"5611\" data-end=\"5669\">Premi\u00e8re p\u00e9riode suivant la fin de conservation<\/td>\n<\/tr>\n<tr data-start=\"5670\" data-end=\"5811\">\n<td data-start=\"5670\" data-end=\"5710\" data-col-size=\"sm\">Enregistrements cam\u00e9ra<\/td>\n<td data-col-size=\"sm\" data-start=\"5710\" data-end=\"5753\">Min. 2 mois selon la l\u00e9gislation<\/td>\n<td data-col-size=\"md\" data-start=\"5753\" data-end=\"5811\">Premi\u00e8re p\u00e9riode suivant la fin de conservation<\/td>\n<\/tr>\n<\/tbody>\n<\/table>\n<div class=\"sticky end-(--thread-content-margin) h-0 self-end select-none\">\n<div class=\"absolute end-0 flex items-end\">\u00a0<\/div>\n<\/div>\n<\/div>\n<\/div>\n<p data-start=\"5818\" data-end=\"5899\"><strong data-start=\"5818\" data-end=\"5899\">Cette Politique entre en vigueur \u00e0 compter de sa publication sur le site web.<\/strong><\/p>\t\t\t\t\t\t\t\t<\/div>\n\t\t\t\t\t<\/div>\n\t\t\t\t<\/div>\n\t\t\t\t<\/div>\n\t\t","protected":false},"excerpt":{"rendered":"<p>Politique de Conservation et de Destruction des Donn\u00e9es Personnelles Le responsable de traitement, \u00d6zel DR. CINIK T\u0131p Merkezi (ERC Estetik Turizm Sa\u011fl\u0131k Hizmetleri Tic. Ltd. \u015eti.), conserve et d\u00e9truit vos donn\u00e9es personnelles conform\u00e9ment aux principes g\u00e9n\u00e9raux et aux r\u00e9glementations \u00e9nonc\u00e9s dans la pr\u00e9sente Politique de Conservation et de Destruction des Donn\u00e9es Personnelles, \u00e9labor\u00e9e en accord [&hellip;]<\/p>\n","protected":false},"author":6,"featured_media":0,"parent":32328,"menu_order":0,"comment_status":"closed","ping_status":"closed","template":"elementor_header_footer","meta":{"_acf_changed":false,"inline_featured_image":false,"footnotes":""},"class_list":["post-32313","page","type-page","status-publish","hentry"],"acf":[],"yoast_head":"<!-- This site is optimized with the Yoast SEO Premium plugin v26.2 (Yoast SEO v27.4) - https:\/\/yoast.com\/product\/yoast-seo-premium-wordpress\/ -->\n<title>Politique de Suppression des Donn\u00e9es - DR. CINIK<\/title>\n<meta name=\"description\" content=\"D\u00e9couvrez notre Politique de Suppression des Donn\u00e9es : dur\u00e9e de conservation, anonymisation et mesures de s\u00e9curit\u00e9 des donn\u00e9es\" \/>\n<meta name=\"robots\" content=\"index, follow, max-snippet:-1, max-image-preview:large, max-video-preview:-1\" \/>\n<link rel=\"canonical\" href=\"http:\/\/drcinik.com\/fr\/politique-de-suppression-des-donnees\/\" \/>\n<meta property=\"og:locale\" content=\"fr_FR\" \/>\n<meta property=\"og:type\" content=\"article\" \/>\n<meta property=\"og:title\" content=\"Politique de Suppression des Donn\u00e9es\" \/>\n<meta property=\"og:description\" content=\"D\u00e9couvrez notre Politique de Suppression des Donn\u00e9es : dur\u00e9e de conservation, anonymisation et mesures de s\u00e9curit\u00e9 des donn\u00e9es\" \/>\n<meta property=\"og:url\" content=\"http:\/\/drcinik.com\/fr\/politique-de-suppression-des-donnees\/\" \/>\n<meta property=\"og:site_name\" content=\"DR. CINIK\" \/>\n<meta property=\"article:publisher\" content=\"https:\/\/facebook.com\/drcinikcom\" \/>\n<meta property=\"article:modified_time\" content=\"2025-07-29T11:44:08+00:00\" \/>\n<meta name=\"twitter:card\" content=\"summary_large_image\" \/>\n<meta name=\"twitter:site\" content=\"@drcinikofficial\" \/>\n<script type=\"application\/ld+json\" class=\"yoast-schema-graph\">{\"@context\":\"https:\\\/\\\/schema.org\",\"@graph\":[{\"@type\":\"WebPage\",\"@id\":\"http:\\\/\\\/drcinik.com\\\/fr\\\/politique-de-suppression-des-donnees\\\/\",\"url\":\"http:\\\/\\\/drcinik.com\\\/fr\\\/politique-de-suppression-des-donnees\\\/\",\"name\":\"Politique de Suppression des Donn\u00e9es - DR. CINIK\",\"isPartOf\":{\"@id\":\"https:\\\/\\\/drcinik.com\\\/fr\\\/#website\"},\"datePublished\":\"2023-08-29T10:48:02+00:00\",\"dateModified\":\"2025-07-29T11:44:08+00:00\",\"description\":\"D\u00e9couvrez notre Politique de Suppression des Donn\u00e9es : dur\u00e9e de conservation, anonymisation et mesures de s\u00e9curit\u00e9 des donn\u00e9es\",\"breadcrumb\":{\"@id\":\"http:\\\/\\\/drcinik.com\\\/fr\\\/politique-de-suppression-des-donnees\\\/#breadcrumb\"},\"inLanguage\":\"fr-FR\",\"potentialAction\":[{\"@type\":\"ReadAction\",\"target\":[\"http:\\\/\\\/drcinik.com\\\/fr\\\/politique-de-suppression-des-donnees\\\/\"]}]},{\"@type\":\"BreadcrumbList\",\"@id\":\"http:\\\/\\\/drcinik.com\\\/fr\\\/politique-de-suppression-des-donnees\\\/#breadcrumb\",\"itemListElement\":[{\"@type\":\"ListItem\",\"position\":1,\"name\":\"Anasayfa\",\"item\":\"https:\\\/\\\/drcinik.com\\\/tr\\\/\"},{\"@type\":\"ListItem\",\"position\":2,\"name\":\"Politique de Suppression des Donn\u00e9es\"}]},{\"@type\":\"WebSite\",\"@id\":\"https:\\\/\\\/drcinik.com\\\/fr\\\/#website\",\"url\":\"https:\\\/\\\/drcinik.com\\\/fr\\\/\",\"name\":\"DR. CINIK\",\"description\":\"\u00d6zel T\u0131p Merkezi\",\"publisher\":{\"@id\":\"https:\\\/\\\/drcinik.com\\\/fr\\\/#organization\"},\"potentialAction\":[{\"@type\":\"SearchAction\",\"target\":{\"@type\":\"EntryPoint\",\"urlTemplate\":\"https:\\\/\\\/drcinik.com\\\/fr\\\/?s={search_term_string}\"},\"query-input\":{\"@type\":\"PropertyValueSpecification\",\"valueRequired\":true,\"valueName\":\"search_term_string\"}}],\"inLanguage\":\"fr-FR\"},{\"@type\":\"Organization\",\"@id\":\"https:\\\/\\\/drcinik.com\\\/fr\\\/#organization\",\"name\":\"DR. CINIK\",\"url\":\"https:\\\/\\\/drcinik.com\\\/fr\\\/\",\"logo\":{\"@type\":\"ImageObject\",\"inLanguage\":\"fr-FR\",\"@id\":\"https:\\\/\\\/drcinik.com\\\/fr\\\/#\\\/schema\\\/logo\\\/image\\\/\",\"url\":\"https:\\\/\\\/drcinik.com\\\/wp-content\\\/uploads\\\/2023\\\/07\\\/logo.svg\",\"contentUrl\":\"https:\\\/\\\/drcinik.com\\\/wp-content\\\/uploads\\\/2023\\\/07\\\/logo.svg\",\"width\":\"1024\",\"height\":\"1024\",\"caption\":\"DR. CINIK\"},\"image\":{\"@id\":\"https:\\\/\\\/drcinik.com\\\/fr\\\/#\\\/schema\\\/logo\\\/image\\\/\"},\"sameAs\":[\"https:\\\/\\\/facebook.com\\\/drcinikcom\",\"https:\\\/\\\/x.com\\\/drcinikofficial\",\"https:\\\/\\\/instagram.com\\\/dr.cinikhospital\",\"https:\\\/\\\/youtube.com\\\/@emrahcinik\",\"https:\\\/\\\/tiktok.com\\\/@dremrahcinik\"],\"email\":\"info@drcinik.com\",\"telephone\":\"+90 549 641 37 01\",\"legalName\":\"Erc Turizm Sa\u011fl\u0131k Hizmetleri Tic. Ltd. \u015eti.\",\"numberOfEmployees\":{\"@type\":\"QuantitativeValue\",\"minValue\":\"51\",\"maxValue\":\"200\"}}]}<\/script>\n<!-- \/ Yoast SEO Premium plugin. -->","yoast_head_json":{"title":"Politique de Suppression des Donn\u00e9es - DR. CINIK","description":"D\u00e9couvrez notre Politique de Suppression des Donn\u00e9es : dur\u00e9e de conservation, anonymisation et mesures de s\u00e9curit\u00e9 des donn\u00e9es","robots":{"index":"index","follow":"follow","max-snippet":"max-snippet:-1","max-image-preview":"max-image-preview:large","max-video-preview":"max-video-preview:-1"},"canonical":"http:\/\/drcinik.com\/fr\/politique-de-suppression-des-donnees\/","og_locale":"fr_FR","og_type":"article","og_title":"Politique de Suppression des Donn\u00e9es","og_description":"D\u00e9couvrez notre Politique de Suppression des Donn\u00e9es : dur\u00e9e de conservation, anonymisation et mesures de s\u00e9curit\u00e9 des donn\u00e9es","og_url":"http:\/\/drcinik.com\/fr\/politique-de-suppression-des-donnees\/","og_site_name":"DR. CINIK","article_publisher":"https:\/\/facebook.com\/drcinikcom","article_modified_time":"2025-07-29T11:44:08+00:00","twitter_card":"summary_large_image","twitter_site":"@drcinikofficial","schema":{"@context":"https:\/\/schema.org","@graph":[{"@type":"WebPage","@id":"http:\/\/drcinik.com\/fr\/politique-de-suppression-des-donnees\/","url":"http:\/\/drcinik.com\/fr\/politique-de-suppression-des-donnees\/","name":"Politique de Suppression des Donn\u00e9es - DR. CINIK","isPartOf":{"@id":"https:\/\/drcinik.com\/fr\/#website"},"datePublished":"2023-08-29T10:48:02+00:00","dateModified":"2025-07-29T11:44:08+00:00","description":"D\u00e9couvrez notre Politique de Suppression des Donn\u00e9es : dur\u00e9e de conservation, anonymisation et mesures de s\u00e9curit\u00e9 des donn\u00e9es","breadcrumb":{"@id":"http:\/\/drcinik.com\/fr\/politique-de-suppression-des-donnees\/#breadcrumb"},"inLanguage":"fr-FR","potentialAction":[{"@type":"ReadAction","target":["http:\/\/drcinik.com\/fr\/politique-de-suppression-des-donnees\/"]}]},{"@type":"BreadcrumbList","@id":"http:\/\/drcinik.com\/fr\/politique-de-suppression-des-donnees\/#breadcrumb","itemListElement":[{"@type":"ListItem","position":1,"name":"Anasayfa","item":"https:\/\/drcinik.com\/tr\/"},{"@type":"ListItem","position":2,"name":"Politique de Suppression des Donn\u00e9es"}]},{"@type":"WebSite","@id":"https:\/\/drcinik.com\/fr\/#website","url":"https:\/\/drcinik.com\/fr\/","name":"DR. CINIK","description":"\u00d6zel T\u0131p Merkezi","publisher":{"@id":"https:\/\/drcinik.com\/fr\/#organization"},"potentialAction":[{"@type":"SearchAction","target":{"@type":"EntryPoint","urlTemplate":"https:\/\/drcinik.com\/fr\/?s={search_term_string}"},"query-input":{"@type":"PropertyValueSpecification","valueRequired":true,"valueName":"search_term_string"}}],"inLanguage":"fr-FR"},{"@type":"Organization","@id":"https:\/\/drcinik.com\/fr\/#organization","name":"DR. CINIK","url":"https:\/\/drcinik.com\/fr\/","logo":{"@type":"ImageObject","inLanguage":"fr-FR","@id":"https:\/\/drcinik.com\/fr\/#\/schema\/logo\/image\/","url":"https:\/\/drcinik.com\/wp-content\/uploads\/2023\/07\/logo.svg","contentUrl":"https:\/\/drcinik.com\/wp-content\/uploads\/2023\/07\/logo.svg","width":"1024","height":"1024","caption":"DR. CINIK"},"image":{"@id":"https:\/\/drcinik.com\/fr\/#\/schema\/logo\/image\/"},"sameAs":["https:\/\/facebook.com\/drcinikcom","https:\/\/x.com\/drcinikofficial","https:\/\/instagram.com\/dr.cinikhospital","https:\/\/youtube.com\/@emrahcinik","https:\/\/tiktok.com\/@dremrahcinik"],"email":"info@drcinik.com","telephone":"+90 549 641 37 01","legalName":"Erc Turizm Sa\u011fl\u0131k Hizmetleri Tic. Ltd. \u015eti.","numberOfEmployees":{"@type":"QuantitativeValue","minValue":"51","maxValue":"200"}}]}},"_links":{"self":[{"href":"https:\/\/drcinik.com\/fr\/wp-json\/wp\/v2\/pages\/32313","targetHints":{"allow":["GET"]}}],"collection":[{"href":"https:\/\/drcinik.com\/fr\/wp-json\/wp\/v2\/pages"}],"about":[{"href":"https:\/\/drcinik.com\/fr\/wp-json\/wp\/v2\/types\/page"}],"author":[{"embeddable":true,"href":"https:\/\/drcinik.com\/fr\/wp-json\/wp\/v2\/users\/6"}],"replies":[{"embeddable":true,"href":"https:\/\/drcinik.com\/fr\/wp-json\/wp\/v2\/comments?post=32313"}],"version-history":[{"count":0,"href":"https:\/\/drcinik.com\/fr\/wp-json\/wp\/v2\/pages\/32313\/revisions"}],"up":[{"embeddable":true,"href":"https:\/\/drcinik.com\/fr\/wp-json\/wp\/v2\/pages\/32328"}],"wp:attachment":[{"href":"https:\/\/drcinik.com\/fr\/wp-json\/wp\/v2\/media?parent=32313"}],"curies":[{"name":"wp","href":"https:\/\/api.w.org\/{rel}","templated":true}]}}