{"id":32926,"date":"2023-08-29T13:43:12","date_gmt":"2023-08-29T10:43:12","guid":{"rendered":"https:\/\/drcinik.com\/?page_id=32926"},"modified":"2025-07-31T22:46:11","modified_gmt":"2025-07-31T19:46:11","slug":"consenso-per-messaggi-elettronici-commerciali","status":"publish","type":"page","link":"http:\/\/drcinik.com\/it\/legal\/consenso-per-messaggi-elettronici-commerciali\/","title":{"rendered":"Consenso per messaggi elettronici commerciali"},"content":{"rendered":"\t\t<div data-elementor-type=\"wp-page\" data-elementor-id=\"32926\" class=\"elementor elementor-32926 elementor-1029\" data-elementor-post-type=\"page\">\n\t\t\t\t<div class=\"elementor-element elementor-element-acdd687 e-flex e-con-boxed e-con e-parent\" data-id=\"acdd687\" data-element_type=\"container\">\n\t\t\t\t\t<div class=\"e-con-inner\">\n\t\t\t\t<div class=\"elementor-element elementor-element-adcf5aa elementor-widget elementor-widget-text-editor\" data-id=\"adcf5aa\" data-element_type=\"widget\" data-widget_type=\"text-editor.default\">\n\t\t\t\t\t\t\t\t\t<p style=\"text-align: right;\"><em><strong>[lmt-post-modified-info]<\/strong><\/em><\/p>\n<h2>Informazioni sul consenso ai messaggi elettronici commerciali<\/h2>\n<p>Nell&#8217;ambito della Legge sulla Protezione dei Dati Personali n. 6698 e della Legge n. 6563 sulla Regolamentazione del Commercio Elettronico, ERC Estetik Turizm Sa\u011fl\u0131k Hizmetleri Tic. Ltd. Sti. (\u00d6zel DR. CINIK T\u0131p Merkezi) tratter\u00e0 i tuoi dati, previo tuo consenso, ai sensi del KVKK e della Legge sulla Regolamentazione del Commercio Elettronico, al fine di condividerli con le parti e\/o le persone per conto delle quali esegue transazioni relative a qualsiasi tipo di attivit\u00e0 di marketing, campagne, pubblicit\u00e0, lanci, sondaggi, concorsi a premi, sconti, promozioni, offerte speciali, promozioni, inaugurazioni, inviti, eventi e attivit\u00e0 di comunicazione. I tuoi dati personali saranno condivisi con le aziende che usufruiscono dei nostri servizi, adottando le misure di sicurezza necessarie per l&#8217;invio di SMS ed e-mail.<\/p>\n<p>Cordiali saluti,<\/p>\n<p>Come ERC Estetik Turizm Sa\u011fl\u0131k Hizmetleri Tic. Ltd. Sti.<\/p>\n<p>\u00a0<\/p>\n<h3>Consenso per messaggi elettronici commerciali<\/h3>\n<p>Salvo diversa indicazione, senza alcuna pressione, dichiaro di dare il mio esplicito consenso a ERC Estetik Turizm Sa\u011fl\u0131k Hizmetleri Tic Ltd.Sti. (\u00d6zel DR. CINIK T\u0131p Merkezi) di contattare me e\/o le persone per conto delle quali agisco e di inviare messaggi elettronici commerciali tramite SMS, e-mail e ricerca, in merito a tutti i tipi di attivit\u00e0 di marketing, campagne, pubblicit\u00e0, lanci, sondaggi, concorsi a premi, sconti, promozioni, offerte speciali, promozioni, inaugurazioni, inviti, eventi e attivit\u00e0 di comunicazione.<\/p>\t\t\t\t\t\t\t\t<\/div>\n\t\t\t\t\t<\/div>\n\t\t\t\t<\/div>\n\t\t\t\t<\/div>\n\t\t","protected":false},"excerpt":{"rendered":"<p>[lmt-post-modified-info] Informazioni sul consenso ai messaggi elettronici commerciali Nell&#8217;ambito della Legge sulla Protezione dei Dati Personali n. 6698 e della Legge n. 6563 sulla Regolamentazione del Commercio Elettronico, ERC Estetik Turizm Sa\u011fl\u0131k Hizmetleri Tic. Ltd. Sti. (\u00d6zel DR. CINIK T\u0131p Merkezi) tratter\u00e0 i tuoi dati, previo tuo consenso, ai sensi del KVKK e della Legge [&hellip;]<\/p>\n","protected":false},"author":11,"featured_media":0,"parent":32889,"menu_order":0,"comment_status":"closed","ping_status":"closed","template":"","meta":{"_acf_changed":false,"inline_featured_image":false,"footnotes":""},"class_list":["post-32926","page","type-page","status-publish","hentry"],"acf":[],"yoast_head":"<!-- This site is optimized with the Yoast SEO Premium plugin v26.2 (Yoast SEO v27.4) - https:\/\/yoast.com\/product\/yoast-seo-premium-wordpress\/ -->\n<title>Consenso per messaggi elettronici commerciali - DR. CINIK<\/title>\n<meta name=\"robots\" content=\"index, follow, max-snippet:-1, max-image-preview:large, max-video-preview:-1\" \/>\n<link rel=\"canonical\" href=\"http:\/\/drcinik.com\/it\/legal\/consenso-per-messaggi-elettronici-commerciali\/\" \/>\n<meta property=\"og:locale\" content=\"it_IT\" \/>\n<meta property=\"og:type\" content=\"article\" \/>\n<meta property=\"og:title\" content=\"Consenso per messaggi elettronici commerciali\" \/>\n<meta property=\"og:description\" content=\"[lmt-post-modified-info] Informazioni sul consenso ai messaggi elettronici commerciali Nell&#8217;ambito della Legge sulla Protezione dei Dati Personali n. 6698 e della Legge n. 6563 sulla Regolamentazione del Commercio Elettronico, ERC Estetik Turizm Sa\u011fl\u0131k Hizmetleri Tic. Ltd. Sti. (\u00d6zel DR. CINIK T\u0131p Merkezi) tratter\u00e0 i tuoi dati, previo tuo consenso, ai sensi del KVKK e della Legge [&hellip;]\" \/>\n<meta property=\"og:url\" content=\"http:\/\/drcinik.com\/it\/legal\/consenso-per-messaggi-elettronici-commerciali\/\" \/>\n<meta property=\"og:site_name\" content=\"DR. CINIK\" \/>\n<meta property=\"article:publisher\" content=\"https:\/\/facebook.com\/drcinikcom\" \/>\n<meta property=\"article:modified_time\" content=\"2025-07-31T19:46:11+00:00\" \/>\n<meta name=\"twitter:card\" content=\"summary_large_image\" \/>\n<meta name=\"twitter:site\" content=\"@drcinikofficial\" \/>\n<script type=\"application\/ld+json\" class=\"yoast-schema-graph\">{\"@context\":\"https:\\\/\\\/schema.org\",\"@graph\":[{\"@type\":\"WebPage\",\"@id\":\"http:\\\/\\\/drcinik.com\\\/it\\\/legal\\\/consenso-per-messaggi-elettronici-commerciali\\\/\",\"url\":\"http:\\\/\\\/drcinik.com\\\/it\\\/legal\\\/consenso-per-messaggi-elettronici-commerciali\\\/\",\"name\":\"Consenso per messaggi elettronici commerciali - DR. CINIK\",\"isPartOf\":{\"@id\":\"https:\\\/\\\/drcinik.com\\\/it\\\/#website\"},\"datePublished\":\"2023-08-29T10:43:12+00:00\",\"dateModified\":\"2025-07-31T19:46:11+00:00\",\"breadcrumb\":{\"@id\":\"http:\\\/\\\/drcinik.com\\\/it\\\/legal\\\/consenso-per-messaggi-elettronici-commerciali\\\/#breadcrumb\"},\"inLanguage\":\"it-IT\",\"potentialAction\":[{\"@type\":\"ReadAction\",\"target\":[\"http:\\\/\\\/drcinik.com\\\/it\\\/legal\\\/consenso-per-messaggi-elettronici-commerciali\\\/\"]}]},{\"@type\":\"BreadcrumbList\",\"@id\":\"http:\\\/\\\/drcinik.com\\\/it\\\/legal\\\/consenso-per-messaggi-elettronici-commerciali\\\/#breadcrumb\",\"itemListElement\":[{\"@type\":\"ListItem\",\"position\":1,\"name\":\"Anasayfa\",\"item\":\"https:\\\/\\\/drcinik.com\\\/ar\\\/\"},{\"@type\":\"ListItem\",\"position\":2,\"name\":\"Legal\",\"item\":\"http:\\\/\\\/drcinik.com\\\/it\\\/legal\\\/\"},{\"@type\":\"ListItem\",\"position\":3,\"name\":\"Consenso per messaggi elettronici commerciali\"}]},{\"@type\":\"WebSite\",\"@id\":\"https:\\\/\\\/drcinik.com\\\/it\\\/#website\",\"url\":\"https:\\\/\\\/drcinik.com\\\/it\\\/\",\"name\":\"DR. CINIK\",\"description\":\"\u00d6zel T\u0131p Merkezi\",\"publisher\":{\"@id\":\"https:\\\/\\\/drcinik.com\\\/it\\\/#organization\"},\"potentialAction\":[{\"@type\":\"SearchAction\",\"target\":{\"@type\":\"EntryPoint\",\"urlTemplate\":\"https:\\\/\\\/drcinik.com\\\/it\\\/?s={search_term_string}\"},\"query-input\":{\"@type\":\"PropertyValueSpecification\",\"valueRequired\":true,\"valueName\":\"search_term_string\"}}],\"inLanguage\":\"it-IT\"},{\"@type\":\"Organization\",\"@id\":\"https:\\\/\\\/drcinik.com\\\/it\\\/#organization\",\"name\":\"DR. CINIK\",\"url\":\"https:\\\/\\\/drcinik.com\\\/it\\\/\",\"logo\":{\"@type\":\"ImageObject\",\"inLanguage\":\"it-IT\",\"@id\":\"https:\\\/\\\/drcinik.com\\\/it\\\/#\\\/schema\\\/logo\\\/image\\\/\",\"url\":\"https:\\\/\\\/drcinik.com\\\/wp-content\\\/uploads\\\/2023\\\/07\\\/logo.svg\",\"contentUrl\":\"https:\\\/\\\/drcinik.com\\\/wp-content\\\/uploads\\\/2023\\\/07\\\/logo.svg\",\"width\":\"1024\",\"height\":\"1024\",\"caption\":\"DR. CINIK\"},\"image\":{\"@id\":\"https:\\\/\\\/drcinik.com\\\/it\\\/#\\\/schema\\\/logo\\\/image\\\/\"},\"sameAs\":[\"https:\\\/\\\/facebook.com\\\/drcinikcom\",\"https:\\\/\\\/x.com\\\/drcinikofficial\",\"https:\\\/\\\/instagram.com\\\/dr.cinikhospital\",\"https:\\\/\\\/youtube.com\\\/@emrahcinik\",\"https:\\\/\\\/tiktok.com\\\/@dremrahcinik\"],\"email\":\"info@drcinik.com\",\"telephone\":\"+90 549 641 37 01\",\"legalName\":\"Erc Turizm Sa\u011fl\u0131k Hizmetleri Tic. Ltd. \u015eti.\",\"numberOfEmployees\":{\"@type\":\"QuantitativeValue\",\"minValue\":\"51\",\"maxValue\":\"200\"}}]}<\/script>\n<!-- \/ Yoast SEO Premium plugin. -->","yoast_head_json":{"title":"Consenso per messaggi elettronici commerciali - DR. CINIK","robots":{"index":"index","follow":"follow","max-snippet":"max-snippet:-1","max-image-preview":"max-image-preview:large","max-video-preview":"max-video-preview:-1"},"canonical":"http:\/\/drcinik.com\/it\/legal\/consenso-per-messaggi-elettronici-commerciali\/","og_locale":"it_IT","og_type":"article","og_title":"Consenso per messaggi elettronici commerciali","og_description":"[lmt-post-modified-info] Informazioni sul consenso ai messaggi elettronici commerciali Nell&#8217;ambito della Legge sulla Protezione dei Dati Personali n. 6698 e della Legge n. 6563 sulla Regolamentazione del Commercio Elettronico, ERC Estetik Turizm Sa\u011fl\u0131k Hizmetleri Tic. Ltd. Sti. (\u00d6zel DR. CINIK T\u0131p Merkezi) tratter\u00e0 i tuoi dati, previo tuo consenso, ai sensi del KVKK e della Legge [&hellip;]","og_url":"http:\/\/drcinik.com\/it\/legal\/consenso-per-messaggi-elettronici-commerciali\/","og_site_name":"DR. CINIK","article_publisher":"https:\/\/facebook.com\/drcinikcom","article_modified_time":"2025-07-31T19:46:11+00:00","twitter_card":"summary_large_image","twitter_site":"@drcinikofficial","schema":{"@context":"https:\/\/schema.org","@graph":[{"@type":"WebPage","@id":"http:\/\/drcinik.com\/it\/legal\/consenso-per-messaggi-elettronici-commerciali\/","url":"http:\/\/drcinik.com\/it\/legal\/consenso-per-messaggi-elettronici-commerciali\/","name":"Consenso per messaggi elettronici commerciali - DR. CINIK","isPartOf":{"@id":"https:\/\/drcinik.com\/it\/#website"},"datePublished":"2023-08-29T10:43:12+00:00","dateModified":"2025-07-31T19:46:11+00:00","breadcrumb":{"@id":"http:\/\/drcinik.com\/it\/legal\/consenso-per-messaggi-elettronici-commerciali\/#breadcrumb"},"inLanguage":"it-IT","potentialAction":[{"@type":"ReadAction","target":["http:\/\/drcinik.com\/it\/legal\/consenso-per-messaggi-elettronici-commerciali\/"]}]},{"@type":"BreadcrumbList","@id":"http:\/\/drcinik.com\/it\/legal\/consenso-per-messaggi-elettronici-commerciali\/#breadcrumb","itemListElement":[{"@type":"ListItem","position":1,"name":"Anasayfa","item":"https:\/\/drcinik.com\/ar\/"},{"@type":"ListItem","position":2,"name":"Legal","item":"http:\/\/drcinik.com\/it\/legal\/"},{"@type":"ListItem","position":3,"name":"Consenso per messaggi elettronici commerciali"}]},{"@type":"WebSite","@id":"https:\/\/drcinik.com\/it\/#website","url":"https:\/\/drcinik.com\/it\/","name":"DR. CINIK","description":"\u00d6zel T\u0131p Merkezi","publisher":{"@id":"https:\/\/drcinik.com\/it\/#organization"},"potentialAction":[{"@type":"SearchAction","target":{"@type":"EntryPoint","urlTemplate":"https:\/\/drcinik.com\/it\/?s={search_term_string}"},"query-input":{"@type":"PropertyValueSpecification","valueRequired":true,"valueName":"search_term_string"}}],"inLanguage":"it-IT"},{"@type":"Organization","@id":"https:\/\/drcinik.com\/it\/#organization","name":"DR. CINIK","url":"https:\/\/drcinik.com\/it\/","logo":{"@type":"ImageObject","inLanguage":"it-IT","@id":"https:\/\/drcinik.com\/it\/#\/schema\/logo\/image\/","url":"https:\/\/drcinik.com\/wp-content\/uploads\/2023\/07\/logo.svg","contentUrl":"https:\/\/drcinik.com\/wp-content\/uploads\/2023\/07\/logo.svg","width":"1024","height":"1024","caption":"DR. CINIK"},"image":{"@id":"https:\/\/drcinik.com\/it\/#\/schema\/logo\/image\/"},"sameAs":["https:\/\/facebook.com\/drcinikcom","https:\/\/x.com\/drcinikofficial","https:\/\/instagram.com\/dr.cinikhospital","https:\/\/youtube.com\/@emrahcinik","https:\/\/tiktok.com\/@dremrahcinik"],"email":"info@drcinik.com","telephone":"+90 549 641 37 01","legalName":"Erc Turizm Sa\u011fl\u0131k Hizmetleri Tic. Ltd. \u015eti.","numberOfEmployees":{"@type":"QuantitativeValue","minValue":"51","maxValue":"200"}}]}},"_links":{"self":[{"href":"https:\/\/drcinik.com\/it\/wp-json\/wp\/v2\/pages\/32926","targetHints":{"allow":["GET"]}}],"collection":[{"href":"https:\/\/drcinik.com\/it\/wp-json\/wp\/v2\/pages"}],"about":[{"href":"https:\/\/drcinik.com\/it\/wp-json\/wp\/v2\/types\/page"}],"author":[{"embeddable":true,"href":"https:\/\/drcinik.com\/it\/wp-json\/wp\/v2\/users\/11"}],"replies":[{"embeddable":true,"href":"https:\/\/drcinik.com\/it\/wp-json\/wp\/v2\/comments?post=32926"}],"version-history":[{"count":0,"href":"https:\/\/drcinik.com\/it\/wp-json\/wp\/v2\/pages\/32926\/revisions"}],"up":[{"embeddable":true,"href":"https:\/\/drcinik.com\/it\/wp-json\/wp\/v2\/pages\/32889"}],"wp:attachment":[{"href":"https:\/\/drcinik.com\/it\/wp-json\/wp\/v2\/media?parent=32926"}],"curies":[{"name":"wp","href":"https:\/\/api.w.org\/{rel}","templated":true}]}}