{"id":32951,"date":"2023-08-29T13:46:29","date_gmt":"2023-08-29T10:46:29","guid":{"rendered":"https:\/\/drcinik.com\/?page_id=32951"},"modified":"2025-07-31T23:00:41","modified_gmt":"2025-07-31T20:00:41","slug":"informativa-sui-cookie","status":"publish","type":"page","link":"http:\/\/drcinik.com\/it\/legal\/informativa-sui-cookie\/","title":{"rendered":"Informativa sui cookie"},"content":{"rendered":"\t\t<div data-elementor-type=\"wp-page\" data-elementor-id=\"32951\" class=\"elementor elementor-32951 elementor-1031\" data-elementor-post-type=\"page\">\n\t\t\t\t<div class=\"elementor-element elementor-element-02590cd e-flex e-con-boxed e-con e-parent\" data-id=\"02590cd\" data-element_type=\"container\">\n\t\t\t\t\t<div class=\"e-con-inner\">\n\t\t\t\t<div class=\"elementor-element elementor-element-1741ef2 elementor-widget elementor-widget-text-editor\" data-id=\"1741ef2\" data-element_type=\"widget\" data-widget_type=\"text-editor.default\">\n\t\t\t\t\t\t\t\t\t<h2>Testo di Chiarimento<\/h2>\n<p>Come <b>ERC Estetik Turizm Sa\u011fl\u0131k Hizmetleri Tic. Ltd. Sti.<\/b> utilizziamo alcune tecnologie (cookie) come cookie, pixel e gif per migliorare la tua esperienza durante le visite al nostro sito web. L\u2019uso di queste tecnologie viene effettuato in conformit\u00e0 con la normativa a cui siamo soggetti, in particolare la Legge n. 6698 sulla Protezione dei Dati Personali.<\/p>\n<p>Lo scopo di questo testo di chiarimento sui cookie \u00e8 informarti sul trattamento dei dati personali ottenuti dai visitatori del sito (Titolari dei dati) durante l\u2019utilizzo dei cookie sul nostro sito web. In questo testo, desideriamo spiegare quali tipi di cookie utilizziamo e per quali finalit\u00e0, oltre a come puoi controllare questi cookie. Ai sensi degli articoli 5 e 8 della Legge sulla Protezione dei Dati Personali e\/o nei casi di eccezione previsti dalla normativa pertinente, i tuoi dati personali possono essere trattati per le finalit\u00e0 sopra indicate con il tuo consenso, quando richiesto dalla legge, o senza il tuo consenso negli altri casi.<\/p>\n<h3>Cookie<\/h3>\n<p>Utilizziamo i cookie per numerosi scopi sul nostro sito web e trattiamo i tuoi dati personali attraverso questi cookie. Questi scopi sono principalmente:<\/p>\n<ul>\n<li>Svolgere le funzioni fondamentali necessarie per il funzionamento del sito web.<\/li>\n<li>Analizzare il sito web e migliorarne le prestazioni, ad esempio determinando il numero di visitatori e apportando adeguate modifiche alle prestazioni.<\/li>\n<li>Migliorare la funzionalit\u00e0 e la facilit\u00e0 d\u2019uso del sito. Ad esempio, pubblicare contenuti su canali social di terze parti tramite il sito web.<\/li>\n<\/ul>\n<p>Possiamo condividere i tuoi dati personali con terze parti, partner commerciali e societ\u00e0 con cui abbiamo rapporti commerciali, ma solo per le finalit\u00e0 sopra indicate e in conformit\u00e0 con la legge.<\/p>\n<h3>Cookie che utilizziamo sul nostro sito web:<\/h3>\n<h4>Cookie di funzionalit\u00e0 e preferenze:<\/h4>\n<p>Questi cookie consentono di personalizzare i servizi disponibili sul nostro sito web ricordando le tue preferenze e scelte. Ad esempio, ci permettono di ricordare la tua preferenza linguistica sul sito o la dimensione del carattere che preferisci quando leggi un testo.<\/p>\n<h4>Cookie dei social media:<\/h4>\n<p>Questi cookie consentono la raccolta di informazioni sul tuo utilizzo dei social media. Ad esempio, i cookie possono essere utilizzati per creare annunci pubblicitari personalizzati o condurre ricerche di mercato utilizzando le informazioni dai tuoi account Facebook\/Twitter.<\/p>\n<h4>Cookie di prestazione e analisi:<\/h4>\n<p>Possiamo migliorare i servizi che ti forniamo analizzando l\u2019uso e le prestazioni del nostro sito tramite questi cookie. Ad esempio, possiamo rilevare quali pagine vengono visualizzate pi\u00f9 spesso dai visitatori, verificare se il sito funziona correttamente e individuare potenziali problemi.<\/p>\n<p>Inoltre, utilizziamo i cookie per promuovere prodotti e servizi sul nostro sito web e su altri canali. Inoltre, possiamo collaborare con alcuni dei nostri partner commerciali per fare pubblicit\u00e0 e promozioni sul nostro sito o su altri canali. Hai la possibilit\u00e0 di personalizzare le tue preferenze sui cookie modificando le impostazioni del browser.<\/p>\n<p>Puoi inviare le tue richieste nell\u2019ambito dell\u2019articolo 11 della Legge \u201cche disciplina i diritti dell\u2019interessato\u201d in forma scritta all\u2019indirizzo della nostra azienda: Fulya, Mevl\u00fct Pehlivan Sk. No:19, 34394 \u015ei\u015fli\/Istanbul, in conformit\u00e0 con la \u201cComunicazione sulle procedure e i principi di applicazione al titolare del trattamento\u201d, oppure puoi utilizzare la sezione \u201cModulo di richiesta KVKK\u201d sul nostro sito web. Possiamo interrompere l\u2019uso dei cookie sul nostro sito, modificarne i tipi e le funzioni o aggiungere nuovi cookie. L\u2019azienda non avr\u00e0 alcuna responsabilit\u00e0 se il Titolare dei dati non dispone di informazioni aggiornate.<\/p>\n<p>I Titolari dei dati riconoscono che potrebbero non essere in grado di beneficiare pienamente del funzionamento del sito web se fanno una richiesta che impedisce all\u2019azienda di utilizzare alcuni dei loro dati personali, e dichiarano che ogni responsabilit\u00e0 derivante in questo contesto sar\u00e0 a loro carico.<\/p>\n<p>Per informazioni pi\u00f9 dettagliate sul trattamento dei tuoi dati personali da parte dell\u2019Azienda, ti consigliamo di consultare la sezione \u201cProtezione e Privacy dei Dati Personali\u201d su <a href=\"https:\/\/drcinik.com\/legal\/processing-of-personal-data\/\">drcinik.com\/it\/legal\/processing-of-personal-data\/<\/a>.<\/p>\t\t\t\t\t\t\t\t<\/div>\n\t\t\t\t\t<\/div>\n\t\t\t\t<\/div>\n\t\t\t\t<\/div>\n\t\t","protected":false},"excerpt":{"rendered":"<p>Testo di Chiarimento Come ERC Estetik Turizm Sa\u011fl\u0131k Hizmetleri Tic. Ltd. Sti. utilizziamo alcune tecnologie (cookie) come cookie, pixel e gif per migliorare la tua esperienza durante le visite al nostro sito web. L\u2019uso di queste tecnologie viene effettuato in conformit\u00e0 con la normativa a cui siamo soggetti, in particolare la Legge n. 6698 sulla [&hellip;]<\/p>\n","protected":false},"author":11,"featured_media":0,"parent":32889,"menu_order":0,"comment_status":"closed","ping_status":"closed","template":"","meta":{"_acf_changed":false,"inline_featured_image":false,"footnotes":""},"class_list":["post-32951","page","type-page","status-publish","hentry"],"acf":[],"yoast_head":"<!-- This site is optimized with the Yoast SEO Premium plugin v26.2 (Yoast SEO v27.4) - https:\/\/yoast.com\/product\/yoast-seo-premium-wordpress\/ -->\n<title>Informativa sui cookie - DR. CINIK<\/title>\n<meta name=\"robots\" content=\"index, follow, max-snippet:-1, max-image-preview:large, max-video-preview:-1\" \/>\n<link rel=\"canonical\" href=\"http:\/\/drcinik.com\/it\/legal\/informativa-sui-cookie\/\" \/>\n<meta property=\"og:locale\" content=\"it_IT\" \/>\n<meta property=\"og:type\" content=\"article\" \/>\n<meta property=\"og:title\" content=\"Informativa sui cookie\" \/>\n<meta property=\"og:description\" content=\"Testo di Chiarimento Come ERC Estetik Turizm Sa\u011fl\u0131k Hizmetleri Tic. Ltd. Sti. utilizziamo alcune tecnologie (cookie) come cookie, pixel e gif per migliorare la tua esperienza durante le visite al nostro sito web. L\u2019uso di queste tecnologie viene effettuato in conformit\u00e0 con la normativa a cui siamo soggetti, in particolare la Legge n. 6698 sulla [&hellip;]\" \/>\n<meta property=\"og:url\" content=\"http:\/\/drcinik.com\/it\/legal\/informativa-sui-cookie\/\" \/>\n<meta property=\"og:site_name\" content=\"DR. CINIK\" \/>\n<meta property=\"article:publisher\" content=\"https:\/\/facebook.com\/drcinikcom\" \/>\n<meta property=\"article:modified_time\" content=\"2025-07-31T20:00:41+00:00\" \/>\n<meta name=\"twitter:card\" content=\"summary_large_image\" \/>\n<meta name=\"twitter:site\" content=\"@drcinikofficial\" \/>\n<script type=\"application\/ld+json\" class=\"yoast-schema-graph\">{\"@context\":\"https:\\\/\\\/schema.org\",\"@graph\":[{\"@type\":\"WebPage\",\"@id\":\"http:\\\/\\\/drcinik.com\\\/it\\\/legal\\\/informativa-sui-cookie\\\/\",\"url\":\"http:\\\/\\\/drcinik.com\\\/it\\\/legal\\\/informativa-sui-cookie\\\/\",\"name\":\"Informativa sui cookie - DR. CINIK\",\"isPartOf\":{\"@id\":\"https:\\\/\\\/drcinik.com\\\/it\\\/#website\"},\"datePublished\":\"2023-08-29T10:46:29+00:00\",\"dateModified\":\"2025-07-31T20:00:41+00:00\",\"breadcrumb\":{\"@id\":\"http:\\\/\\\/drcinik.com\\\/it\\\/legal\\\/informativa-sui-cookie\\\/#breadcrumb\"},\"inLanguage\":\"it-IT\",\"potentialAction\":[{\"@type\":\"ReadAction\",\"target\":[\"http:\\\/\\\/drcinik.com\\\/it\\\/legal\\\/informativa-sui-cookie\\\/\"]}]},{\"@type\":\"BreadcrumbList\",\"@id\":\"http:\\\/\\\/drcinik.com\\\/it\\\/legal\\\/informativa-sui-cookie\\\/#breadcrumb\",\"itemListElement\":[{\"@type\":\"ListItem\",\"position\":1,\"name\":\"Anasayfa\",\"item\":\"https:\\\/\\\/drcinik.com\\\/ar\\\/\"},{\"@type\":\"ListItem\",\"position\":2,\"name\":\"Legal\",\"item\":\"http:\\\/\\\/drcinik.com\\\/it\\\/legal\\\/\"},{\"@type\":\"ListItem\",\"position\":3,\"name\":\"Informativa sui cookie\"}]},{\"@type\":\"WebSite\",\"@id\":\"https:\\\/\\\/drcinik.com\\\/it\\\/#website\",\"url\":\"https:\\\/\\\/drcinik.com\\\/it\\\/\",\"name\":\"DR. CINIK\",\"description\":\"\u00d6zel T\u0131p Merkezi\",\"publisher\":{\"@id\":\"https:\\\/\\\/drcinik.com\\\/it\\\/#organization\"},\"potentialAction\":[{\"@type\":\"SearchAction\",\"target\":{\"@type\":\"EntryPoint\",\"urlTemplate\":\"https:\\\/\\\/drcinik.com\\\/it\\\/?s={search_term_string}\"},\"query-input\":{\"@type\":\"PropertyValueSpecification\",\"valueRequired\":true,\"valueName\":\"search_term_string\"}}],\"inLanguage\":\"it-IT\"},{\"@type\":\"Organization\",\"@id\":\"https:\\\/\\\/drcinik.com\\\/it\\\/#organization\",\"name\":\"DR. CINIK\",\"url\":\"https:\\\/\\\/drcinik.com\\\/it\\\/\",\"logo\":{\"@type\":\"ImageObject\",\"inLanguage\":\"it-IT\",\"@id\":\"https:\\\/\\\/drcinik.com\\\/it\\\/#\\\/schema\\\/logo\\\/image\\\/\",\"url\":\"https:\\\/\\\/drcinik.com\\\/wp-content\\\/uploads\\\/2023\\\/07\\\/logo.svg\",\"contentUrl\":\"https:\\\/\\\/drcinik.com\\\/wp-content\\\/uploads\\\/2023\\\/07\\\/logo.svg\",\"width\":\"1024\",\"height\":\"1024\",\"caption\":\"DR. CINIK\"},\"image\":{\"@id\":\"https:\\\/\\\/drcinik.com\\\/it\\\/#\\\/schema\\\/logo\\\/image\\\/\"},\"sameAs\":[\"https:\\\/\\\/facebook.com\\\/drcinikcom\",\"https:\\\/\\\/x.com\\\/drcinikofficial\",\"https:\\\/\\\/instagram.com\\\/dr.cinikhospital\",\"https:\\\/\\\/youtube.com\\\/@emrahcinik\",\"https:\\\/\\\/tiktok.com\\\/@dremrahcinik\"],\"email\":\"info@drcinik.com\",\"telephone\":\"+90 549 641 37 01\",\"legalName\":\"Erc Turizm Sa\u011fl\u0131k Hizmetleri Tic. Ltd. \u015eti.\",\"numberOfEmployees\":{\"@type\":\"QuantitativeValue\",\"minValue\":\"51\",\"maxValue\":\"200\"}}]}<\/script>\n<!-- \/ Yoast SEO Premium plugin. -->","yoast_head_json":{"title":"Informativa sui cookie - DR. CINIK","robots":{"index":"index","follow":"follow","max-snippet":"max-snippet:-1","max-image-preview":"max-image-preview:large","max-video-preview":"max-video-preview:-1"},"canonical":"http:\/\/drcinik.com\/it\/legal\/informativa-sui-cookie\/","og_locale":"it_IT","og_type":"article","og_title":"Informativa sui cookie","og_description":"Testo di Chiarimento Come ERC Estetik Turizm Sa\u011fl\u0131k Hizmetleri Tic. Ltd. Sti. utilizziamo alcune tecnologie (cookie) come cookie, pixel e gif per migliorare la tua esperienza durante le visite al nostro sito web. L\u2019uso di queste tecnologie viene effettuato in conformit\u00e0 con la normativa a cui siamo soggetti, in particolare la Legge n. 6698 sulla [&hellip;]","og_url":"http:\/\/drcinik.com\/it\/legal\/informativa-sui-cookie\/","og_site_name":"DR. CINIK","article_publisher":"https:\/\/facebook.com\/drcinikcom","article_modified_time":"2025-07-31T20:00:41+00:00","twitter_card":"summary_large_image","twitter_site":"@drcinikofficial","schema":{"@context":"https:\/\/schema.org","@graph":[{"@type":"WebPage","@id":"http:\/\/drcinik.com\/it\/legal\/informativa-sui-cookie\/","url":"http:\/\/drcinik.com\/it\/legal\/informativa-sui-cookie\/","name":"Informativa sui cookie - DR. CINIK","isPartOf":{"@id":"https:\/\/drcinik.com\/it\/#website"},"datePublished":"2023-08-29T10:46:29+00:00","dateModified":"2025-07-31T20:00:41+00:00","breadcrumb":{"@id":"http:\/\/drcinik.com\/it\/legal\/informativa-sui-cookie\/#breadcrumb"},"inLanguage":"it-IT","potentialAction":[{"@type":"ReadAction","target":["http:\/\/drcinik.com\/it\/legal\/informativa-sui-cookie\/"]}]},{"@type":"BreadcrumbList","@id":"http:\/\/drcinik.com\/it\/legal\/informativa-sui-cookie\/#breadcrumb","itemListElement":[{"@type":"ListItem","position":1,"name":"Anasayfa","item":"https:\/\/drcinik.com\/ar\/"},{"@type":"ListItem","position":2,"name":"Legal","item":"http:\/\/drcinik.com\/it\/legal\/"},{"@type":"ListItem","position":3,"name":"Informativa sui cookie"}]},{"@type":"WebSite","@id":"https:\/\/drcinik.com\/it\/#website","url":"https:\/\/drcinik.com\/it\/","name":"DR. CINIK","description":"\u00d6zel T\u0131p Merkezi","publisher":{"@id":"https:\/\/drcinik.com\/it\/#organization"},"potentialAction":[{"@type":"SearchAction","target":{"@type":"EntryPoint","urlTemplate":"https:\/\/drcinik.com\/it\/?s={search_term_string}"},"query-input":{"@type":"PropertyValueSpecification","valueRequired":true,"valueName":"search_term_string"}}],"inLanguage":"it-IT"},{"@type":"Organization","@id":"https:\/\/drcinik.com\/it\/#organization","name":"DR. CINIK","url":"https:\/\/drcinik.com\/it\/","logo":{"@type":"ImageObject","inLanguage":"it-IT","@id":"https:\/\/drcinik.com\/it\/#\/schema\/logo\/image\/","url":"https:\/\/drcinik.com\/wp-content\/uploads\/2023\/07\/logo.svg","contentUrl":"https:\/\/drcinik.com\/wp-content\/uploads\/2023\/07\/logo.svg","width":"1024","height":"1024","caption":"DR. CINIK"},"image":{"@id":"https:\/\/drcinik.com\/it\/#\/schema\/logo\/image\/"},"sameAs":["https:\/\/facebook.com\/drcinikcom","https:\/\/x.com\/drcinikofficial","https:\/\/instagram.com\/dr.cinikhospital","https:\/\/youtube.com\/@emrahcinik","https:\/\/tiktok.com\/@dremrahcinik"],"email":"info@drcinik.com","telephone":"+90 549 641 37 01","legalName":"Erc Turizm Sa\u011fl\u0131k Hizmetleri Tic. Ltd. \u015eti.","numberOfEmployees":{"@type":"QuantitativeValue","minValue":"51","maxValue":"200"}}]}},"_links":{"self":[{"href":"https:\/\/drcinik.com\/it\/wp-json\/wp\/v2\/pages\/32951","targetHints":{"allow":["GET"]}}],"collection":[{"href":"https:\/\/drcinik.com\/it\/wp-json\/wp\/v2\/pages"}],"about":[{"href":"https:\/\/drcinik.com\/it\/wp-json\/wp\/v2\/types\/page"}],"author":[{"embeddable":true,"href":"https:\/\/drcinik.com\/it\/wp-json\/wp\/v2\/users\/11"}],"replies":[{"embeddable":true,"href":"https:\/\/drcinik.com\/it\/wp-json\/wp\/v2\/comments?post=32951"}],"version-history":[{"count":0,"href":"https:\/\/drcinik.com\/it\/wp-json\/wp\/v2\/pages\/32951\/revisions"}],"up":[{"embeddable":true,"href":"https:\/\/drcinik.com\/it\/wp-json\/wp\/v2\/pages\/32889"}],"wp:attachment":[{"href":"https:\/\/drcinik.com\/it\/wp-json\/wp\/v2\/media?parent=32951"}],"curies":[{"name":"wp","href":"https:\/\/api.w.org\/{rel}","templated":true}]}}