{"id":33017,"date":"2023-08-29T13:48:02","date_gmt":"2023-08-29T10:48:02","guid":{"rendered":"https:\/\/drcinik.com\/?page_id=33017"},"modified":"2025-07-31T23:08:39","modified_gmt":"2025-07-31T20:08:39","slug":"politica-di-smaltimento-dei-dati","status":"publish","type":"page","link":"http:\/\/drcinik.com\/it\/legal\/politica-di-smaltimento-dei-dati\/","title":{"rendered":"Politica di smaltimento dei dati"},"content":{"rendered":"\t\t<div data-elementor-type=\"wp-page\" data-elementor-id=\"33017\" class=\"elementor elementor-33017 elementor-1035\" data-elementor-post-type=\"page\">\n\t\t\t\t<div class=\"elementor-element elementor-element-e1a8aca e-flex e-con-boxed e-con e-parent\" data-id=\"e1a8aca\" data-element_type=\"container\">\n\t\t\t\t\t<div class=\"e-con-inner\">\n\t\t\t\t<div class=\"elementor-element elementor-element-6ea382c elementor-widget elementor-widget-text-editor\" data-id=\"6ea382c\" data-element_type=\"widget\" data-widget_type=\"text-editor.default\">\n\t\t\t\t\t\t\t\t\t<h2>Politica di Smaltimento dei Dati Personali<\/h2>\n\n<p>Il Responsabile del trattamento dati, <b>\u00d6zel DR. CINIK T\u0131p Merkezi (ERC Estetik Turizm Sa\u011fl\u0131k Hizmetleri Tic. Ltd. \u015eti.)<\/b>, conserva e distrugge i tuoi dati personali in conformit\u00e0 con i principi generali e i regolamenti stabiliti nella presente Politica di Conservazione e Smaltimento dei Dati Personali, redatta in conformit\u00e0 con la Costituzione, la Legge sulla Protezione dei Dati Personali n. 6698, il Regolamento sulla Cancellazione, Distruzione o Anonimizzazione dei Dati Personali e altre legislazioni pertinenti.<\/p>\n\n<p>Con questa Politica, l&#8217;Azienda intende stabilire i principi generali riguardanti la conservazione e la distruzione dei dati personali reali soggetti ad attivit\u00e0 di trattamento dei dati personali nell\u2019ambito del PDPL e adempiere agli obblighi previsti dalla legislazione.<\/p>\n\n<h3>Definizioni<\/h3>\n<ul>\n  <li><b>Consenso Esplicito:<\/b> Consenso su un argomento specifico, basato su informazioni e espresso liberamente.<\/li>\n  <li><b>Gruppo di Destinatari:<\/b> Categoria di persone fisiche o giuridiche a cui i dati personali sono trasferiti dal titolare del trattamento.<\/li>\n  <li><b>Anonimizzazione:<\/b> Rendere i dati personali incapaci di essere associati, in qualsiasi modo, a una persona fisica identificata o identificabile, anche tramite corrispondenza con altri dati.<\/li>\n  <li><b>Utenti Rilevanti:<\/b> Persone che trattano dati personali all\u2019interno dell\u2019organizzazione del titolare o in conformit\u00e0 con autorizzazioni e istruzioni ricevute, esclusi i responsabili della conservazione tecnica, protezione e backup dei dati.<\/li>\n  <li><b>Distruzione:<\/b> Cancellazione, distruzione o anonimizzazione dei dati personali.<\/li>\n  <li><b>Dati Personali:<\/b> Qualsiasi informazione relativa a una persona fisica identificata o identificabile (es. nome e cognome, numero di identificazione, email, indirizzo, data di nascita, numero di carta di credito, conto bancario).<\/li>\n  <li><b>Interessato:<\/b> La persona fisica cui si riferiscono i dati personali trattati.<\/li>\n  <li><b>Trattamento dei Dati Personali:<\/b> Ottenimento, registrazione, conservazione, preservazione, modifica, riorganizzazione, divulgazione, trasferimento, acquisizione e messa a disposizione di dati personali con mezzi automatici o non, purch\u00e9 facciano parte di un sistema di registrazione dati; tutte le operazioni sui dati come classificazione o prevenzione d\u2019uso.<\/li>\n  <li><b>Dati Personali Sensibili:<\/b> Dati relativi a razza, etnia, opinioni politiche, convinzioni filosofiche, religiose o di altra natura, abbigliamento, appartenenza ad associazioni o sindacati, salute, vita sessuale, condanne penali, misure di sicurezza, dati biometrici e genetici.<\/li>\n  <li><b>Distruzione Periodica:<\/b> Processo di cancellazione, distruzione o anonimizzazione eseguito d\u2019ufficio a intervalli ripetuti specificati nella presente Politica.<\/li>\n<\/ul>\n\n<h3>Ambienti di Conservazione Regolati dalla Politica<\/h3>\n<p>Copre tutti i dati personali soggetti a trattamento nel rispetto della Legge sulla Protezione dei Dati Personali (KVKK), sia in formato fisico che digitale.<\/p>\n<p>Conserva tutti i dati personali in computer aziendali, account email, computer desktop, strumenti del personale (es. telefoni cellulari), aree di backup, archivi cartacei, cartelle, registri visitatori, CD, DVD, USB, hard disk, stampanti, fotocopiatrici ecc.<\/p>\n\n<h3>Motivi per la Conservazione e Distruzione dei Dati Personali<\/h3>\n<ul>\n  <li>Conformit\u00e0 alla legge e al principio di buona fede.<\/li>\n  <li>Assicurare la correttezza e l\u2019aggiornamento dei dati personali quando necessario.<\/li>\n  <li>Trattamento per scopi specifici, espliciti e legittimi.<\/li>\n  <li>Collegamento e limitazione al fine per cui sono trattati.<\/li>\n  <li>Conservazione per il periodo richiesto dalla legislazione o per lo scopo del trattamento.<\/li>\n<\/ul>\n\n<h3>Cancellazione, Distruzione o Anonimizzazione dei Dati Personali<\/h3>\n<p>I dati personali sono cancellati, distrutti o anonimizzati quando viene meno la base legale per il trattamento, quando il fine del trattamento o conservazione cessa, quando il consenso esplicito \u00e8 ritirato, o al termine del periodo massimo di conservazione previsto, oppure su richiesta dell\u2019interessato.<\/p>\n\n<h3>Misure Tecniche e Amministrative<\/h3>\n<ul>\n  <li>Uso di password robuste su computer e account email.<\/li>\n  <li>Formazione del personale sulla protezione dei dati e stipula di accordi di riservatezza che rimangono validi anche dopo la cessazione del rapporto.<\/li>\n  <li>Infrastruttura per backup regolari dei dati.<\/li>\n  <li>Identificazione del personale autorizzato ad accedere ai dati.<\/li>\n  <li>Condivisione delle informazioni solo con persone autorizzate, parenti con consenso scritto, enti pubblici competenti e autorit\u00e0 giudiziarie.<\/li>\n  <li>Obbligo di informare le persone interessate prima dell\u2019inizio del trattamento.<\/li>\n  <li>Redazione di un inventario dei trattamenti.<\/li>\n<\/ul>\n\n<h3>Tempi di Conservazione e Distruzione<\/h3>\n<p>I dati personali sono conservati solo per il periodo previsto dalla legge o necessario per lo scopo del trattamento, dopodich\u00e9 sono distrutti.<\/p>\n<p>Le richieste di cancellazione sono evase entro 30 giorni se le condizioni sono soddisfatte, altrimenti respinte con motivazione e comunicazione all\u2019interessato.<\/p>\n\n<h3>Tempi di Distruzione Periodica<\/h3>\n<p>La prima distruzione periodica avviene entro 6 mesi dalla data in cui nasce l\u2019obbligo di distruzione.<\/p>\n\n<table border=\"1\" cellpadding=\"5\" cellspacing=\"0\">\n  <thead>\n    <tr>\n      <th>Processo<\/th>\n      <th>Periodo di Conservazione<\/th>\n      <th>Periodo di Distruzione<\/th>\n    <\/tr>\n  <\/thead>\n  <tbody>\n    <tr>\n      <td>Preparazione dei Contratti<\/td>\n      <td>10 anni dalla fine del contratto<\/td>\n      <td>Alla prima distruzione periodica dopo la fine del periodo di conservazione<\/td>\n    <\/tr>\n    <tr>\n      <td>Esecuzione dei Processi di Risorse Umane<\/td>\n      <td>10 anni dalla fine dell\u2019attivit\u00e0<\/td>\n      <td>Alla prima distruzione periodica dopo la fine del periodo di conservazione<\/td>\n    <\/tr>\n    <tr>\n      <td>Gestione Accesso Hardware e Software<\/td>\n      <td>5 anni<\/td>\n      <td>Alla prima distruzione periodica dopo la fine del periodo di conservazione<\/td>\n    <\/tr>\n    <tr>\n      <td>Registrazione Visitatori e Partecipanti a Riunioni<\/td>\n      <td>5 anni<\/td>\n      <td>Alla prima distruzione periodica dopo la fine del periodo di conservazione<\/td>\n    <\/tr>\n    <tr>\n      <td>Registri Dati Sanitari Personali<\/td>\n      <td>Per il periodo previsto dalla normativa<\/td>\n      <td>Alla prima distruzione periodica dopo la fine del periodo di conservazione<\/td>\n    <\/tr>\n    <tr>\n      <td>Dati di Identit\u00e0<\/td>\n      <td>Per il periodo previsto dalla normativa<\/td>\n      <td>Alla prima distruzione periodica dopo la fine del periodo di conservazione<\/td>\n    <\/tr>\n    <tr>\n      <td>Registrazioni Video<\/td>\n      <td>Conservate almeno 2 mesi secondo il Regolamento Ospedaliero Privato<\/td>\n      <td>Alla prima distruzione periodica dopo la fine del periodo di conservazione<\/td>\n    <\/tr>\n  <\/tbody>\n<\/table>\n\n<p>Questa Politica si ritiene entrata in vigore dalla sua pubblicazione sul sito web.<\/p>\n\t\t\t\t\t\t\t\t<\/div>\n\t\t\t\t\t<\/div>\n\t\t\t\t<\/div>\n\t\t\t\t<\/div>\n\t\t","protected":false},"excerpt":{"rendered":"<p>Politica di Smaltimento dei Dati Personali Il Responsabile del trattamento dati, \u00d6zel DR. CINIK T\u0131p Merkezi (ERC Estetik Turizm Sa\u011fl\u0131k Hizmetleri Tic. Ltd. \u015eti.), conserva e distrugge i tuoi dati personali in conformit\u00e0 con i principi generali e i regolamenti stabiliti nella presente Politica di Conservazione e Smaltimento dei Dati Personali, redatta in conformit\u00e0 con [&hellip;]<\/p>\n","protected":false},"author":11,"featured_media":0,"parent":32889,"menu_order":0,"comment_status":"closed","ping_status":"closed","template":"elementor_header_footer","meta":{"_acf_changed":false,"inline_featured_image":false,"footnotes":""},"class_list":["post-33017","page","type-page","status-publish","hentry"],"acf":[],"yoast_head":"<!-- This site is optimized with the Yoast SEO Premium plugin v26.2 (Yoast SEO v27.4) - https:\/\/yoast.com\/product\/yoast-seo-premium-wordpress\/ -->\n<title>Politica di smaltimento dei dati - DR. CINIK<\/title>\n<meta name=\"robots\" content=\"index, follow, max-snippet:-1, max-image-preview:large, max-video-preview:-1\" \/>\n<link rel=\"canonical\" href=\"http:\/\/drcinik.com\/it\/legal\/politica-di-smaltimento-dei-dati\/\" \/>\n<meta property=\"og:locale\" content=\"it_IT\" \/>\n<meta property=\"og:type\" content=\"article\" \/>\n<meta property=\"og:title\" content=\"Politica di smaltimento dei dati\" \/>\n<meta property=\"og:description\" content=\"Politica di Smaltimento dei Dati Personali Il Responsabile del trattamento dati, \u00d6zel DR. CINIK T\u0131p Merkezi (ERC Estetik Turizm Sa\u011fl\u0131k Hizmetleri Tic. Ltd. \u015eti.), conserva e distrugge i tuoi dati personali in conformit\u00e0 con i principi generali e i regolamenti stabiliti nella presente Politica di Conservazione e Smaltimento dei Dati Personali, redatta in conformit\u00e0 con [&hellip;]\" \/>\n<meta property=\"og:url\" content=\"http:\/\/drcinik.com\/it\/legal\/politica-di-smaltimento-dei-dati\/\" \/>\n<meta property=\"og:site_name\" content=\"DR. CINIK\" \/>\n<meta property=\"article:publisher\" content=\"https:\/\/facebook.com\/drcinikcom\" \/>\n<meta property=\"article:modified_time\" content=\"2025-07-31T20:08:39+00:00\" \/>\n<meta name=\"twitter:card\" content=\"summary_large_image\" \/>\n<meta name=\"twitter:site\" content=\"@drcinikofficial\" \/>\n<script type=\"application\/ld+json\" class=\"yoast-schema-graph\">{\"@context\":\"https:\\\/\\\/schema.org\",\"@graph\":[{\"@type\":\"WebPage\",\"@id\":\"http:\\\/\\\/drcinik.com\\\/it\\\/legal\\\/politica-di-smaltimento-dei-dati\\\/\",\"url\":\"http:\\\/\\\/drcinik.com\\\/it\\\/legal\\\/politica-di-smaltimento-dei-dati\\\/\",\"name\":\"Politica di smaltimento dei dati - DR. CINIK\",\"isPartOf\":{\"@id\":\"https:\\\/\\\/drcinik.com\\\/it\\\/#website\"},\"datePublished\":\"2023-08-29T10:48:02+00:00\",\"dateModified\":\"2025-07-31T20:08:39+00:00\",\"breadcrumb\":{\"@id\":\"http:\\\/\\\/drcinik.com\\\/it\\\/legal\\\/politica-di-smaltimento-dei-dati\\\/#breadcrumb\"},\"inLanguage\":\"it-IT\",\"potentialAction\":[{\"@type\":\"ReadAction\",\"target\":[\"http:\\\/\\\/drcinik.com\\\/it\\\/legal\\\/politica-di-smaltimento-dei-dati\\\/\"]}]},{\"@type\":\"BreadcrumbList\",\"@id\":\"http:\\\/\\\/drcinik.com\\\/it\\\/legal\\\/politica-di-smaltimento-dei-dati\\\/#breadcrumb\",\"itemListElement\":[{\"@type\":\"ListItem\",\"position\":1,\"name\":\"Anasayfa\",\"item\":\"https:\\\/\\\/drcinik.com\\\/ar\\\/\"},{\"@type\":\"ListItem\",\"position\":2,\"name\":\"Legal\",\"item\":\"http:\\\/\\\/drcinik.com\\\/it\\\/legal\\\/\"},{\"@type\":\"ListItem\",\"position\":3,\"name\":\"Politica di smaltimento dei dati\"}]},{\"@type\":\"WebSite\",\"@id\":\"https:\\\/\\\/drcinik.com\\\/it\\\/#website\",\"url\":\"https:\\\/\\\/drcinik.com\\\/it\\\/\",\"name\":\"DR. CINIK\",\"description\":\"\u00d6zel T\u0131p Merkezi\",\"publisher\":{\"@id\":\"https:\\\/\\\/drcinik.com\\\/it\\\/#organization\"},\"potentialAction\":[{\"@type\":\"SearchAction\",\"target\":{\"@type\":\"EntryPoint\",\"urlTemplate\":\"https:\\\/\\\/drcinik.com\\\/it\\\/?s={search_term_string}\"},\"query-input\":{\"@type\":\"PropertyValueSpecification\",\"valueRequired\":true,\"valueName\":\"search_term_string\"}}],\"inLanguage\":\"it-IT\"},{\"@type\":\"Organization\",\"@id\":\"https:\\\/\\\/drcinik.com\\\/it\\\/#organization\",\"name\":\"DR. CINIK\",\"url\":\"https:\\\/\\\/drcinik.com\\\/it\\\/\",\"logo\":{\"@type\":\"ImageObject\",\"inLanguage\":\"it-IT\",\"@id\":\"https:\\\/\\\/drcinik.com\\\/it\\\/#\\\/schema\\\/logo\\\/image\\\/\",\"url\":\"https:\\\/\\\/drcinik.com\\\/wp-content\\\/uploads\\\/2023\\\/07\\\/logo.svg\",\"contentUrl\":\"https:\\\/\\\/drcinik.com\\\/wp-content\\\/uploads\\\/2023\\\/07\\\/logo.svg\",\"width\":\"1024\",\"height\":\"1024\",\"caption\":\"DR. CINIK\"},\"image\":{\"@id\":\"https:\\\/\\\/drcinik.com\\\/it\\\/#\\\/schema\\\/logo\\\/image\\\/\"},\"sameAs\":[\"https:\\\/\\\/facebook.com\\\/drcinikcom\",\"https:\\\/\\\/x.com\\\/drcinikofficial\",\"https:\\\/\\\/instagram.com\\\/dr.cinikhospital\",\"https:\\\/\\\/youtube.com\\\/@emrahcinik\",\"https:\\\/\\\/tiktok.com\\\/@dremrahcinik\"],\"email\":\"info@drcinik.com\",\"telephone\":\"+90 549 641 37 01\",\"legalName\":\"Erc Turizm Sa\u011fl\u0131k Hizmetleri Tic. Ltd. \u015eti.\",\"numberOfEmployees\":{\"@type\":\"QuantitativeValue\",\"minValue\":\"51\",\"maxValue\":\"200\"}}]}<\/script>\n<!-- \/ Yoast SEO Premium plugin. -->","yoast_head_json":{"title":"Politica di smaltimento dei dati - DR. CINIK","robots":{"index":"index","follow":"follow","max-snippet":"max-snippet:-1","max-image-preview":"max-image-preview:large","max-video-preview":"max-video-preview:-1"},"canonical":"http:\/\/drcinik.com\/it\/legal\/politica-di-smaltimento-dei-dati\/","og_locale":"it_IT","og_type":"article","og_title":"Politica di smaltimento dei dati","og_description":"Politica di Smaltimento dei Dati Personali Il Responsabile del trattamento dati, \u00d6zel DR. CINIK T\u0131p Merkezi (ERC Estetik Turizm Sa\u011fl\u0131k Hizmetleri Tic. Ltd. \u015eti.), conserva e distrugge i tuoi dati personali in conformit\u00e0 con i principi generali e i regolamenti stabiliti nella presente Politica di Conservazione e Smaltimento dei Dati Personali, redatta in conformit\u00e0 con [&hellip;]","og_url":"http:\/\/drcinik.com\/it\/legal\/politica-di-smaltimento-dei-dati\/","og_site_name":"DR. CINIK","article_publisher":"https:\/\/facebook.com\/drcinikcom","article_modified_time":"2025-07-31T20:08:39+00:00","twitter_card":"summary_large_image","twitter_site":"@drcinikofficial","schema":{"@context":"https:\/\/schema.org","@graph":[{"@type":"WebPage","@id":"http:\/\/drcinik.com\/it\/legal\/politica-di-smaltimento-dei-dati\/","url":"http:\/\/drcinik.com\/it\/legal\/politica-di-smaltimento-dei-dati\/","name":"Politica di smaltimento dei dati - DR. CINIK","isPartOf":{"@id":"https:\/\/drcinik.com\/it\/#website"},"datePublished":"2023-08-29T10:48:02+00:00","dateModified":"2025-07-31T20:08:39+00:00","breadcrumb":{"@id":"http:\/\/drcinik.com\/it\/legal\/politica-di-smaltimento-dei-dati\/#breadcrumb"},"inLanguage":"it-IT","potentialAction":[{"@type":"ReadAction","target":["http:\/\/drcinik.com\/it\/legal\/politica-di-smaltimento-dei-dati\/"]}]},{"@type":"BreadcrumbList","@id":"http:\/\/drcinik.com\/it\/legal\/politica-di-smaltimento-dei-dati\/#breadcrumb","itemListElement":[{"@type":"ListItem","position":1,"name":"Anasayfa","item":"https:\/\/drcinik.com\/ar\/"},{"@type":"ListItem","position":2,"name":"Legal","item":"http:\/\/drcinik.com\/it\/legal\/"},{"@type":"ListItem","position":3,"name":"Politica di smaltimento dei dati"}]},{"@type":"WebSite","@id":"https:\/\/drcinik.com\/it\/#website","url":"https:\/\/drcinik.com\/it\/","name":"DR. CINIK","description":"\u00d6zel T\u0131p Merkezi","publisher":{"@id":"https:\/\/drcinik.com\/it\/#organization"},"potentialAction":[{"@type":"SearchAction","target":{"@type":"EntryPoint","urlTemplate":"https:\/\/drcinik.com\/it\/?s={search_term_string}"},"query-input":{"@type":"PropertyValueSpecification","valueRequired":true,"valueName":"search_term_string"}}],"inLanguage":"it-IT"},{"@type":"Organization","@id":"https:\/\/drcinik.com\/it\/#organization","name":"DR. CINIK","url":"https:\/\/drcinik.com\/it\/","logo":{"@type":"ImageObject","inLanguage":"it-IT","@id":"https:\/\/drcinik.com\/it\/#\/schema\/logo\/image\/","url":"https:\/\/drcinik.com\/wp-content\/uploads\/2023\/07\/logo.svg","contentUrl":"https:\/\/drcinik.com\/wp-content\/uploads\/2023\/07\/logo.svg","width":"1024","height":"1024","caption":"DR. CINIK"},"image":{"@id":"https:\/\/drcinik.com\/it\/#\/schema\/logo\/image\/"},"sameAs":["https:\/\/facebook.com\/drcinikcom","https:\/\/x.com\/drcinikofficial","https:\/\/instagram.com\/dr.cinikhospital","https:\/\/youtube.com\/@emrahcinik","https:\/\/tiktok.com\/@dremrahcinik"],"email":"info@drcinik.com","telephone":"+90 549 641 37 01","legalName":"Erc Turizm Sa\u011fl\u0131k Hizmetleri Tic. Ltd. \u015eti.","numberOfEmployees":{"@type":"QuantitativeValue","minValue":"51","maxValue":"200"}}]}},"_links":{"self":[{"href":"https:\/\/drcinik.com\/it\/wp-json\/wp\/v2\/pages\/33017","targetHints":{"allow":["GET"]}}],"collection":[{"href":"https:\/\/drcinik.com\/it\/wp-json\/wp\/v2\/pages"}],"about":[{"href":"https:\/\/drcinik.com\/it\/wp-json\/wp\/v2\/types\/page"}],"author":[{"embeddable":true,"href":"https:\/\/drcinik.com\/it\/wp-json\/wp\/v2\/users\/11"}],"replies":[{"embeddable":true,"href":"https:\/\/drcinik.com\/it\/wp-json\/wp\/v2\/comments?post=33017"}],"version-history":[{"count":0,"href":"https:\/\/drcinik.com\/it\/wp-json\/wp\/v2\/pages\/33017\/revisions"}],"up":[{"embeddable":true,"href":"https:\/\/drcinik.com\/it\/wp-json\/wp\/v2\/pages\/32889"}],"wp:attachment":[{"href":"https:\/\/drcinik.com\/it\/wp-json\/wp\/v2\/media?parent=33017"}],"curies":[{"name":"wp","href":"https:\/\/api.w.org\/{rel}","templated":true}]}}