{"id":33049,"date":"2023-08-29T13:49:36","date_gmt":"2023-08-29T10:49:36","guid":{"rendered":"https:\/\/drcinik.com\/?page_id=33049"},"modified":"2025-07-31T23:23:51","modified_gmt":"2025-07-31T20:23:51","slug":"trattamento-dei-dati-personali","status":"publish","type":"page","link":"http:\/\/drcinik.com\/it\/legal\/trattamento-dei-dati-personali\/","title":{"rendered":"Trattamento dei dati personali"},"content":{"rendered":"\t\t<div data-elementor-type=\"wp-page\" data-elementor-id=\"33049\" class=\"elementor elementor-33049 elementor-1038\" data-elementor-post-type=\"page\">\n\t\t\t\t<div class=\"elementor-element elementor-element-30b14d1 e-flex e-con-boxed e-con e-parent\" data-id=\"30b14d1\" data-element_type=\"container\">\n\t\t\t\t\t<div class=\"e-con-inner\">\n\t\t\t\t<div class=\"elementor-element elementor-element-0061d19 elementor-widget elementor-widget-text-editor\" data-id=\"0061d19\" data-element_type=\"widget\" data-widget_type=\"text-editor.default\">\n\t\t\t\t\t\t\t\t\t<h2>Politica sulla protezione e il trattamento dei dati personali<\/h2>\n\n<p>Nel quadro di un servizio di qualit\u00e0 superiore, rispetto dei diritti delle persone, trasparenza e principi di onest\u00e0, il Titolare del trattamento <b>\u00d6zel DR. CINIK T\u0131p Merkezi (ERC Estetik Turizm Sa\u011fl\u0131k Hizmetleri Tic. Ltd. Sti.)<\/b>, in conformit\u00e0 con le disposizioni della Legge sulla protezione dei dati personali, considera fondamentale proteggere i dati personali dei propri clienti, dipendenti e altre persone fisiche con cui intrattiene rapporti. Diamo grande valore alla privacy dei pazienti e garantiamo che tutti i dati personali dei nostri pazienti siano conservati nel miglior modo possibile, trattati e custoditi con cura. Questa politica \u00e8 stata creata per proteggere e trattare i dati personali dei nostri pazienti, nonch\u00e9 di accompagnatori, visitatori e dipendenti delle istituzioni e organizzazioni con cui collaboriamo, nel rispetto dei principi legislativi fondamentali.<\/p>\n\n<p>Lo scopo di questa politica \u00e8 fornire trasparenza informando le persone i cui dati personali sono trattati, in particolare i nostri pazienti, accompagnatori, visitatori, dipendenti e funzionari delle istituzioni con cui collaboriamo, nonch\u00e9 terze parti nell\u2019ambito dell\u2019attivit\u00e0 di trattamento dei dati personali effettuata dalla nostra struttura ambulatoriale in conformit\u00e0 alla normativa vigente. A tal fine, sono adottate misure amministrative e tecniche per trattare e proteggere i dati personali secondo la Legge n. 6698 e la legislazione pertinente. Nell\u2019ambito di questa politica, le persone fisiche i cui dati personali vengono trattati sono definite come Interessati, Persone Rilevanti o Titolari dei dati personali.<\/p>\n\n<h3>Definizioni<\/h3>\n<ul>\n  <li><b>Consenso esplicito:<\/b> consenso libero e specifico basato su informazioni fornite.<\/li>\n  <li><b>Anonymizzazione dei dati personali:<\/b> modifica delle informazioni personali in modo che diventino inutilizzabili e irreversibili, ad esempio mediante mascheramento, aggregazione, alterazione dei dati per impedire l\u2019associazione con una persona fisica. La nostra struttura ambulatoriale adotter\u00e0 le misure necessarie per evitare che i dati anonimizzati possano essere riconnessi a persone identificabili.<\/li>\n  <li><b>Dipendenti, azionisti e autorit\u00e0 dei nostri partner:<\/b> persone fisiche che lavorano nelle istituzioni con cui abbiamo rapporti d\u2019affari, inclusi azionisti e autorit\u00e0 di tali istituzioni (ad esempio partner commerciali, fornitori, ecc.).<\/li>\n  <li><b>Trattamento dei dati personali:<\/b> qualsiasi operazione effettuata sui dati, quali acquisizione, registrazione, conservazione, modifica, divulgazione, trasferimento, classificazione o limitazione d\u2019uso, sia con mezzi automatizzati sia manuali, purch\u00e9 faccia parte di un sistema di registrazione dati.<\/li>\n  <li><b>Dati personali:<\/b> qualsiasi informazione relativa a una persona fisica identificata o identificabile, come numero identificativo TR, nome, indirizzo e-mail, telefono, indirizzo di residenza, data di nascita, numero di conto bancario.<\/li>\n  <li><b>Dati personali sensibili:<\/b> dati relativi a razza, etnia, opinioni politiche, credo filosofico o religioso, appartenenza a organizzazioni, salute, vita sessuale, condanne penali, dati biometrici o genetici.<\/li>\n  <li><b>Terze parti:<\/b> persone fisiche legate alle parti sopra menzionate per garantire la sicurezza delle transazioni commerciali o proteggere i diritti degli interessati, come dipendenti o rappresentanti di fornitori di servizi o personale ospedaliero.<\/li>\n  <li><b>Responsabile del trattamento:<\/b> persona fisica o giuridica che tratta i dati personali per conto del titolare, secondo le autorizzazioni ricevute (es. societ\u00e0 IT che gestisce i dati).<\/li>\n  <li><b>Titolare del trattamento:<\/b> persona che determina le finalit\u00e0 e gli strumenti del trattamento e gestisce il sistema di archiviazione dati.<\/li>\n<\/ul>\n\n<p>Nel quadro del KVKK, la nostra struttura ambulatoriale \u00e8 titolare del trattamento ed \u00e8 registrata nel sistema VERBIS. \u00c8 stato istituito un team dedicato alla protezione dei dati personali che, in caso di decisioni rilevanti, consulta esperti legali specializzati e, con approvazione della direzione, applica le decisioni.<\/p>\n\n<p>I dati personali trattati variano in base ai servizi sanitari forniti e sono raccolti tramite metodi fisici e\/o digitali. Specialmente i dati dei nostri dipendenti, pazienti, medici, personale sanitario, subappaltatori e loro dipendenti, raccolti verbalmente, per iscritto o digitalmente tramite call center, sito web, servizi online e simili, possono includere dati sensibili e generali, utilizzati per scopi quali:<\/p>\n\n<ul>\n  <li>Diagnosi, trattamento e assistenza<\/li>\n  <li>Tutela della salute pubblica<\/li>\n  <li>Pianificazione e gestione della medicina preventiva e finanziamento<\/li>\n  <li>Informazioni su appuntamenti<\/li>\n  <li>Pianificazione e gestione delle procedure interne<\/li>\n  <li>Erogazione dei servizi sanitari secondo legge, analisi per miglioramenti<\/li>\n  <li>Gestione dei rischi e miglioramento qualit\u00e0<\/li>\n  <li>Ricerca<\/li>\n  <li>Adempimenti legali e normativi<\/li>\n  <li>Fatturazione dei servizi<\/li>\n  <li>Verifica identit\u00e0<\/li>\n  <li>Verifica rapporti con fornitori sanitari<\/li>\n  <li>Condivisione di informazioni con compagnie assicurative private<\/li>\n  <li>Gestione reclami e domande<\/li>\n  <li>Misure tecniche e amministrative di sicurezza dati<\/li>\n  <li>Conciliazione finanziaria con enti e banche<\/li>\n  <li>Condivisione dati con ministero della salute e istituzioni pubbliche<\/li>\n  <li>Misurazione e miglioramento della soddisfazione pazienti<\/li>\n  <li>Adempimenti contrattuali e legali<\/li>\n<\/ul>\n\n<h3>Categorie di dati personali trattati<\/h3>\n<ul>\n  <li><b>Informazioni identificative:<\/b> dati da documenti come patente, carta d\u2019identit\u00e0, passaporto, certificato di matrimonio<\/li>\n  <li><b>Informazioni di contatto:<\/b> telefono, indirizzo, e-mail<\/li>\n  <li><b>Dati di localizzazione:<\/b> informazioni per individuare la persona fisica<\/li>\n  <li><b>Familiari e parenti:<\/b> dati per protezione interessi legali<\/li>\n  <li><b>Spazio fisico:<\/b> registrazioni video, impronte digitali, audio<\/li>\n  <li><b>Dati di sicurezza transazioni:<\/b> per sicurezza tecnica, amministrativa, legale e commerciale<\/li>\n  <li><b>Informazioni finanziarie:<\/b> dati per sicurezza dell\u2019attivit\u00e0<\/li>\n  <li><b>Informazioni su candidati al lavoro:<\/b> curriculum e dati associati<\/li>\n  <li><b>Informazioni sul personale:<\/b> dati su buste paga, disciplinari, contratti, valutazioni<\/li>\n  <li><b>Operazioni legali:<\/b> dati per obblighi legali e diritti<\/li>\n<\/ul>\n\n<p>Il trattamento avviene secondo le normative sanitarie e pu\u00f2 prevedere archiviazione fisica e digitale presso la nostra struttura e fornitori.<\/p>\n\n<p>Principi del trattamento dati:<\/p>\n<ul>\n  <li>Conformit\u00e0 alla legge e onest\u00e0<\/li>\n  <li>Accuratezza e aggiornamento dei dati<\/li>\n  <li>Trattamento per scopi specifici, espliciti e legittimi<\/li>\n  <li>Limitazione e coerenza con lo scopo<\/li>\n  <li>Conservazione per il tempo necessario<\/li>\n<\/ul>\n\n<p>La base legale principale \u00e8 il consenso esplicito del titolare. Altre basi possono coesistere. Per dati sensibili, si applicano condizioni specifiche.<\/p>\n\n<h3>Misure tecniche e amministrative<\/h3>\n<ul>\n  <li>Software e hardware adeguati; uso di password robuste<\/li>\n  <li>Formazione dei dipendenti e accordi di riservatezza (validi anche dopo il termine del rapporto)<\/li>\n  <li>Infrastruttura per backup dati<\/li>\n  <li>Accesso ai dati limitato a personale autorizzato<\/li>\n  <li>Accesso a file e informazioni solo a soggetti autorizzati, familiari con consenso scritto, autorit\u00e0 competenti<\/li>\n  <li>Informazione ai soggetti prima del trattamento<\/li>\n  <li>Inventario delle attivit\u00e0 di trattamento<\/li>\n  <li>Informazioni disponibili in struttura e tramite altri canali<\/li>\n<\/ul>\n\n<p>I dati personali possono essere condivisi con la nostra struttura, Ministero della Salute, assicurazioni private, enti pubblici, forze dell\u2019ordine, laboratori, enti sanitari, consulenti, fornitori, enti regolatori, nel rispetto della normativa. Non si effettuano trasferimenti internazionali.<\/p>\n\n<p>I soggetti interessati possono esercitare i diritti di accesso, rettifica, cancellazione, opposizione, compensazione danni presentando richiesta scritta.<\/p>\n\n<p>La nostra struttura utilizza sistemi di videosorveglianza agli ingressi e uscite dei visitatori. Le registrazioni sono conservate per 2 mesi e accessibili solo al personale autorizzato.<\/p>\n\n<p>Questa politica entra in vigore dalla pubblicazione sul sito web.<\/p>\n\t\t\t\t\t\t\t\t<\/div>\n\t\t\t\t\t<\/div>\n\t\t\t\t<\/div>\n\t\t\t\t<\/div>\n\t\t","protected":false},"excerpt":{"rendered":"<p>Politica sulla protezione e il trattamento dei dati personali Nel quadro di un servizio di qualit\u00e0 superiore, rispetto dei diritti delle persone, trasparenza e principi di onest\u00e0, il Titolare del trattamento \u00d6zel DR. CINIK T\u0131p Merkezi (ERC Estetik Turizm Sa\u011fl\u0131k Hizmetleri Tic. Ltd. Sti.), in conformit\u00e0 con le disposizioni della Legge sulla protezione dei dati [&hellip;]<\/p>\n","protected":false},"author":11,"featured_media":0,"parent":32889,"menu_order":0,"comment_status":"closed","ping_status":"closed","template":"elementor_header_footer","meta":{"_acf_changed":false,"inline_featured_image":false,"footnotes":""},"class_list":["post-33049","page","type-page","status-publish","hentry"],"acf":[],"yoast_head":"<!-- This site is optimized with the Yoast SEO Premium plugin v26.2 (Yoast SEO v27.4) - https:\/\/yoast.com\/product\/yoast-seo-premium-wordpress\/ -->\n<title>Trattamento dei dati personali - DR. CINIK<\/title>\n<meta name=\"robots\" content=\"index, follow, max-snippet:-1, max-image-preview:large, max-video-preview:-1\" \/>\n<link rel=\"canonical\" href=\"http:\/\/drcinik.com\/it\/legal\/trattamento-dei-dati-personali\/\" \/>\n<meta property=\"og:locale\" content=\"it_IT\" \/>\n<meta property=\"og:type\" content=\"article\" \/>\n<meta property=\"og:title\" content=\"Trattamento dei dati personali\" \/>\n<meta property=\"og:description\" content=\"Politica sulla protezione e il trattamento dei dati personali Nel quadro di un servizio di qualit\u00e0 superiore, rispetto dei diritti delle persone, trasparenza e principi di onest\u00e0, il Titolare del trattamento \u00d6zel DR. CINIK T\u0131p Merkezi (ERC Estetik Turizm Sa\u011fl\u0131k Hizmetleri Tic. Ltd. Sti.), in conformit\u00e0 con le disposizioni della Legge sulla protezione dei dati [&hellip;]\" \/>\n<meta property=\"og:url\" content=\"http:\/\/drcinik.com\/it\/legal\/trattamento-dei-dati-personali\/\" \/>\n<meta property=\"og:site_name\" content=\"DR. CINIK\" \/>\n<meta property=\"article:publisher\" content=\"https:\/\/facebook.com\/drcinikcom\" \/>\n<meta property=\"article:modified_time\" content=\"2025-07-31T20:23:51+00:00\" \/>\n<meta name=\"twitter:card\" content=\"summary_large_image\" \/>\n<meta name=\"twitter:site\" content=\"@drcinikofficial\" \/>\n<script type=\"application\/ld+json\" class=\"yoast-schema-graph\">{\"@context\":\"https:\\\/\\\/schema.org\",\"@graph\":[{\"@type\":\"WebPage\",\"@id\":\"http:\\\/\\\/drcinik.com\\\/it\\\/legal\\\/trattamento-dei-dati-personali\\\/\",\"url\":\"http:\\\/\\\/drcinik.com\\\/it\\\/legal\\\/trattamento-dei-dati-personali\\\/\",\"name\":\"Trattamento dei dati personali - DR. CINIK\",\"isPartOf\":{\"@id\":\"https:\\\/\\\/drcinik.com\\\/it\\\/#website\"},\"datePublished\":\"2023-08-29T10:49:36+00:00\",\"dateModified\":\"2025-07-31T20:23:51+00:00\",\"breadcrumb\":{\"@id\":\"http:\\\/\\\/drcinik.com\\\/it\\\/legal\\\/trattamento-dei-dati-personali\\\/#breadcrumb\"},\"inLanguage\":\"it-IT\",\"potentialAction\":[{\"@type\":\"ReadAction\",\"target\":[\"http:\\\/\\\/drcinik.com\\\/it\\\/legal\\\/trattamento-dei-dati-personali\\\/\"]}]},{\"@type\":\"BreadcrumbList\",\"@id\":\"http:\\\/\\\/drcinik.com\\\/it\\\/legal\\\/trattamento-dei-dati-personali\\\/#breadcrumb\",\"itemListElement\":[{\"@type\":\"ListItem\",\"position\":1,\"name\":\"Anasayfa\",\"item\":\"https:\\\/\\\/drcinik.com\\\/ar\\\/\"},{\"@type\":\"ListItem\",\"position\":2,\"name\":\"Legal\",\"item\":\"http:\\\/\\\/drcinik.com\\\/it\\\/legal\\\/\"},{\"@type\":\"ListItem\",\"position\":3,\"name\":\"Trattamento dei dati personali\"}]},{\"@type\":\"WebSite\",\"@id\":\"https:\\\/\\\/drcinik.com\\\/it\\\/#website\",\"url\":\"https:\\\/\\\/drcinik.com\\\/it\\\/\",\"name\":\"DR. CINIK\",\"description\":\"\u00d6zel T\u0131p Merkezi\",\"publisher\":{\"@id\":\"https:\\\/\\\/drcinik.com\\\/it\\\/#organization\"},\"potentialAction\":[{\"@type\":\"SearchAction\",\"target\":{\"@type\":\"EntryPoint\",\"urlTemplate\":\"https:\\\/\\\/drcinik.com\\\/it\\\/?s={search_term_string}\"},\"query-input\":{\"@type\":\"PropertyValueSpecification\",\"valueRequired\":true,\"valueName\":\"search_term_string\"}}],\"inLanguage\":\"it-IT\"},{\"@type\":\"Organization\",\"@id\":\"https:\\\/\\\/drcinik.com\\\/it\\\/#organization\",\"name\":\"DR. CINIK\",\"url\":\"https:\\\/\\\/drcinik.com\\\/it\\\/\",\"logo\":{\"@type\":\"ImageObject\",\"inLanguage\":\"it-IT\",\"@id\":\"https:\\\/\\\/drcinik.com\\\/it\\\/#\\\/schema\\\/logo\\\/image\\\/\",\"url\":\"https:\\\/\\\/drcinik.com\\\/wp-content\\\/uploads\\\/2023\\\/07\\\/logo.svg\",\"contentUrl\":\"https:\\\/\\\/drcinik.com\\\/wp-content\\\/uploads\\\/2023\\\/07\\\/logo.svg\",\"width\":\"1024\",\"height\":\"1024\",\"caption\":\"DR. CINIK\"},\"image\":{\"@id\":\"https:\\\/\\\/drcinik.com\\\/it\\\/#\\\/schema\\\/logo\\\/image\\\/\"},\"sameAs\":[\"https:\\\/\\\/facebook.com\\\/drcinikcom\",\"https:\\\/\\\/x.com\\\/drcinikofficial\",\"https:\\\/\\\/instagram.com\\\/dr.cinikhospital\",\"https:\\\/\\\/youtube.com\\\/@emrahcinik\",\"https:\\\/\\\/tiktok.com\\\/@dremrahcinik\"],\"email\":\"info@drcinik.com\",\"telephone\":\"+90 549 641 37 01\",\"legalName\":\"Erc Turizm Sa\u011fl\u0131k Hizmetleri Tic. Ltd. \u015eti.\",\"numberOfEmployees\":{\"@type\":\"QuantitativeValue\",\"minValue\":\"51\",\"maxValue\":\"200\"}}]}<\/script>\n<!-- \/ Yoast SEO Premium plugin. -->","yoast_head_json":{"title":"Trattamento dei dati personali - DR. CINIK","robots":{"index":"index","follow":"follow","max-snippet":"max-snippet:-1","max-image-preview":"max-image-preview:large","max-video-preview":"max-video-preview:-1"},"canonical":"http:\/\/drcinik.com\/it\/legal\/trattamento-dei-dati-personali\/","og_locale":"it_IT","og_type":"article","og_title":"Trattamento dei dati personali","og_description":"Politica sulla protezione e il trattamento dei dati personali Nel quadro di un servizio di qualit\u00e0 superiore, rispetto dei diritti delle persone, trasparenza e principi di onest\u00e0, il Titolare del trattamento \u00d6zel DR. CINIK T\u0131p Merkezi (ERC Estetik Turizm Sa\u011fl\u0131k Hizmetleri Tic. Ltd. Sti.), in conformit\u00e0 con le disposizioni della Legge sulla protezione dei dati [&hellip;]","og_url":"http:\/\/drcinik.com\/it\/legal\/trattamento-dei-dati-personali\/","og_site_name":"DR. CINIK","article_publisher":"https:\/\/facebook.com\/drcinikcom","article_modified_time":"2025-07-31T20:23:51+00:00","twitter_card":"summary_large_image","twitter_site":"@drcinikofficial","schema":{"@context":"https:\/\/schema.org","@graph":[{"@type":"WebPage","@id":"http:\/\/drcinik.com\/it\/legal\/trattamento-dei-dati-personali\/","url":"http:\/\/drcinik.com\/it\/legal\/trattamento-dei-dati-personali\/","name":"Trattamento dei dati personali - DR. CINIK","isPartOf":{"@id":"https:\/\/drcinik.com\/it\/#website"},"datePublished":"2023-08-29T10:49:36+00:00","dateModified":"2025-07-31T20:23:51+00:00","breadcrumb":{"@id":"http:\/\/drcinik.com\/it\/legal\/trattamento-dei-dati-personali\/#breadcrumb"},"inLanguage":"it-IT","potentialAction":[{"@type":"ReadAction","target":["http:\/\/drcinik.com\/it\/legal\/trattamento-dei-dati-personali\/"]}]},{"@type":"BreadcrumbList","@id":"http:\/\/drcinik.com\/it\/legal\/trattamento-dei-dati-personali\/#breadcrumb","itemListElement":[{"@type":"ListItem","position":1,"name":"Anasayfa","item":"https:\/\/drcinik.com\/ar\/"},{"@type":"ListItem","position":2,"name":"Legal","item":"http:\/\/drcinik.com\/it\/legal\/"},{"@type":"ListItem","position":3,"name":"Trattamento dei dati personali"}]},{"@type":"WebSite","@id":"https:\/\/drcinik.com\/it\/#website","url":"https:\/\/drcinik.com\/it\/","name":"DR. CINIK","description":"\u00d6zel T\u0131p Merkezi","publisher":{"@id":"https:\/\/drcinik.com\/it\/#organization"},"potentialAction":[{"@type":"SearchAction","target":{"@type":"EntryPoint","urlTemplate":"https:\/\/drcinik.com\/it\/?s={search_term_string}"},"query-input":{"@type":"PropertyValueSpecification","valueRequired":true,"valueName":"search_term_string"}}],"inLanguage":"it-IT"},{"@type":"Organization","@id":"https:\/\/drcinik.com\/it\/#organization","name":"DR. CINIK","url":"https:\/\/drcinik.com\/it\/","logo":{"@type":"ImageObject","inLanguage":"it-IT","@id":"https:\/\/drcinik.com\/it\/#\/schema\/logo\/image\/","url":"https:\/\/drcinik.com\/wp-content\/uploads\/2023\/07\/logo.svg","contentUrl":"https:\/\/drcinik.com\/wp-content\/uploads\/2023\/07\/logo.svg","width":"1024","height":"1024","caption":"DR. CINIK"},"image":{"@id":"https:\/\/drcinik.com\/it\/#\/schema\/logo\/image\/"},"sameAs":["https:\/\/facebook.com\/drcinikcom","https:\/\/x.com\/drcinikofficial","https:\/\/instagram.com\/dr.cinikhospital","https:\/\/youtube.com\/@emrahcinik","https:\/\/tiktok.com\/@dremrahcinik"],"email":"info@drcinik.com","telephone":"+90 549 641 37 01","legalName":"Erc Turizm Sa\u011fl\u0131k Hizmetleri Tic. Ltd. \u015eti.","numberOfEmployees":{"@type":"QuantitativeValue","minValue":"51","maxValue":"200"}}]}},"_links":{"self":[{"href":"https:\/\/drcinik.com\/it\/wp-json\/wp\/v2\/pages\/33049","targetHints":{"allow":["GET"]}}],"collection":[{"href":"https:\/\/drcinik.com\/it\/wp-json\/wp\/v2\/pages"}],"about":[{"href":"https:\/\/drcinik.com\/it\/wp-json\/wp\/v2\/types\/page"}],"author":[{"embeddable":true,"href":"https:\/\/drcinik.com\/it\/wp-json\/wp\/v2\/users\/11"}],"replies":[{"embeddable":true,"href":"https:\/\/drcinik.com\/it\/wp-json\/wp\/v2\/comments?post=33049"}],"version-history":[{"count":0,"href":"https:\/\/drcinik.com\/it\/wp-json\/wp\/v2\/pages\/33049\/revisions"}],"up":[{"embeddable":true,"href":"https:\/\/drcinik.com\/it\/wp-json\/wp\/v2\/pages\/32889"}],"wp:attachment":[{"href":"https:\/\/drcinik.com\/it\/wp-json\/wp\/v2\/media?parent=33049"}],"curies":[{"name":"wp","href":"https:\/\/api.w.org\/{rel}","templated":true}]}}