{"id":34552,"date":"2025-04-12T15:02:36","date_gmt":"2025-04-12T12:02:36","guid":{"rendered":"https:\/\/drcinik.com\/?page_id=34552"},"modified":"2025-08-05T23:46:04","modified_gmt":"2025-08-05T20:46:04","slug":"%d0%b1%d0%bb%d0%be%d0%b3","status":"publish","type":"page","link":"http:\/\/drcinik.com\/ru\/%D0%B1%D0%BB%D0%BE%D0%B3\/","title":{"rendered":"\u0411\u043b\u043e\u0433"},"content":{"rendered":"\t\t<div data-elementor-type=\"wp-page\" data-elementor-id=\"34552\" class=\"elementor elementor-34552 elementor-15738\" data-elementor-post-type=\"page\">\n\t\t\t\t<div class=\"elementor-element elementor-element-fef12f7 e-flex e-con-boxed e-con e-parent\" data-id=\"fef12f7\" data-element_type=\"container\" data-settings=\"{&quot;background_background&quot;:&quot;classic&quot;}\">\n\t\t\t\t\t<div class=\"e-con-inner\">\n\t\t<div class=\"elementor-element elementor-element-9035531 e-con-full e-flex e-con e-child\" data-id=\"9035531\" data-element_type=\"container\" data-settings=\"{&quot;background_background&quot;:&quot;classic&quot;}\">\n\t\t\t\t<div class=\"elementor-element elementor-element-65de481 elementor-widget elementor-widget-text-editor\" data-id=\"65de481\" data-element_type=\"widget\" data-widget_type=\"text-editor.default\">\n\t\t\t\t\t\t\t\t\t<h1>\u0411\u043b\u043e\u0433<\/h1>\t\t\t\t\t\t\t\t<\/div>\n\t\t\t\t<div class=\"elementor-element elementor-element-3f0eeb9 elementor-widget elementor-widget-eael-breadcrumbs\" data-id=\"3f0eeb9\" data-element_type=\"widget\" data-widget_type=\"eael-breadcrumbs.default\">\n\t\t\t\t<div class=\"elementor-widget-container\">\n\t\t\t\t\t\t\t<div class=\"eael-breadcrumbs\">\n\t\t\t<div class=\"eael-breadcrumbs__content\"><a href=\"https:\/\/drcinik.com\/ru\/\">Home<\/a> <span class=\"eael-breadcrumb-separator\">\u2192<\/span> <span class = \"eael-current\">\u0421\u0442\u0440\u0430\u043d\u0438\u0446\u0430<\/span><\/div>\t\t<\/div>\n\t\t\t\t\t\t<\/div>\n\t\t\t\t<\/div>\n\t\t\t\t<\/div>\n\t\t\t\t\t<\/div>\n\t\t\t\t<\/div>\n\t\t<div class=\"elementor-element elementor-element-3e6975b0 e-flex e-con-boxed e-con e-parent\" data-id=\"3e6975b0\" data-element_type=\"container\" data-settings=\"{&quot;background_background&quot;:&quot;classic&quot;}\">\n\t\t\t\t\t<div class=\"e-con-inner\">\n\t\t\t\t<div class=\"elementor-element elementor-element-2178794 elementor-widget elementor-widget-html\" data-id=\"2178794\" data-element_type=\"widget\" data-widget_type=\"html.default\">\n\t\t\t\t\t<style>\n  .sticky-button {\n      position: fixed;\n      right: 0;\n      top: 50%;\n      transform: translateY(-50%);\n      background-color: #4069FF;\n      color: white !important; \/* Added !important to ensure this overrides any other style *\/\n      padding: 15px;\n      font-size: 14px;\n      font-weight: bold;\n      text-decoration: none;\n      writing-mode: vertical-rl;\n      text-align: center;\n      border-top-left-radius: 10px;\n      border-bottom-left-radius: 10px;\n      box-shadow: -2px 2px 10px rgba(0, 0, 0, 0.3);\n      cursor: pointer;\n      display: block;\n      z-index: 999;\n      transition: background-color 0.3s ease;\n  }\n  \n  \/* Added an inline style to the anchor tag as well *\/\n  #consultation-button {\n      color: white !important;\n  }\n  \n  .sticky-button:hover {\n      background-color: #2f52d6;\n      color: white !important; \/* Ensure color stays white on hover *\/\n  }\n  \n  \/* Hide on mobile devices *\/\n  @media screen and (max-width: 767px) {\n      .sticky-button {\n          display: none;\n      }\n  }\n<\/style>\n<a id=\"consultation-button\" class=\"sticky-button\" onclick=\"openElementorPopup()\" style=\"color: white !important;\">\u041f\u041e\u041b\u0423\u0427\u0418\u0422\u0415 \u0411\u0415\u0421\u041f\u041b\u0410\u0422\u041d\u0423\u042e \u041a\u041e\u041d\u0421\u0423\u041b\u042c\u0422\u0410\u0426\u0418\u042e<\/a>\n<script>\nfunction openElementorPopup() {\n    \/\/ Prevent default anchor behavior\n    event.preventDefault();\n    \n    \/\/ Try to open the Elementor popup with the template ID 19448\n    try {\n        \/\/ First method - try using the Elementor frontend directly\n        if (typeof elementorFrontend !== 'undefined' && elementorFrontend.documentsManager) {\n            elementorFrontend.documentsManager.documents[19448].showModal();\n        } \n        \/\/ Second method - using jQuery and elementorProFrontend\n        else if (typeof jQuery !== 'undefined' && typeof elementorProFrontend !== 'undefined') {\n            jQuery(document).ready(function($) {\n                elementorProFrontend.modules.popup.showPopup({ id: 19448 });\n            });\n        }\n        \/\/ Third method - direct trigger for template\n        else {\n            jQuery(document).ready(function($) {\n                $('[data-elementor-type=\"popup\"][data-elementor-id=\"19448\"]').each(function() {\n                    if (typeof elementorFrontend !== 'undefined') {\n                        elementorFrontend.elementsHandler.runReadyTrigger($(this));\n                    }\n                });\n                if (typeof elementorProFrontend !== 'undefined') {\n                    elementorProFrontend.modules.popup.showPopup({ id: 19448 });\n                }\n            });\n        }\n    } catch (error) {\n        console.error(\"Error opening Elementor popup:\", error);\n    }\n}\n<\/script>\t\t\t\t<\/div>\n\t\t\t\t<div class=\"elementor-element elementor-element-7f6c862c elementor-grid-1 elementor-grid-tablet-2 elementor-grid-mobile-1 elementor-widget elementor-widget-loop-grid\" data-id=\"7f6c862c\" data-element_type=\"widget\" data-settings=\"{&quot;template_id&quot;:15668,&quot;columns&quot;:1,&quot;_skin&quot;:&quot;post&quot;,&quot;columns_tablet&quot;:&quot;2&quot;,&quot;columns_mobile&quot;:&quot;1&quot;,&quot;edit_handle_selector&quot;:&quot;[data-elementor-type=\\&quot;loop-item\\&quot;]&quot;,&quot;row_gap&quot;:{&quot;unit&quot;:&quot;px&quot;,&quot;size&quot;:&quot;&quot;,&quot;sizes&quot;:[]},&quot;row_gap_tablet&quot;:{&quot;unit&quot;:&quot;px&quot;,&quot;size&quot;:&quot;&quot;,&quot;sizes&quot;:[]},&quot;row_gap_mobile&quot;:{&quot;unit&quot;:&quot;px&quot;,&quot;size&quot;:&quot;&quot;,&quot;sizes&quot;:[]}}\" data-widget_type=\"loop-grid.post\">\n\t\t\t\t<div class=\"elementor-widget-container\">\n\t\t\t\t\t\t\t<div class=\"e-loop-nothing-found-message\">\n\t\t<\/div>\n\t\t\t\t\t\t<\/div>\n\t\t\t\t<\/div>\n\t\t\t\t\t<\/div>\n\t\t\t\t<\/div>\n\t\t<div class=\"elementor-element elementor-element-6b53066b e-flex e-con-boxed e-con e-parent\" data-id=\"6b53066b\" data-element_type=\"container\" data-settings=\"{&quot;background_background&quot;:&quot;classic&quot;}\">\n\t\t\t\t\t<div class=\"e-con-inner\">\n\t\t\t\t<div class=\"elementor-element elementor-element-53940add elementor-grid-3 elementor-grid-tablet-2 elementor-grid-mobile-1 elementor-widget elementor-widget-loop-grid\" data-id=\"53940add\" data-element_type=\"widget\" data-settings=\"{&quot;template_id&quot;:15615,&quot;pagination_type&quot;:&quot;load_more_infinite_scroll&quot;,&quot;_skin&quot;:&quot;post&quot;,&quot;columns&quot;:&quot;3&quot;,&quot;columns_tablet&quot;:&quot;2&quot;,&quot;columns_mobile&quot;:&quot;1&quot;,&quot;edit_handle_selector&quot;:&quot;[data-elementor-type=\\&quot;loop-item\\&quot;]&quot;,&quot;load_more_spinner&quot;:{&quot;value&quot;:&quot;fas fa-spinner&quot;,&quot;library&quot;:&quot;fa-solid&quot;},&quot;row_gap&quot;:{&quot;unit&quot;:&quot;px&quot;,&quot;size&quot;:&quot;&quot;,&quot;sizes&quot;:[]},&quot;row_gap_tablet&quot;:{&quot;unit&quot;:&quot;px&quot;,&quot;size&quot;:&quot;&quot;,&quot;sizes&quot;:[]},&quot;row_gap_mobile&quot;:{&quot;unit&quot;:&quot;px&quot;,&quot;size&quot;:&quot;&quot;,&quot;sizes&quot;:[]}}\" data-widget_type=\"loop-grid.post\">\n\t\t\t\t<div class=\"elementor-widget-container\">\n\t\t\t\t\t\t\t<div class=\"e-loop-nothing-found-message\">\n\t\t\t\t\t<div class=\"e-loop-nothing-found-message__text\">\n\t\t\t\t\u041a\u0430\u0436\u0435\u0442\u0441\u044f, \u043c\u044b \u043d\u0435 \u043c\u043e\u0436\u0435\u043c \u043d\u0430\u0439\u0442\u0438 \u0442\u043e, \u0447\u0442\u043e \u0432\u044b \u0438\u0449\u0435\u0442\u0435.\t\t\t<\/div>\n\t\t\t<\/div>\n\t\t\t\t\t\t<\/div>\n\t\t\t\t<\/div>\n\t\t\t\t\t<\/div>\n\t\t\t\t<\/div>\n\t\t<div class=\"elementor-element elementor-element-4d06d84 e-con-full e-flex e-con e-parent\" data-id=\"4d06d84\" data-element_type=\"container\" data-settings=\"{&quot;background_background&quot;:&quot;gradient&quot;}\">\n\t\t<div class=\"elementor-element elementor-element-becd096 e-flex e-con-boxed e-con e-child\" data-id=\"becd096\" data-element_type=\"container\">\n\t\t\t\t\t<div class=\"e-con-inner\">\n\t\t\t\t<div class=\"elementor-element elementor-element-15a7444 elementor-widget elementor-widget-heading\" data-id=\"15a7444\" data-element_type=\"widget\" data-widget_type=\"heading.default\">\n\t\t\t\t\t<h2 class=\"elementor-heading-title elementor-size-default\">\u0421\u0432\u044f\u0436\u0438\u0442\u0435\u0441\u044c \u0441 \u043d\u0430\u043c\u0438 \u0441\u0435\u0439\u0447\u0430\u0441 \u0438 \u0441\u043f\u043b\u0430\u043d\u0438\u0440\u0443\u0439\u0442\u0435 \u0441\u0432\u043e\u044e \u043f\u043e\u0435\u0437\u0434\u043a\u0443!<\/h2>\t\t\t\t<\/div>\n\t\t\t\t<div class=\"elementor-element elementor-element-c271d8a elementor-widget elementor-widget-text-editor\" data-id=\"c271d8a\" data-element_type=\"widget\" data-widget_type=\"text-editor.default\">\n\t\t\t\t\t\t\t\t\t<p style=\"text-align: center;\">\u0418\u0441\u043f\u044b\u0442\u0430\u0439\u0442\u0435 \u043f\u0435\u0440\u0432\u043e\u043a\u043b\u0430\u0441\u0441\u043d\u043e\u0435 \u043b\u0435\u0447\u0435\u043d\u0438\u0435 \u0432 \u0422\u0443\u0440\u0446\u0438\u0438 \u0441 \u043d\u0430\u0448\u0438\u043c\u0438 \u043e\u043f\u044b\u0442\u043d\u044b\u043c\u0438 \u0432\u0440\u0430\u0447\u0430\u043c\u0438 \u0438 \u043a\u043e\u043c\u0444\u043e\u0440\u0442\u043d\u043e\u0439 \u043a\u043b\u0438\u043d\u0438\u043a\u043e\u0439!<\/p>\t\t\t\t\t\t\t\t<\/div>\n\t\t\t\t<div class=\"elementor-element elementor-element-0aa83b2 elementor-widget elementor-widget-button\" data-id=\"0aa83b2\" data-element_type=\"widget\" data-widget_type=\"button.default\">\n\t\t\t\t\t\t\t\t\t\t<a class=\"elementor-button elementor-button-link elementor-size-sm\" href=\"#elementor-action%3Aaction%3Dpopup%3Aopen%26settings%3DeyJpZCI6MzMxODQsInRvZ2dsZSI6ZmFsc2V9\">\n\t\t\t\t\t\t<span class=\"elementor-button-content-wrapper\">\n\t\t\t\t\t\t<span class=\"elementor-button-icon\">\n\t\t\t\t<svg aria-hidden=\"true\" class=\"e-font-icon-svg e-fas-long-arrow-alt-right\" viewBox=\"0 0 448 512\" xmlns=\"http:\/\/www.w3.org\/2000\/svg\"><path d=\"M313.941 216H12c-6.627 0-12 5.373-12 12v56c0 6.627 5.373 12 12 12h301.941v46.059c0 21.382 25.851 32.09 40.971 16.971l86.059-86.059c9.373-9.373 9.373-24.569 0-33.941l-86.059-86.059c-15.119-15.119-40.971-4.411-40.971 16.971V216z\"><\/path><\/svg>\t\t\t<\/span>\n\t\t\t\t\t\t\t\t\t<span class=\"elementor-button-text\">\u041f\u043e\u043b\u0443\u0447\u0438\u0442\u0435 \u0431\u0435\u0441\u043f\u043b\u0430\u0442\u043d\u0443\u044e \u043a\u043e\u043d\u0441\u0443\u043b\u044c\u0442\u0430\u0446\u0438\u044e<\/span>\n\t\t\t\t\t<\/span>\n\t\t\t\t\t<\/a>\n\t\t\t\t\t\t\t\t<\/div>\n\t\t\t\t\t<\/div>\n\t\t\t\t<\/div>\n\t\t\t\t<\/div>\n\t\t\t\t<\/div>\n\t\t","protected":false},"excerpt":{"rendered":"<p>\u0411\u043b\u043e\u0433 Home \u2192 Page \u041f\u041e\u041b\u0423\u0427\u0418\u0422\u0415 \u0411\u0415\u0421\u041f\u041b\u0410\u0422\u041d\u0423\u042e \u041a\u041e\u041d\u0421\u0423\u041b\u042c\u0422\u0410\u0426\u0418\u042e \u0421\u0432\u044f\u0436\u0438\u0442\u0435\u0441\u044c \u0441 \u043d\u0430\u043c\u0438 \u0441\u0435\u0439\u0447\u0430\u0441 \u0438 \u0441\u043f\u043b\u0430\u043d\u0438\u0440\u0443\u0439\u0442\u0435 \u0441\u0432\u043e\u044e \u043f\u043e\u0435\u0437\u0434\u043a\u0443! \u0418\u0441\u043f\u044b\u0442\u0430\u0439\u0442\u0435 \u043f\u0435\u0440\u0432\u043e\u043a\u043b\u0430\u0441\u0441\u043d\u043e\u0435 \u043b\u0435\u0447\u0435\u043d\u0438\u0435 \u0432 \u0422\u0443\u0440\u0446\u0438\u0438 \u0441 \u043d\u0430\u0448\u0438\u043c\u0438 \u043e\u043f\u044b\u0442\u043d\u044b\u043c\u0438 \u0432\u0440\u0430\u0447\u0430\u043c\u0438 \u0438 \u043a\u043e\u043c\u0444\u043e\u0440\u0442\u043d\u043e\u0439 \u043a\u043b\u0438\u043d\u0438\u043a\u043e\u0439! \u041f\u043e\u043b\u0443\u0447\u0438\u0442\u0435 \u0431\u0435\u0441\u043f\u043b\u0430\u0442\u043d\u0443\u044e \u043a\u043e\u043d\u0441\u0443\u043b\u044c\u0442\u0430\u0446\u0438\u044e<\/p>\n","protected":false},"author":11,"featured_media":0,"parent":0,"menu_order":0,"comment_status":"closed","ping_status":"closed","template":"elementor_header_footer","meta":{"_acf_changed":false,"inline_featured_image":false,"footnotes":""},"class_list":["post-34552","page","type-page","status-publish","hentry"],"acf":[],"yoast_head":"<!-- This site is optimized with the Yoast SEO Premium plugin v26.2 (Yoast SEO v27.4) - https:\/\/yoast.com\/product\/yoast-seo-premium-wordpress\/ -->\n<title>\u0411\u043b\u043e\u0433 - DR. CINIK<\/title>\n<meta name=\"description\" content=\"\u041e\u0442\u043a\u0440\u043e\u0439\u0442\u0435 \u0434\u043b\u044f \u0441\u0435\u0431\u044f \u043d\u043e\u0432\u0435\u0439\u0448\u0438\u0435 \u0442\u0435\u043d\u0434\u0435\u043d\u0446\u0438\u0438 \u0432 \u043e\u0431\u043b\u0430\u0441\u0442\u0438 \u043f\u043b\u0430\u0441\u0442\u0438\u0447\u0435\u0441\u043a\u043e\u0439 \u0445\u0438\u0440\u0443\u0440\u0433\u0438\u0438 \u0438 \u043f\u0435\u0440\u0435\u0441\u0430\u0434\u043a\u0438 \u0432\u043e\u043b\u043e\u0441 \u0432 \u0431\u043b\u043e\u0433\u0435 Dr. CINIK BLOG, \u0432\u0430\u0448\u0435\u043c \u043f\u0443\u0442\u0435\u0432\u043e\u0434\u0438\u0442\u0435\u043b\u0435 \u043f\u043e \u043c\u0435\u0434\u0438\u0446\u0438\u043d\u0441\u043a\u043e\u043c\u0443 \u043e\u043f\u044b\u0442\u0443 \u0422\u0443\u0440\u0446\u0438\u0438.\" \/>\n<meta name=\"robots\" content=\"index, follow, max-snippet:-1, max-image-preview:large, max-video-preview:-1\" \/>\n<link rel=\"canonical\" href=\"http:\/\/drcinik.com\/ru\/\u0431\u043b\u043e\u0433\/\" \/>\n<meta property=\"og:locale\" content=\"ru_RU\" \/>\n<meta property=\"og:type\" content=\"article\" \/>\n<meta property=\"og:title\" content=\"\u0411\u043b\u043e\u0433\" \/>\n<meta property=\"og:description\" content=\"\u041e\u0442\u043a\u0440\u043e\u0439\u0442\u0435 \u0434\u043b\u044f \u0441\u0435\u0431\u044f \u043d\u043e\u0432\u0435\u0439\u0448\u0438\u0435 \u0442\u0435\u043d\u0434\u0435\u043d\u0446\u0438\u0438 \u0432 \u043e\u0431\u043b\u0430\u0441\u0442\u0438 \u043f\u043b\u0430\u0441\u0442\u0438\u0447\u0435\u0441\u043a\u043e\u0439 \u0445\u0438\u0440\u0443\u0440\u0433\u0438\u0438 \u0438 \u043f\u0435\u0440\u0435\u0441\u0430\u0434\u043a\u0438 \u0432\u043e\u043b\u043e\u0441 \u0432 \u0431\u043b\u043e\u0433\u0435 Dr. CINIK BLOG, \u0432\u0430\u0448\u0435\u043c \u043f\u0443\u0442\u0435\u0432\u043e\u0434\u0438\u0442\u0435\u043b\u0435 \u043f\u043e \u043c\u0435\u0434\u0438\u0446\u0438\u043d\u0441\u043a\u043e\u043c\u0443 \u043e\u043f\u044b\u0442\u0443 \u0422\u0443\u0440\u0446\u0438\u0438.\" \/>\n<meta property=\"og:url\" content=\"http:\/\/drcinik.com\/ru\/\u0431\u043b\u043e\u0433\/\" \/>\n<meta property=\"og:site_name\" content=\"DR. CINIK\" \/>\n<meta property=\"article:publisher\" content=\"https:\/\/facebook.com\/drcinikcom\" \/>\n<meta property=\"article:modified_time\" content=\"2025-08-05T20:46:04+00:00\" \/>\n<meta name=\"twitter:card\" content=\"summary_large_image\" \/>\n<meta name=\"twitter:site\" content=\"@drcinikofficial\" \/>\n<script type=\"application\/ld+json\" class=\"yoast-schema-graph\">{\"@context\":\"https:\\\/\\\/schema.org\",\"@graph\":[{\"@type\":\"WebPage\",\"@id\":\"http:\\\/\\\/drcinik.com\\\/ru\\\/%D0%B1%D0%BB%D0%BE%D0%B3\\\/\",\"url\":\"http:\\\/\\\/drcinik.com\\\/ru\\\/%D0%B1%D0%BB%D0%BE%D0%B3\\\/\",\"name\":\"\u0411\u043b\u043e\u0433 - DR. CINIK\",\"isPartOf\":{\"@id\":\"https:\\\/\\\/drcinik.com\\\/ru\\\/#website\"},\"datePublished\":\"2025-04-12T12:02:36+00:00\",\"dateModified\":\"2025-08-05T20:46:04+00:00\",\"description\":\"\u041e\u0442\u043a\u0440\u043e\u0439\u0442\u0435 \u0434\u043b\u044f \u0441\u0435\u0431\u044f \u043d\u043e\u0432\u0435\u0439\u0448\u0438\u0435 \u0442\u0435\u043d\u0434\u0435\u043d\u0446\u0438\u0438 \u0432 \u043e\u0431\u043b\u0430\u0441\u0442\u0438 \u043f\u043b\u0430\u0441\u0442\u0438\u0447\u0435\u0441\u043a\u043e\u0439 \u0445\u0438\u0440\u0443\u0440\u0433\u0438\u0438 \u0438 \u043f\u0435\u0440\u0435\u0441\u0430\u0434\u043a\u0438 \u0432\u043e\u043b\u043e\u0441 \u0432 \u0431\u043b\u043e\u0433\u0435 Dr. CINIK BLOG, \u0432\u0430\u0448\u0435\u043c \u043f\u0443\u0442\u0435\u0432\u043e\u0434\u0438\u0442\u0435\u043b\u0435 \u043f\u043e \u043c\u0435\u0434\u0438\u0446\u0438\u043d\u0441\u043a\u043e\u043c\u0443 \u043e\u043f\u044b\u0442\u0443 \u0422\u0443\u0440\u0446\u0438\u0438.\",\"breadcrumb\":{\"@id\":\"http:\\\/\\\/drcinik.com\\\/ru\\\/%D0%B1%D0%BB%D0%BE%D0%B3\\\/#breadcrumb\"},\"inLanguage\":\"ru-RU\",\"potentialAction\":[{\"@type\":\"ReadAction\",\"target\":[\"http:\\\/\\\/drcinik.com\\\/ru\\\/%D0%B1%D0%BB%D0%BE%D0%B3\\\/\"]}]},{\"@type\":\"BreadcrumbList\",\"@id\":\"http:\\\/\\\/drcinik.com\\\/ru\\\/%D0%B1%D0%BB%D0%BE%D0%B3\\\/#breadcrumb\",\"itemListElement\":[{\"@type\":\"ListItem\",\"position\":1,\"name\":\"Anasayfa\",\"item\":\"https:\\\/\\\/drcinik.com\\\/ru\\\/\"},{\"@type\":\"ListItem\",\"position\":2,\"name\":\"\u0411\u043b\u043e\u0433\"}]},{\"@type\":\"WebSite\",\"@id\":\"https:\\\/\\\/drcinik.com\\\/ru\\\/#website\",\"url\":\"https:\\\/\\\/drcinik.com\\\/ru\\\/\",\"name\":\"DR. CINIK\",\"description\":\"\u00d6zel T\u0131p Merkezi\",\"publisher\":{\"@id\":\"https:\\\/\\\/drcinik.com\\\/ru\\\/#organization\"},\"potentialAction\":[{\"@type\":\"SearchAction\",\"target\":{\"@type\":\"EntryPoint\",\"urlTemplate\":\"https:\\\/\\\/drcinik.com\\\/ru\\\/?s={search_term_string}\"},\"query-input\":{\"@type\":\"PropertyValueSpecification\",\"valueRequired\":true,\"valueName\":\"search_term_string\"}}],\"inLanguage\":\"ru-RU\"},{\"@type\":\"Organization\",\"@id\":\"https:\\\/\\\/drcinik.com\\\/ru\\\/#organization\",\"name\":\"DR. CINIK\",\"url\":\"https:\\\/\\\/drcinik.com\\\/ru\\\/\",\"logo\":{\"@type\":\"ImageObject\",\"inLanguage\":\"ru-RU\",\"@id\":\"https:\\\/\\\/drcinik.com\\\/ru\\\/#\\\/schema\\\/logo\\\/image\\\/\",\"url\":\"https:\\\/\\\/drcinik.com\\\/wp-content\\\/uploads\\\/2023\\\/07\\\/logo.svg\",\"contentUrl\":\"https:\\\/\\\/drcinik.com\\\/wp-content\\\/uploads\\\/2023\\\/07\\\/logo.svg\",\"width\":\"1024\",\"height\":\"1024\",\"caption\":\"DR. CINIK\"},\"image\":{\"@id\":\"https:\\\/\\\/drcinik.com\\\/ru\\\/#\\\/schema\\\/logo\\\/image\\\/\"},\"sameAs\":[\"https:\\\/\\\/facebook.com\\\/drcinikcom\",\"https:\\\/\\\/x.com\\\/drcinikofficial\",\"https:\\\/\\\/instagram.com\\\/dr.cinikhospital\",\"https:\\\/\\\/youtube.com\\\/@emrahcinik\",\"https:\\\/\\\/tiktok.com\\\/@dremrahcinik\"],\"email\":\"info@drcinik.com\",\"telephone\":\"+90 549 641 37 01\",\"legalName\":\"Erc Turizm Sa\u011fl\u0131k Hizmetleri Tic. Ltd. \u015eti.\",\"numberOfEmployees\":{\"@type\":\"QuantitativeValue\",\"minValue\":\"51\",\"maxValue\":\"200\"}}]}<\/script>\n<!-- \/ Yoast SEO Premium plugin. -->","yoast_head_json":{"title":"\u0411\u043b\u043e\u0433 - DR. CINIK","description":"\u041e\u0442\u043a\u0440\u043e\u0439\u0442\u0435 \u0434\u043b\u044f \u0441\u0435\u0431\u044f \u043d\u043e\u0432\u0435\u0439\u0448\u0438\u0435 \u0442\u0435\u043d\u0434\u0435\u043d\u0446\u0438\u0438 \u0432 \u043e\u0431\u043b\u0430\u0441\u0442\u0438 \u043f\u043b\u0430\u0441\u0442\u0438\u0447\u0435\u0441\u043a\u043e\u0439 \u0445\u0438\u0440\u0443\u0440\u0433\u0438\u0438 \u0438 \u043f\u0435\u0440\u0435\u0441\u0430\u0434\u043a\u0438 \u0432\u043e\u043b\u043e\u0441 \u0432 \u0431\u043b\u043e\u0433\u0435 Dr. CINIK BLOG, \u0432\u0430\u0448\u0435\u043c \u043f\u0443\u0442\u0435\u0432\u043e\u0434\u0438\u0442\u0435\u043b\u0435 \u043f\u043e \u043c\u0435\u0434\u0438\u0446\u0438\u043d\u0441\u043a\u043e\u043c\u0443 \u043e\u043f\u044b\u0442\u0443 \u0422\u0443\u0440\u0446\u0438\u0438.","robots":{"index":"index","follow":"follow","max-snippet":"max-snippet:-1","max-image-preview":"max-image-preview:large","max-video-preview":"max-video-preview:-1"},"canonical":"http:\/\/drcinik.com\/ru\/\u0431\u043b\u043e\u0433\/","og_locale":"ru_RU","og_type":"article","og_title":"\u0411\u043b\u043e\u0433","og_description":"\u041e\u0442\u043a\u0440\u043e\u0439\u0442\u0435 \u0434\u043b\u044f \u0441\u0435\u0431\u044f \u043d\u043e\u0432\u0435\u0439\u0448\u0438\u0435 \u0442\u0435\u043d\u0434\u0435\u043d\u0446\u0438\u0438 \u0432 \u043e\u0431\u043b\u0430\u0441\u0442\u0438 \u043f\u043b\u0430\u0441\u0442\u0438\u0447\u0435\u0441\u043a\u043e\u0439 \u0445\u0438\u0440\u0443\u0440\u0433\u0438\u0438 \u0438 \u043f\u0435\u0440\u0435\u0441\u0430\u0434\u043a\u0438 \u0432\u043e\u043b\u043e\u0441 \u0432 \u0431\u043b\u043e\u0433\u0435 Dr. CINIK BLOG, \u0432\u0430\u0448\u0435\u043c \u043f\u0443\u0442\u0435\u0432\u043e\u0434\u0438\u0442\u0435\u043b\u0435 \u043f\u043e \u043c\u0435\u0434\u0438\u0446\u0438\u043d\u0441\u043a\u043e\u043c\u0443 \u043e\u043f\u044b\u0442\u0443 \u0422\u0443\u0440\u0446\u0438\u0438.","og_url":"http:\/\/drcinik.com\/ru\/\u0431\u043b\u043e\u0433\/","og_site_name":"DR. CINIK","article_publisher":"https:\/\/facebook.com\/drcinikcom","article_modified_time":"2025-08-05T20:46:04+00:00","twitter_card":"summary_large_image","twitter_site":"@drcinikofficial","schema":{"@context":"https:\/\/schema.org","@graph":[{"@type":"WebPage","@id":"http:\/\/drcinik.com\/ru\/%D0%B1%D0%BB%D0%BE%D0%B3\/","url":"http:\/\/drcinik.com\/ru\/%D0%B1%D0%BB%D0%BE%D0%B3\/","name":"\u0411\u043b\u043e\u0433 - DR. CINIK","isPartOf":{"@id":"https:\/\/drcinik.com\/ru\/#website"},"datePublished":"2025-04-12T12:02:36+00:00","dateModified":"2025-08-05T20:46:04+00:00","description":"\u041e\u0442\u043a\u0440\u043e\u0439\u0442\u0435 \u0434\u043b\u044f \u0441\u0435\u0431\u044f \u043d\u043e\u0432\u0435\u0439\u0448\u0438\u0435 \u0442\u0435\u043d\u0434\u0435\u043d\u0446\u0438\u0438 \u0432 \u043e\u0431\u043b\u0430\u0441\u0442\u0438 \u043f\u043b\u0430\u0441\u0442\u0438\u0447\u0435\u0441\u043a\u043e\u0439 \u0445\u0438\u0440\u0443\u0440\u0433\u0438\u0438 \u0438 \u043f\u0435\u0440\u0435\u0441\u0430\u0434\u043a\u0438 \u0432\u043e\u043b\u043e\u0441 \u0432 \u0431\u043b\u043e\u0433\u0435 Dr. CINIK BLOG, \u0432\u0430\u0448\u0435\u043c \u043f\u0443\u0442\u0435\u0432\u043e\u0434\u0438\u0442\u0435\u043b\u0435 \u043f\u043e \u043c\u0435\u0434\u0438\u0446\u0438\u043d\u0441\u043a\u043e\u043c\u0443 \u043e\u043f\u044b\u0442\u0443 \u0422\u0443\u0440\u0446\u0438\u0438.","breadcrumb":{"@id":"http:\/\/drcinik.com\/ru\/%D0%B1%D0%BB%D0%BE%D0%B3\/#breadcrumb"},"inLanguage":"ru-RU","potentialAction":[{"@type":"ReadAction","target":["http:\/\/drcinik.com\/ru\/%D0%B1%D0%BB%D0%BE%D0%B3\/"]}]},{"@type":"BreadcrumbList","@id":"http:\/\/drcinik.com\/ru\/%D0%B1%D0%BB%D0%BE%D0%B3\/#breadcrumb","itemListElement":[{"@type":"ListItem","position":1,"name":"Anasayfa","item":"https:\/\/drcinik.com\/ru\/"},{"@type":"ListItem","position":2,"name":"\u0411\u043b\u043e\u0433"}]},{"@type":"WebSite","@id":"https:\/\/drcinik.com\/ru\/#website","url":"https:\/\/drcinik.com\/ru\/","name":"DR. CINIK","description":"\u00d6zel T\u0131p Merkezi","publisher":{"@id":"https:\/\/drcinik.com\/ru\/#organization"},"potentialAction":[{"@type":"SearchAction","target":{"@type":"EntryPoint","urlTemplate":"https:\/\/drcinik.com\/ru\/?s={search_term_string}"},"query-input":{"@type":"PropertyValueSpecification","valueRequired":true,"valueName":"search_term_string"}}],"inLanguage":"ru-RU"},{"@type":"Organization","@id":"https:\/\/drcinik.com\/ru\/#organization","name":"DR. CINIK","url":"https:\/\/drcinik.com\/ru\/","logo":{"@type":"ImageObject","inLanguage":"ru-RU","@id":"https:\/\/drcinik.com\/ru\/#\/schema\/logo\/image\/","url":"https:\/\/drcinik.com\/wp-content\/uploads\/2023\/07\/logo.svg","contentUrl":"https:\/\/drcinik.com\/wp-content\/uploads\/2023\/07\/logo.svg","width":"1024","height":"1024","caption":"DR. CINIK"},"image":{"@id":"https:\/\/drcinik.com\/ru\/#\/schema\/logo\/image\/"},"sameAs":["https:\/\/facebook.com\/drcinikcom","https:\/\/x.com\/drcinikofficial","https:\/\/instagram.com\/dr.cinikhospital","https:\/\/youtube.com\/@emrahcinik","https:\/\/tiktok.com\/@dremrahcinik"],"email":"info@drcinik.com","telephone":"+90 549 641 37 01","legalName":"Erc Turizm Sa\u011fl\u0131k Hizmetleri Tic. Ltd. \u015eti.","numberOfEmployees":{"@type":"QuantitativeValue","minValue":"51","maxValue":"200"}}]}},"_links":{"self":[{"href":"https:\/\/drcinik.com\/ru\/wp-json\/wp\/v2\/pages\/34552","targetHints":{"allow":["GET"]}}],"collection":[{"href":"https:\/\/drcinik.com\/ru\/wp-json\/wp\/v2\/pages"}],"about":[{"href":"https:\/\/drcinik.com\/ru\/wp-json\/wp\/v2\/types\/page"}],"author":[{"embeddable":true,"href":"https:\/\/drcinik.com\/ru\/wp-json\/wp\/v2\/users\/11"}],"replies":[{"embeddable":true,"href":"https:\/\/drcinik.com\/ru\/wp-json\/wp\/v2\/comments?post=34552"}],"version-history":[{"count":0,"href":"https:\/\/drcinik.com\/ru\/wp-json\/wp\/v2\/pages\/34552\/revisions"}],"wp:attachment":[{"href":"https:\/\/drcinik.com\/ru\/wp-json\/wp\/v2\/media?parent=34552"}],"curies":[{"name":"wp","href":"https:\/\/api.w.org\/{rel}","templated":true}]}}