{"id":2253,"date":"2023-08-29T13:46:29","date_gmt":"2023-08-29T10:46:29","guid":{"rendered":"https:\/\/drcinik.com\/yasal\/cookie-policy\/"},"modified":"2023-10-13T20:10:25","modified_gmt":"2023-10-13T17:10:25","slug":"cerez-politikasi","status":"publish","type":"page","link":"http:\/\/drcinik.com\/tr\/yasal\/cerez-politikasi\/","title":{"rendered":"\u00c7erez Politikas\u0131"},"content":{"rendered":"<p style=\"text-align: right;\"><em><strong>[lmt-post-modified-info]<\/strong><\/em><\/p>\n<h2>Ayd\u0131nlatma Metni<\/h2>\n<p><strong>ERC Estetik Turizm Sa\u011fl\u0131k Hizmetleri Tic. Ltd. \u015eti<\/strong>\u00a0olarak internet sitemize ziyaretleriniz s\u0131ras\u0131nda sizlerin deneyiminizi geli\u015ftirmek i\u00e7in \u00e7erezler, pikseller, gifler gibi baz\u0131 teknolojilerden (\u00e7erezler) faydalanmaktay\u0131z. Bu teknolojilerin kullan\u0131m\u0131 ba\u015fta 6698 say\u0131l\u0131 Ki\u015fisel Verilerin Korunmas\u0131 Kanunu olmak \u00fczere tabi oldu\u011fumuz mevzuata uygun \u015fekilde ger\u00e7ekle\u015ftirilmektedir.<\/p>\n<p>\u0130\u015fbu \u00c7erez Ayd\u0131nlatma metninin amac\u0131, taraf\u0131m\u0131zca i\u015fletilmekte olan internet sitesinin i\u015fletilmesi s\u0131ras\u0131nda site ziyaret\u00e7ileri (Veri Sahibi) taraf\u0131ndan \u00e7erezlerin kullan\u0131m\u0131 s\u0131ras\u0131nda elde edilen ki\u015fisel verilerin i\u015flenmesine ili\u015fkin olarak sizlere bilgi vermektir. \u0130\u015fbu metinde sitemizde hangi ama\u00e7larla hangi t\u00fcr \u00e7erezleri kulland\u0131\u011f\u0131m\u0131z\u0131 ve bu \u00e7erezleri nas\u0131l kontrol edebilece\u011finizi sizlere a\u00e7\u0131klamak istiyoruz. KVK Kanunu\u2019nun 5. ve 8. maddeleri uyar\u0131nca ve\/veya ilgili mevzuattaki istisnalar\u0131n varl\u0131\u011f\u0131 halinde ki\u015fisel verileriniz mevzuat uyar\u0131nca gerekli olan hallerde r\u0131zan\u0131z do\u011frultusunda, aksi hallerde r\u0131zan\u0131z al\u0131nmaks\u0131z\u0131n yukar\u0131daki ama\u00e7lar do\u011frultusunda i\u015flenebilecektir.<\/p>\n<p>&nbsp;<\/p>\n<h3>\u00c7erezler<\/h3>\n<p>Sitemizde \u00e7e\u015fitli ama\u00e7larla \u00e7erezler kullanmakta ve bu \u00e7erezler vas\u0131tas\u0131yla ki\u015fisel verilerinizi i\u015flemekteyiz. Bu ama\u00e7lar ba\u015fl\u0131ca \u015funlard\u0131r:<\/p>\n<ul>\n<li>Site\u2019nin \u00e7al\u0131\u015fmas\u0131 i\u00e7in gerekli temel fonksiyonlar\u0131 ger\u00e7ekle\u015ftirmek.<\/li>\n<li>Site\u2019yi analiz etmek ve Site\u2019nin performans\u0131n\u0131 artt\u0131rmak. \u00d6rne\u011fin, Site\u2019yi ziyaret edenlerin say\u0131s\u0131n\u0131n tespit edilmesi ve buna g\u00f6re performans ayarlar\u0131n\u0131n yap\u0131lmas\u0131<\/li>\n<li>Site\u2019nin i\u015flevselli\u011fini artt\u0131rmak ve kullan\u0131m kolayl\u0131\u011f\u0131 sa\u011flamak.\u00a0\u00d6rne\u011fin, Site \u00fczerinden \u00fc\u00e7\u00fcnc\u00fc taraf sosyal medya mecralar\u0131na payla\u015f\u0131mda bulunmak<\/li>\n<\/ul>\n<p>Ki\u015fisel verilerinizi yukar\u0131da belirtilen ama\u00e7lar\u0131n ger\u00e7ekle\u015ftirilebilmesi ile s\u0131n\u0131rl\u0131 olarak ve mevzuata uygun \u015fekilde \u015eirketimizin hizmetlerinden faydaland\u0131\u011f\u0131 \u00fc\u00e7\u00fcnc\u00fc ki\u015filerle i\u015f ortaklar\u0131m\u0131zla, ticari ili\u015fki i\u00e7inde oldu\u011fumuz firmalarla payla\u015fabiliriz.<\/p>\n<p>&nbsp;<\/p>\n<h4>Sitemizde kulland\u0131\u011f\u0131m\u0131z \u00e7erezler:<\/h4>\n<h5>\u0130\u015flevsellik ve Tercih \u00c7erezleri:<\/h5>\n<p>Bu \u00e7erezler sizlerin site \u00fczerindeki tercihlerini ve se\u00e7imlerinizi hat\u0131rlayarak sitemizde sunulan hizmetlerin sizin i\u00e7in ki\u015fiselle\u015fmesini sa\u011flamaktad\u0131r. \u00d6rne\u011fin sitemiz \u00fczerindeki dil se\u00e7iminizi veya bir metin okurken se\u00e7mi\u015f oldu\u011funuz font boyutunu hat\u0131rlamam\u0131z\u0131 sa\u011flar.<\/p>\n<p>&nbsp;<\/p>\n<h5>Sosyal Medya \u00c7erezleri:<\/h5>\n<p>Bu \u00e7erezler sizlerin sosyal medya kullan\u0131mlar\u0131n\u0131z hakk\u0131nda bilgilerin toplanmas\u0131n\u0131 sa\u011flar. \u00d6rne\u011fin Ki\u015fiselle\u015ftirilmi\u015f reklamlar olu\u015fturulmas\u0131 ya da market ara\u015ft\u0131rmalar\u0131 yap\u0131lmas\u0131 i\u00e7in Facebook\/Twitter hesaplar\u0131n\u0131za ait bilgilerin kullan\u0131lmas\u0131 i\u00e7in \u00e7erezler kullan\u0131labilir.<\/p>\n<p>&nbsp;<\/p>\n<h5>Performans ve Analiz \u00c7erezleri:<\/h5>\n<p>Bu \u00e7erezler sayesinde sitemizi kullan\u0131m\u0131n\u0131z\u0131 ve sitemizin performans\u0131n\u0131 analiz ederek sizlere verdi\u011fimiz hizmetleri daha iyi hale getirebiliyoruz. \u00d6rne\u011fin bu \u00e7erezler sayesinde ziyaret\u00e7ilerimizin en \u00e7ok hangi sayfalar\u0131 g\u00f6r\u00fcnt\u00fcledi\u011fini, sitemizin gerekti\u011fi gibi \u00e7al\u0131\u015f\u0131p \u00e7al\u0131\u015fmad\u0131\u011f\u0131n\u0131 ve olas\u0131 problemleri tespit edebiliyoruz.<\/p>\n<p>Ayr\u0131ca sitemizde veya sitemiz haricindeki mecralarda \u00fcr\u00fcn ve hizmet tan\u0131t\u0131m\u0131n\u0131 yapmak i\u00e7in \u00e7erezler kullan\u0131yoruz. Ayr\u0131ca baz\u0131 i\u015f ortaklar\u0131m\u0131zla sizlere sitemiz dahilinde veya d\u0131\u015f\u0131nda reklam ve tan\u0131t\u0131m yapmak i\u00e7in i\u015f birli\u011fine gidebiliriz. Taray\u0131c\u0131n\u0131z\u0131n ayarlar\u0131n\u0131 de\u011fi\u015ftirerek \u00e7erezlere ili\u015fkin tercihlerinizi ki\u015fiselle\u015ftirme imkan\u0131na sahipsiniz.<\/p>\n<p>Kanunun \u201cilgili ki\u015finin haklar\u0131n\u0131 d\u00fczenleyen\u201d 11. maddesi kapsam\u0131ndaki taleplerinizi, \u201cVeri Sorumlusuna Ba\u015fvuru Usul ve Esaslar\u0131 Hakk\u0131nda Tebli\u011fe\u201d g\u00f6re \u015firketimizin <a href=\"https:\/\/goo.gl\/maps\/mtSXpU25aoCY62Gk7\" target=\"_blank\" rel=\"noopener\"><strong>Fulya, Mevl\u00fct Pehlivan Sk. No:19, 34394 \u015ei\u015fli\/\u0130stanbul<\/strong><\/a> adresine yaz\u0131l\u0131 olarak ya da internet sitemizde yer alan &#8220;<strong><u><a href=\"https:\/\/drcinik.com\/tr\/yasal\/#kvkk-basvuru-formu\">KVKK Ba\u015fvuru Formu<\/a><\/u><\/strong>&#8221; k\u0131sm\u0131ndan bizlere iletebilirsiniz. Sitemizde kulland\u0131\u011f\u0131m\u0131z \u00e7erezleri kullanmaktan vazge\u00e7ebilir, bunlar\u0131n t\u00fcrlerini veya fonksiyonlar\u0131n\u0131 de\u011fi\u015ftirebilir veya sitemize yeni \u00e7erezler ekleyebiliriz. Veri Sahibi\u2019nin g\u00fcncel bilgileri sa\u011flamam\u0131\u015f olmas\u0131 halinde \u015eirket\u2019in herhangi bir sorumlulu\u011fu olmayacakt\u0131r.<\/p>\n<p>Veri Sahibi, herhangi bir ki\u015fisel verisinin \u015eirket taraf\u0131ndan kullan\u0131lamamas\u0131 ile sonu\u00e7lanacak bir talepte bulunmas\u0131 halinde Site\u2019nin i\u015fleyi\u015finden tam olarak faydalanamayabilece\u011fini kabul ile bu kapsamda do\u011facak her t\u00fcrl\u00fc sorumlulu\u011fun kendisine ait olaca\u011f\u0131n\u0131 beyan eder.<\/p>\n<blockquote>\n<p>Ki\u015fisel verilerinizin \u015eirket taraf\u0131ndan i\u015flenme hakk\u0131nda daha detayl\u0131 bilgi i\u00e7in\u00a0<u><a href=\"https:\/\/drcinik.com\/tr\/yasal\/veri-isleme-politikasi\/\">drcinik.com\/tr\/yasal\/veri-isleme-politikasi<\/a><\/u>\u00a0adresindeki \u201cKi\u015fisel Verilerin Korunmas\u0131 ve \u0130\u015flenmesi\u201d ba\u015fl\u0131\u011f\u0131n\u0131 incelemenizi tavsiye ederiz.<\/p>\n<\/blockquote>\n","protected":false},"excerpt":{"rendered":"<p>[lmt-post-modified-info] Ayd\u0131nlatma Metni ERC Estetik Turizm Sa\u011fl\u0131k Hizmetleri Tic. Ltd. \u015eti\u00a0olarak internet sitemize ziyaretleriniz s\u0131ras\u0131nda sizlerin deneyiminizi geli\u015ftirmek i\u00e7in \u00e7erezler, pikseller, gifler gibi baz\u0131 teknolojilerden (\u00e7erezler) faydalanmaktay\u0131z. Bu teknolojilerin kullan\u0131m\u0131 ba\u015fta 6698 say\u0131l\u0131 Ki\u015fisel Verilerin Korunmas\u0131 Kanunu olmak \u00fczere tabi oldu\u011fumuz mevzuata uygun \u015fekilde ger\u00e7ekle\u015ftirilmektedir. \u0130\u015fbu \u00c7erez Ayd\u0131nlatma metninin amac\u0131, taraf\u0131m\u0131zca i\u015fletilmekte olan internet sitesinin [&hellip;]<\/p>\n","protected":false},"author":1,"featured_media":0,"parent":23430,"menu_order":0,"comment_status":"closed","ping_status":"closed","template":"","meta":{"_acf_changed":false,"inline_featured_image":false,"footnotes":""},"class_list":["post-2253","page","type-page","status-publish","hentry"],"acf":[],"yoast_head":"<!-- This site is optimized with the Yoast SEO Premium plugin v26.2 (Yoast SEO v27.4) - https:\/\/yoast.com\/product\/yoast-seo-premium-wordpress\/ -->\n<title>\u00c7erez Politikas\u0131 - DR. CINIK<\/title>\n<meta name=\"robots\" content=\"index, follow, max-snippet:-1, max-image-preview:large, max-video-preview:-1\" \/>\n<link rel=\"canonical\" href=\"http:\/\/drcinik.com\/tr\/yasal\/cerez-politikasi\/\" \/>\n<meta property=\"og:locale\" content=\"tr_TR\" \/>\n<meta property=\"og:type\" content=\"article\" \/>\n<meta property=\"og:title\" content=\"\u00c7erez Politikas\u0131\" \/>\n<meta property=\"og:description\" content=\"[lmt-post-modified-info] Ayd\u0131nlatma Metni ERC Estetik Turizm Sa\u011fl\u0131k Hizmetleri Tic. Ltd. \u015eti\u00a0olarak internet sitemize ziyaretleriniz s\u0131ras\u0131nda sizlerin deneyiminizi geli\u015ftirmek i\u00e7in \u00e7erezler, pikseller, gifler gibi baz\u0131 teknolojilerden (\u00e7erezler) faydalanmaktay\u0131z. Bu teknolojilerin kullan\u0131m\u0131 ba\u015fta 6698 say\u0131l\u0131 Ki\u015fisel Verilerin Korunmas\u0131 Kanunu olmak \u00fczere tabi oldu\u011fumuz mevzuata uygun \u015fekilde ger\u00e7ekle\u015ftirilmektedir. \u0130\u015fbu \u00c7erez Ayd\u0131nlatma metninin amac\u0131, taraf\u0131m\u0131zca i\u015fletilmekte olan internet sitesinin [&hellip;]\" \/>\n<meta property=\"og:url\" content=\"http:\/\/drcinik.com\/tr\/yasal\/cerez-politikasi\/\" \/>\n<meta property=\"og:site_name\" content=\"DR. CINIK\" \/>\n<meta property=\"article:publisher\" content=\"https:\/\/facebook.com\/drcinikcom\" \/>\n<meta property=\"article:modified_time\" content=\"2023-10-13T17:10:25+00:00\" \/>\n<meta name=\"twitter:card\" content=\"summary_large_image\" \/>\n<meta name=\"twitter:site\" content=\"@drcinikofficial\" \/>\n<script type=\"application\/ld+json\" class=\"yoast-schema-graph\">{\"@context\":\"https:\\\/\\\/schema.org\",\"@graph\":[{\"@type\":\"WebPage\",\"@id\":\"http:\\\/\\\/drcinik.com\\\/tr\\\/yasal\\\/cerez-politikasi\\\/\",\"url\":\"http:\\\/\\\/drcinik.com\\\/tr\\\/yasal\\\/cerez-politikasi\\\/\",\"name\":\"\u00c7erez Politikas\u0131 - DR. CINIK\",\"isPartOf\":{\"@id\":\"https:\\\/\\\/drcinik.com\\\/tr\\\/#website\"},\"datePublished\":\"2023-08-29T10:46:29+00:00\",\"dateModified\":\"2023-10-13T17:10:25+00:00\",\"breadcrumb\":{\"@id\":\"http:\\\/\\\/drcinik.com\\\/tr\\\/yasal\\\/cerez-politikasi\\\/#breadcrumb\"},\"inLanguage\":\"tr\",\"potentialAction\":[{\"@type\":\"ReadAction\",\"target\":[\"http:\\\/\\\/drcinik.com\\\/tr\\\/yasal\\\/cerez-politikasi\\\/\"]}]},{\"@type\":\"BreadcrumbList\",\"@id\":\"http:\\\/\\\/drcinik.com\\\/tr\\\/yasal\\\/cerez-politikasi\\\/#breadcrumb\",\"itemListElement\":[{\"@type\":\"ListItem\",\"position\":1,\"name\":\"Anasayfa\",\"item\":\"https:\\\/\\\/drcinik.com\\\/\"},{\"@type\":\"ListItem\",\"position\":2,\"name\":\"yasal\",\"item\":\"http:\\\/\\\/drcinik.com\\\/tr\\\/yasal\\\/\"},{\"@type\":\"ListItem\",\"position\":3,\"name\":\"\u00c7erez Politikas\u0131\"}]},{\"@type\":\"WebSite\",\"@id\":\"https:\\\/\\\/drcinik.com\\\/tr\\\/#website\",\"url\":\"https:\\\/\\\/drcinik.com\\\/tr\\\/\",\"name\":\"DR. CINIK\",\"description\":\"\u00d6zel T\u0131p Merkezi\",\"publisher\":{\"@id\":\"https:\\\/\\\/drcinik.com\\\/tr\\\/#organization\"},\"potentialAction\":[{\"@type\":\"SearchAction\",\"target\":{\"@type\":\"EntryPoint\",\"urlTemplate\":\"https:\\\/\\\/drcinik.com\\\/tr\\\/?s={search_term_string}\"},\"query-input\":{\"@type\":\"PropertyValueSpecification\",\"valueRequired\":true,\"valueName\":\"search_term_string\"}}],\"inLanguage\":\"tr\"},{\"@type\":\"Organization\",\"@id\":\"https:\\\/\\\/drcinik.com\\\/tr\\\/#organization\",\"name\":\"DR. CINIK\",\"url\":\"https:\\\/\\\/drcinik.com\\\/tr\\\/\",\"logo\":{\"@type\":\"ImageObject\",\"inLanguage\":\"tr\",\"@id\":\"https:\\\/\\\/drcinik.com\\\/tr\\\/#\\\/schema\\\/logo\\\/image\\\/\",\"url\":\"https:\\\/\\\/drcinik.com\\\/wp-content\\\/uploads\\\/2023\\\/07\\\/logo.svg\",\"contentUrl\":\"https:\\\/\\\/drcinik.com\\\/wp-content\\\/uploads\\\/2023\\\/07\\\/logo.svg\",\"width\":\"1024\",\"height\":\"1024\",\"caption\":\"DR. CINIK\"},\"image\":{\"@id\":\"https:\\\/\\\/drcinik.com\\\/tr\\\/#\\\/schema\\\/logo\\\/image\\\/\"},\"sameAs\":[\"https:\\\/\\\/facebook.com\\\/drcinikcom\",\"https:\\\/\\\/x.com\\\/drcinikofficial\",\"https:\\\/\\\/instagram.com\\\/dr.cinikhospital\",\"https:\\\/\\\/youtube.com\\\/@emrahcinik\",\"https:\\\/\\\/tiktok.com\\\/@dremrahcinik\"],\"email\":\"info@drcinik.com\",\"telephone\":\"+90 549 641 37 01\",\"legalName\":\"Erc Turizm Sa\u011fl\u0131k Hizmetleri Tic. Ltd. \u015eti.\",\"numberOfEmployees\":{\"@type\":\"QuantitativeValue\",\"minValue\":\"51\",\"maxValue\":\"200\"}}]}<\/script>\n<!-- \/ Yoast SEO Premium plugin. -->","yoast_head_json":{"title":"\u00c7erez Politikas\u0131 - DR. CINIK","robots":{"index":"index","follow":"follow","max-snippet":"max-snippet:-1","max-image-preview":"max-image-preview:large","max-video-preview":"max-video-preview:-1"},"canonical":"http:\/\/drcinik.com\/tr\/yasal\/cerez-politikasi\/","og_locale":"tr_TR","og_type":"article","og_title":"\u00c7erez Politikas\u0131","og_description":"[lmt-post-modified-info] Ayd\u0131nlatma Metni ERC Estetik Turizm Sa\u011fl\u0131k Hizmetleri Tic. Ltd. \u015eti\u00a0olarak internet sitemize ziyaretleriniz s\u0131ras\u0131nda sizlerin deneyiminizi geli\u015ftirmek i\u00e7in \u00e7erezler, pikseller, gifler gibi baz\u0131 teknolojilerden (\u00e7erezler) faydalanmaktay\u0131z. Bu teknolojilerin kullan\u0131m\u0131 ba\u015fta 6698 say\u0131l\u0131 Ki\u015fisel Verilerin Korunmas\u0131 Kanunu olmak \u00fczere tabi oldu\u011fumuz mevzuata uygun \u015fekilde ger\u00e7ekle\u015ftirilmektedir. \u0130\u015fbu \u00c7erez Ayd\u0131nlatma metninin amac\u0131, taraf\u0131m\u0131zca i\u015fletilmekte olan internet sitesinin [&hellip;]","og_url":"http:\/\/drcinik.com\/tr\/yasal\/cerez-politikasi\/","og_site_name":"DR. CINIK","article_publisher":"https:\/\/facebook.com\/drcinikcom","article_modified_time":"2023-10-13T17:10:25+00:00","twitter_card":"summary_large_image","twitter_site":"@drcinikofficial","schema":{"@context":"https:\/\/schema.org","@graph":[{"@type":"WebPage","@id":"http:\/\/drcinik.com\/tr\/yasal\/cerez-politikasi\/","url":"http:\/\/drcinik.com\/tr\/yasal\/cerez-politikasi\/","name":"\u00c7erez Politikas\u0131 - DR. CINIK","isPartOf":{"@id":"https:\/\/drcinik.com\/tr\/#website"},"datePublished":"2023-08-29T10:46:29+00:00","dateModified":"2023-10-13T17:10:25+00:00","breadcrumb":{"@id":"http:\/\/drcinik.com\/tr\/yasal\/cerez-politikasi\/#breadcrumb"},"inLanguage":"tr","potentialAction":[{"@type":"ReadAction","target":["http:\/\/drcinik.com\/tr\/yasal\/cerez-politikasi\/"]}]},{"@type":"BreadcrumbList","@id":"http:\/\/drcinik.com\/tr\/yasal\/cerez-politikasi\/#breadcrumb","itemListElement":[{"@type":"ListItem","position":1,"name":"Anasayfa","item":"https:\/\/drcinik.com\/"},{"@type":"ListItem","position":2,"name":"yasal","item":"http:\/\/drcinik.com\/tr\/yasal\/"},{"@type":"ListItem","position":3,"name":"\u00c7erez Politikas\u0131"}]},{"@type":"WebSite","@id":"https:\/\/drcinik.com\/tr\/#website","url":"https:\/\/drcinik.com\/tr\/","name":"DR. CINIK","description":"\u00d6zel T\u0131p Merkezi","publisher":{"@id":"https:\/\/drcinik.com\/tr\/#organization"},"potentialAction":[{"@type":"SearchAction","target":{"@type":"EntryPoint","urlTemplate":"https:\/\/drcinik.com\/tr\/?s={search_term_string}"},"query-input":{"@type":"PropertyValueSpecification","valueRequired":true,"valueName":"search_term_string"}}],"inLanguage":"tr"},{"@type":"Organization","@id":"https:\/\/drcinik.com\/tr\/#organization","name":"DR. CINIK","url":"https:\/\/drcinik.com\/tr\/","logo":{"@type":"ImageObject","inLanguage":"tr","@id":"https:\/\/drcinik.com\/tr\/#\/schema\/logo\/image\/","url":"https:\/\/drcinik.com\/wp-content\/uploads\/2023\/07\/logo.svg","contentUrl":"https:\/\/drcinik.com\/wp-content\/uploads\/2023\/07\/logo.svg","width":"1024","height":"1024","caption":"DR. CINIK"},"image":{"@id":"https:\/\/drcinik.com\/tr\/#\/schema\/logo\/image\/"},"sameAs":["https:\/\/facebook.com\/drcinikcom","https:\/\/x.com\/drcinikofficial","https:\/\/instagram.com\/dr.cinikhospital","https:\/\/youtube.com\/@emrahcinik","https:\/\/tiktok.com\/@dremrahcinik"],"email":"info@drcinik.com","telephone":"+90 549 641 37 01","legalName":"Erc Turizm Sa\u011fl\u0131k Hizmetleri Tic. Ltd. \u015eti.","numberOfEmployees":{"@type":"QuantitativeValue","minValue":"51","maxValue":"200"}}]}},"_links":{"self":[{"href":"https:\/\/drcinik.com\/tr\/wp-json\/wp\/v2\/pages\/2253","targetHints":{"allow":["GET"]}}],"collection":[{"href":"https:\/\/drcinik.com\/tr\/wp-json\/wp\/v2\/pages"}],"about":[{"href":"https:\/\/drcinik.com\/tr\/wp-json\/wp\/v2\/types\/page"}],"author":[{"embeddable":true,"href":"https:\/\/drcinik.com\/tr\/wp-json\/wp\/v2\/users\/1"}],"replies":[{"embeddable":true,"href":"https:\/\/drcinik.com\/tr\/wp-json\/wp\/v2\/comments?post=2253"}],"version-history":[{"count":0,"href":"https:\/\/drcinik.com\/tr\/wp-json\/wp\/v2\/pages\/2253\/revisions"}],"up":[{"embeddable":true,"href":"https:\/\/drcinik.com\/tr\/wp-json\/wp\/v2\/pages\/23430"}],"wp:attachment":[{"href":"https:\/\/drcinik.com\/tr\/wp-json\/wp\/v2\/media?parent=2253"}],"curies":[{"name":"wp","href":"https:\/\/api.w.org\/{rel}","templated":true}]}}