{"id":2257,"date":"2023-08-29T13:51:17","date_gmt":"2023-08-29T10:51:17","guid":{"rendered":"https:\/\/drcinik.com\/yasal\/protection-of-personal-data\/"},"modified":"2023-10-13T20:10:25","modified_gmt":"2023-10-13T17:10:25","slug":"kvkk-aydinlatma-metni","status":"publish","type":"page","link":"http:\/\/drcinik.com\/tr\/yasal\/kvkk-aydinlatma-metni\/","title":{"rendered":"KVKK Ayd\u0131nlatma Metni"},"content":{"rendered":"<p style=\"text-align: right;\"><em><strong>[lmt-post-modified-info]<\/strong><\/em><\/p>\n<h2>Ki\u015fisel Verilerin Korunmas\u0131 Kanunu \u0130le \u0130lgili Bilgilendirme<\/h2>\n<p>6698 say\u0131l\u0131 Ki\u015fisel Verilerin Korunmas\u0131 Kanununun amac\u0131, ki\u015fisel verilerin i\u015flenmesinde ba\u015fta \u00f6zel hayat\u0131n gizlili\u011fi olmak \u00fczere, ki\u015filerin temel hak ve \u00f6zg\u00fcrl\u00fcklerini korumak ve ki\u015fisel verileri i\u015fleyen ger\u00e7ek ve t\u00fczel ki\u015filerin y\u00fck\u00fcml\u00fcl\u00fckleri ile uyacaklar\u0131 usul ve esaslar\u0131 d\u00fczenlemektir.<\/p>\n<p>\u0130\u015fbu ki\u015fisel verilerin korunmas\u0131 hakk\u0131nda bilgilendirme, ki\u015fisel veri koruma ve i\u015fleme politikam\u0131z\u0131 ve\u00a0<strong>ERC Estetik Turizm Sa\u011fl\u0131k Hizmetleri Tic. Ltd. \u015eti. \u00a0(\u00d6zel DR. CINIK T\u0131p Merkezi)<\/strong>\u00a0taraf\u0131ndan ifa edilen hizmetler s\u0131ras\u0131nda ki\u015fisel verilerinizi nas\u0131l toplad\u0131\u011f\u0131m\u0131z\u0131, aktard\u0131\u011f\u0131m\u0131z\u0131, kulland\u0131\u011f\u0131m\u0131z\u0131 ve korudu\u011fumuzu a\u00e7\u0131klamaktad\u0131r.<\/p>\n<p>Poliklini\u011fimiz taraf\u0131ndan, 6698 say\u0131l\u0131 Ki\u015fisel Verilerin Korunmas\u0131 Kanunu (K\u0131saca \u201cKanun\u201d ve\/veya \u2018\u2019KVKK\u2019\u2019 olarak an\u0131lacakt\u0131r.) ve ilgili mevzuat kapsam\u0131nda Veri Sorumlusu s\u0131fat\u0131yla, ki\u015fisel verileriniz, yaln\u0131zca a\u015fa\u011f\u0131da a\u00e7\u0131klanan \u00e7er\u00e7evede ve Sa\u011fl\u0131k Bakanl\u0131\u011f\u0131 d\u00fczenlemeleri ve sair mevzuata uygun olarak i\u015flenebilecektir.<\/p>\n<p>&nbsp;<\/p>\n<ol>\n<li>\n<h3>Taraf\u0131m\u0131zca Toplanan Ki\u015fisel Verileriniz<\/h3>\n<\/li>\n<\/ol>\n<p>Hastalar\u0131m\u0131zdan, sundu\u011fumuz sa\u011fl\u0131k hizmetleri \u00e7er\u00e7evesinde \u00e7e\u015fitli bilgiler toplamaktay\u0131z. Taraf\u0131m\u0131zca toplanan s\u00f6z konusu bilgiler, her \u015fartta 6698 say\u0131l\u0131 Ki\u015fisel Verilerin Korunmas\u0131 Kanunu\u2019nda yer alan veri i\u015fleme ilke ve \u015fartlar\u0131na uygun olarak toplanmaktad\u0131r. Sizlerden a\u015fa\u011f\u0131da 2. B\u00f6l\u00fcmde a\u00e7\u0131klanan ama\u00e7lar kapsam\u0131nda toplad\u0131\u011f\u0131m\u0131z bilgiler aras\u0131nda \u015fu hususlar yer alabilir:<\/p>\n<ul>\n<li>Kimlik Bilgileriniz: Ad\u0131n\u0131z, soyad\u0131n\u0131z, T.C. Kimlik numaran\u0131z, pasaport numaran\u0131z veya ge\u00e7ici T.C. Kimlik numaran\u0131z, do\u011fum yeri ve tarihiniz, anne ad\u0131 ve baba ad\u0131n\u0131z, medeni haliniz, cinsiyetiniz, kan grubunuz, sigorta ve\/veya hasta protokol numaran\u0131z ve sizi tan\u0131mlayabilecek di\u011fer kimlik verileriniz,<\/li>\n<li>\u0130leti\u015fim Bilgileriniz: Adresiniz, telefon numaran\u0131z, elektronik posta adresiniz ve sair ileti\u015fim verileriniz,<\/li>\n<li>M\u00fc\u015fteri temsilcileri ya da hasta hizmetleri taraf\u0131ndan \u00e7a\u011fr\u0131 merkezi standartlar\u0131 gere\u011fi tutulan sesli g\u00f6r\u00fc\u015fme kay\u0131tlar\u0131n\u0131z ile elektronik posta, mektup veya sair vas\u0131talar arac\u0131l\u0131\u011f\u0131 ile taraf\u0131m\u0131zla ileti\u015fime ge\u00e7ti\u011finizde elde edilen ki\u015fisel verileriniz,<br \/>\nKredi kart\u0131n\u0131n sadece slipte \u00e7\u0131kan bilgileri, faturalama ve fatura bilgileriniz gibi finansal verileriniz,<\/li>\n<li>Sa\u011fl\u0131k hizmetlerinin finansman\u0131 ve planlamas\u0131 amac\u0131yla \u00f6zel sa\u011fl\u0131k sigortas\u0131na ili\u015fkin verileriniz ve Sosyal G\u00fcvenlik Kurumu verileriniz,<br \/>\nSa\u011fl\u0131k Bilgileriniz: Hasta t\u0131bbi raporlar\u0131n\u0131z, tan\u0131 verileriniz, biyometrik ve genetik verileriniz, laboratuvar sonu\u00e7lar\u0131n\u0131z, test sonu\u00e7lar\u0131n\u0131z, muayene verileriniz, randevu bilgileriniz, re\u00e7ete bilgileriniz dahil olmak \u00fczere ancak bunlarla s\u0131n\u0131rl\u0131 olmaks\u0131z\u0131n t\u0131bb\u00ee te\u015fhis, tedavi ve bak\u0131m hizmetlerinin y\u00fcr\u00fct\u00fclmesi s\u0131ras\u0131nda veya bunlar\u0131n bir sonucu olarak elde edilen her t\u00fcrl\u00fc sa\u011fl\u0131k bilgileri ve verileriniz,<\/li>\n<li>Hastalar\u0131n doldurduklar\u0131 anketler, te\u015fekk\u00fcr ve \u015fik\u00e2yet mektuplar\u0131, memnuniyet sonu\u00e7lar\u0131 gibi bildirimleriniz,<\/li>\n<li>Hastalar\u0131n doldurduklar\u0131 anketler, te\u015fekk\u00fcr ve \u015fik\u00e2yet mektuplar\u0131, memnuniyet sonu\u00e7lar\u0131 gibi bildirimleriniz,<\/li>\n<li>Poliklini\u011fimizde mevzuat gere\u011fi, ortak alanlarda s\u00fcrekli kay\u0131t halinde olan kamera kay\u0131tlar\u0131ndan elde edilen ses ve g\u00f6r\u00fcnt\u00fcleriniz,<\/li>\n<li>Poliklini\u011fimize \u00a0ait t\u00fcm web sitelerine g\u00f6nderdi\u011finiz veya girdi\u011finiz sa\u011fl\u0131k verileriniz ve sair ki\u015fisel verileriniz.<\/li>\n<\/ul>\n<p>&nbsp;<\/p>\n<ol>\n<li value=\"2\">\n<h3>Ki\u015fisel Verilerinizin \u0130\u015flenme Ama\u00e7lar\u0131<\/h3>\n<\/li>\n<\/ol>\n<p>Bir kamu hizmeti olan sa\u011fl\u0131k hizmetlerine ili\u015fkin mevzuat kapsam\u0131nda ve 6698 Say\u0131l\u0131 Yasa h\u00fck\u00fcmleri uyar\u0131nca; veri sorumlusu olarak Poliklini\u011fimiz taraf\u0131ndan verilen hizmetler kapsam\u0131nda al\u0131nan ki\u015fisel veriler, \u00e7e\u015fitli ama\u00e7lar d\u00e2hilinde i\u015flenmektedir:<\/p>\n<ol type=\"A\">\n<li>3359 say\u0131l\u0131 Sa\u011fl\u0131k Hizmetleri Temel Kanunu, 663 say\u0131l\u0131 Sa\u011fl\u0131k Bakanl\u0131\u011f\u0131 ve Ba\u011fl\u0131 Kurulu\u015flar\u0131n\u0131n Te\u015fkilat ve G\u00f6revleri Hakk\u0131nda Kanun H\u00fckm\u00fcnde Kararname, Ki\u015fisel Sa\u011fl\u0131k Verilerinin \u0130\u015flenmesi ve Mahremiyetinin Sa\u011flanmas\u0131 Hakk\u0131nda Y\u00f6netmelik ve ilgili di\u011fer d\u00fczenlemelerde yer alan hukuki y\u00fck\u00fcml\u00fcl\u00fcklerimizi yerine getirme,<\/li>\n<li>Kamu sa\u011fl\u0131\u011f\u0131n\u0131n korunmas\u0131, koruyucu hekimlik, t\u0131bb\u00ee te\u015fhis, tedavi ve bak\u0131m hizmetlerinin y\u00fcr\u00fct\u00fclmesi, sa\u011fl\u0131k hizmetleri ile finansman\u0131n\u0131n planlanmas\u0131 ve y\u00f6netimi,<\/li>\n<li>Poliklini\u011fimizin i\u015fleyi\u015finin planlanmas\u0131 ve y\u00f6netimi,<\/li>\n<li>Randevu alman\u0131z halinde randevu hakk\u0131nda sizi haberdar edebilme,<\/li>\n<li>\u0130lgili mevzuat uyar\u0131nca Sa\u011fl\u0131k Bakanl\u0131\u011f\u0131 ve ilgili kamu kurum ve kurulu\u015flar\u0131 ile talep edilen bilgileri payla\u015fma,<\/li>\n<li>Sa\u011fl\u0131k hizmetlerinin geli\u015ftirilmesi ve iyile\u015ftirilmesi amac\u0131yla kulland\u0131\u011f\u0131n\u0131z sa\u011fl\u0131k hizmetlerini analiz etme ve sa\u011fl\u0131k verilerinizi saklama,<\/li>\n<li>Kimli\u011finizi teyit etme,<\/li>\n<li>Kullan\u0131lan sistem ve uygulamalar\u0131n\u0131n veri g\u00fcvenli\u011fi kapsam\u0131nda t\u00fcm gerekli teknik ve idari tedbirleri alma,<\/li>\n<li>\u0130lgili mevzuat gere\u011fi saklanmas\u0131 gereken sa\u011fl\u0131k verilerinize ili\u015fkin bilgileri muhafaza etme,<\/li>\n<li>D\u00fczenleyici ve denetleyici kurumlarla, resmi mercilerin talep ve denetimleri do\u011frultusunda gerekli bilgilerin temini,<\/li>\n<li>Sa\u011fl\u0131k hizmetlerinin finansman\u0131 kapsam\u0131nda \u00f6zel sigorta \u015firketleri ile talep edilen bilgileri payla\u015fma,<\/li>\n<li>Risk y\u00f6netimi ve kalite geli\u015ftirme aktivitelerinin yerine getirilmesi,<\/li>\n<li>Hasta memnuniyetinin \u00f6l\u00e7\u00fclmesi ve sa\u011fl\u0131k hizmetlerimiz dahilinde her t\u00fcrl\u00fc soru ve \u015fikayetinize cevap verebilme,<\/li>\n<li>Hizmetlerimize ili\u015fkin olarak bilgilendirme amac\u0131yla sizinle ileti\u015fime ge\u00e7ilmesi (e-mail, sms, \u00e7a\u011fr\u0131 yolu ile bildirimde bulunulmas\u0131),<\/li>\n<li>\u0130la\u00e7 veya t\u0131bbi cihaz temini,<\/li>\n<\/ol>\n<p>Ve bunlarla s\u0131n\u0131rl\u0131 olmaks\u0131z\u0131n, t\u0131bb\u00ee te\u015fhis, tedavi ve bak\u0131m hizmetlerinin y\u00fcr\u00fct\u00fclmesi, geli\u015ftirilmesi, sa\u011fl\u0131k hizmetleri ile finansman\u0131n\u0131n planlanmas\u0131 ve y\u00f6netimi, hasta memnuniyetinin artt\u0131r\u0131lmas\u0131, bunlara ili\u015fkin ara\u015ft\u0131rma ve geli\u015ftirme \u00e7al\u0131\u015fmalar\u0131 ve benzeri ama\u00e7larla i\u015flenebilecektir. Verilerin i\u015flenmesi s\u0131ras\u0131nda, ki\u015fisel haklar\u0131n\u0131z\u0131n ihlaline izin verilmeyecektir.<\/p>\n<p>&nbsp;<\/p>\n<ol>\n<li value=\"3\">\n<h3>Ki\u015fisel Verilerinizin Aktar\u0131labilece\u011fi Ki\u015fi ve Kurulu\u015flar<\/h3>\n<\/li>\n<\/ol>\n<p>3.1. \u0130lgili mevzuat gere\u011fince ki\u015fisel bilgileriniz fiziki ortamda ve\/veya elektronik ortamda sisteme kaydedilecek, saklanacak, s\u0131n\u0131fland\u0131r\u0131lacak, i\u015flenecek, aktar\u0131lacak, g\u00fcncellenecek ve mevzuat\u0131n izin verdi\u011fi durumlarda Resmi Kurumlar\u0131n talebi halinde (Mahkemeler, Ba\u015fsavc\u0131l\u0131klar, Bakanl\u0131klar, talep yetkisi olan t\u00fcm resmi kurulu\u015flar, vb. kurumlarla), talep kapsam\u0131 ile s\u0131n\u0131rl\u0131 olmak \u00fczere payla\u015f\u0131labilecektir.<\/p>\n<p>3.2. Ki\u015fisel verileriniz, 6698 Say\u0131l\u0131 Kanun ve di\u011fer ilgili mevzuat kapsam\u0131nda ve yukar\u0131da belirtilen ama\u00e7larla, talep kapsam\u0131 ile s\u0131n\u0131rl\u0131 olmak \u00fczere;<\/p>\n<ul>\n<li>KVKK ve ilgili sa\u011fl\u0131k mevzuat\u0131 uyar\u0131nca uygun g\u00fcvenlik d\u00fczeyini temin etmeye y\u00f6nelik gerekli her t\u00fcrl\u00fc teknik ve idari tedbirlerin al\u0131nmas\u0131n\u0131 sa\u011flayarak, ki\u015fisel verilerinizi yukar\u0131da B\u00f6l\u00fcm 2\u2032 de yer alan ama\u00e7lar do\u011frultusunda; 3359 say\u0131l\u0131 Sa\u011fl\u0131k Hizmetleri Temel Kanunu, 663 say\u0131l\u0131 Sa\u011fl\u0131k Bakanl\u0131\u011f\u0131 ve Ba\u011fl\u0131 Kurulu\u015flar\u0131n\u0131n Te\u015fkilat ve G\u00f6revleri Hakk\u0131nda Kanun H\u00fckm\u00fcnde Kararname, Ki\u015fisel Sa\u011fl\u0131k Verilerinin \u0130\u015flenmesi ve Mahremiyetinin Sa\u011flanmas\u0131 Hakk\u0131nda Y\u00f6netmelik ve ilgili di\u011fer mevzuat h\u00fck\u00fcmlerinin izin verdi\u011fi kurum veya kurulu\u015flar,<\/li>\n<li>\u00d6zel Sigorta \u015eirketleri,<\/li>\n<li>Emniyet Genel M\u00fcd\u00fcrl\u00fc\u011f\u00fc ve benzeri kolluk kuvvetleri,<\/li>\n<li>N\u00fcfus Genel M\u00fcd\u00fcrl\u00fc\u011f\u00fc,<\/li>\n<li>T\u00fcrkiye Eczac\u0131lar Birli\u011fi,<\/li>\n<li>Faaliyetlerimizi y\u00fcr\u00fctmek \u00fczere hizmet ald\u0131\u011f\u0131m\u0131z, i\u015f birli\u011fi yapt\u0131\u011f\u0131m\u0131z yurt i\u00e7i\/yurt d\u0131\u015f\u0131 kurulu\u015flar ve di\u011fer 3. Ki\u015filer,<\/li>\n<li>Olas\u0131 bir hukuki ihtilaf durumunda Poliklinik avukatlar\u0131m\u0131z,<\/li>\n<li>Kurumlar\u0131m\u0131z\u0131 denetleme yetkisine sahip resmi kurum temsilcileri, ile payla\u015f\u0131lacakt\u0131r.<\/li>\n<\/ul>\n<p>&nbsp;<\/p>\n<ol>\n<li value=\"4\">\n<h3>Ki\u015fisel Veri Toplaman\u0131n Y\u00f6ntemi ve Hukuki Sebebi<\/h3>\n<\/li>\n<\/ol>\n<p>Ki\u015fisel verileriniz, her t\u00fcrl\u00fc s\u00f6zl\u00fc, yaz\u0131l\u0131 ya da dijital ortamda, yukar\u0131da yer verilen ama\u00e7lar kapsam\u0131nda, Poliklini\u011fimizin s\u00f6zle\u015fmesel ve kanuni y\u00fck\u00fcml\u00fcl\u00fcklerini yerine getirebilmek amac\u0131yla toplan\u0131r.<\/p>\n<p>&nbsp;<\/p>\n<ol>\n<li value=\"5\">\n<h3>Ki\u015fisel Verilerinize \u0130li\u015fkin Haklar\u0131n\u0131z<\/h3>\n<\/li>\n<\/ol>\n<p>Ki\u015fisel verilerinizin Poliklini\u011fimiz taraf\u0131ndan veri sorumlusu s\u0131fat\u0131 ile i\u015flendi\u011fi \u00f6l\u00e7\u00fcde Ki\u015fisel Verilerin Korunmas\u0131 Kanunu\u2019nun 11. Maddesi gere\u011fi,<\/p>\n<ul>\n<li>\u0130\u015flenip i\u015flenmedi\u011fini \u00f6\u011frenme,<\/li>\n<li>\u0130\u015flenmi\u015fse buna ili\u015fkin bilgi talep etme,<\/li>\n<li>\u0130\u015flenme amac\u0131n\u0131 ve amac\u0131na uygun kullan\u0131l\u0131p kullan\u0131lmad\u0131\u011f\u0131n\u0131 \u00f6\u011frenme,<\/li>\n<li>Aktar\u0131ld\u0131\u011f\u0131 \u00fc\u00e7\u00fcnc\u00fc ki\u015fileri bilme, eksik veya yanl\u0131\u015f i\u015flenmi\u015f olmas\u0131 h\u00e2linde bunlar\u0131n d\u00fczeltilmesini isteme,<\/li>\n<li>Sa\u011fl\u0131k Mevzuat\u0131n\u0131n gerektirdi\u011fi hasta kay\u0131tlar\u0131n\u0131n saklanmas\u0131 ve muhafazas\u0131 ile ilgili yasal y\u00fck\u00fcml\u00fcl\u00fck sakl\u0131 kalmak kayd\u0131yla, 6698 say\u0131l\u0131 Kanun\u2019un 7. maddesinde \u00f6ng\u00f6r\u00fclen \u015fartlar \u00e7er\u00e7evesinde ki\u015fisel verilerin silinmesini veya yok edilmesini isteme,<\/li>\n<li>Aktar\u0131ld\u0131\u011f\u0131 \u00fc\u00e7\u00fcnc\u00fc ki\u015filere yukar\u0131da belirtilen d\u00fczeltme, silinme veya yok edilme kapsam\u0131nda yap\u0131lan i\u015flemlerin bildirilmesini isteme,<\/li>\n<li>M\u00fcnhas\u0131ran otomatik sistemler vas\u0131tas\u0131yla analiz edilmesi suretiyle aleyhinize bir sonucun ortaya \u00e7\u0131kmas\u0131na itiraz etme,<\/li>\n<li>Kanuna ayk\u0131r\u0131 olarak i\u015flenmesi sebebiyle zarara u\u011framan\u0131z h\u00e2linde zarar\u0131n giderilmesini talep etme haklar\u0131na sahipsiniz.<\/li>\n<li>Poliklini\u011fimiz, talebin niteli\u011fine g\u00f6re talebi en k\u0131sa s\u00fcrede ve en ge\u00e7 otuz g\u00fcn i\u00e7inde \u00fccretsiz olarak sonu\u00e7land\u0131racakt\u0131r. Ancak i\u015flemin ayr\u0131ca bir maliyeti gerektirmesi halinde, Poliklini\u011fimiz taraf\u0131ndan Ki\u015fisel Verileri Koruma Kurulunca belirlenen tarifedeki \u00fccret talep edilecektir.<\/li>\n<\/ul>\n<p>&nbsp;<\/p>\n<ol>\n<li value=\"6\">\n<h3>Veri G\u00fcvenli\u011fi<\/h3>\n<\/li>\n<\/ol>\n<p>Poliklini\u011fimiz olarak, ki\u015fisel verilerinizin korunmas\u0131na ve g\u00fcvenli\u011fine en \u00fcst d\u00fczeyde \u00f6nem vermekte, bilgi g\u00fcvenli\u011fi standartlar\u0131 ve prosed\u00fcrleri gere\u011fince al\u0131nmas\u0131 gereken t\u00fcm teknik ve idari g\u00fcvenlik tedbirlerini almakta oldu\u011fumuzu, sizlere sundu\u011fumuz t\u00fcm \u00fcr\u00fcn ve hizmetlerimizde, ki\u015fisel veri g\u00fcvenli\u011finin \u00f6n planda oldu\u011fu bilinciyle hareket etti\u011fimizi, s\u00f6z konusu g\u00fcvenlik tedbirlerinin, teknolojik imk\u00e2nlar da g\u00f6z \u00f6n\u00fcnde bulundurularak her t\u00fcrl\u00fc muhtemel risk dikkate al\u0131nmak suretiyle uyguland\u0131\u011f\u0131n\u0131, bu konuda gerekli t\u00fcm hassasiyetin g\u00f6sterilmekte oldu\u011funu belirtmek isteriz.<\/p>\n","protected":false},"excerpt":{"rendered":"<p>[lmt-post-modified-info] Ki\u015fisel Verilerin Korunmas\u0131 Kanunu \u0130le \u0130lgili Bilgilendirme 6698 say\u0131l\u0131 Ki\u015fisel Verilerin Korunmas\u0131 Kanununun amac\u0131, ki\u015fisel verilerin i\u015flenmesinde ba\u015fta \u00f6zel hayat\u0131n gizlili\u011fi olmak \u00fczere, ki\u015filerin temel hak ve \u00f6zg\u00fcrl\u00fcklerini korumak ve ki\u015fisel verileri i\u015fleyen ger\u00e7ek ve t\u00fczel ki\u015filerin y\u00fck\u00fcml\u00fcl\u00fckleri ile uyacaklar\u0131 usul ve esaslar\u0131 d\u00fczenlemektir. \u0130\u015fbu ki\u015fisel verilerin korunmas\u0131 hakk\u0131nda bilgilendirme, ki\u015fisel veri koruma ve [&hellip;]<\/p>\n","protected":false},"author":1,"featured_media":0,"parent":23430,"menu_order":0,"comment_status":"closed","ping_status":"closed","template":"elementor_header_footer","meta":{"_acf_changed":false,"inline_featured_image":false,"footnotes":""},"class_list":["post-2257","page","type-page","status-publish","hentry"],"acf":[],"yoast_head":"<!-- This site is optimized with the Yoast SEO Premium plugin v26.2 (Yoast SEO v27.4) - https:\/\/yoast.com\/product\/yoast-seo-premium-wordpress\/ -->\n<title>KVKK Ayd\u0131nlatma Metni - DR. CINIK<\/title>\n<meta name=\"robots\" content=\"index, follow, max-snippet:-1, max-image-preview:large, max-video-preview:-1\" \/>\n<link rel=\"canonical\" href=\"http:\/\/drcinik.com\/tr\/yasal\/kvkk-aydinlatma-metni\/\" \/>\n<meta property=\"og:locale\" content=\"tr_TR\" \/>\n<meta property=\"og:type\" content=\"article\" \/>\n<meta property=\"og:title\" content=\"KVKK Ayd\u0131nlatma Metni\" \/>\n<meta property=\"og:description\" content=\"[lmt-post-modified-info] Ki\u015fisel Verilerin Korunmas\u0131 Kanunu \u0130le \u0130lgili Bilgilendirme 6698 say\u0131l\u0131 Ki\u015fisel Verilerin Korunmas\u0131 Kanununun amac\u0131, ki\u015fisel verilerin i\u015flenmesinde ba\u015fta \u00f6zel hayat\u0131n gizlili\u011fi olmak \u00fczere, ki\u015filerin temel hak ve \u00f6zg\u00fcrl\u00fcklerini korumak ve ki\u015fisel verileri i\u015fleyen ger\u00e7ek ve t\u00fczel ki\u015filerin y\u00fck\u00fcml\u00fcl\u00fckleri ile uyacaklar\u0131 usul ve esaslar\u0131 d\u00fczenlemektir. \u0130\u015fbu ki\u015fisel verilerin korunmas\u0131 hakk\u0131nda bilgilendirme, ki\u015fisel veri koruma ve [&hellip;]\" \/>\n<meta property=\"og:url\" content=\"http:\/\/drcinik.com\/tr\/yasal\/kvkk-aydinlatma-metni\/\" \/>\n<meta property=\"og:site_name\" content=\"DR. CINIK\" \/>\n<meta property=\"article:publisher\" content=\"https:\/\/facebook.com\/drcinikcom\" \/>\n<meta property=\"article:modified_time\" content=\"2023-10-13T17:10:25+00:00\" \/>\n<meta name=\"twitter:card\" content=\"summary_large_image\" \/>\n<meta name=\"twitter:site\" content=\"@drcinikofficial\" \/>\n<script type=\"application\/ld+json\" class=\"yoast-schema-graph\">{\"@context\":\"https:\\\/\\\/schema.org\",\"@graph\":[{\"@type\":\"WebPage\",\"@id\":\"http:\\\/\\\/drcinik.com\\\/tr\\\/yasal\\\/kvkk-aydinlatma-metni\\\/\",\"url\":\"http:\\\/\\\/drcinik.com\\\/tr\\\/yasal\\\/kvkk-aydinlatma-metni\\\/\",\"name\":\"KVKK Ayd\u0131nlatma Metni - DR. CINIK\",\"isPartOf\":{\"@id\":\"https:\\\/\\\/drcinik.com\\\/tr\\\/#website\"},\"datePublished\":\"2023-08-29T10:51:17+00:00\",\"dateModified\":\"2023-10-13T17:10:25+00:00\",\"breadcrumb\":{\"@id\":\"http:\\\/\\\/drcinik.com\\\/tr\\\/yasal\\\/kvkk-aydinlatma-metni\\\/#breadcrumb\"},\"inLanguage\":\"tr\",\"potentialAction\":[{\"@type\":\"ReadAction\",\"target\":[\"http:\\\/\\\/drcinik.com\\\/tr\\\/yasal\\\/kvkk-aydinlatma-metni\\\/\"]}]},{\"@type\":\"BreadcrumbList\",\"@id\":\"http:\\\/\\\/drcinik.com\\\/tr\\\/yasal\\\/kvkk-aydinlatma-metni\\\/#breadcrumb\",\"itemListElement\":[{\"@type\":\"ListItem\",\"position\":1,\"name\":\"Anasayfa\",\"item\":\"https:\\\/\\\/drcinik.com\\\/\"},{\"@type\":\"ListItem\",\"position\":2,\"name\":\"yasal\",\"item\":\"http:\\\/\\\/drcinik.com\\\/tr\\\/yasal\\\/\"},{\"@type\":\"ListItem\",\"position\":3,\"name\":\"KVKK Ayd\u0131nlatma Metni\"}]},{\"@type\":\"WebSite\",\"@id\":\"https:\\\/\\\/drcinik.com\\\/tr\\\/#website\",\"url\":\"https:\\\/\\\/drcinik.com\\\/tr\\\/\",\"name\":\"DR. CINIK\",\"description\":\"\u00d6zel T\u0131p Merkezi\",\"publisher\":{\"@id\":\"https:\\\/\\\/drcinik.com\\\/tr\\\/#organization\"},\"potentialAction\":[{\"@type\":\"SearchAction\",\"target\":{\"@type\":\"EntryPoint\",\"urlTemplate\":\"https:\\\/\\\/drcinik.com\\\/tr\\\/?s={search_term_string}\"},\"query-input\":{\"@type\":\"PropertyValueSpecification\",\"valueRequired\":true,\"valueName\":\"search_term_string\"}}],\"inLanguage\":\"tr\"},{\"@type\":\"Organization\",\"@id\":\"https:\\\/\\\/drcinik.com\\\/tr\\\/#organization\",\"name\":\"DR. CINIK\",\"url\":\"https:\\\/\\\/drcinik.com\\\/tr\\\/\",\"logo\":{\"@type\":\"ImageObject\",\"inLanguage\":\"tr\",\"@id\":\"https:\\\/\\\/drcinik.com\\\/tr\\\/#\\\/schema\\\/logo\\\/image\\\/\",\"url\":\"https:\\\/\\\/drcinik.com\\\/wp-content\\\/uploads\\\/2023\\\/07\\\/logo.svg\",\"contentUrl\":\"https:\\\/\\\/drcinik.com\\\/wp-content\\\/uploads\\\/2023\\\/07\\\/logo.svg\",\"width\":\"1024\",\"height\":\"1024\",\"caption\":\"DR. CINIK\"},\"image\":{\"@id\":\"https:\\\/\\\/drcinik.com\\\/tr\\\/#\\\/schema\\\/logo\\\/image\\\/\"},\"sameAs\":[\"https:\\\/\\\/facebook.com\\\/drcinikcom\",\"https:\\\/\\\/x.com\\\/drcinikofficial\",\"https:\\\/\\\/instagram.com\\\/dr.cinikhospital\",\"https:\\\/\\\/youtube.com\\\/@emrahcinik\",\"https:\\\/\\\/tiktok.com\\\/@dremrahcinik\"],\"email\":\"info@drcinik.com\",\"telephone\":\"+90 549 641 37 01\",\"legalName\":\"Erc Turizm Sa\u011fl\u0131k Hizmetleri Tic. Ltd. \u015eti.\",\"numberOfEmployees\":{\"@type\":\"QuantitativeValue\",\"minValue\":\"51\",\"maxValue\":\"200\"}}]}<\/script>\n<!-- \/ Yoast SEO Premium plugin. -->","yoast_head_json":{"title":"KVKK Ayd\u0131nlatma Metni - DR. CINIK","robots":{"index":"index","follow":"follow","max-snippet":"max-snippet:-1","max-image-preview":"max-image-preview:large","max-video-preview":"max-video-preview:-1"},"canonical":"http:\/\/drcinik.com\/tr\/yasal\/kvkk-aydinlatma-metni\/","og_locale":"tr_TR","og_type":"article","og_title":"KVKK Ayd\u0131nlatma Metni","og_description":"[lmt-post-modified-info] Ki\u015fisel Verilerin Korunmas\u0131 Kanunu \u0130le \u0130lgili Bilgilendirme 6698 say\u0131l\u0131 Ki\u015fisel Verilerin Korunmas\u0131 Kanununun amac\u0131, ki\u015fisel verilerin i\u015flenmesinde ba\u015fta \u00f6zel hayat\u0131n gizlili\u011fi olmak \u00fczere, ki\u015filerin temel hak ve \u00f6zg\u00fcrl\u00fcklerini korumak ve ki\u015fisel verileri i\u015fleyen ger\u00e7ek ve t\u00fczel ki\u015filerin y\u00fck\u00fcml\u00fcl\u00fckleri ile uyacaklar\u0131 usul ve esaslar\u0131 d\u00fczenlemektir. \u0130\u015fbu ki\u015fisel verilerin korunmas\u0131 hakk\u0131nda bilgilendirme, ki\u015fisel veri koruma ve [&hellip;]","og_url":"http:\/\/drcinik.com\/tr\/yasal\/kvkk-aydinlatma-metni\/","og_site_name":"DR. CINIK","article_publisher":"https:\/\/facebook.com\/drcinikcom","article_modified_time":"2023-10-13T17:10:25+00:00","twitter_card":"summary_large_image","twitter_site":"@drcinikofficial","schema":{"@context":"https:\/\/schema.org","@graph":[{"@type":"WebPage","@id":"http:\/\/drcinik.com\/tr\/yasal\/kvkk-aydinlatma-metni\/","url":"http:\/\/drcinik.com\/tr\/yasal\/kvkk-aydinlatma-metni\/","name":"KVKK Ayd\u0131nlatma Metni - DR. CINIK","isPartOf":{"@id":"https:\/\/drcinik.com\/tr\/#website"},"datePublished":"2023-08-29T10:51:17+00:00","dateModified":"2023-10-13T17:10:25+00:00","breadcrumb":{"@id":"http:\/\/drcinik.com\/tr\/yasal\/kvkk-aydinlatma-metni\/#breadcrumb"},"inLanguage":"tr","potentialAction":[{"@type":"ReadAction","target":["http:\/\/drcinik.com\/tr\/yasal\/kvkk-aydinlatma-metni\/"]}]},{"@type":"BreadcrumbList","@id":"http:\/\/drcinik.com\/tr\/yasal\/kvkk-aydinlatma-metni\/#breadcrumb","itemListElement":[{"@type":"ListItem","position":1,"name":"Anasayfa","item":"https:\/\/drcinik.com\/"},{"@type":"ListItem","position":2,"name":"yasal","item":"http:\/\/drcinik.com\/tr\/yasal\/"},{"@type":"ListItem","position":3,"name":"KVKK Ayd\u0131nlatma Metni"}]},{"@type":"WebSite","@id":"https:\/\/drcinik.com\/tr\/#website","url":"https:\/\/drcinik.com\/tr\/","name":"DR. CINIK","description":"\u00d6zel T\u0131p Merkezi","publisher":{"@id":"https:\/\/drcinik.com\/tr\/#organization"},"potentialAction":[{"@type":"SearchAction","target":{"@type":"EntryPoint","urlTemplate":"https:\/\/drcinik.com\/tr\/?s={search_term_string}"},"query-input":{"@type":"PropertyValueSpecification","valueRequired":true,"valueName":"search_term_string"}}],"inLanguage":"tr"},{"@type":"Organization","@id":"https:\/\/drcinik.com\/tr\/#organization","name":"DR. CINIK","url":"https:\/\/drcinik.com\/tr\/","logo":{"@type":"ImageObject","inLanguage":"tr","@id":"https:\/\/drcinik.com\/tr\/#\/schema\/logo\/image\/","url":"https:\/\/drcinik.com\/wp-content\/uploads\/2023\/07\/logo.svg","contentUrl":"https:\/\/drcinik.com\/wp-content\/uploads\/2023\/07\/logo.svg","width":"1024","height":"1024","caption":"DR. CINIK"},"image":{"@id":"https:\/\/drcinik.com\/tr\/#\/schema\/logo\/image\/"},"sameAs":["https:\/\/facebook.com\/drcinikcom","https:\/\/x.com\/drcinikofficial","https:\/\/instagram.com\/dr.cinikhospital","https:\/\/youtube.com\/@emrahcinik","https:\/\/tiktok.com\/@dremrahcinik"],"email":"info@drcinik.com","telephone":"+90 549 641 37 01","legalName":"Erc Turizm Sa\u011fl\u0131k Hizmetleri Tic. Ltd. \u015eti.","numberOfEmployees":{"@type":"QuantitativeValue","minValue":"51","maxValue":"200"}}]}},"_links":{"self":[{"href":"https:\/\/drcinik.com\/tr\/wp-json\/wp\/v2\/pages\/2257","targetHints":{"allow":["GET"]}}],"collection":[{"href":"https:\/\/drcinik.com\/tr\/wp-json\/wp\/v2\/pages"}],"about":[{"href":"https:\/\/drcinik.com\/tr\/wp-json\/wp\/v2\/types\/page"}],"author":[{"embeddable":true,"href":"https:\/\/drcinik.com\/tr\/wp-json\/wp\/v2\/users\/1"}],"replies":[{"embeddable":true,"href":"https:\/\/drcinik.com\/tr\/wp-json\/wp\/v2\/comments?post=2257"}],"version-history":[{"count":0,"href":"https:\/\/drcinik.com\/tr\/wp-json\/wp\/v2\/pages\/2257\/revisions"}],"up":[{"embeddable":true,"href":"https:\/\/drcinik.com\/tr\/wp-json\/wp\/v2\/pages\/23430"}],"wp:attachment":[{"href":"https:\/\/drcinik.com\/tr\/wp-json\/wp\/v2\/media?parent=2257"}],"curies":[{"name":"wp","href":"https:\/\/api.w.org\/{rel}","templated":true}]}}