{"id":2269,"date":"2023-08-29T13:43:12","date_gmt":"2023-08-29T10:43:12","guid":{"rendered":"https:\/\/drcinik.com\/yasal\/commercial-electronic-message-consent\/"},"modified":"2023-10-13T20:10:25","modified_gmt":"2023-10-13T17:10:25","slug":"ticari-elektronik-ileti-izni","status":"publish","type":"page","link":"http:\/\/drcinik.com\/tr\/yasal\/ticari-elektronik-ileti-izni\/","title":{"rendered":"Ticari Elektronik \u0130leti \u0130zni"},"content":{"rendered":"<p style=\"text-align: right;\"><em><strong>[lmt-post-modified-info]<\/strong><\/em><\/p>\n<h2>Ticari Elektronik \u0130leti \u0130zni Bilgilendirmesi<\/h2>\n<p>6698 say\u0131l\u0131 Ki\u015fisel Verilerin Korunmas\u0131 Kanunu ve 6563 say\u0131l\u0131 Elektronik Ticaretin D\u00fczenlenmesi Hakk\u0131nda Kanun kapsam\u0131nda\u00a0<strong>ERC Estetik Turizm Sa\u011fl\u0131k Hizmetleri Tic. Ltd. \u015eti. (\u00d6zel DR. CINIK T\u0131p Merkez)<\/strong>\u00a0her t\u00fcrl\u00fc pazarlama faaliyetleri, kampanyalar, reklamlar, lansmanlar, anketler, \u00e7ekili\u015fler, indirimler, promosyonlar, \u00f6zel f\u0131rsatlar, tan\u0131t\u0131m, a\u00e7\u0131l\u0131\u015f, davet, etkinlik ve ileti\u015fim \u00e7al\u0131\u015fmalar\u0131 ile ilgili olarak taraf\u0131ma ve\/veya ad\u0131na i\u015flem ger\u00e7ekle\u015ftirdi\u011fim ki\u015filere payla\u015f\u0131m\u0131n\u0131 sa\u011flamak amac\u0131yla KVKK ve Elektronik Ticaretin D\u00fczenlenmesi Hakk\u0131nda Kanun kapsam\u0131nda onay\u0131n\u0131z al\u0131narak i\u015flenecektir. Ki\u015fisel verileriniz, bu do\u011frultuda SMS ve E-posta g\u00f6nderiminin ger\u00e7ekle\u015ftirilebilmesi i\u00e7in gerekli g\u00fcvenlik \u00f6nlemleri al\u0131narak hizmet ald\u0131\u011f\u0131m\u0131z firmalar ile payla\u015f\u0131lacakt\u0131r.<\/p>\n<p>Sayg\u0131lar\u0131m\u0131zla,<\/p>\n<p>ERC Estetik Turizm Sa\u011fl\u0131k Hizmetleri Tic. Ltd. \u015eti.<\/p>\n<p>&nbsp;<\/p>\n<h3>Ticari Elektronik \u0130leti \u0130zni Onay\u0131<\/h3>\n<p>Aksini bildirmedik\u00e7e her t\u00fcrl\u00fc pazarlama faaliyetleri, kampanyalar, reklamlar, lansmanlar, anketler, \u00e7ekili\u015fler, indirimler, promosyonlar, \u00f6zel f\u0131rsatlar, tan\u0131t\u0131m, a\u00e7\u0131l\u0131\u015f, davet, etkinlik ve ileti\u015fim \u00e7al\u0131\u015fmalar\u0131 ile ilgili olarak taraf\u0131ma ve\/veya ad\u0131na i\u015flem ger\u00e7ekle\u015ftirdi\u011fim velisi\/vasisi bulundu\u011fum ki\u015filere\u00a0<strong>ERC Estetik Turizm Sa\u011fl\u0131k Hizmetleri Tic. Ltd. \u015eti. (\u00d6zel DR. CINIK T\u0131p Merkezi)<\/strong>\u00a0taraf\u0131ndan SMS, E-Posta ve Arama yollar\u0131 ile ula\u015f\u0131lmas\u0131na ve ticari elektronik ileti g\u00f6nderilmesine hi\u00e7bir bask\u0131 alt\u0131nda kalmaks\u0131z\u0131n a\u00e7\u0131k\u00e7a onay verdi\u011fimi beyan ederim.<\/p>\n","protected":false},"excerpt":{"rendered":"<p>[lmt-post-modified-info] Ticari Elektronik \u0130leti \u0130zni Bilgilendirmesi 6698 say\u0131l\u0131 Ki\u015fisel Verilerin Korunmas\u0131 Kanunu ve 6563 say\u0131l\u0131 Elektronik Ticaretin D\u00fczenlenmesi Hakk\u0131nda Kanun kapsam\u0131nda\u00a0ERC Estetik Turizm Sa\u011fl\u0131k Hizmetleri Tic. Ltd. \u015eti. (\u00d6zel DR. CINIK T\u0131p Merkez)\u00a0her t\u00fcrl\u00fc pazarlama faaliyetleri, kampanyalar, reklamlar, lansmanlar, anketler, \u00e7ekili\u015fler, indirimler, promosyonlar, \u00f6zel f\u0131rsatlar, tan\u0131t\u0131m, a\u00e7\u0131l\u0131\u015f, davet, etkinlik ve ileti\u015fim \u00e7al\u0131\u015fmalar\u0131 ile ilgili olarak [&hellip;]<\/p>\n","protected":false},"author":1,"featured_media":0,"parent":23430,"menu_order":0,"comment_status":"closed","ping_status":"closed","template":"","meta":{"_acf_changed":false,"inline_featured_image":false,"footnotes":""},"class_list":["post-2269","page","type-page","status-publish","hentry"],"acf":[],"yoast_head":"<!-- This site is optimized with the Yoast SEO Premium plugin v26.2 (Yoast SEO v27.4) - https:\/\/yoast.com\/product\/yoast-seo-premium-wordpress\/ -->\n<title>Ticari Elektronik \u0130leti \u0130zni - DR. CINIK<\/title>\n<meta name=\"robots\" content=\"index, follow, max-snippet:-1, max-image-preview:large, max-video-preview:-1\" \/>\n<link rel=\"canonical\" href=\"http:\/\/drcinik.com\/tr\/yasal\/ticari-elektronik-ileti-izni\/\" \/>\n<meta property=\"og:locale\" content=\"tr_TR\" \/>\n<meta property=\"og:type\" content=\"article\" \/>\n<meta property=\"og:title\" content=\"Ticari Elektronik \u0130leti \u0130zni\" \/>\n<meta property=\"og:description\" content=\"[lmt-post-modified-info] Ticari Elektronik \u0130leti \u0130zni Bilgilendirmesi 6698 say\u0131l\u0131 Ki\u015fisel Verilerin Korunmas\u0131 Kanunu ve 6563 say\u0131l\u0131 Elektronik Ticaretin D\u00fczenlenmesi Hakk\u0131nda Kanun kapsam\u0131nda\u00a0ERC Estetik Turizm Sa\u011fl\u0131k Hizmetleri Tic. Ltd. \u015eti. (\u00d6zel DR. CINIK T\u0131p Merkez)\u00a0her t\u00fcrl\u00fc pazarlama faaliyetleri, kampanyalar, reklamlar, lansmanlar, anketler, \u00e7ekili\u015fler, indirimler, promosyonlar, \u00f6zel f\u0131rsatlar, tan\u0131t\u0131m, a\u00e7\u0131l\u0131\u015f, davet, etkinlik ve ileti\u015fim \u00e7al\u0131\u015fmalar\u0131 ile ilgili olarak [&hellip;]\" \/>\n<meta property=\"og:url\" content=\"http:\/\/drcinik.com\/tr\/yasal\/ticari-elektronik-ileti-izni\/\" \/>\n<meta property=\"og:site_name\" content=\"DR. CINIK\" \/>\n<meta property=\"article:publisher\" content=\"https:\/\/facebook.com\/drcinikcom\" \/>\n<meta property=\"article:modified_time\" content=\"2023-10-13T17:10:25+00:00\" \/>\n<meta name=\"twitter:card\" content=\"summary_large_image\" \/>\n<meta name=\"twitter:site\" content=\"@drcinikofficial\" \/>\n<script type=\"application\/ld+json\" class=\"yoast-schema-graph\">{\"@context\":\"https:\\\/\\\/schema.org\",\"@graph\":[{\"@type\":\"WebPage\",\"@id\":\"http:\\\/\\\/drcinik.com\\\/tr\\\/yasal\\\/ticari-elektronik-ileti-izni\\\/\",\"url\":\"http:\\\/\\\/drcinik.com\\\/tr\\\/yasal\\\/ticari-elektronik-ileti-izni\\\/\",\"name\":\"Ticari Elektronik \u0130leti \u0130zni - DR. CINIK\",\"isPartOf\":{\"@id\":\"https:\\\/\\\/drcinik.com\\\/tr\\\/#website\"},\"datePublished\":\"2023-08-29T10:43:12+00:00\",\"dateModified\":\"2023-10-13T17:10:25+00:00\",\"breadcrumb\":{\"@id\":\"http:\\\/\\\/drcinik.com\\\/tr\\\/yasal\\\/ticari-elektronik-ileti-izni\\\/#breadcrumb\"},\"inLanguage\":\"tr\",\"potentialAction\":[{\"@type\":\"ReadAction\",\"target\":[\"http:\\\/\\\/drcinik.com\\\/tr\\\/yasal\\\/ticari-elektronik-ileti-izni\\\/\"]}]},{\"@type\":\"BreadcrumbList\",\"@id\":\"http:\\\/\\\/drcinik.com\\\/tr\\\/yasal\\\/ticari-elektronik-ileti-izni\\\/#breadcrumb\",\"itemListElement\":[{\"@type\":\"ListItem\",\"position\":1,\"name\":\"Anasayfa\",\"item\":\"https:\\\/\\\/drcinik.com\\\/\"},{\"@type\":\"ListItem\",\"position\":2,\"name\":\"yasal\",\"item\":\"http:\\\/\\\/drcinik.com\\\/tr\\\/yasal\\\/\"},{\"@type\":\"ListItem\",\"position\":3,\"name\":\"Ticari Elektronik \u0130leti \u0130zni\"}]},{\"@type\":\"WebSite\",\"@id\":\"https:\\\/\\\/drcinik.com\\\/tr\\\/#website\",\"url\":\"https:\\\/\\\/drcinik.com\\\/tr\\\/\",\"name\":\"DR. CINIK\",\"description\":\"\u00d6zel T\u0131p Merkezi\",\"publisher\":{\"@id\":\"https:\\\/\\\/drcinik.com\\\/tr\\\/#organization\"},\"potentialAction\":[{\"@type\":\"SearchAction\",\"target\":{\"@type\":\"EntryPoint\",\"urlTemplate\":\"https:\\\/\\\/drcinik.com\\\/tr\\\/?s={search_term_string}\"},\"query-input\":{\"@type\":\"PropertyValueSpecification\",\"valueRequired\":true,\"valueName\":\"search_term_string\"}}],\"inLanguage\":\"tr\"},{\"@type\":\"Organization\",\"@id\":\"https:\\\/\\\/drcinik.com\\\/tr\\\/#organization\",\"name\":\"DR. CINIK\",\"url\":\"https:\\\/\\\/drcinik.com\\\/tr\\\/\",\"logo\":{\"@type\":\"ImageObject\",\"inLanguage\":\"tr\",\"@id\":\"https:\\\/\\\/drcinik.com\\\/tr\\\/#\\\/schema\\\/logo\\\/image\\\/\",\"url\":\"https:\\\/\\\/drcinik.com\\\/wp-content\\\/uploads\\\/2023\\\/07\\\/logo.svg\",\"contentUrl\":\"https:\\\/\\\/drcinik.com\\\/wp-content\\\/uploads\\\/2023\\\/07\\\/logo.svg\",\"width\":\"1024\",\"height\":\"1024\",\"caption\":\"DR. CINIK\"},\"image\":{\"@id\":\"https:\\\/\\\/drcinik.com\\\/tr\\\/#\\\/schema\\\/logo\\\/image\\\/\"},\"sameAs\":[\"https:\\\/\\\/facebook.com\\\/drcinikcom\",\"https:\\\/\\\/x.com\\\/drcinikofficial\",\"https:\\\/\\\/instagram.com\\\/dr.cinikhospital\",\"https:\\\/\\\/youtube.com\\\/@emrahcinik\",\"https:\\\/\\\/tiktok.com\\\/@dremrahcinik\"],\"email\":\"info@drcinik.com\",\"telephone\":\"+90 549 641 37 01\",\"legalName\":\"Erc Turizm Sa\u011fl\u0131k Hizmetleri Tic. Ltd. \u015eti.\",\"numberOfEmployees\":{\"@type\":\"QuantitativeValue\",\"minValue\":\"51\",\"maxValue\":\"200\"}}]}<\/script>\n<!-- \/ Yoast SEO Premium plugin. -->","yoast_head_json":{"title":"Ticari Elektronik \u0130leti \u0130zni - DR. CINIK","robots":{"index":"index","follow":"follow","max-snippet":"max-snippet:-1","max-image-preview":"max-image-preview:large","max-video-preview":"max-video-preview:-1"},"canonical":"http:\/\/drcinik.com\/tr\/yasal\/ticari-elektronik-ileti-izni\/","og_locale":"tr_TR","og_type":"article","og_title":"Ticari Elektronik \u0130leti \u0130zni","og_description":"[lmt-post-modified-info] Ticari Elektronik \u0130leti \u0130zni Bilgilendirmesi 6698 say\u0131l\u0131 Ki\u015fisel Verilerin Korunmas\u0131 Kanunu ve 6563 say\u0131l\u0131 Elektronik Ticaretin D\u00fczenlenmesi Hakk\u0131nda Kanun kapsam\u0131nda\u00a0ERC Estetik Turizm Sa\u011fl\u0131k Hizmetleri Tic. Ltd. \u015eti. (\u00d6zel DR. CINIK T\u0131p Merkez)\u00a0her t\u00fcrl\u00fc pazarlama faaliyetleri, kampanyalar, reklamlar, lansmanlar, anketler, \u00e7ekili\u015fler, indirimler, promosyonlar, \u00f6zel f\u0131rsatlar, tan\u0131t\u0131m, a\u00e7\u0131l\u0131\u015f, davet, etkinlik ve ileti\u015fim \u00e7al\u0131\u015fmalar\u0131 ile ilgili olarak [&hellip;]","og_url":"http:\/\/drcinik.com\/tr\/yasal\/ticari-elektronik-ileti-izni\/","og_site_name":"DR. CINIK","article_publisher":"https:\/\/facebook.com\/drcinikcom","article_modified_time":"2023-10-13T17:10:25+00:00","twitter_card":"summary_large_image","twitter_site":"@drcinikofficial","schema":{"@context":"https:\/\/schema.org","@graph":[{"@type":"WebPage","@id":"http:\/\/drcinik.com\/tr\/yasal\/ticari-elektronik-ileti-izni\/","url":"http:\/\/drcinik.com\/tr\/yasal\/ticari-elektronik-ileti-izni\/","name":"Ticari Elektronik \u0130leti \u0130zni - DR. CINIK","isPartOf":{"@id":"https:\/\/drcinik.com\/tr\/#website"},"datePublished":"2023-08-29T10:43:12+00:00","dateModified":"2023-10-13T17:10:25+00:00","breadcrumb":{"@id":"http:\/\/drcinik.com\/tr\/yasal\/ticari-elektronik-ileti-izni\/#breadcrumb"},"inLanguage":"tr","potentialAction":[{"@type":"ReadAction","target":["http:\/\/drcinik.com\/tr\/yasal\/ticari-elektronik-ileti-izni\/"]}]},{"@type":"BreadcrumbList","@id":"http:\/\/drcinik.com\/tr\/yasal\/ticari-elektronik-ileti-izni\/#breadcrumb","itemListElement":[{"@type":"ListItem","position":1,"name":"Anasayfa","item":"https:\/\/drcinik.com\/"},{"@type":"ListItem","position":2,"name":"yasal","item":"http:\/\/drcinik.com\/tr\/yasal\/"},{"@type":"ListItem","position":3,"name":"Ticari Elektronik \u0130leti \u0130zni"}]},{"@type":"WebSite","@id":"https:\/\/drcinik.com\/tr\/#website","url":"https:\/\/drcinik.com\/tr\/","name":"DR. CINIK","description":"\u00d6zel T\u0131p Merkezi","publisher":{"@id":"https:\/\/drcinik.com\/tr\/#organization"},"potentialAction":[{"@type":"SearchAction","target":{"@type":"EntryPoint","urlTemplate":"https:\/\/drcinik.com\/tr\/?s={search_term_string}"},"query-input":{"@type":"PropertyValueSpecification","valueRequired":true,"valueName":"search_term_string"}}],"inLanguage":"tr"},{"@type":"Organization","@id":"https:\/\/drcinik.com\/tr\/#organization","name":"DR. CINIK","url":"https:\/\/drcinik.com\/tr\/","logo":{"@type":"ImageObject","inLanguage":"tr","@id":"https:\/\/drcinik.com\/tr\/#\/schema\/logo\/image\/","url":"https:\/\/drcinik.com\/wp-content\/uploads\/2023\/07\/logo.svg","contentUrl":"https:\/\/drcinik.com\/wp-content\/uploads\/2023\/07\/logo.svg","width":"1024","height":"1024","caption":"DR. CINIK"},"image":{"@id":"https:\/\/drcinik.com\/tr\/#\/schema\/logo\/image\/"},"sameAs":["https:\/\/facebook.com\/drcinikcom","https:\/\/x.com\/drcinikofficial","https:\/\/instagram.com\/dr.cinikhospital","https:\/\/youtube.com\/@emrahcinik","https:\/\/tiktok.com\/@dremrahcinik"],"email":"info@drcinik.com","telephone":"+90 549 641 37 01","legalName":"Erc Turizm Sa\u011fl\u0131k Hizmetleri Tic. Ltd. \u015eti.","numberOfEmployees":{"@type":"QuantitativeValue","minValue":"51","maxValue":"200"}}]}},"_links":{"self":[{"href":"https:\/\/drcinik.com\/tr\/wp-json\/wp\/v2\/pages\/2269","targetHints":{"allow":["GET"]}}],"collection":[{"href":"https:\/\/drcinik.com\/tr\/wp-json\/wp\/v2\/pages"}],"about":[{"href":"https:\/\/drcinik.com\/tr\/wp-json\/wp\/v2\/types\/page"}],"author":[{"embeddable":true,"href":"https:\/\/drcinik.com\/tr\/wp-json\/wp\/v2\/users\/1"}],"replies":[{"embeddable":true,"href":"https:\/\/drcinik.com\/tr\/wp-json\/wp\/v2\/comments?post=2269"}],"version-history":[{"count":0,"href":"https:\/\/drcinik.com\/tr\/wp-json\/wp\/v2\/pages\/2269\/revisions"}],"up":[{"embeddable":true,"href":"https:\/\/drcinik.com\/tr\/wp-json\/wp\/v2\/pages\/23430"}],"wp:attachment":[{"href":"https:\/\/drcinik.com\/tr\/wp-json\/wp\/v2\/media?parent=2269"}],"curies":[{"name":"wp","href":"https:\/\/api.w.org\/{rel}","templated":true}]}}