{"id":23377,"date":"2025-05-02T09:58:27","date_gmt":"2025-05-02T06:58:27","guid":{"rendered":"https:\/\/drcinik.com\/?page_id=23377"},"modified":"2025-08-04T14:02:27","modified_gmt":"2025-08-04T11:02:27","slug":"eda-cinik","status":"publish","type":"page","link":"http:\/\/drcinik.com\/tr\/eda-cinik\/","title":{"rendered":"Eda CINIK"},"content":{"rendered":"\t\t<div data-elementor-type=\"wp-page\" data-elementor-id=\"23377\" class=\"elementor elementor-23377 elementor-20566\" data-elementor-post-type=\"page\">\n\t\t\t\t<div class=\"elementor-element elementor-element-a6c7326 e-flex e-con-boxed e-con e-parent\" data-id=\"a6c7326\" data-element_type=\"container\" data-settings=\"{&quot;background_background&quot;:&quot;classic&quot;}\">\n\t\t\t\t\t<div class=\"e-con-inner\">\n\t\t<div class=\"elementor-element elementor-element-9802cab e-con-full e-flex e-con e-child\" data-id=\"9802cab\" data-element_type=\"container\" data-settings=\"{&quot;background_background&quot;:&quot;classic&quot;}\">\n\t\t\t\t<div class=\"elementor-element elementor-element-d42f648 elementor-widget elementor-widget-heading\" data-id=\"d42f648\" data-element_type=\"widget\" data-widget_type=\"heading.default\">\n\t\t\t\t\t<h1 class=\"elementor-heading-title elementor-size-default\">Eda Cinik\n<\/h1>\t\t\t\t<\/div>\n\t\t\t\t<\/div>\n\t\t\t\t\t<\/div>\n\t\t\t\t<\/div>\n\t\t<div class=\"elementor-element elementor-element-1753300 e-flex e-con-boxed e-con e-parent\" data-id=\"1753300\" data-element_type=\"container\" data-settings=\"{&quot;background_background&quot;:&quot;classic&quot;}\">\n\t\t\t\t\t<div class=\"e-con-inner\">\n\t\t<div class=\"elementor-element elementor-element-1d36172 e-con-full e-flex e-con e-child\" data-id=\"1d36172\" data-element_type=\"container\">\n\t\t<div class=\"elementor-element elementor-element-bd5ca6d e-con-full e-flex e-con e-child\" data-id=\"bd5ca6d\" data-element_type=\"container\">\n\t\t\t\t<div class=\"elementor-element elementor-element-97a0507 elementor-widget elementor-widget-image\" data-id=\"97a0507\" data-element_type=\"widget\" data-widget_type=\"image.default\">\n\t\t\t\t\t\t\t\t\t\t\t\t\t\t\t<img fetchpriority=\"high\" decoding=\"async\" width=\"350\" height=\"400\" src=\"https:\/\/drcinik.com\/wp-content\/uploads\/2025\/02\/eda-cinik-01.jpg\" class=\"attachment-large size-large wp-image-9733\" alt=\"\" srcset=\"https:\/\/drcinik.com\/wp-content\/uploads\/2025\/02\/eda-cinik-01.jpg 350w, https:\/\/drcinik.com\/wp-content\/uploads\/2025\/02\/eda-cinik-01-263x300.jpg 263w\" sizes=\"(max-width: 350px) 100vw, 350px\" \/>\t\t\t\t\t\t\t\t\t\t\t\t\t\t\t<\/div>\n\t\t\t\t<\/div>\n\t\t<div class=\"elementor-element elementor-element-7d75e4c e-con-full e-flex e-con e-child\" data-id=\"7d75e4c\" data-element_type=\"container\">\n\t\t\t\t<div class=\"elementor-element elementor-element-ef3b1ed elementor-mobile-align-center elementor-align-center elementor-widget elementor-widget-button\" data-id=\"ef3b1ed\" data-element_type=\"widget\" data-widget_type=\"button.default\">\n\t\t\t\t\t\t\t\t\t\t<a class=\"elementor-button elementor-button-link elementor-size-sm\" href=\"#elementor-action%3Aaction%3Dpopup%3Aopen%26settings%3DeyJpZCI6MTk0NDgsInRvZ2dsZSI6ZmFsc2V9\">\n\t\t\t\t\t\t<span class=\"elementor-button-content-wrapper\">\n\t\t\t\t\t\t<span class=\"elementor-button-icon\">\n\t\t\t\t<svg aria-hidden=\"true\" class=\"e-font-icon-svg e-far-paper-plane\" viewBox=\"0 0 512 512\" xmlns=\"http:\/\/www.w3.org\/2000\/svg\"><path d=\"M440 6.5L24 246.4c-34.4 19.9-31.1 70.8 5.7 85.9L144 379.6V464c0 46.4 59.2 65.5 86.6 28.6l43.8-59.1 111.9 46.2c5.9 2.4 12.1 3.6 18.3 3.6 8.2 0 16.3-2.1 23.6-6.2 12.8-7.2 21.6-20 23.9-34.5l59.4-387.2c6.1-40.1-36.9-68.8-71.5-48.9zM192 464v-64.6l36.6 15.1L192 464zm212.6-28.7l-153.8-63.5L391 169.5c10.7-15.5-9.5-33.5-23.7-21.2L155.8 332.6 48 288 464 48l-59.4 387.3z\"><\/path><\/svg>\t\t\t<\/span>\n\t\t\t\t\t\t\t\t\t<span class=\"elementor-button-text\">\u00dccretsiz Dan\u0131\u015fmanl\u0131k<\/span>\n\t\t\t\t\t<\/span>\n\t\t\t\t\t<\/a>\n\t\t\t\t\t\t\t\t<\/div>\n\t\t\t\t<\/div>\n\t\t\t\t<\/div>\n\t\t<div class=\"elementor-element elementor-element-104ad1b e-con-full e-flex e-con e-child\" data-id=\"104ad1b\" data-element_type=\"container\">\n\t\t\t\t<div class=\"elementor-element elementor-element-26566d1 elementor-widget elementor-widget-text-editor\" data-id=\"26566d1\" data-element_type=\"widget\" data-widget_type=\"text-editor.default\">\n\t\t\t\t\t\t\t\t\t<p class=\"\" data-start=\"0\" data-end=\"60\"><strong data-start=\"0\" data-end=\"8\">Ad\u0131:<\/strong> Eda Cinik<br data-start=\"18\" data-end=\"21\" \/><strong data-start=\"21\" data-end=\"42\">Konu\u015ftu\u011fu Diller:<\/strong> T\u00fcrk\u00e7e, \u0130ngilizce<\/p>\n<p class=\"\" data-start=\"62\" data-end=\"354\">Eda Cinik Asil, 2017 y\u0131l\u0131ndan bu yana \u0130stanbul\u2019daki \u00fcnl\u00fc Dr. Cinik Sa\u00e7 Ekimi Klini\u011fi\u2019nin ayr\u0131lmaz bir par\u00e7as\u0131 olmu\u015ftur. Dr. Emrah Cinik ile yak\u0131n \u00e7al\u0131\u015farak, sa\u00e7 restorasyonu alan\u0131n\u0131n t\u00fcm y\u00f6nlerine dair derinlemesine bilgi edinmi\u015f; teknik bilgisini hasta odakl\u0131 bir yakla\u015f\u0131mla birle\u015ftirmi\u015ftir.<\/p>\n<p class=\"\" data-start=\"356\" data-end=\"623\">Akademik ge\u00e7mi\u015fi, \u0130stanbul Bilgi \u00dcniversitesi\u2019nde ald\u0131\u011f\u0131 Ameliyathane Hizmetleri e\u011fitimiyle \u015fekillenmi\u015f olup, cerrahi ortamlar ve hasta bak\u0131m\u0131 konular\u0131nda kapsaml\u0131 bir anlay\u0131\u015fa sahiptir. Bu da klini\u011fin dinamik yap\u0131s\u0131nda \u00fcstlendi\u011fi rol i\u00e7in sa\u011flam bir temel olu\u015fturur.<\/p>\n<p class=\"\" data-start=\"625\" data-end=\"813\">Do\u011fal g\u00f6r\u00fcn\u00fcml\u00fc sonu\u00e7lar ve y\u00fcksek standartlar sunmaya odaklanan Eda, Dr. Cinik Klini\u011fi\u2019nin k\u00fcresel sa\u00e7 restorasyonu sekt\u00f6r\u00fcnde \u00f6nc\u00fc konumunu s\u00fcrd\u00fcrmesine katk\u0131 sa\u011flamaya devam etmektedir.<\/p>\t\t\t\t\t\t\t\t<\/div>\n\t\t\t\t<\/div>\n\t\t\t\t\t<\/div>\n\t\t\t\t<\/div>\n\t\t<div class=\"elementor-element elementor-element-deff372 e-flex e-con-boxed e-con e-parent\" data-id=\"deff372\" data-element_type=\"container\" data-settings=\"{&quot;background_background&quot;:&quot;classic&quot;}\">\n\t\t\t\t\t<div class=\"e-con-inner\">\n\t\t<div class=\"elementor-element elementor-element-c35b32b e-con-full e-flex e-con e-child\" data-id=\"c35b32b\" data-element_type=\"container\">\n\t\t\t\t<div class=\"elementor-element elementor-element-5b2cf68 elementor-arrows-position-outside elementor-pagination-position-outside elementor-widget elementor-widget-image-carousel\" data-id=\"5b2cf68\" data-element_type=\"widget\" data-settings=\"{&quot;slides_to_show&quot;:&quot;5&quot;,&quot;image_spacing_custom&quot;:{&quot;unit&quot;:&quot;px&quot;,&quot;size&quot;:59,&quot;sizes&quot;:[]},&quot;slides_to_scroll&quot;:&quot;6&quot;,&quot;image_spacing_custom_mobile&quot;:{&quot;unit&quot;:&quot;px&quot;,&quot;size&quot;:68,&quot;sizes&quot;:[]},&quot;slides_to_show_mobile&quot;:&quot;2&quot;,&quot;slides_to_scroll_mobile&quot;:&quot;4&quot;,&quot;navigation&quot;:&quot;both&quot;,&quot;autoplay&quot;:&quot;yes&quot;,&quot;pause_on_hover&quot;:&quot;yes&quot;,&quot;pause_on_interaction&quot;:&quot;yes&quot;,&quot;autoplay_speed&quot;:5000,&quot;infinite&quot;:&quot;yes&quot;,&quot;speed&quot;:500,&quot;image_spacing_custom_tablet&quot;:{&quot;unit&quot;:&quot;px&quot;,&quot;size&quot;:&quot;&quot;,&quot;sizes&quot;:[]}}\" data-widget_type=\"image-carousel.default\">\n\t\t\t\t\t\t\t<div class=\"elementor-image-carousel-wrapper swiper\" role=\"region\" aria-roledescription=\"carousel\" aria-label=\"Image Carousel\" dir=\"ltr\">\n\t\t\t<div class=\"elementor-image-carousel swiper-wrapper\" aria-live=\"off\">\n\t\t\t\t\t\t\t\t<div class=\"swiper-slide\" role=\"group\" aria-roledescription=\"slide\" aria-label=\"1 \/ 6\"><figure class=\"swiper-slide-inner\"><img decoding=\"async\" class=\"swiper-slide-image\" src=\"https:\/\/drcinik.com\/wp-content\/uploads\/2023\/11\/zurich-sigorta.png\" alt=\"zurich-sigorta\" \/><\/figure><\/div><div class=\"swiper-slide\" role=\"group\" aria-roledescription=\"slide\" aria-label=\"2 \/ 6\"><figure class=\"swiper-slide-inner\"><img decoding=\"async\" class=\"swiper-slide-image\" src=\"https:\/\/drcinik.com\/wp-content\/uploads\/2023\/11\/katilim-emeklilik.png\" alt=\"kat\u0131l\u0131m-emeklilik\" \/><\/figure><\/div><div class=\"swiper-slide\" role=\"group\" aria-roledescription=\"slide\" aria-label=\"3 \/ 6\"><figure class=\"swiper-slide-inner\"><img decoding=\"async\" class=\"swiper-slide-image\" src=\"https:\/\/drcinik.com\/wp-content\/uploads\/2023\/11\/chubb-european-group.png\" alt=\"chubb-european-group\" \/><\/figure><\/div><div class=\"swiper-slide\" role=\"group\" aria-roledescription=\"slide\" aria-label=\"4 \/ 6\"><figure class=\"swiper-slide-inner\"><img decoding=\"async\" class=\"swiper-slide-image\" src=\"https:\/\/drcinik.com\/wp-content\/uploads\/2023\/11\/ray-sigorta.png\" alt=\"ray-sigorta\" \/><\/figure><\/div><div class=\"swiper-slide\" role=\"group\" aria-roledescription=\"slide\" aria-label=\"5 \/ 6\"><figure class=\"swiper-slide-inner\"><img decoding=\"async\" class=\"swiper-slide-image\" src=\"https:\/\/drcinik.com\/wp-content\/uploads\/2023\/11\/ankara-sigorta.png\" alt=\"ankara-sigorta\" \/><\/figure><\/div><div class=\"swiper-slide\" role=\"group\" aria-roledescription=\"slide\" aria-label=\"6 \/ 6\"><figure class=\"swiper-slide-inner\"><img decoding=\"async\" class=\"swiper-slide-image\" src=\"https:\/\/drcinik.com\/wp-content\/uploads\/2023\/11\/turkiye-sigorta.png\" alt=\"turkiye-sigorta\" \/><\/figure><\/div>\t\t\t<\/div>\n\t\t\t\t\t\t\t\t\t\t\t\t<div class=\"elementor-swiper-button elementor-swiper-button-prev\" role=\"button\" tabindex=\"0\">\n\t\t\t\t\t\t<svg aria-hidden=\"true\" class=\"e-font-icon-svg e-eicon-chevron-left\" viewBox=\"0 0 1000 1000\" xmlns=\"http:\/\/www.w3.org\/2000\/svg\"><path d=\"M646 125C629 125 613 133 604 142L308 442C296 454 292 471 292 487 292 504 296 521 308 533L604 854C617 867 629 875 646 875 663 875 679 871 692 858 704 846 713 829 713 812 713 796 708 779 692 767L438 487 692 225C700 217 708 204 708 187 708 171 704 154 692 142 675 129 663 125 646 125Z\"><\/path><\/svg>\t\t\t\t\t<\/div>\n\t\t\t\t\t<div class=\"elementor-swiper-button elementor-swiper-button-next\" role=\"button\" tabindex=\"0\">\n\t\t\t\t\t\t<svg aria-hidden=\"true\" class=\"e-font-icon-svg e-eicon-chevron-right\" viewBox=\"0 0 1000 1000\" xmlns=\"http:\/\/www.w3.org\/2000\/svg\"><path d=\"M696 533C708 521 713 504 713 487 713 471 708 454 696 446L400 146C388 133 375 125 354 125 338 125 325 129 313 142 300 154 292 171 292 187 292 204 296 221 308 233L563 492 304 771C292 783 288 800 288 817 288 833 296 850 308 863 321 871 338 875 354 875 371 875 388 867 400 854L696 533Z\"><\/path><\/svg>\t\t\t\t\t<\/div>\n\t\t\t\t\n\t\t\t\t\t\t\t\t\t<div class=\"swiper-pagination\"><\/div>\n\t\t\t\t\t\t\t\t\t<\/div>\n\t\t\t\t\t\t<\/div>\n\t\t\t\t<div class=\"elementor-element elementor-element-560b193 elementor-widget elementor-widget-html\" data-id=\"560b193\" data-element_type=\"widget\" data-widget_type=\"html.default\">\n\t\t\t\t\t<style>\n  .sticky-button {\n      position: fixed;\n      right: 0;\n      top: 50%;\n      transform: translateY(-50%);\n      background-color: #4069FF;\n      color: white;\n      padding: 15px;\n      font-size: 14px;\n      font-weight: bold;\n      text-decoration: none;\n      writing-mode: vertical-rl;\n      text-align: center;\n      border-top-left-radius: 10px;\n      border-bottom-left-radius: 10px;\n      box-shadow: -2px 2px 10px rgba(0, 0, 0, 0.3);\n      cursor: pointer;\n      display: block;\n      z-index: 999;\n      transition: background-color 0.3s ease;\n  }\n  \n  .sticky-button:hover {\n      background-color: #2f52d6;\n  }\n  \n  \/* Hide on mobile devices *\/\n  @media screen and (max-width: 767px) {\n      .sticky-button {\n          display: none;\n      }\n  }\n<\/style>\n\n<a class=\"sticky-button\" onclick=\"openElementorPopup()\">GET A FREE CONSULTATION<\/a>\n\n<script>\nfunction openElementorPopup() {\n    \/\/ Prevent default anchor behavior\n    event.preventDefault();\n    \n    \/\/ Try to open the Elementor popup with the template ID 19448\n    try {\n        \/\/ First method - try using the Elementor frontend directly\n        if (typeof elementorFrontend !== 'undefined' && elementorFrontend.documentsManager) {\n            elementorFrontend.documentsManager.documents[19448].showModal();\n        } \n        \/\/ Second method - using jQuery and elementorProFrontend\n        else if (typeof jQuery !== 'undefined' && typeof elementorProFrontend !== 'undefined') {\n            jQuery(document).ready(function($) {\n                elementorProFrontend.modules.popup.showPopup({ id: 19448 });\n            });\n        }\n        \/\/ Third method - direct trigger for template\n        else {\n            jQuery(document).ready(function($) {\n                $('[data-elementor-type=\"popup\"][data-elementor-id=\"19448\"]').each(function() {\n                    if (typeof elementorFrontend !== 'undefined') {\n                        elementorFrontend.elementsHandler.runReadyTrigger($(this));\n                    }\n                });\n                if (typeof elementorProFrontend !== 'undefined') {\n                    elementorProFrontend.modules.popup.showPopup({ id: 19448 });\n                }\n            });\n        }\n    } catch (error) {\n        console.error(\"Error opening Elementor popup:\", error);\n    }\n}\n<\/script>\t\t\t\t<\/div>\n\t\t\t\t<\/div>\n\t\t\t\t\t<\/div>\n\t\t\t\t<\/div>\n\t\t\t\t<\/div>\n\t\t","protected":false},"excerpt":{"rendered":"<p>Eda Cinik \u00dccretsiz Dan\u0131\u015fmanl\u0131k Ad\u0131: Eda CinikKonu\u015ftu\u011fu Diller: T\u00fcrk\u00e7e, \u0130ngilizce Eda Cinik Asil, 2017 y\u0131l\u0131ndan bu yana \u0130stanbul\u2019daki \u00fcnl\u00fc Dr. Cinik Sa\u00e7 Ekimi Klini\u011fi\u2019nin ayr\u0131lmaz bir par\u00e7as\u0131 olmu\u015ftur. Dr. Emrah Cinik ile yak\u0131n \u00e7al\u0131\u015farak, sa\u00e7 restorasyonu alan\u0131n\u0131n t\u00fcm y\u00f6nlerine dair derinlemesine bilgi edinmi\u015f; teknik bilgisini hasta odakl\u0131 bir yakla\u015f\u0131mla birle\u015ftirmi\u015ftir. Akademik ge\u00e7mi\u015fi, \u0130stanbul Bilgi \u00dcniversitesi\u2019nde [&hellip;]<\/p>\n","protected":false},"author":6,"featured_media":0,"parent":23305,"menu_order":0,"comment_status":"closed","ping_status":"closed","template":"elementor_header_footer","meta":{"_acf_changed":false,"inline_featured_image":false,"footnotes":""},"class_list":["post-23377","page","type-page","status-publish","hentry"],"acf":[],"yoast_head":"<!-- This site is optimized with the Yoast SEO Premium plugin v26.2 (Yoast SEO v27.4) - https:\/\/yoast.com\/product\/yoast-seo-premium-wordpress\/ -->\n<title>Eda CINIK - DR. CINIK<\/title>\n<meta name=\"description\" content=\"Eda CINIK hakk\u0131nda daha fazla bilgi edinin; Dr. Cinik Hastanesi\u2019ndeki rol\u00fcn\u00fc, ilham verici kariyer yolculu\u011funu ve katk\u0131lar\u0131n\u0131 ke\u015ffedin.\" \/>\n<meta name=\"robots\" content=\"index, follow, max-snippet:-1, max-image-preview:large, max-video-preview:-1\" \/>\n<link rel=\"canonical\" href=\"http:\/\/drcinik.com\/tr\/eda-cinik\/\" \/>\n<meta property=\"og:locale\" content=\"tr_TR\" \/>\n<meta property=\"og:type\" content=\"article\" \/>\n<meta property=\"og:title\" content=\"Eda CINIK\" \/>\n<meta property=\"og:description\" content=\"Eda CINIK hakk\u0131nda daha fazla bilgi edinin; Dr. Cinik Hastanesi\u2019ndeki rol\u00fcn\u00fc, ilham verici kariyer yolculu\u011funu ve katk\u0131lar\u0131n\u0131 ke\u015ffedin.\" \/>\n<meta property=\"og:url\" content=\"http:\/\/drcinik.com\/tr\/eda-cinik\/\" \/>\n<meta property=\"og:site_name\" content=\"DR. CINIK\" \/>\n<meta property=\"article:publisher\" content=\"https:\/\/facebook.com\/drcinikcom\" \/>\n<meta property=\"article:modified_time\" content=\"2025-08-04T11:02:27+00:00\" \/>\n<meta property=\"og:image\" content=\"https:\/\/drcinik.com\/wp-content\/uploads\/2025\/02\/eda-cinik-01.jpg\" \/>\n\t<meta property=\"og:image:width\" content=\"350\" \/>\n\t<meta property=\"og:image:height\" content=\"400\" \/>\n\t<meta property=\"og:image:type\" content=\"image\/jpeg\" \/>\n<meta name=\"twitter:card\" content=\"summary_large_image\" \/>\n<meta name=\"twitter:site\" content=\"@drcinikofficial\" \/>\n<script type=\"application\/ld+json\" class=\"yoast-schema-graph\">{\"@context\":\"https:\\\/\\\/schema.org\",\"@graph\":[{\"@type\":\"WebPage\",\"@id\":\"http:\\\/\\\/drcinik.com\\\/tr\\\/eda-cinik\\\/\",\"url\":\"http:\\\/\\\/drcinik.com\\\/tr\\\/eda-cinik\\\/\",\"name\":\"Eda CINIK - DR. CINIK\",\"isPartOf\":{\"@id\":\"https:\\\/\\\/drcinik.com\\\/tr\\\/#website\"},\"primaryImageOfPage\":{\"@id\":\"http:\\\/\\\/drcinik.com\\\/tr\\\/eda-cinik\\\/#primaryimage\"},\"image\":{\"@id\":\"http:\\\/\\\/drcinik.com\\\/tr\\\/eda-cinik\\\/#primaryimage\"},\"thumbnailUrl\":\"http:\\\/\\\/drcinik.com\\\/wp-content\\\/uploads\\\/2025\\\/02\\\/eda-cinik-01.jpg\",\"datePublished\":\"2025-05-02T06:58:27+00:00\",\"dateModified\":\"2025-08-04T11:02:27+00:00\",\"description\":\"Eda CINIK hakk\u0131nda daha fazla bilgi edinin; Dr. Cinik Hastanesi\u2019ndeki rol\u00fcn\u00fc, ilham verici kariyer yolculu\u011funu ve katk\u0131lar\u0131n\u0131 ke\u015ffedin.\",\"breadcrumb\":{\"@id\":\"http:\\\/\\\/drcinik.com\\\/tr\\\/eda-cinik\\\/#breadcrumb\"},\"inLanguage\":\"tr\",\"potentialAction\":[{\"@type\":\"ReadAction\",\"target\":[\"http:\\\/\\\/drcinik.com\\\/tr\\\/eda-cinik\\\/\"]}]},{\"@type\":\"ImageObject\",\"inLanguage\":\"tr\",\"@id\":\"http:\\\/\\\/drcinik.com\\\/tr\\\/eda-cinik\\\/#primaryimage\",\"url\":\"http:\\\/\\\/drcinik.com\\\/wp-content\\\/uploads\\\/2025\\\/02\\\/eda-cinik-01.jpg\",\"contentUrl\":\"http:\\\/\\\/drcinik.com\\\/wp-content\\\/uploads\\\/2025\\\/02\\\/eda-cinik-01.jpg\"},{\"@type\":\"BreadcrumbList\",\"@id\":\"http:\\\/\\\/drcinik.com\\\/tr\\\/eda-cinik\\\/#breadcrumb\",\"itemListElement\":[{\"@type\":\"ListItem\",\"position\":1,\"name\":\"Anasayfa\",\"item\":\"https:\\\/\\\/drcinik.com\\\/\"},{\"@type\":\"ListItem\",\"position\":2,\"name\":\"Eda CINIK\"}]},{\"@type\":\"WebSite\",\"@id\":\"https:\\\/\\\/drcinik.com\\\/tr\\\/#website\",\"url\":\"https:\\\/\\\/drcinik.com\\\/tr\\\/\",\"name\":\"DR. CINIK\",\"description\":\"\u00d6zel T\u0131p Merkezi\",\"publisher\":{\"@id\":\"https:\\\/\\\/drcinik.com\\\/tr\\\/#organization\"},\"potentialAction\":[{\"@type\":\"SearchAction\",\"target\":{\"@type\":\"EntryPoint\",\"urlTemplate\":\"https:\\\/\\\/drcinik.com\\\/tr\\\/?s={search_term_string}\"},\"query-input\":{\"@type\":\"PropertyValueSpecification\",\"valueRequired\":true,\"valueName\":\"search_term_string\"}}],\"inLanguage\":\"tr\"},{\"@type\":\"Organization\",\"@id\":\"https:\\\/\\\/drcinik.com\\\/tr\\\/#organization\",\"name\":\"DR. CINIK\",\"url\":\"https:\\\/\\\/drcinik.com\\\/tr\\\/\",\"logo\":{\"@type\":\"ImageObject\",\"inLanguage\":\"tr\",\"@id\":\"https:\\\/\\\/drcinik.com\\\/tr\\\/#\\\/schema\\\/logo\\\/image\\\/\",\"url\":\"https:\\\/\\\/drcinik.com\\\/wp-content\\\/uploads\\\/2023\\\/07\\\/logo.svg\",\"contentUrl\":\"https:\\\/\\\/drcinik.com\\\/wp-content\\\/uploads\\\/2023\\\/07\\\/logo.svg\",\"width\":\"1024\",\"height\":\"1024\",\"caption\":\"DR. CINIK\"},\"image\":{\"@id\":\"https:\\\/\\\/drcinik.com\\\/tr\\\/#\\\/schema\\\/logo\\\/image\\\/\"},\"sameAs\":[\"https:\\\/\\\/facebook.com\\\/drcinikcom\",\"https:\\\/\\\/x.com\\\/drcinikofficial\",\"https:\\\/\\\/instagram.com\\\/dr.cinikhospital\",\"https:\\\/\\\/youtube.com\\\/@emrahcinik\",\"https:\\\/\\\/tiktok.com\\\/@dremrahcinik\"],\"email\":\"info@drcinik.com\",\"telephone\":\"+90 549 641 37 01\",\"legalName\":\"Erc Turizm Sa\u011fl\u0131k Hizmetleri Tic. Ltd. \u015eti.\",\"numberOfEmployees\":{\"@type\":\"QuantitativeValue\",\"minValue\":\"51\",\"maxValue\":\"200\"}}]}<\/script>\n<!-- \/ Yoast SEO Premium plugin. -->","yoast_head_json":{"title":"Eda CINIK - DR. CINIK","description":"Eda CINIK hakk\u0131nda daha fazla bilgi edinin; Dr. Cinik Hastanesi\u2019ndeki rol\u00fcn\u00fc, ilham verici kariyer yolculu\u011funu ve katk\u0131lar\u0131n\u0131 ke\u015ffedin.","robots":{"index":"index","follow":"follow","max-snippet":"max-snippet:-1","max-image-preview":"max-image-preview:large","max-video-preview":"max-video-preview:-1"},"canonical":"http:\/\/drcinik.com\/tr\/eda-cinik\/","og_locale":"tr_TR","og_type":"article","og_title":"Eda CINIK","og_description":"Eda CINIK hakk\u0131nda daha fazla bilgi edinin; Dr. Cinik Hastanesi\u2019ndeki rol\u00fcn\u00fc, ilham verici kariyer yolculu\u011funu ve katk\u0131lar\u0131n\u0131 ke\u015ffedin.","og_url":"http:\/\/drcinik.com\/tr\/eda-cinik\/","og_site_name":"DR. CINIK","article_publisher":"https:\/\/facebook.com\/drcinikcom","article_modified_time":"2025-08-04T11:02:27+00:00","og_image":[{"width":350,"height":400,"url":"https:\/\/drcinik.com\/wp-content\/uploads\/2025\/02\/eda-cinik-01.jpg","type":"image\/jpeg"}],"twitter_card":"summary_large_image","twitter_site":"@drcinikofficial","schema":{"@context":"https:\/\/schema.org","@graph":[{"@type":"WebPage","@id":"http:\/\/drcinik.com\/tr\/eda-cinik\/","url":"http:\/\/drcinik.com\/tr\/eda-cinik\/","name":"Eda CINIK - DR. CINIK","isPartOf":{"@id":"https:\/\/drcinik.com\/tr\/#website"},"primaryImageOfPage":{"@id":"http:\/\/drcinik.com\/tr\/eda-cinik\/#primaryimage"},"image":{"@id":"http:\/\/drcinik.com\/tr\/eda-cinik\/#primaryimage"},"thumbnailUrl":"http:\/\/drcinik.com\/wp-content\/uploads\/2025\/02\/eda-cinik-01.jpg","datePublished":"2025-05-02T06:58:27+00:00","dateModified":"2025-08-04T11:02:27+00:00","description":"Eda CINIK hakk\u0131nda daha fazla bilgi edinin; Dr. Cinik Hastanesi\u2019ndeki rol\u00fcn\u00fc, ilham verici kariyer yolculu\u011funu ve katk\u0131lar\u0131n\u0131 ke\u015ffedin.","breadcrumb":{"@id":"http:\/\/drcinik.com\/tr\/eda-cinik\/#breadcrumb"},"inLanguage":"tr","potentialAction":[{"@type":"ReadAction","target":["http:\/\/drcinik.com\/tr\/eda-cinik\/"]}]},{"@type":"ImageObject","inLanguage":"tr","@id":"http:\/\/drcinik.com\/tr\/eda-cinik\/#primaryimage","url":"http:\/\/drcinik.com\/wp-content\/uploads\/2025\/02\/eda-cinik-01.jpg","contentUrl":"http:\/\/drcinik.com\/wp-content\/uploads\/2025\/02\/eda-cinik-01.jpg"},{"@type":"BreadcrumbList","@id":"http:\/\/drcinik.com\/tr\/eda-cinik\/#breadcrumb","itemListElement":[{"@type":"ListItem","position":1,"name":"Anasayfa","item":"https:\/\/drcinik.com\/"},{"@type":"ListItem","position":2,"name":"Eda CINIK"}]},{"@type":"WebSite","@id":"https:\/\/drcinik.com\/tr\/#website","url":"https:\/\/drcinik.com\/tr\/","name":"DR. CINIK","description":"\u00d6zel T\u0131p Merkezi","publisher":{"@id":"https:\/\/drcinik.com\/tr\/#organization"},"potentialAction":[{"@type":"SearchAction","target":{"@type":"EntryPoint","urlTemplate":"https:\/\/drcinik.com\/tr\/?s={search_term_string}"},"query-input":{"@type":"PropertyValueSpecification","valueRequired":true,"valueName":"search_term_string"}}],"inLanguage":"tr"},{"@type":"Organization","@id":"https:\/\/drcinik.com\/tr\/#organization","name":"DR. CINIK","url":"https:\/\/drcinik.com\/tr\/","logo":{"@type":"ImageObject","inLanguage":"tr","@id":"https:\/\/drcinik.com\/tr\/#\/schema\/logo\/image\/","url":"https:\/\/drcinik.com\/wp-content\/uploads\/2023\/07\/logo.svg","contentUrl":"https:\/\/drcinik.com\/wp-content\/uploads\/2023\/07\/logo.svg","width":"1024","height":"1024","caption":"DR. CINIK"},"image":{"@id":"https:\/\/drcinik.com\/tr\/#\/schema\/logo\/image\/"},"sameAs":["https:\/\/facebook.com\/drcinikcom","https:\/\/x.com\/drcinikofficial","https:\/\/instagram.com\/dr.cinikhospital","https:\/\/youtube.com\/@emrahcinik","https:\/\/tiktok.com\/@dremrahcinik"],"email":"info@drcinik.com","telephone":"+90 549 641 37 01","legalName":"Erc Turizm Sa\u011fl\u0131k Hizmetleri Tic. Ltd. \u015eti.","numberOfEmployees":{"@type":"QuantitativeValue","minValue":"51","maxValue":"200"}}]}},"_links":{"self":[{"href":"https:\/\/drcinik.com\/tr\/wp-json\/wp\/v2\/pages\/23377","targetHints":{"allow":["GET"]}}],"collection":[{"href":"https:\/\/drcinik.com\/tr\/wp-json\/wp\/v2\/pages"}],"about":[{"href":"https:\/\/drcinik.com\/tr\/wp-json\/wp\/v2\/types\/page"}],"author":[{"embeddable":true,"href":"https:\/\/drcinik.com\/tr\/wp-json\/wp\/v2\/users\/6"}],"replies":[{"embeddable":true,"href":"https:\/\/drcinik.com\/tr\/wp-json\/wp\/v2\/comments?post=23377"}],"version-history":[{"count":0,"href":"https:\/\/drcinik.com\/tr\/wp-json\/wp\/v2\/pages\/23377\/revisions"}],"up":[{"embeddable":true,"href":"https:\/\/drcinik.com\/tr\/wp-json\/wp\/v2\/pages\/23305"}],"wp:attachment":[{"href":"https:\/\/drcinik.com\/tr\/wp-json\/wp\/v2\/media?parent=23377"}],"curies":[{"name":"wp","href":"https:\/\/api.w.org\/{rel}","templated":true}]}}