{"id":23405,"date":"2025-05-02T10:45:56","date_gmt":"2025-05-02T07:45:56","guid":{"rendered":"https:\/\/drcinik.com\/?page_id=23405"},"modified":"2025-07-22T15:58:29","modified_gmt":"2025-07-22T12:58:29","slug":"ertan-teksoz","status":"publish","type":"page","link":"http:\/\/drcinik.com\/tr\/ertan-teksoz\/","title":{"rendered":"Ertan TEKS\u00d6Z"},"content":{"rendered":"\t\t<div data-elementor-type=\"wp-page\" data-elementor-id=\"23405\" class=\"elementor elementor-23405 elementor-20671\" data-elementor-post-type=\"page\">\n\t\t\t\t<div class=\"elementor-element elementor-element-2e91e348 e-flex e-con-boxed e-con e-parent\" data-id=\"2e91e348\" data-element_type=\"container\" data-settings=\"{&quot;background_background&quot;:&quot;classic&quot;}\">\n\t\t\t\t\t<div class=\"e-con-inner\">\n\t\t<div class=\"elementor-element elementor-element-262959c3 e-con-full e-flex e-con e-child\" data-id=\"262959c3\" data-element_type=\"container\" data-settings=\"{&quot;background_background&quot;:&quot;classic&quot;}\">\n\t\t\t\t<div class=\"elementor-element elementor-element-5e6c9793 elementor-widget elementor-widget-heading\" data-id=\"5e6c9793\" data-element_type=\"widget\" data-widget_type=\"heading.default\">\n\t\t\t\t\t<h1 class=\"elementor-heading-title elementor-size-default\">Dr. Ertan<\/h1>\t\t\t\t<\/div>\n\t\t\t\t<\/div>\n\t\t\t\t\t<\/div>\n\t\t\t\t<\/div>\n\t\t<div class=\"elementor-element elementor-element-29e7d4f8 e-flex e-con-boxed e-con e-parent\" data-id=\"29e7d4f8\" data-element_type=\"container\" data-settings=\"{&quot;background_background&quot;:&quot;classic&quot;}\">\n\t\t\t\t\t<div class=\"e-con-inner\">\n\t\t<div class=\"elementor-element elementor-element-2a096cdf e-con-full e-flex e-con e-child\" data-id=\"2a096cdf\" data-element_type=\"container\">\n\t\t<div class=\"elementor-element elementor-element-426a8b83 e-con-full e-flex e-con e-child\" data-id=\"426a8b83\" data-element_type=\"container\">\n\t\t\t\t<div class=\"elementor-element elementor-element-3fb05af2 elementor-widget elementor-widget-image\" data-id=\"3fb05af2\" data-element_type=\"widget\" data-widget_type=\"image.default\">\n\t\t\t\t\t\t\t\t\t\t\t\t\t\t\t<img fetchpriority=\"high\" decoding=\"async\" width=\"350\" height=\"400\" src=\"https:\/\/drcinik.com\/wp-content\/uploads\/2025\/02\/ertan-teksoz-01.jpg\" class=\"attachment-large size-large wp-image-9689\" alt=\"\" srcset=\"https:\/\/drcinik.com\/wp-content\/uploads\/2025\/02\/ertan-teksoz-01.jpg 350w, https:\/\/drcinik.com\/wp-content\/uploads\/2025\/02\/ertan-teksoz-01-263x300.jpg 263w\" sizes=\"(max-width: 350px) 100vw, 350px\" \/>\t\t\t\t\t\t\t\t\t\t\t\t\t\t\t<\/div>\n\t\t\t\t<\/div>\n\t\t<div class=\"elementor-element elementor-element-7fc3c60d e-con-full e-flex e-con e-child\" data-id=\"7fc3c60d\" data-element_type=\"container\">\n\t\t\t\t<div class=\"elementor-element elementor-element-421752e4 elementor-mobile-align-center elementor-align-center elementor-widget elementor-widget-button\" data-id=\"421752e4\" data-element_type=\"widget\" data-widget_type=\"button.default\">\n\t\t\t\t\t\t\t\t\t\t<a class=\"elementor-button elementor-button-link elementor-size-sm\" href=\"#elementor-action%3Aaction%3Dpopup%3Aopen%26settings%3DeyJpZCI6MTk0NDgsInRvZ2dsZSI6ZmFsc2V9\">\n\t\t\t\t\t\t<span class=\"elementor-button-content-wrapper\">\n\t\t\t\t\t\t<span class=\"elementor-button-icon\">\n\t\t\t\t<svg aria-hidden=\"true\" class=\"e-font-icon-svg e-far-paper-plane\" viewBox=\"0 0 512 512\" xmlns=\"http:\/\/www.w3.org\/2000\/svg\"><path d=\"M440 6.5L24 246.4c-34.4 19.9-31.1 70.8 5.7 85.9L144 379.6V464c0 46.4 59.2 65.5 86.6 28.6l43.8-59.1 111.9 46.2c5.9 2.4 12.1 3.6 18.3 3.6 8.2 0 16.3-2.1 23.6-6.2 12.8-7.2 21.6-20 23.9-34.5l59.4-387.2c6.1-40.1-36.9-68.8-71.5-48.9zM192 464v-64.6l36.6 15.1L192 464zm212.6-28.7l-153.8-63.5L391 169.5c10.7-15.5-9.5-33.5-23.7-21.2L155.8 332.6 48 288 464 48l-59.4 387.3z\"><\/path><\/svg>\t\t\t<\/span>\n\t\t\t\t\t\t\t\t\t<span class=\"elementor-button-text\">\u00dccretsiz Dan\u0131\u015fmanl\u0131k<\/span>\n\t\t\t\t\t<\/span>\n\t\t\t\t\t<\/a>\n\t\t\t\t\t\t\t\t<\/div>\n\t\t\t\t<\/div>\n\t\t\t\t<\/div>\n\t\t<div class=\"elementor-element elementor-element-a5aff68 e-con-full e-flex e-con e-child\" data-id=\"a5aff68\" data-element_type=\"container\">\n\t\t\t\t<div class=\"elementor-element elementor-element-7c0099c7 elementor-widget elementor-widget-text-editor\" data-id=\"7c0099c7\" data-element_type=\"widget\" data-widget_type=\"text-editor.default\">\n\t\t\t\t\t\t\t\t\t<p class=\"\" data-start=\"0\" data-end=\"250\">Ertan, anestezi alan\u0131nda ihtisas\u0131n\u0131 tamamlam\u0131\u015f deneyimli bir doktordur. 1993\u20131997 y\u0131llar\u0131 aras\u0131nda GATA Haydarpa\u015fa E\u011fitim Hastanesi Anestezi ve Reanimasyon Program\u0131\u2019ndan mezun olmu\u015ftur ve kariyerine bu alanda devam etmektedir.<\/p>\n<p class=\"\" data-start=\"252\" data-end=\"392\">Anestezi ve reanimasyon konular\u0131nda \u00f6nemli bir deneyime sahip olan Dr. Ertan, yurt i\u00e7inde yay\u0131mlanm\u0131\u015f akademik makaleleri bulunmaktad\u0131r.<\/p>\t\t\t\t\t\t\t\t<\/div>\n\t\t\t\t<div class=\"elementor-element elementor-element-24edcfe elementor-widget elementor-widget-text-editor\" data-id=\"24edcfe\" data-element_type=\"widget\" data-widget_type=\"text-editor.default\">\n\t\t\t\t\t\t\t\t\t<h3><strong data-start=\"0\" data-end=\"21\" data-is-only-node=\"\">Uzmanl\u0131k Alanlar\u0131<\/strong><\/h3>\n<article class=\"text-token-text-primary w-full\" dir=\"auto\" data-testid=\"conversation-turn-548\" data-scroll-anchor=\"true\">\n<div class=\"text-base my-auto mx-auto py-5 [--thread-content-margin:--spacing(4)] @[37rem]:[--thread-content-margin:--spacing(6)] @[72rem]:[--thread-content-margin:--spacing(16)] px-(--thread-content-margin)\">\n<div class=\"[--thread-content-max-width:32rem] @[34rem]:[--thread-content-max-width:40rem] @[64rem]:[--thread-content-max-width:48rem] mx-auto flex max-w-(--thread-content-max-width) flex-1 text-base gap-4 md:gap-5 lg:gap-6 group\/turn-messages focus-visible:outline-hidden\" tabindex=\"-1\">\n<div class=\"group\/conversation-turn relative flex w-full min-w-0 flex-col agent-turn\">\n<div class=\"relative flex-col gap-1 md:gap-3\">\n<div class=\"flex max-w-full flex-col grow\">\n<div class=\"min-h-8 text-message relative flex w-full flex-col items-end gap-2 text-start break-words whitespace-normal [.text-message+&amp;]:mt-5\" dir=\"auto\" data-message-author-role=\"assistant\" data-message-id=\"b6152d01-1eae-4204-beab-e2530a8d454c\" data-message-model-slug=\"gpt-4o\">\n<div class=\"flex w-full flex-col gap-1 empty:hidden first:pt-[3px]\">\n<div class=\"markdown prose dark:prose-invert w-full break-words dark\">\n<p class=\"\" data-start=\"0\" data-end=\"47\">Anestezi ve Reanimasyon<\/p>\n<\/div>\n<\/div>\n<\/div>\n<\/div>\n<\/div>\n<\/div>\n<\/div>\n<\/div>\n<\/article>\t\t\t\t\t\t\t\t<\/div>\n\t\t\t\t<div class=\"elementor-element elementor-element-48bc4bf elementor-widget elementor-widget-text-editor\" data-id=\"48bc4bf\" data-element_type=\"widget\" data-widget_type=\"text-editor.default\">\n\t\t\t\t\t\t\t\t\t<h3>E\u011fitim<\/h3>\n<p>GATA Haydarpa\u015fa E\u011fitim Hastanesi \u2013 Anestezi \u0130htisas Program\u0131 (1993\u20131997)<\/p>\t\t\t\t\t\t\t\t<\/div>\n\t\t\t\t<div class=\"elementor-element elementor-element-cbedc53 elementor-widget elementor-widget-text-editor\" data-id=\"cbedc53\" data-element_type=\"widget\" data-widget_type=\"text-editor.default\">\n\t\t\t\t\t\t\t\t\t<h3><strong data-start=\"0\" data-end=\"12\" data-is-only-node=\"\">Yay\u0131nlar<\/strong><\/h3>\n<p>Dr. Ertan uluslararas\u0131 alanda yay\u0131mlanm\u0131\u015f 3 akademik makalesi ve yurt i\u00e7inde yay\u0131mlanm\u0131\u015f 10 makalesi bulunmaktad\u0131r.<\/p>\t\t\t\t\t\t\t\t<\/div>\n\t\t\t\t<div class=\"elementor-element elementor-element-965f227 elementor-widget elementor-widget-text-editor\" data-id=\"965f227\" data-element_type=\"widget\" data-widget_type=\"text-editor.default\">\n\t\t\t\t\t\t\t\t\t<h3>\u00dcyelikler<\/h3>\n<p>T\u00fcrk Anesteziyoloji ve Reanimasyon Derne\u011fi<\/p>\t\t\t\t\t\t\t\t<\/div>\n\t\t\t\t<div class=\"elementor-element elementor-element-cb30095 elementor-widget elementor-widget-text-editor\" data-id=\"cb30095\" data-element_type=\"widget\" data-widget_type=\"text-editor.default\">\n\t\t\t\t\t\t\t\t\t<h3><strong data-start=\"0\" data-end=\"10\" data-is-only-node=\"\">Diller<\/strong><\/h3>\n<ul>\n<li>T\u00fcrk\u00e7e<\/li>\n<li>\u0130ngilizce<\/li>\n<\/ul>\t\t\t\t\t\t\t\t<\/div>\n\t\t\t\t<\/div>\n\t\t\t\t\t<\/div>\n\t\t\t\t<\/div>\n\t\t<div class=\"elementor-element elementor-element-57793063 e-flex e-con-boxed e-con e-parent\" data-id=\"57793063\" data-element_type=\"container\" data-settings=\"{&quot;background_background&quot;:&quot;classic&quot;}\">\n\t\t\t\t\t<div class=\"e-con-inner\">\n\t\t<div class=\"elementor-element elementor-element-302d8f9c e-con-full e-flex e-con e-child\" data-id=\"302d8f9c\" data-element_type=\"container\">\n\t\t\t\t<div class=\"elementor-element elementor-element-6684f73f elementor-arrows-position-outside elementor-pagination-position-outside elementor-widget elementor-widget-image-carousel\" data-id=\"6684f73f\" data-element_type=\"widget\" data-settings=\"{&quot;slides_to_show&quot;:&quot;5&quot;,&quot;image_spacing_custom&quot;:{&quot;unit&quot;:&quot;px&quot;,&quot;size&quot;:59,&quot;sizes&quot;:[]},&quot;slides_to_scroll&quot;:&quot;6&quot;,&quot;image_spacing_custom_mobile&quot;:{&quot;unit&quot;:&quot;px&quot;,&quot;size&quot;:68,&quot;sizes&quot;:[]},&quot;slides_to_show_mobile&quot;:&quot;2&quot;,&quot;slides_to_scroll_mobile&quot;:&quot;4&quot;,&quot;navigation&quot;:&quot;both&quot;,&quot;autoplay&quot;:&quot;yes&quot;,&quot;pause_on_hover&quot;:&quot;yes&quot;,&quot;pause_on_interaction&quot;:&quot;yes&quot;,&quot;autoplay_speed&quot;:5000,&quot;infinite&quot;:&quot;yes&quot;,&quot;speed&quot;:500,&quot;image_spacing_custom_tablet&quot;:{&quot;unit&quot;:&quot;px&quot;,&quot;size&quot;:&quot;&quot;,&quot;sizes&quot;:[]}}\" data-widget_type=\"image-carousel.default\">\n\t\t\t\t\t\t\t<div class=\"elementor-image-carousel-wrapper swiper\" role=\"region\" aria-roledescription=\"carousel\" aria-label=\"Image Carousel\" dir=\"ltr\">\n\t\t\t<div class=\"elementor-image-carousel swiper-wrapper\" aria-live=\"off\">\n\t\t\t\t\t\t\t\t<div class=\"swiper-slide\" role=\"group\" aria-roledescription=\"slide\" aria-label=\"1 \/ 6\"><figure class=\"swiper-slide-inner\"><img decoding=\"async\" class=\"swiper-slide-image\" src=\"https:\/\/drcinik.com\/wp-content\/uploads\/2023\/11\/zurich-sigorta.png\" alt=\"zurich-sigorta\" \/><\/figure><\/div><div class=\"swiper-slide\" role=\"group\" aria-roledescription=\"slide\" aria-label=\"2 \/ 6\"><figure class=\"swiper-slide-inner\"><img decoding=\"async\" class=\"swiper-slide-image\" src=\"https:\/\/drcinik.com\/wp-content\/uploads\/2023\/11\/katilim-emeklilik.png\" alt=\"kat\u0131l\u0131m-emeklilik\" \/><\/figure><\/div><div class=\"swiper-slide\" role=\"group\" aria-roledescription=\"slide\" aria-label=\"3 \/ 6\"><figure class=\"swiper-slide-inner\"><img decoding=\"async\" class=\"swiper-slide-image\" src=\"https:\/\/drcinik.com\/wp-content\/uploads\/2023\/11\/chubb-european-group.png\" alt=\"chubb-european-group\" \/><\/figure><\/div><div class=\"swiper-slide\" role=\"group\" aria-roledescription=\"slide\" aria-label=\"4 \/ 6\"><figure class=\"swiper-slide-inner\"><img decoding=\"async\" class=\"swiper-slide-image\" src=\"https:\/\/drcinik.com\/wp-content\/uploads\/2023\/11\/ray-sigorta.png\" alt=\"ray-sigorta\" \/><\/figure><\/div><div class=\"swiper-slide\" role=\"group\" aria-roledescription=\"slide\" aria-label=\"5 \/ 6\"><figure class=\"swiper-slide-inner\"><img decoding=\"async\" class=\"swiper-slide-image\" src=\"https:\/\/drcinik.com\/wp-content\/uploads\/2023\/11\/ankara-sigorta.png\" alt=\"ankara-sigorta\" \/><\/figure><\/div><div class=\"swiper-slide\" role=\"group\" aria-roledescription=\"slide\" aria-label=\"6 \/ 6\"><figure class=\"swiper-slide-inner\"><img decoding=\"async\" class=\"swiper-slide-image\" src=\"https:\/\/drcinik.com\/wp-content\/uploads\/2023\/11\/turkiye-sigorta.png\" alt=\"turkiye-sigorta\" \/><\/figure><\/div>\t\t\t<\/div>\n\t\t\t\t\t\t\t\t\t\t\t\t<div class=\"elementor-swiper-button elementor-swiper-button-prev\" role=\"button\" tabindex=\"0\">\n\t\t\t\t\t\t<svg aria-hidden=\"true\" class=\"e-font-icon-svg e-eicon-chevron-left\" viewBox=\"0 0 1000 1000\" xmlns=\"http:\/\/www.w3.org\/2000\/svg\"><path d=\"M646 125C629 125 613 133 604 142L308 442C296 454 292 471 292 487 292 504 296 521 308 533L604 854C617 867 629 875 646 875 663 875 679 871 692 858 704 846 713 829 713 812 713 796 708 779 692 767L438 487 692 225C700 217 708 204 708 187 708 171 704 154 692 142 675 129 663 125 646 125Z\"><\/path><\/svg>\t\t\t\t\t<\/div>\n\t\t\t\t\t<div class=\"elementor-swiper-button elementor-swiper-button-next\" role=\"button\" tabindex=\"0\">\n\t\t\t\t\t\t<svg aria-hidden=\"true\" class=\"e-font-icon-svg e-eicon-chevron-right\" viewBox=\"0 0 1000 1000\" xmlns=\"http:\/\/www.w3.org\/2000\/svg\"><path d=\"M696 533C708 521 713 504 713 487 713 471 708 454 696 446L400 146C388 133 375 125 354 125 338 125 325 129 313 142 300 154 292 171 292 187 292 204 296 221 308 233L563 492 304 771C292 783 288 800 288 817 288 833 296 850 308 863 321 871 338 875 354 875 371 875 388 867 400 854L696 533Z\"><\/path><\/svg>\t\t\t\t\t<\/div>\n\t\t\t\t\n\t\t\t\t\t\t\t\t\t<div class=\"swiper-pagination\"><\/div>\n\t\t\t\t\t\t\t\t\t<\/div>\n\t\t\t\t\t\t<\/div>\n\t\t\t\t<div class=\"elementor-element elementor-element-58d68696 elementor-widget elementor-widget-html\" data-id=\"58d68696\" data-element_type=\"widget\" data-widget_type=\"html.default\">\n\t\t\t\t\t<style>\n  .sticky-button {\n      position: fixed;\n      right: 0;\n      top: 50%;\n      transform: translateY(-50%);\n      background-color: #4069FF;\n      color: white;\n      padding: 15px;\n      font-size: 14px;\n      font-weight: bold;\n      text-decoration: none;\n      writing-mode: vertical-rl;\n      text-align: center;\n      border-top-left-radius: 10px;\n      border-bottom-left-radius: 10px;\n      box-shadow: -2px 2px 10px rgba(0, 0, 0, 0.3);\n      cursor: pointer;\n      display: block;\n      z-index: 999;\n      transition: background-color 0.3s ease;\n  }\n  \n  .sticky-button:hover {\n      background-color: #2f52d6;\n  }\n  \n  \/* Hide on mobile devices *\/\n  @media screen and (max-width: 767px) {\n      .sticky-button {\n          display: none;\n      }\n  }\n<\/style>\n\n<a class=\"sticky-button\" onclick=\"openElementorPopup()\">GET A FREE CONSULTATION<\/a>\n\n<script>\nfunction openElementorPopup() {\n    \/\/ Prevent default anchor behavior\n    event.preventDefault();\n    \n    \/\/ Try to open the Elementor popup with the template ID 19448\n    try {\n        \/\/ First method - try using the Elementor frontend directly\n        if (typeof elementorFrontend !== 'undefined' && elementorFrontend.documentsManager) {\n            elementorFrontend.documentsManager.documents[19448].showModal();\n        } \n        \/\/ Second method - using jQuery and elementorProFrontend\n        else if (typeof jQuery !== 'undefined' && typeof elementorProFrontend !== 'undefined') {\n            jQuery(document).ready(function($) {\n                elementorProFrontend.modules.popup.showPopup({ id: 19448 });\n            });\n        }\n        \/\/ Third method - direct trigger for template\n        else {\n            jQuery(document).ready(function($) {\n                $('[data-elementor-type=\"popup\"][data-elementor-id=\"19448\"]').each(function() {\n                    if (typeof elementorFrontend !== 'undefined') {\n                        elementorFrontend.elementsHandler.runReadyTrigger($(this));\n                    }\n                });\n                if (typeof elementorProFrontend !== 'undefined') {\n                    elementorProFrontend.modules.popup.showPopup({ id: 19448 });\n                }\n            });\n        }\n    } catch (error) {\n        console.error(\"Error opening Elementor popup:\", error);\n    }\n}\n<\/script>\t\t\t\t<\/div>\n\t\t\t\t<\/div>\n\t\t\t\t\t<\/div>\n\t\t\t\t<\/div>\n\t\t\t\t<\/div>\n\t\t","protected":false},"excerpt":{"rendered":"<p>Dr. Ertan \u00dccretsiz Dan\u0131\u015fmanl\u0131k Ertan, anestezi alan\u0131nda ihtisas\u0131n\u0131 tamamlam\u0131\u015f deneyimli bir doktordur. 1993\u20131997 y\u0131llar\u0131 aras\u0131nda GATA Haydarpa\u015fa E\u011fitim Hastanesi Anestezi ve Reanimasyon Program\u0131\u2019ndan mezun olmu\u015ftur ve kariyerine bu alanda devam etmektedir. Anestezi ve reanimasyon konular\u0131nda \u00f6nemli bir deneyime sahip olan Dr. Ertan, yurt i\u00e7inde yay\u0131mlanm\u0131\u015f akademik makaleleri bulunmaktad\u0131r. Uzmanl\u0131k Alanlar\u0131 Anestezi ve Reanimasyon E\u011fitim GATA [&hellip;]<\/p>\n","protected":false},"author":6,"featured_media":0,"parent":23305,"menu_order":0,"comment_status":"closed","ping_status":"closed","template":"elementor_header_footer","meta":{"_acf_changed":false,"inline_featured_image":false,"footnotes":""},"class_list":["post-23405","page","type-page","status-publish","hentry"],"acf":[],"yoast_head":"<!-- This site is optimized with the Yoast SEO Premium plugin v26.2 (Yoast SEO v27.4) - https:\/\/yoast.com\/product\/yoast-seo-premium-wordpress\/ -->\n<title>Ertan TEKS\u00d6Z - DR. CINIK<\/title>\n<meta name=\"description\" content=\"Anestezi alan\u0131nda geni\u015f deneyime ve \u00e7ok say\u0131da yay\u0131mlanm\u0131\u015f makaleye sahip olan uzman doktor Ertan Teks\u00f6z hakk\u0131nda daha fazla bilgi edinin.\" \/>\n<meta name=\"robots\" content=\"index, follow, max-snippet:-1, max-image-preview:large, max-video-preview:-1\" \/>\n<link rel=\"canonical\" href=\"http:\/\/drcinik.com\/tr\/ertan-teksoz\/\" \/>\n<meta property=\"og:locale\" content=\"tr_TR\" \/>\n<meta property=\"og:type\" content=\"article\" \/>\n<meta property=\"og:title\" content=\"Ertan TEKS\u00d6Z\" \/>\n<meta property=\"og:description\" content=\"Anestezi alan\u0131nda geni\u015f deneyime ve \u00e7ok say\u0131da yay\u0131mlanm\u0131\u015f makaleye sahip olan uzman doktor Ertan Teks\u00f6z hakk\u0131nda daha fazla bilgi edinin.\" \/>\n<meta property=\"og:url\" content=\"http:\/\/drcinik.com\/tr\/ertan-teksoz\/\" \/>\n<meta property=\"og:site_name\" content=\"DR. CINIK\" \/>\n<meta property=\"article:publisher\" content=\"https:\/\/facebook.com\/drcinikcom\" \/>\n<meta property=\"article:modified_time\" content=\"2025-07-22T12:58:29+00:00\" \/>\n<meta property=\"og:image\" content=\"https:\/\/drcinik.com\/wp-content\/uploads\/2025\/02\/ertan-teksoz-01.jpg\" \/>\n\t<meta property=\"og:image:width\" content=\"350\" \/>\n\t<meta property=\"og:image:height\" content=\"400\" \/>\n\t<meta property=\"og:image:type\" content=\"image\/jpeg\" \/>\n<meta name=\"twitter:card\" content=\"summary_large_image\" \/>\n<meta name=\"twitter:site\" content=\"@drcinikofficial\" \/>\n<script type=\"application\/ld+json\" class=\"yoast-schema-graph\">{\"@context\":\"https:\\\/\\\/schema.org\",\"@graph\":[{\"@type\":\"WebPage\",\"@id\":\"http:\\\/\\\/drcinik.com\\\/tr\\\/ertan-teksoz\\\/\",\"url\":\"http:\\\/\\\/drcinik.com\\\/tr\\\/ertan-teksoz\\\/\",\"name\":\"Ertan TEKS\u00d6Z - DR. CINIK\",\"isPartOf\":{\"@id\":\"https:\\\/\\\/drcinik.com\\\/tr\\\/#website\"},\"primaryImageOfPage\":{\"@id\":\"http:\\\/\\\/drcinik.com\\\/tr\\\/ertan-teksoz\\\/#primaryimage\"},\"image\":{\"@id\":\"http:\\\/\\\/drcinik.com\\\/tr\\\/ertan-teksoz\\\/#primaryimage\"},\"thumbnailUrl\":\"http:\\\/\\\/drcinik.com\\\/wp-content\\\/uploads\\\/2025\\\/02\\\/ertan-teksoz-01.jpg\",\"datePublished\":\"2025-05-02T07:45:56+00:00\",\"dateModified\":\"2025-07-22T12:58:29+00:00\",\"description\":\"Anestezi alan\u0131nda geni\u015f deneyime ve \u00e7ok say\u0131da yay\u0131mlanm\u0131\u015f makaleye sahip olan uzman doktor Ertan Teks\u00f6z hakk\u0131nda daha fazla bilgi edinin.\",\"breadcrumb\":{\"@id\":\"http:\\\/\\\/drcinik.com\\\/tr\\\/ertan-teksoz\\\/#breadcrumb\"},\"inLanguage\":\"tr\",\"potentialAction\":[{\"@type\":\"ReadAction\",\"target\":[\"http:\\\/\\\/drcinik.com\\\/tr\\\/ertan-teksoz\\\/\"]}]},{\"@type\":\"ImageObject\",\"inLanguage\":\"tr\",\"@id\":\"http:\\\/\\\/drcinik.com\\\/tr\\\/ertan-teksoz\\\/#primaryimage\",\"url\":\"http:\\\/\\\/drcinik.com\\\/wp-content\\\/uploads\\\/2025\\\/02\\\/ertan-teksoz-01.jpg\",\"contentUrl\":\"http:\\\/\\\/drcinik.com\\\/wp-content\\\/uploads\\\/2025\\\/02\\\/ertan-teksoz-01.jpg\"},{\"@type\":\"BreadcrumbList\",\"@id\":\"http:\\\/\\\/drcinik.com\\\/tr\\\/ertan-teksoz\\\/#breadcrumb\",\"itemListElement\":[{\"@type\":\"ListItem\",\"position\":1,\"name\":\"Anasayfa\",\"item\":\"https:\\\/\\\/drcinik.com\\\/\"},{\"@type\":\"ListItem\",\"position\":2,\"name\":\"Ertan TEKS\u00d6Z\"}]},{\"@type\":\"WebSite\",\"@id\":\"https:\\\/\\\/drcinik.com\\\/tr\\\/#website\",\"url\":\"https:\\\/\\\/drcinik.com\\\/tr\\\/\",\"name\":\"DR. CINIK\",\"description\":\"\u00d6zel T\u0131p Merkezi\",\"publisher\":{\"@id\":\"https:\\\/\\\/drcinik.com\\\/tr\\\/#organization\"},\"potentialAction\":[{\"@type\":\"SearchAction\",\"target\":{\"@type\":\"EntryPoint\",\"urlTemplate\":\"https:\\\/\\\/drcinik.com\\\/tr\\\/?s={search_term_string}\"},\"query-input\":{\"@type\":\"PropertyValueSpecification\",\"valueRequired\":true,\"valueName\":\"search_term_string\"}}],\"inLanguage\":\"tr\"},{\"@type\":\"Organization\",\"@id\":\"https:\\\/\\\/drcinik.com\\\/tr\\\/#organization\",\"name\":\"DR. CINIK\",\"url\":\"https:\\\/\\\/drcinik.com\\\/tr\\\/\",\"logo\":{\"@type\":\"ImageObject\",\"inLanguage\":\"tr\",\"@id\":\"https:\\\/\\\/drcinik.com\\\/tr\\\/#\\\/schema\\\/logo\\\/image\\\/\",\"url\":\"https:\\\/\\\/drcinik.com\\\/wp-content\\\/uploads\\\/2023\\\/07\\\/logo.svg\",\"contentUrl\":\"https:\\\/\\\/drcinik.com\\\/wp-content\\\/uploads\\\/2023\\\/07\\\/logo.svg\",\"width\":\"1024\",\"height\":\"1024\",\"caption\":\"DR. CINIK\"},\"image\":{\"@id\":\"https:\\\/\\\/drcinik.com\\\/tr\\\/#\\\/schema\\\/logo\\\/image\\\/\"},\"sameAs\":[\"https:\\\/\\\/facebook.com\\\/drcinikcom\",\"https:\\\/\\\/x.com\\\/drcinikofficial\",\"https:\\\/\\\/instagram.com\\\/dr.cinikhospital\",\"https:\\\/\\\/youtube.com\\\/@emrahcinik\",\"https:\\\/\\\/tiktok.com\\\/@dremrahcinik\"],\"email\":\"info@drcinik.com\",\"telephone\":\"+90 549 641 37 01\",\"legalName\":\"Erc Turizm Sa\u011fl\u0131k Hizmetleri Tic. Ltd. \u015eti.\",\"numberOfEmployees\":{\"@type\":\"QuantitativeValue\",\"minValue\":\"51\",\"maxValue\":\"200\"}}]}<\/script>\n<!-- \/ Yoast SEO Premium plugin. -->","yoast_head_json":{"title":"Ertan TEKS\u00d6Z - DR. CINIK","description":"Anestezi alan\u0131nda geni\u015f deneyime ve \u00e7ok say\u0131da yay\u0131mlanm\u0131\u015f makaleye sahip olan uzman doktor Ertan Teks\u00f6z hakk\u0131nda daha fazla bilgi edinin.","robots":{"index":"index","follow":"follow","max-snippet":"max-snippet:-1","max-image-preview":"max-image-preview:large","max-video-preview":"max-video-preview:-1"},"canonical":"http:\/\/drcinik.com\/tr\/ertan-teksoz\/","og_locale":"tr_TR","og_type":"article","og_title":"Ertan TEKS\u00d6Z","og_description":"Anestezi alan\u0131nda geni\u015f deneyime ve \u00e7ok say\u0131da yay\u0131mlanm\u0131\u015f makaleye sahip olan uzman doktor Ertan Teks\u00f6z hakk\u0131nda daha fazla bilgi edinin.","og_url":"http:\/\/drcinik.com\/tr\/ertan-teksoz\/","og_site_name":"DR. CINIK","article_publisher":"https:\/\/facebook.com\/drcinikcom","article_modified_time":"2025-07-22T12:58:29+00:00","og_image":[{"width":350,"height":400,"url":"https:\/\/drcinik.com\/wp-content\/uploads\/2025\/02\/ertan-teksoz-01.jpg","type":"image\/jpeg"}],"twitter_card":"summary_large_image","twitter_site":"@drcinikofficial","schema":{"@context":"https:\/\/schema.org","@graph":[{"@type":"WebPage","@id":"http:\/\/drcinik.com\/tr\/ertan-teksoz\/","url":"http:\/\/drcinik.com\/tr\/ertan-teksoz\/","name":"Ertan TEKS\u00d6Z - DR. CINIK","isPartOf":{"@id":"https:\/\/drcinik.com\/tr\/#website"},"primaryImageOfPage":{"@id":"http:\/\/drcinik.com\/tr\/ertan-teksoz\/#primaryimage"},"image":{"@id":"http:\/\/drcinik.com\/tr\/ertan-teksoz\/#primaryimage"},"thumbnailUrl":"http:\/\/drcinik.com\/wp-content\/uploads\/2025\/02\/ertan-teksoz-01.jpg","datePublished":"2025-05-02T07:45:56+00:00","dateModified":"2025-07-22T12:58:29+00:00","description":"Anestezi alan\u0131nda geni\u015f deneyime ve \u00e7ok say\u0131da yay\u0131mlanm\u0131\u015f makaleye sahip olan uzman doktor Ertan Teks\u00f6z hakk\u0131nda daha fazla bilgi edinin.","breadcrumb":{"@id":"http:\/\/drcinik.com\/tr\/ertan-teksoz\/#breadcrumb"},"inLanguage":"tr","potentialAction":[{"@type":"ReadAction","target":["http:\/\/drcinik.com\/tr\/ertan-teksoz\/"]}]},{"@type":"ImageObject","inLanguage":"tr","@id":"http:\/\/drcinik.com\/tr\/ertan-teksoz\/#primaryimage","url":"http:\/\/drcinik.com\/wp-content\/uploads\/2025\/02\/ertan-teksoz-01.jpg","contentUrl":"http:\/\/drcinik.com\/wp-content\/uploads\/2025\/02\/ertan-teksoz-01.jpg"},{"@type":"BreadcrumbList","@id":"http:\/\/drcinik.com\/tr\/ertan-teksoz\/#breadcrumb","itemListElement":[{"@type":"ListItem","position":1,"name":"Anasayfa","item":"https:\/\/drcinik.com\/"},{"@type":"ListItem","position":2,"name":"Ertan TEKS\u00d6Z"}]},{"@type":"WebSite","@id":"https:\/\/drcinik.com\/tr\/#website","url":"https:\/\/drcinik.com\/tr\/","name":"DR. CINIK","description":"\u00d6zel T\u0131p Merkezi","publisher":{"@id":"https:\/\/drcinik.com\/tr\/#organization"},"potentialAction":[{"@type":"SearchAction","target":{"@type":"EntryPoint","urlTemplate":"https:\/\/drcinik.com\/tr\/?s={search_term_string}"},"query-input":{"@type":"PropertyValueSpecification","valueRequired":true,"valueName":"search_term_string"}}],"inLanguage":"tr"},{"@type":"Organization","@id":"https:\/\/drcinik.com\/tr\/#organization","name":"DR. CINIK","url":"https:\/\/drcinik.com\/tr\/","logo":{"@type":"ImageObject","inLanguage":"tr","@id":"https:\/\/drcinik.com\/tr\/#\/schema\/logo\/image\/","url":"https:\/\/drcinik.com\/wp-content\/uploads\/2023\/07\/logo.svg","contentUrl":"https:\/\/drcinik.com\/wp-content\/uploads\/2023\/07\/logo.svg","width":"1024","height":"1024","caption":"DR. CINIK"},"image":{"@id":"https:\/\/drcinik.com\/tr\/#\/schema\/logo\/image\/"},"sameAs":["https:\/\/facebook.com\/drcinikcom","https:\/\/x.com\/drcinikofficial","https:\/\/instagram.com\/dr.cinikhospital","https:\/\/youtube.com\/@emrahcinik","https:\/\/tiktok.com\/@dremrahcinik"],"email":"info@drcinik.com","telephone":"+90 549 641 37 01","legalName":"Erc Turizm Sa\u011fl\u0131k Hizmetleri Tic. Ltd. \u015eti.","numberOfEmployees":{"@type":"QuantitativeValue","minValue":"51","maxValue":"200"}}]}},"_links":{"self":[{"href":"https:\/\/drcinik.com\/tr\/wp-json\/wp\/v2\/pages\/23405","targetHints":{"allow":["GET"]}}],"collection":[{"href":"https:\/\/drcinik.com\/tr\/wp-json\/wp\/v2\/pages"}],"about":[{"href":"https:\/\/drcinik.com\/tr\/wp-json\/wp\/v2\/types\/page"}],"author":[{"embeddable":true,"href":"https:\/\/drcinik.com\/tr\/wp-json\/wp\/v2\/users\/6"}],"replies":[{"embeddable":true,"href":"https:\/\/drcinik.com\/tr\/wp-json\/wp\/v2\/comments?post=23405"}],"version-history":[{"count":0,"href":"https:\/\/drcinik.com\/tr\/wp-json\/wp\/v2\/pages\/23405\/revisions"}],"up":[{"embeddable":true,"href":"https:\/\/drcinik.com\/tr\/wp-json\/wp\/v2\/pages\/23305"}],"wp:attachment":[{"href":"https:\/\/drcinik.com\/tr\/wp-json\/wp\/v2\/media?parent=23405"}],"curies":[{"name":"wp","href":"https:\/\/api.w.org\/{rel}","templated":true}]}}